{"id":44662,"date":"2025-07-18T05:32:46","date_gmt":"2025-07-18T05:32:46","guid":{"rendered":"https:\/\/pecb.com\/about\/values-of-pecb-certification"},"modified":"2026-03-10T14:36:47","modified_gmt":"2026-03-10T14:36:47","slug":"values-of-pecb-certification","status":"publish","type":"page","link":"https:\/\/staging.pecb.com\/kr\/about\/values-of-pecb-certification","title":{"rendered":"The Value of PECB Certification"},"content":{"rendered":"\t\t<div data-elementor-type=\"wp-page\" data-elementor-id=\"44662\" class=\"elementor elementor-44662 elementor-15850\" data-elementor-post-type=\"page\">\n\t\t\t\t<div class=\"elementor-element elementor-element-5b3a9387 e-flex e-con-boxed e-con e-parent\" data-id=\"5b3a9387\" data-element_type=\"container\" data-e-type=\"container\" data-settings=\"{&quot;background_background&quot;:&quot;classic&quot;}\">\n\t\t\t\t\t<div class=\"e-con-inner\">\n\t\t\t\t<div class=\"elementor-element elementor-element-16128c44 elementor-widget elementor-widget-heading\" data-id=\"16128c44\" data-element_type=\"widget\" data-e-type=\"widget\" data-widget_type=\"heading.default\">\n\t\t\t\t\t<h1 class=\"elementor-heading-title elementor-size-default\">The Value of PECB Certification<\/h1>\t\t\t\t<\/div>\n\t\t\t\t\t<\/div>\n\t\t\t\t<\/div>\n\t\t<div class=\"elementor-element elementor-element-4f75a58 e-flex e-con-boxed e-con e-parent\" data-id=\"4f75a58\" data-element_type=\"container\" data-e-type=\"container\" data-settings=\"{&quot;background_background&quot;:&quot;classic&quot;}\">\n\t\t\t\t\t<div class=\"e-con-inner\">\n\t\t\t\t<div class=\"elementor-element elementor-element-1190b8e elementor-widget elementor-widget-text-editor\" data-id=\"1190b8e\" data-element_type=\"widget\" data-e-type=\"widget\" data-widget_type=\"text-editor.default\">\n\t\t\t\t\t\t\t\t\t<p dir=\"auto\">\n        <style>\n            .child-pages {\n                display: flex;\n                flex-wrap: wrap;\n                justify-content: center;\n                gap: 8px;\n                width: fit-content;\n                margin: 0 auto;\n                 padding:10px;\n            }\n            .child-pages li {\n                display: flex;\n                padding: 8px 16px;\n                flex-direction: column;\n                align-items: center;\n                border-radius: 4px;\n                background: #FFF;\n                list-style: none;\n            }\n            .child-pages li.active {\n                background: #CBD5E1;\n            }\n            .child-pages li a {\n                color: #000;\n                text-align: center;\n                font-family: Parabolica, sans-serif;\n                font-size: 14px;\n                font-style: normal;\n                font-weight: 400;\n                line-height: normal;\n                text-decoration: none;\n            }\n            .child-pages li a:hover {\n                text-decoration: underline;\n            }\n        <\/style>\n    <ul class=\"child-pages\"><li class=\"\"><a href=\"https:\/\/staging.pecb.com\/en\/about\">About<\/a><\/li><li class=\"\"><a href=\"https:\/\/staging.pecb.com\/kr\/about\/accreditations-and-affiliations\">Accreditations and Affiliations<\/a><\/li><li class=\"\"><a href=\"https:\/\/staging.pecb.com\/kr\/about\/behavior-policy\">Behavior Policy<\/a><\/li><li class=\"\"><a href=\"https:\/\/staging.pecb.com\/kr\/about\/certification-mark-use-policy\">Certification Mark Use Policy<\/a><\/li><li class=\"\"><a href=\"https:\/\/staging.pecb.com\/kr\/about\/pecb-certification-process\">Certification Process<\/a><\/li><li class=\"\"><a href=\"https:\/\/staging.pecb.com\/kr\/about\/complaint-and-appeal-policy\">Complaint and Appeal Policy<\/a><\/li><li class=\"\"><a href=\"https:\/\/staging.pecb.com\/kr\/about\/gdpr-privacy-statement\">GDPR Privacy Statement<\/a><\/li><li class=\"\"><a href=\"https:\/\/staging.pecb.com\/kr\/about\/pecb-code-of-ethics-violation-policy\">PECB Code Of Ethics Violation Policy<\/a><\/li><li class=\"\"><a href=\"https:\/\/staging.pecb.com\/kr\/about\/pecb-policy-regarding-canadian-and-international-economic-sanctions-and-the-countries-impacted\">PECB Policy Regarding Canadian and International Economic Sanctions and the Countries Impacted<\/a><\/li><li class=\"\"><a href=\"https:\/\/staging.pecb.com\/kr\/about\/team\">PECB \uacbd\uc601\uc9c4<\/a><\/li><li class=\"\"><a href=\"https:\/\/staging.pecb.com\/kr\/about\/violation-of-pecb-brand-and-fraud-reporting-policy\">PECB \ube0c\ub79c\ub4dc \uc704\ubc18 \ubc0f \ubd80\uc815\ud589\uc704 \uc2e0\uace0<\/a><\/li><li class=\"\"><a href=\"https:\/\/staging.pecb.com\/kr\/about\/pecb-refund-policy\">PECB \ud658\ubd88 \uc815\ucc45<\/a><\/li><li class=\"\"><a href=\"https:\/\/staging.pecb.com\/kr\/about\/pecb-quality-and-information-security-policies\">Quality and Information Security Policies<\/a><\/li><li class=\"\"><a href=\"https:\/\/staging.pecb.com\/kr\/about\/statement-of-impartiality\">Statement of Impartiality<\/a><\/li><li class=\"\"><a href=\"https:\/\/staging.pecb.com\/kr\/about\/values-of-pecb-certification\">The Value of PECB Certification<\/a><\/li><\/ul><\/p>\t\t\t\t\t\t\t\t<\/div>\n\t\t\t\t\t<\/div>\n\t\t\t\t<\/div>\n\t\t<div class=\"elementor-element elementor-element-5133d51c e-flex e-con-boxed e-con e-parent\" data-id=\"5133d51c\" data-element_type=\"container\" data-e-type=\"container\">\n\t\t\t\t\t<div class=\"e-con-inner\">\n\t\t\t\t<div class=\"elementor-element elementor-element-76d6e26a elementor-widget elementor-widget-text-editor\" data-id=\"76d6e26a\" data-element_type=\"widget\" data-e-type=\"widget\" data-widget_type=\"text-editor.default\">\n\t\t\t\t\t\t\t\t\t<h2 style=\"text-align: justify;\"><strong style=\"color: #a11e29;\">Global recognition<\/strong><\/h2><p>PECB credentials are internationally recognized and endorsed by many accreditation bodies, so professionals who pursue them will benefit from our recognition in domestic and international markets.<\/p><p>Our certifications are distinguished by prestigious global accreditations, affirming both their value and your expertise. PECB certifications are validated by top-tier bodies including the International Accreditation Service (IAS-PCB-111), the United Kingdom Accreditation Service (UKAS-No. 21923), and Comit\u00e9 fran\u00e7ais d&#8217;accr\u00e9ditation (COFRAC N\u00b0 4-0637) under ISO\/IEC 17024 \u2013 General requirements for bodies operating certification of persons. Additionally, our certificate programs are validated by the accreditation from the ANSI National Accreditation Board (ANAB-Accreditation ID 1003) under ANSI\/ASTM E2659-18, Standard Practice for Certificate Programs.<\/p><p>PECB is also an esteemed associate member of The Independent Association of Accredited Registrars (IAAR), and a full member of the International Personnel Certification Association (IPC), a signatory member of IPC MLA, and a member of Club EBIOS, CPD Certification Service, and CLUSIF. Furthermore, we hold an approved status as an Approved Publishing Partner (APP) by the Cybersecurity Maturity Model Certification Accreditation Body (CMMC-AB) for the Cybersecurity Maturity Model Certification standard (CMMC), member of AIQI Consortium, and are authorized by Club EBIOS to offer the EBIOS Risk Manager Skills certification and by CNIL (Commission Nationale de l&#8217;Informatique et des Libert\u00e9s) to offer the DPO\u2019s skills and knowledge certification. For more detailed information, click\u00a0<a id=\"menur5it\" title=\"https:\/\/staging.pecb.com\/about\/accreditations-and-affiliations\" href=\"https:\/\/staging.pecb.com\/about\/accreditations-and-affiliations\" target=\"_blank\" rel=\"noreferrer noopener\" aria-label=\"Link here\">here<\/a>.<\/p><h2><strong style=\"color: #a11e29;\">High-quality products and services<\/strong><\/h2><p>We are proud to provide our clients with high-quality products and services that match their needs and demands. All of our products are carefully prepared by a team of experts and professionals based on the best practices and methodologies.<\/p><h2><strong style=\"color: #a11e29;\">Compliance with standards<\/strong><\/h2><p>Our certifications and certificate programs are a demonstration of compliance with ISO\/IEC 17024 and ASTM E2659. They ensure that the standard requirements have been fulfilled and validated with adequate consistency, professionalism, and impartiality.<\/p><h2><strong style=\"color: #a11e29;\">Customer-oriented service<\/strong><\/h2><p>We are a customer-oriented company and treat all our clients with value, importance, professionalism, and honesty. PECB has a team of experts who are responsible for addressing requests, questions, and needs.<\/p><p>We strive to maintain a 24-hour maximum response time without compromising the quality of our services.<\/p><h2><strong style=\"color: #a11e29;\">Flexibility and convenience<\/strong><\/h2><p>Online learning opportunities make your professional journey more convenient, as you can schedule your learning sessions according to your lifestyle. Such flexibility gives you more free time, offers more career advancement opportunities, and reduces costs.<\/p>\t\t\t\t\t\t\t\t<\/div>\n\t\t\t\t\t<\/div>\n\t\t\t\t<\/div>\n\t\t\t\t<\/div>\n\t\t","protected":false},"excerpt":{"rendered":"<p>The Value of PECB Certification Global recognition PECB credentials are internationally recognized and endorsed by many accreditation bodies, so professionals who pursue them will benefit from our recognition in domestic and international markets. Our certifications are distinguished by prestigious global accreditations, affirming both their value and your expertise. PECB certifications are validated by top-tier bodies [&hellip;]<\/p>\n","protected":false},"author":2,"featured_media":0,"parent":44128,"menu_order":0,"comment_status":"closed","ping_status":"closed","template":"","meta":{"_acf_changed":false,"content-type":"","footnotes":""},"class_list":["post-44662","page","type-page","status-publish","hentry"],"acf":[],"yoast_head":"<!-- This site is optimized with the Yoast SEO plugin v26.9 - https:\/\/yoast.com\/product\/yoast-seo-wordpress\/ -->\n<title>The Value of PECB Certification - PECB<\/title>\n<meta name=\"robots\" content=\"index, follow, max-snippet:-1, max-image-preview:large, max-video-preview:-1\" \/>\n<link rel=\"canonical\" href=\"https:\/\/staging.pecb.com\/kr\/about\/values-of-pecb-certification\" \/>\n<meta property=\"og:locale\" content=\"en_US\" \/>\n<meta property=\"og:type\" content=\"article\" \/>\n<meta property=\"og:title\" content=\"The Value of PECB Certification - PECB\" \/>\n<meta property=\"og:description\" content=\"The Value of PECB Certification Global recognition PECB credentials are internationally recognized and endorsed by many accreditation bodies, so professionals who pursue them will benefit from our recognition in domestic and international markets. Our certifications are distinguished by prestigious global accreditations, affirming both their value and your expertise. PECB certifications are validated by top-tier bodies [&hellip;]\" \/>\n<meta property=\"og:url\" content=\"https:\/\/staging.pecb.com\/kr\/about\/values-of-pecb-certification\" \/>\n<meta property=\"og:site_name\" content=\"PECB\" \/>\n<meta property=\"article:publisher\" content=\"https:\/\/www.facebook.com\/PECBInternational\/\" \/>\n<meta property=\"article:modified_time\" content=\"2026-03-10T14:36:47+00:00\" \/>\n<meta name=\"twitter:card\" content=\"summary_large_image\" \/>\n<meta name=\"twitter:site\" content=\"@PECB\" \/>\n<meta name=\"twitter:label1\" content=\"Est. reading time\" \/>\n\t<meta name=\"twitter:data1\" content=\"2 minutes\" \/>\n<script type=\"application\/ld+json\" class=\"yoast-schema-graph\">{\"@context\":\"https:\/\/schema.org\",\"@graph\":[{\"@type\":\"WebPage\",\"@id\":\"https:\/\/staging.pecb.com\/kr\/about\/values-of-pecb-certification\",\"url\":\"https:\/\/staging.pecb.com\/kr\/about\/values-of-pecb-certification\",\"name\":\"The Value of PECB Certification - PECB\",\"isPartOf\":{\"@id\":\"https:\/\/staging.pecb.com\/kr#website\"},\"datePublished\":\"2025-07-18T05:32:46+00:00\",\"dateModified\":\"2026-03-10T14:36:47+00:00\",\"breadcrumb\":{\"@id\":\"https:\/\/staging.pecb.com\/kr\/about\/values-of-pecb-certification#breadcrumb\"},\"inLanguage\":\"kr\",\"potentialAction\":[{\"@type\":\"ReadAction\",\"target\":[\"https:\/\/staging.pecb.com\/kr\/about\/values-of-pecb-certification\"]}]},{\"@type\":\"BreadcrumbList\",\"@id\":\"https:\/\/staging.pecb.com\/kr\/about\/values-of-pecb-certification#breadcrumb\",\"itemListElement\":[{\"@type\":\"ListItem\",\"position\":1,\"name\":\"Home\",\"item\":\"https:\/\/staging.pecb.com\/kr\"},{\"@type\":\"ListItem\",\"position\":2,\"name\":\"PECB \uc18c\uac1c\",\"item\":\"https:\/\/staging.pecb.com\/kr\/about\"},{\"@type\":\"ListItem\",\"position\":3,\"name\":\"The Value of PECB Certification\"}]},{\"@type\":\"WebSite\",\"@id\":\"https:\/\/staging.pecb.com\/kr#website\",\"url\":\"https:\/\/staging.pecb.com\/kr\",\"name\":\"PECB\",\"description\":\"\",\"publisher\":{\"@id\":\"https:\/\/staging.pecb.com\/kr#organization\"},\"potentialAction\":[{\"@type\":\"SearchAction\",\"target\":{\"@type\":\"EntryPoint\",\"urlTemplate\":\"https:\/\/staging.pecb.com\/kr?s={search_term_string}\"},\"query-input\":{\"@type\":\"PropertyValueSpecification\",\"valueRequired\":true,\"valueName\":\"search_term_string\"}}],\"inLanguage\":\"kr\"},{\"@type\":\"Organization\",\"@id\":\"https:\/\/staging.pecb.com\/kr#organization\",\"name\":\"PECB\",\"url\":\"https:\/\/staging.pecb.com\/kr\",\"logo\":{\"@type\":\"ImageObject\",\"inLanguage\":\"kr\",\"@id\":\"https:\/\/staging.pecb.com\/kr#\/schema\/logo\/image\/\",\"url\":\"https:\/\/staging.pecb.com\/wp-content\/uploads\/2025\/05\/Clip-path-group.svg\",\"contentUrl\":\"https:\/\/staging.pecb.com\/wp-content\/uploads\/2025\/05\/Clip-path-group.svg\",\"width\":96,\"height\":26,\"caption\":\"PECB\"},\"image\":{\"@id\":\"https:\/\/staging.pecb.com\/kr#\/schema\/logo\/image\/\"},\"sameAs\":[\"https:\/\/www.facebook.com\/PECBInternational\/\",\"https:\/\/x.com\/PECB\",\"https:\/\/www.linkedin.com\/company\/pecb\",\"https:\/\/www.youtube.com\/channel\/UCQPfrnIUa7Q0oBRyT8l5eTg\",\"https:\/\/www.instagram.com\/pecb.official\/\"]}]}<\/script>\n<!-- \/ Yoast SEO plugin. -->","yoast_head_json":{"title":"The Value of PECB Certification - PECB","robots":{"index":"index","follow":"follow","max-snippet":"max-snippet:-1","max-image-preview":"max-image-preview:large","max-video-preview":"max-video-preview:-1"},"canonical":"https:\/\/staging.pecb.com\/kr\/about\/values-of-pecb-certification","og_locale":"en_US","og_type":"article","og_title":"The Value of PECB Certification - PECB","og_description":"The Value of PECB Certification Global recognition PECB credentials are internationally recognized and endorsed by many accreditation bodies, so professionals who pursue them will benefit from our recognition in domestic and international markets. Our certifications are distinguished by prestigious global accreditations, affirming both their value and your expertise. PECB certifications are validated by top-tier bodies [&hellip;]","og_url":"https:\/\/staging.pecb.com\/kr\/about\/values-of-pecb-certification","og_site_name":"PECB","article_publisher":"https:\/\/www.facebook.com\/PECBInternational\/","article_modified_time":"2026-03-10T14:36:47+00:00","twitter_card":"summary_large_image","twitter_site":"@PECB","twitter_misc":{"Est. reading time":"2 minutes"},"schema":{"@context":"https:\/\/schema.org","@graph":[{"@type":"WebPage","@id":"https:\/\/staging.pecb.com\/kr\/about\/values-of-pecb-certification","url":"https:\/\/staging.pecb.com\/kr\/about\/values-of-pecb-certification","name":"The Value of PECB Certification - PECB","isPartOf":{"@id":"https:\/\/staging.pecb.com\/kr#website"},"datePublished":"2025-07-18T05:32:46+00:00","dateModified":"2026-03-10T14:36:47+00:00","breadcrumb":{"@id":"https:\/\/staging.pecb.com\/kr\/about\/values-of-pecb-certification#breadcrumb"},"inLanguage":"kr","potentialAction":[{"@type":"ReadAction","target":["https:\/\/staging.pecb.com\/kr\/about\/values-of-pecb-certification"]}]},{"@type":"BreadcrumbList","@id":"https:\/\/staging.pecb.com\/kr\/about\/values-of-pecb-certification#breadcrumb","itemListElement":[{"@type":"ListItem","position":1,"name":"Home","item":"https:\/\/staging.pecb.com\/kr"},{"@type":"ListItem","position":2,"name":"PECB \uc18c\uac1c","item":"https:\/\/staging.pecb.com\/kr\/about"},{"@type":"ListItem","position":3,"name":"The Value of PECB Certification"}]},{"@type":"WebSite","@id":"https:\/\/staging.pecb.com\/kr#website","url":"https:\/\/staging.pecb.com\/kr","name":"PECB","description":"","publisher":{"@id":"https:\/\/staging.pecb.com\/kr#organization"},"potentialAction":[{"@type":"SearchAction","target":{"@type":"EntryPoint","urlTemplate":"https:\/\/staging.pecb.com\/kr?s={search_term_string}"},"query-input":{"@type":"PropertyValueSpecification","valueRequired":true,"valueName":"search_term_string"}}],"inLanguage":"kr"},{"@type":"Organization","@id":"https:\/\/staging.pecb.com\/kr#organization","name":"PECB","url":"https:\/\/staging.pecb.com\/kr","logo":{"@type":"ImageObject","inLanguage":"kr","@id":"https:\/\/staging.pecb.com\/kr#\/schema\/logo\/image\/","url":"https:\/\/staging.pecb.com\/wp-content\/uploads\/2025\/05\/Clip-path-group.svg","contentUrl":"https:\/\/staging.pecb.com\/wp-content\/uploads\/2025\/05\/Clip-path-group.svg","width":96,"height":26,"caption":"PECB"},"image":{"@id":"https:\/\/staging.pecb.com\/kr#\/schema\/logo\/image\/"},"sameAs":["https:\/\/www.facebook.com\/PECBInternational\/","https:\/\/x.com\/PECB","https:\/\/www.linkedin.com\/company\/pecb","https:\/\/www.youtube.com\/channel\/UCQPfrnIUa7Q0oBRyT8l5eTg","https:\/\/www.instagram.com\/pecb.official\/"]}]}},"_links":{"self":[{"href":"https:\/\/staging.pecb.com\/kr\/wp-json\/wp\/v2\/pages\/44662","targetHints":{"allow":["GET"]}}],"collection":[{"href":"https:\/\/staging.pecb.com\/kr\/wp-json\/wp\/v2\/pages"}],"about":[{"href":"https:\/\/staging.pecb.com\/kr\/wp-json\/wp\/v2\/types\/page"}],"author":[{"embeddable":true,"href":"https:\/\/staging.pecb.com\/kr\/wp-json\/wp\/v2\/users\/2"}],"replies":[{"embeddable":true,"href":"https:\/\/staging.pecb.com\/kr\/wp-json\/wp\/v2\/comments?post=44662"}],"version-history":[{"count":3,"href":"https:\/\/staging.pecb.com\/kr\/wp-json\/wp\/v2\/pages\/44662\/revisions"}],"predecessor-version":[{"id":46203,"href":"https:\/\/staging.pecb.com\/kr\/wp-json\/wp\/v2\/pages\/44662\/revisions\/46203"}],"up":[{"embeddable":true,"href":"https:\/\/staging.pecb.com\/kr\/wp-json\/wp\/v2\/pages\/44128"}],"wp:attachment":[{"href":"https:\/\/staging.pecb.com\/kr\/wp-json\/wp\/v2\/media?parent=44662"}],"curies":[{"name":"wp","href":"https:\/\/api.w.org\/{rel}","templated":true}]}}