{"id":27582,"date":"2025-08-13T16:08:16","date_gmt":"2025-08-13T14:08:16","guid":{"rendered":"https:\/\/pecb.com\/pecb-digital-badges"},"modified":"2025-12-02T15:47:51","modified_gmt":"2025-12-02T14:47:51","slug":"pecb-digital-badges","status":"publish","type":"page","link":"https:\/\/staging.pecb.com\/fr\/pecb-digital-badges","title":{"rendered":"PECB Digital Badges"},"content":{"rendered":"\t\t<div data-elementor-type=\"wp-page\" data-elementor-id=\"27582\" class=\"elementor elementor-27582 elementor-25394\" data-elementor-post-type=\"page\">\n\t\t\t\t<div class=\"elementor-element elementor-element-103224c4 e-flex e-con-boxed e-con e-parent\" data-id=\"103224c4\" data-element_type=\"container\" data-e-type=\"container\" data-settings=\"{&quot;background_background&quot;:&quot;classic&quot;}\">\n\t\t\t\t\t<div class=\"e-con-inner\">\n\t\t\t\t<div class=\"elementor-element elementor-element-2cb2c617 elementor-widget elementor-widget-heading\" data-id=\"2cb2c617\" data-element_type=\"widget\" data-e-type=\"widget\" data-widget_type=\"heading.default\">\n\t\t\t\t\t<h1 class=\"elementor-heading-title elementor-size-default\">PECB Digital Badges<\/h1>\t\t\t\t<\/div>\n\t\t\t\t\t<\/div>\n\t\t\t\t<\/div>\n\t\t<div class=\"elementor-element elementor-element-8629314 e-flex e-con-boxed e-con e-parent\" data-id=\"8629314\" data-element_type=\"container\" data-e-type=\"container\" data-settings=\"{&quot;background_background&quot;:&quot;classic&quot;}\">\n\t\t\t\t\t<div class=\"e-con-inner\">\n\t\t\t\t<div class=\"elementor-element elementor-element-fdf2f02 elementor-widget elementor-widget-text-editor\" data-id=\"fdf2f02\" data-element_type=\"widget\" data-e-type=\"widget\" data-widget_type=\"text-editor.default\">\n\t\t\t\t\t\t\t\t\t<p dir=\"auto\">\n        <style>\n            .child-pages {\n                display: flex;\n                flex-wrap: wrap;\n                justify-content: center;\n                gap: 8px;\n                width: fit-content;\n                margin: 0 auto;\n                 padding:10px;\n            }\n            .child-pages li {\n                display: flex;\n                padding: 8px 16px;\n                flex-direction: column;\n                align-items: center;\n                border-radius: 4px;\n                background: #FFF;\n                list-style: none;\n            }\n            .child-pages li.active {\n                background: #CBD5E1;\n            }\n            .child-pages li a {\n                color: #000;\n                text-align: center;\n                font-family: Parabolica, sans-serif;\n                font-size: 14px;\n                font-style: normal;\n                font-weight: 400;\n                line-height: normal;\n                text-decoration: none;\n            }\n            .child-pages li a:hover {\n                text-decoration: underline;\n            }\n        <\/style>\n    <ul class=\"child-pages\"><li class=\"\"><a href=\"https:\/\/staging.pecb.com\/en\/about\">About<\/a><\/li><li class=\"\"><a href=\"https:\/\/staging.pecb.com\/fr\/about\/accreditations-and-affiliations\">Accr\u00e9ditations et Affiliations<\/a><\/li><li class=\"\"><a href=\"https:\/\/staging.pecb.com\/fr\/about\/code-of-ethics\">Code de d\u00e9ontologie<\/a><\/li><li class=\"\"><a href=\"https:\/\/staging.pecb.com\/fr\/about\/digital-trust\">Confiance num\u00e9rique : Construire un avenir s\u00fbr<\/a><\/li><li class=\"\"><a href=\"https:\/\/staging.pecb.com\/fr\/about\/statement-of-impartiality\">D\u00e9claration d\u2019impartialit\u00e9<\/a><\/li><li class=\"\"><a href=\"https:\/\/staging.pecb.com\/fr\/about\/gdpr-privacy-statement\">D\u00e9claration de protection de la vie priv\u00e9e RGPD<\/a><\/li><li class=\"\"><a href=\"https:\/\/staging.pecb.com\/fr\/about\/team\">PECB Management<\/a><\/li><li class=\"\"><a href=\"https:\/\/staging.pecb.com\/fr\/about\/pecb-code-of-ethics-violation-policy\">Politique Applicable en cas de Violation du Code de D\u00e9ontologie de PECB<\/a><\/li><li class=\"\"><a href=\"https:\/\/staging.pecb.com\/fr\/about\/certification-mark-use-policy\">Politique d\u2019utilisation de la marque<\/a><\/li><li class=\"\"><a href=\"https:\/\/staging.pecb.com\/fr\/about\/pecb-policy-regarding-canadian-and-international-economic-sanctions-and-the-countries-impacted\">Politique de PECB relative aux sanctions \u00e9conomiques canadiennes et internationales et aux pays concern\u00e9s<\/a><\/li><li class=\"\"><a href=\"https:\/\/staging.pecb.com\/fr\/about\/pecb-refund-policy\">Politique de remboursement<\/a><\/li><li class=\"\"><a href=\"https:\/\/staging.pecb.com\/fr\/about\/complaint-and-appeal-policy\">Politique en mati\u00e8re de plainte et d\u2019appel<\/a><\/li><li class=\"\"><a href=\"https:\/\/staging.pecb.com\/fr\/about\/behavior-policy\">Politique relative aux comportements<\/a><\/li><li class=\"\"><a href=\"https:\/\/staging.pecb.com\/fr\/about\/pecb-quality-and-information-security-policies\">Politiques de qualit\u00e9 et de s\u00e9curit\u00e9 de l\u2019information<\/a><\/li><li class=\"\"><a href=\"https:\/\/staging.pecb.com\/fr\/about\/pecb-certification-process\">Processus de certification<\/a><\/li><li class=\"\"><a href=\"https:\/\/staging.pecb.com\/fr\/about\/values-of-pecb-certification\">Valeur de la certification PECB<\/a><\/li><li class=\"\"><a href=\"https:\/\/staging.pecb.com\/fr\/about\/violation-of-pecb-brand-and-fraud-reporting-policy\">Violation de la marque PECB et de signalement des cas de fraude<\/a><\/li><\/ul><\/p>\t\t\t\t\t\t\t\t<\/div>\n\t\t\t\t\t<\/div>\n\t\t\t\t<\/div>\n\t\t<div class=\"elementor-element elementor-element-6aed2473 e-flex e-con-boxed e-con e-parent\" data-id=\"6aed2473\" data-element_type=\"container\" data-e-type=\"container\">\n\t\t\t\t\t<div class=\"e-con-inner\">\n\t\t\t\t<div class=\"elementor-element elementor-element-1bdec577 elementor-widget elementor-widget-text-editor\" data-id=\"1bdec577\" data-element_type=\"widget\" data-e-type=\"widget\" data-widget_type=\"text-editor.default\">\n\t\t\t\t\t\t\t\t\t<h2><strong>What is a digital badge?<\/strong><\/h2>\n<img decoding=\"async\" style=\"width: 215px; height: 215px; float: left; margin-left: 15px; margin-right: 15px;\" src=\"http:\/\/staging.pecb.com\/wp-content\/uploads\/2025\/12\/IEC-42001-Lead-Implementer.png\" alt=\"PECB Digital badge\" \/>\n\nDigital badges are a powerful online representation that lets you showcase your professional knowledge and skills obtained through your professional development. Digital badges are indicators of your accomplishments, which help you to get the recognition you have earned. They inspire new pathways to learn and lead to new professional opportunities.\n\nPECB has partnered with <a href=\"https:\/\/www.credly.com\/organizations\/pecb\/badges\" target=\"_blank\" rel=\"noopener\"><strong>Credly<\/strong><\/a> to offer you the chance of earning a digital badge. The badges can be shared online safely and easily. Make sure that once you get the notification that you have been awarded a digital badge, claim your badge and share it on social media channels or embed it on your CV or business card.\n<h2><\/h2>\n<h2><strong>How do digital badges work?<\/strong><\/h2>\nDigital badges contain shareable information about the organization that has issued the badge, the person who earned the badge, criteria for obtaining the badge, issue and expiration date, and achievement evidence. Each digital badge is associated with an image and metadata that provides information about what the badge represents.\n<h2><strong>What are the benefits of a digital badge?<\/strong><\/h2>\nAmong others, digital badges:\n<ul style=\"margin-left: 40px;\">\n \t<li>Demonstrate recognition of competency, commitment to the profession, and engagement in professional development<\/li>\n \t<li>Demonstrate willingness to learn, grow, and get career enhancement opportunities<\/li>\n \t<li>Demonstrate that you are up to date with the latest standards, trends, methodologies, and technology in your industry<\/li>\n \t<li>Lead to new professional opportunities and increase your chances for better earning<\/li>\n<\/ul>\n<h2><strong>Who is eligible for a digital badge?<\/strong><\/h2>\nIndividuals who have obtained a certificate with PECB will be eligible to obtain a digital badge.\n<h2><strong>How to claim and share your digital badge(s)?<\/strong><\/h2>\n<div class=\"row credly-trainers-row\">\n<div class=\"col-md-6 col-sm-3\">\n<div class=\"credly-trainer\">\n<div class=\"credly-trainer-img\">\n\n<strong><u>Claiming your Digital Badges from your PECB Account<\/u><\/strong>\n<ol>\n \t<li>Login in your PECB Account <a href=\"https:\/\/staging.pecb.com\/login\"><strong>here<\/strong><\/a>.<\/li>\n \t<li>Click on <em><strong>Certifications &gt; My Certifications<\/strong><\/em><\/li>\n \t<li>Click the<em><strong> Claim my Badg<\/strong><\/em><strong><em>e<\/em><\/strong> button. Clicking the link will redirect you to Credly\u2019s website.<\/li>\n<\/ol>\n<ol style=\"margin-left: 40px;\" type=\"a\">\n \t<li>Upon redirection to Credly\u2019s site, you may be prompted to sign in or register. If already logged in, you can access your Credly account automatically. (This depends on whether your browser is set to save your credentials for webpages).<\/li>\n \t<li>If you are not registered, please provide the required information and click <em><strong>Create Account. Here please input the email associated with your PECB Account.<\/strong><\/em><\/li>\n \t<li>After you create your account, click on the <em><strong>Confirm Your Email<\/strong><\/em> button<\/li>\n \t<li>Check your email inbox and follow the instructions there to continue. <strong>Sign in<\/strong> with the credentials you created.<\/li>\n \t<li>On Credly\u2019s site, you will see an option to <em><strong>Accept Badge<\/strong><\/em><\/li>\n \t<li>Your badge now displays a <strong>Share <\/strong>option<\/li>\n \t<li>You can choose to share your digital badge across multiple platforms, such as LinkedIn, Twitter, Facebook, Email, URL, etc.<\/li>\n<\/ol>\n<\/div>\n<\/div>\n<\/div>\n<div class=\"col-md-6 col-sm-3\">\n<div class=\"credly-trainer\">\n<div class=\"credly-trainer-img\">\n<div class=\"credly-trainer-img\">\n\n<iframe title=\"YouTube video player\" src=\"https:\/\/www.youtube.com\/embed\/GNoFzTrOqcs\" width=\"560\" height=\"315\" frameborder=\"0\" allowfullscreen=\"allowfullscreen\"><\/iframe>\n<p class=\"credly-trainer-description\"><\/p>\n\n<\/div>\n<\/div>\n<\/div>\n<\/div>\n<\/div>\n<strong>Important note:<\/strong> You will have to create a Credly account (if you haven&rsquo;t already) with the same email address as your PECB Profile in your myPECB Dashboard. Your digital badge will then be available to be accepted and used.\n\nIf you already have an account with Credly, please make sure the email address of your PECB profile is added to your Credly account. To do this, please login <a href=\"https:\/\/www.credly.com\/users\/sign_in\" target=\"_blank\" rel=\"noopener\"><strong>here<\/strong><\/a>, and click on <strong>Settings &gt; Account &gt; Email Addresses<\/strong>.\n\n<u><em><strong>Note: <\/strong>This feature is ONLY available in the Redesigned Dashboard, which can be accessed through the following link <a href=\"https:\/\/staging.pecb.com\/login\">staging.pecb.com <\/a>or through the pop-ups available within the Classic Dashboard.<\/em><\/u>\n<h2><strong>FAQs<\/strong><\/h2>\n<strong>What is Credly?<\/strong>\n\nCredly is a digital badging platform that transforms knowledge, skills, and achievements into digital credentials that empower individuals to connect with learning and career opportunities. Accepting, storing, and sharing digital badges is done in an easy and safe way.\n\n<hr \/>\n\n<strong>What is the relationship between PECB and Credly?<\/strong>\n\nPECB is working with Credly, the digital credentialing leader, to provide digital badges for PECB certificates. Through Credly, you will be able to accept, manage, store, and share your badges.\n\n<hr \/>\n\n<strong>How to claim your badge for each certificate, if you hold multiple PECB certificates?<\/strong>\n\nEvery valid PECB certificate will have a link to its corresponding digital badge. Selecting the link will redirect you to Credly\u2019s website.\n\nYou may be automatically logged in. This depends on whether your browser is set to save your credentials for webpages. Once logged in, the details of your digital badge are displayed with an option to \u201cShare\u201d your badge.\n\nLogin in your PECB Account <a href=\"https:\/\/staging.pecb.com\/login\"><strong>here<\/strong><\/a>\u00a0and click on My Certifications tab. Here you will see the details for all of your PECB certificates.\n\n<hr \/>\n\n<strong>Are Digital Badges only issued for new certificates?<\/strong>\n\nDigital Badges are available for new and historic certificates. If you obtain a new certificate you will also be issued a Digital Badge, and the instructions to claim it will be available in the email confirming you have obtained a new certificate. If you obtained a certificate in the past, you will be able to claim your badge by following the instructions received in the email address connected to your PECB account, which was sent on February 23, 2023, to all our certificate holders.\n\n<hr \/>\n\n<strong>What happens if my certificate gets revoked or invalidated?<\/strong>\n\nIf your certificate gets revoked or invalidated, your digital badge will be revoked.\n\n<hr \/>\n\n<strong>What happens if my certificate gets renewed, upgraded, or downgraded?<\/strong>\n\nFor every new certificate, you will be issued a new digital badge. This means that if your certificate will get renewed, upgraded or downgraded, you will be issued a new digital badge.\n\n<hr \/>\n\n<strong>Who should I contact if there are issues with my PECB badge?<\/strong>\n\nPlease submit a ticket through this <strong><a href=\"https:\/\/staging.pecb.com\/ticketInfo\/support\" target=\"_blank\" rel=\"noopener\">link<\/a><\/strong> (select Digital Badge Category) and we will get back to you.\n\n<hr \/>\n\n<table style=\"border-top: solid #a11e29;\" border=\"0\" width=\"100%\">\n<tbody>\n<tr>\n<td style=\"padding: 15px;\" bgcolor=\"#F2F8F8\">\n<h2><strong>Support<\/strong><\/h2>\n<a href=\"https:\/\/support.credly.com\/hc\/en-us\" target=\"_blank\" rel=\"noopener\">\u00a0Credly Support<\/a><\/td>\n<\/tr>\n<\/tbody>\n<\/table>\t\t\t\t\t\t\t\t<\/div>\n\t\t\t\t\t<\/div>\n\t\t\t\t<\/div>\n\t\t\t\t<\/div>\n\t\t","protected":false},"excerpt":{"rendered":"<p>PECB Digital Badges What is a digital badge? Digital badges are a powerful online representation that lets you showcase your professional knowledge and skills obtained through your professional development. Digital badges are indicators of your accomplishments, which help you to get the recognition you have earned. They inspire new pathways to learn and lead to [&hellip;]<\/p>\n","protected":false},"author":2,"featured_media":0,"parent":0,"menu_order":0,"comment_status":"closed","ping_status":"closed","template":"elementor_header_footer","meta":{"_acf_changed":false,"content-type":"","footnotes":""},"class_list":["post-27582","page","type-page","status-publish","hentry"],"acf":[],"yoast_head":"<!-- This site is optimized with the Yoast SEO plugin v26.9 - https:\/\/yoast.com\/product\/yoast-seo-wordpress\/ -->\n<title>PECB Digital Badges - PECB<\/title>\n<meta name=\"robots\" content=\"index, follow, max-snippet:-1, max-image-preview:large, max-video-preview:-1\" \/>\n<link rel=\"canonical\" href=\"https:\/\/staging.pecb.com\/fr\/pecb-digital-badges\" \/>\n<meta property=\"og:locale\" content=\"fr_FR\" \/>\n<meta property=\"og:type\" content=\"article\" \/>\n<meta property=\"og:title\" content=\"PECB Digital Badges - PECB\" \/>\n<meta property=\"og:description\" content=\"PECB Digital Badges What is a digital badge? Digital badges are a powerful online representation that lets you showcase your professional knowledge and skills obtained through your professional development. Digital badges are indicators of your accomplishments, which help you to get the recognition you have earned. They inspire new pathways to learn and lead to [&hellip;]\" \/>\n<meta property=\"og:url\" content=\"https:\/\/staging.pecb.com\/fr\/pecb-digital-badges\" \/>\n<meta property=\"og:site_name\" content=\"PECB\" \/>\n<meta property=\"article:publisher\" content=\"https:\/\/www.facebook.com\/PECBInternational\/\" \/>\n<meta property=\"article:modified_time\" content=\"2025-12-02T14:47:51+00:00\" \/>\n<meta property=\"og:image\" content=\"http:\/\/staging.pecb.com\/wp-content\/uploads\/2025\/12\/IEC-42001-Lead-Implementer.png\" \/>\n<meta name=\"twitter:card\" content=\"summary_large_image\" \/>\n<meta name=\"twitter:site\" content=\"@PECB\" \/>\n<meta name=\"twitter:label1\" content=\"Dur\u00e9e de lecture estim\u00e9e\" \/>\n\t<meta name=\"twitter:data1\" content=\"5 minutes\" \/>\n<script type=\"application\/ld+json\" class=\"yoast-schema-graph\">{\"@context\":\"https:\/\/schema.org\",\"@graph\":[{\"@type\":\"WebPage\",\"@id\":\"https:\/\/staging.pecb.com\/fr\/pecb-digital-badges\",\"url\":\"https:\/\/staging.pecb.com\/fr\/pecb-digital-badges\",\"name\":\"PECB Digital Badges - PECB\",\"isPartOf\":{\"@id\":\"https:\/\/staging.pecb.com\/fr#website\"},\"primaryImageOfPage\":{\"@id\":\"https:\/\/staging.pecb.com\/fr\/pecb-digital-badges#primaryimage\"},\"image\":{\"@id\":\"https:\/\/staging.pecb.com\/fr\/pecb-digital-badges#primaryimage\"},\"thumbnailUrl\":\"http:\/\/staging.pecb.com\/wp-content\/uploads\/2025\/12\/IEC-42001-Lead-Implementer.png\",\"datePublished\":\"2025-08-13T14:08:16+00:00\",\"dateModified\":\"2025-12-02T14:47:51+00:00\",\"breadcrumb\":{\"@id\":\"https:\/\/staging.pecb.com\/fr\/pecb-digital-badges#breadcrumb\"},\"inLanguage\":\"fr-FR\",\"potentialAction\":[{\"@type\":\"ReadAction\",\"target\":[\"https:\/\/staging.pecb.com\/fr\/pecb-digital-badges\"]}]},{\"@type\":\"ImageObject\",\"inLanguage\":\"fr-FR\",\"@id\":\"https:\/\/staging.pecb.com\/fr\/pecb-digital-badges#primaryimage\",\"url\":\"http:\/\/staging.pecb.com\/wp-content\/uploads\/2025\/12\/IEC-42001-Lead-Implementer.png\",\"contentUrl\":\"http:\/\/staging.pecb.com\/wp-content\/uploads\/2025\/12\/IEC-42001-Lead-Implementer.png\"},{\"@type\":\"BreadcrumbList\",\"@id\":\"https:\/\/staging.pecb.com\/fr\/pecb-digital-badges#breadcrumb\",\"itemListElement\":[{\"@type\":\"ListItem\",\"position\":1,\"name\":\"Home\",\"item\":\"https:\/\/staging.pecb.com\/fr\"},{\"@type\":\"ListItem\",\"position\":2,\"name\":\"PECB Digital Badges\"}]},{\"@type\":\"WebSite\",\"@id\":\"https:\/\/staging.pecb.com\/fr#website\",\"url\":\"https:\/\/staging.pecb.com\/fr\",\"name\":\"PECB\",\"description\":\"\",\"publisher\":{\"@id\":\"https:\/\/staging.pecb.com\/fr#organization\"},\"potentialAction\":[{\"@type\":\"SearchAction\",\"target\":{\"@type\":\"EntryPoint\",\"urlTemplate\":\"https:\/\/staging.pecb.com\/fr?s={search_term_string}\"},\"query-input\":{\"@type\":\"PropertyValueSpecification\",\"valueRequired\":true,\"valueName\":\"search_term_string\"}}],\"inLanguage\":\"fr-FR\"},{\"@type\":\"Organization\",\"@id\":\"https:\/\/staging.pecb.com\/fr#organization\",\"name\":\"PECB\",\"url\":\"https:\/\/staging.pecb.com\/fr\",\"logo\":{\"@type\":\"ImageObject\",\"inLanguage\":\"fr-FR\",\"@id\":\"https:\/\/staging.pecb.com\/fr#\/schema\/logo\/image\/\",\"url\":\"https:\/\/staging.pecb.com\/wp-content\/uploads\/2025\/05\/Clip-path-group.svg\",\"contentUrl\":\"https:\/\/staging.pecb.com\/wp-content\/uploads\/2025\/05\/Clip-path-group.svg\",\"width\":96,\"height\":26,\"caption\":\"PECB\"},\"image\":{\"@id\":\"https:\/\/staging.pecb.com\/fr#\/schema\/logo\/image\/\"},\"sameAs\":[\"https:\/\/www.facebook.com\/PECBInternational\/\",\"https:\/\/x.com\/PECB\",\"https:\/\/www.linkedin.com\/company\/pecb\",\"https:\/\/www.youtube.com\/channel\/UCQPfrnIUa7Q0oBRyT8l5eTg\",\"https:\/\/www.instagram.com\/pecb.official\/\"]}]}<\/script>\n<!-- \/ Yoast SEO plugin. -->","yoast_head_json":{"title":"PECB Digital Badges - PECB","robots":{"index":"index","follow":"follow","max-snippet":"max-snippet:-1","max-image-preview":"max-image-preview:large","max-video-preview":"max-video-preview:-1"},"canonical":"https:\/\/staging.pecb.com\/fr\/pecb-digital-badges","og_locale":"fr_FR","og_type":"article","og_title":"PECB Digital Badges - PECB","og_description":"PECB Digital Badges What is a digital badge? Digital badges are a powerful online representation that lets you showcase your professional knowledge and skills obtained through your professional development. Digital badges are indicators of your accomplishments, which help you to get the recognition you have earned. They inspire new pathways to learn and lead to [&hellip;]","og_url":"https:\/\/staging.pecb.com\/fr\/pecb-digital-badges","og_site_name":"PECB","article_publisher":"https:\/\/www.facebook.com\/PECBInternational\/","article_modified_time":"2025-12-02T14:47:51+00:00","og_image":[{"url":"http:\/\/staging.pecb.com\/wp-content\/uploads\/2025\/12\/IEC-42001-Lead-Implementer.png","type":"","width":"","height":""}],"twitter_card":"summary_large_image","twitter_site":"@PECB","twitter_misc":{"Dur\u00e9e de lecture estim\u00e9e":"5 minutes"},"schema":{"@context":"https:\/\/schema.org","@graph":[{"@type":"WebPage","@id":"https:\/\/staging.pecb.com\/fr\/pecb-digital-badges","url":"https:\/\/staging.pecb.com\/fr\/pecb-digital-badges","name":"PECB Digital Badges - PECB","isPartOf":{"@id":"https:\/\/staging.pecb.com\/fr#website"},"primaryImageOfPage":{"@id":"https:\/\/staging.pecb.com\/fr\/pecb-digital-badges#primaryimage"},"image":{"@id":"https:\/\/staging.pecb.com\/fr\/pecb-digital-badges#primaryimage"},"thumbnailUrl":"http:\/\/staging.pecb.com\/wp-content\/uploads\/2025\/12\/IEC-42001-Lead-Implementer.png","datePublished":"2025-08-13T14:08:16+00:00","dateModified":"2025-12-02T14:47:51+00:00","breadcrumb":{"@id":"https:\/\/staging.pecb.com\/fr\/pecb-digital-badges#breadcrumb"},"inLanguage":"fr-FR","potentialAction":[{"@type":"ReadAction","target":["https:\/\/staging.pecb.com\/fr\/pecb-digital-badges"]}]},{"@type":"ImageObject","inLanguage":"fr-FR","@id":"https:\/\/staging.pecb.com\/fr\/pecb-digital-badges#primaryimage","url":"http:\/\/staging.pecb.com\/wp-content\/uploads\/2025\/12\/IEC-42001-Lead-Implementer.png","contentUrl":"http:\/\/staging.pecb.com\/wp-content\/uploads\/2025\/12\/IEC-42001-Lead-Implementer.png"},{"@type":"BreadcrumbList","@id":"https:\/\/staging.pecb.com\/fr\/pecb-digital-badges#breadcrumb","itemListElement":[{"@type":"ListItem","position":1,"name":"Home","item":"https:\/\/staging.pecb.com\/fr"},{"@type":"ListItem","position":2,"name":"PECB Digital Badges"}]},{"@type":"WebSite","@id":"https:\/\/staging.pecb.com\/fr#website","url":"https:\/\/staging.pecb.com\/fr","name":"PECB","description":"","publisher":{"@id":"https:\/\/staging.pecb.com\/fr#organization"},"potentialAction":[{"@type":"SearchAction","target":{"@type":"EntryPoint","urlTemplate":"https:\/\/staging.pecb.com\/fr?s={search_term_string}"},"query-input":{"@type":"PropertyValueSpecification","valueRequired":true,"valueName":"search_term_string"}}],"inLanguage":"fr-FR"},{"@type":"Organization","@id":"https:\/\/staging.pecb.com\/fr#organization","name":"PECB","url":"https:\/\/staging.pecb.com\/fr","logo":{"@type":"ImageObject","inLanguage":"fr-FR","@id":"https:\/\/staging.pecb.com\/fr#\/schema\/logo\/image\/","url":"https:\/\/staging.pecb.com\/wp-content\/uploads\/2025\/05\/Clip-path-group.svg","contentUrl":"https:\/\/staging.pecb.com\/wp-content\/uploads\/2025\/05\/Clip-path-group.svg","width":96,"height":26,"caption":"PECB"},"image":{"@id":"https:\/\/staging.pecb.com\/fr#\/schema\/logo\/image\/"},"sameAs":["https:\/\/www.facebook.com\/PECBInternational\/","https:\/\/x.com\/PECB","https:\/\/www.linkedin.com\/company\/pecb","https:\/\/www.youtube.com\/channel\/UCQPfrnIUa7Q0oBRyT8l5eTg","https:\/\/www.instagram.com\/pecb.official\/"]}]}},"_links":{"self":[{"href":"https:\/\/staging.pecb.com\/fr\/wp-json\/wp\/v2\/pages\/27582","targetHints":{"allow":["GET"]}}],"collection":[{"href":"https:\/\/staging.pecb.com\/fr\/wp-json\/wp\/v2\/pages"}],"about":[{"href":"https:\/\/staging.pecb.com\/fr\/wp-json\/wp\/v2\/types\/page"}],"author":[{"embeddable":true,"href":"https:\/\/staging.pecb.com\/fr\/wp-json\/wp\/v2\/users\/2"}],"replies":[{"embeddable":true,"href":"https:\/\/staging.pecb.com\/fr\/wp-json\/wp\/v2\/comments?post=27582"}],"version-history":[{"count":0,"href":"https:\/\/staging.pecb.com\/fr\/wp-json\/wp\/v2\/pages\/27582\/revisions"}],"wp:attachment":[{"href":"https:\/\/staging.pecb.com\/fr\/wp-json\/wp\/v2\/media?parent=27582"}],"curies":[{"name":"wp","href":"https:\/\/api.w.org\/{rel}","templated":true}]}}