{"id":27233,"date":"2025-07-18T06:17:08","date_gmt":"2025-07-18T06:17:08","guid":{"rendered":"https:\/\/pecb.com\/invigilator-guide"},"modified":"2025-08-18T09:06:20","modified_gmt":"2025-08-18T09:06:20","slug":"invigilator-guide","status":"publish","type":"page","link":"https:\/\/staging.pecb.com\/fr\/invigilator-guide","title":{"rendered":"Guide du surveillant"},"content":{"rendered":"\t\t<div data-elementor-type=\"wp-page\" data-elementor-id=\"27233\" class=\"elementor elementor-27233 elementor-15929\" data-elementor-post-type=\"page\">\n\t\t\t\t<div class=\"elementor-element elementor-element-46b13b65 e-flex e-con-boxed e-con e-parent\" data-id=\"46b13b65\" data-element_type=\"container\" data-e-type=\"container\" data-settings=\"{&quot;background_background&quot;:&quot;classic&quot;}\">\n\t\t\t\t\t<div class=\"e-con-inner\">\n\t\t\t\t<div class=\"elementor-element elementor-element-54df16c5 elementor-widget elementor-widget-heading\" data-id=\"54df16c5\" data-element_type=\"widget\" data-e-type=\"widget\" data-widget_type=\"heading.default\">\n\t\t\t\t\t<h2 class=\"elementor-heading-title elementor-size-default\">Guide du surveillant<\/h2>\t\t\t\t<\/div>\n\t\t\t\t\t<\/div>\n\t\t\t\t<\/div>\n\t\t<div class=\"elementor-element elementor-element-224b377f elementor-hidden-desktop elementor-hidden-tablet elementor-hidden-mobile e-flex e-con-boxed e-con e-parent\" data-id=\"224b377f\" data-element_type=\"container\" data-e-type=\"container\" data-settings=\"{&quot;background_background&quot;:&quot;classic&quot;}\">\n\t\t\t\t\t<div class=\"e-con-inner\">\n\t\t\t\t<div class=\"elementor-element elementor-element-7ba47a5c e-n-tabs-mobile elementor-widget elementor-widget-n-tabs\" data-id=\"7ba47a5c\" data-element_type=\"widget\" data-e-type=\"widget\" data-settings=\"{&quot;horizontal_scroll&quot;:&quot;disable&quot;}\" data-widget_type=\"nested-tabs.default\">\n\t\t\t\t\t\t\t<div class=\"e-n-tabs\" data-widget-number=\"2074376796\" aria-label=\"Onglets. Ouvrez des \u00e9l\u00e9ments avec Entrer ou Espace, fermez-les avec Echape et naviguez \u00e0 l&#039;aide des touches fl\u00e9ch\u00e9es.\">\n\t\t\t<div class=\"e-n-tabs-heading\" role=\"tablist\">\n\t\t\t\t\t<button id=\"e-n-tab-title-20743767961\" data-tab-title-id=\"e-n-tab-title-20743767961\" class=\"e-n-tab-title\" aria-selected=\"true\" data-tab-index=\"1\" role=\"tab\" tabindex=\"0\" aria-controls=\"e-n-tab-content-20743767961\" style=\"--n-tabs-title-order: 1;\">\n\t\t\t\t\t\t<span class=\"e-n-tab-title-text\">\n\t\t\t\tAbout Us\t\t\t<\/span>\n\t\t<\/button>\n\t\t\t\t<button id=\"e-n-tab-title-20743767962\" data-tab-title-id=\"e-n-tab-title-20743767962\" class=\"e-n-tab-title\" aria-selected=\"false\" data-tab-index=\"2\" role=\"tab\" tabindex=\"-1\" aria-controls=\"e-n-tab-content-20743767962\" style=\"--n-tabs-title-order: 2;\">\n\t\t\t\t\t\t<span class=\"e-n-tab-title-text\">\n\t\t\t\tLeadership and Committees\t\t\t<\/span>\n\t\t<\/button>\n\t\t\t\t<button id=\"e-n-tab-title-20743767963\" data-tab-title-id=\"e-n-tab-title-20743767963\" class=\"e-n-tab-title\" aria-selected=\"false\" data-tab-index=\"3\" role=\"tab\" tabindex=\"-1\" aria-controls=\"e-n-tab-content-20743767963\" style=\"--n-tabs-title-order: 3;\">\n\t\t\t\t\t\t<span class=\"e-n-tab-title-text\">\n\t\t\t\tLeadership and Committees\t\t\t<\/span>\n\t\t<\/button>\n\t\t\t\t<button id=\"e-n-tab-title-20743767964\" data-tab-title-id=\"e-n-tab-title-20743767964\" class=\"e-n-tab-title\" aria-selected=\"false\" data-tab-index=\"4\" role=\"tab\" tabindex=\"-1\" aria-controls=\"e-n-tab-content-20743767964\" style=\"--n-tabs-title-order: 4;\">\n\t\t\t\t\t\t<span class=\"e-n-tab-title-text\">\n\t\t\t\tLeadership and Committees\t\t\t<\/span>\n\t\t<\/button>\n\t\t\t\t<button id=\"e-n-tab-title-20743767965\" data-tab-title-id=\"e-n-tab-title-20743767965\" class=\"e-n-tab-title\" aria-selected=\"false\" data-tab-index=\"5\" role=\"tab\" tabindex=\"-1\" aria-controls=\"e-n-tab-content-20743767965\" style=\"--n-tabs-title-order: 5;\">\n\t\t\t\t\t\t<span class=\"e-n-tab-title-text\">\n\t\t\t\tLeadership and Committees\t\t\t<\/span>\n\t\t<\/button>\n\t\t\t\t<button id=\"e-n-tab-title-20743767966\" data-tab-title-id=\"e-n-tab-title-20743767966\" class=\"e-n-tab-title\" aria-selected=\"false\" data-tab-index=\"6\" role=\"tab\" tabindex=\"-1\" aria-controls=\"e-n-tab-content-20743767966\" style=\"--n-tabs-title-order: 6;\">\n\t\t\t\t\t\t<span class=\"e-n-tab-title-text\">\n\t\t\t\tLeadership and Committees\t\t\t<\/span>\n\t\t<\/button>\n\t\t\t\t<button id=\"e-n-tab-title-20743767967\" data-tab-title-id=\"e-n-tab-title-20743767967\" class=\"e-n-tab-title\" aria-selected=\"false\" data-tab-index=\"7\" role=\"tab\" tabindex=\"-1\" aria-controls=\"e-n-tab-content-20743767967\" style=\"--n-tabs-title-order: 7;\">\n\t\t\t\t\t\t<span class=\"e-n-tab-title-text\">\n\t\t\t\tLeadership and Committees\t\t\t<\/span>\n\t\t<\/button>\n\t\t\t\t<button id=\"e-n-tab-title-20743767968\" data-tab-title-id=\"e-n-tab-title-20743767968\" class=\"e-n-tab-title\" aria-selected=\"false\" data-tab-index=\"8\" role=\"tab\" tabindex=\"-1\" aria-controls=\"e-n-tab-content-20743767968\" style=\"--n-tabs-title-order: 8;\">\n\t\t\t\t\t\t<span class=\"e-n-tab-title-text\">\n\t\t\t\tLeadership and Committees\t\t\t<\/span>\n\t\t<\/button>\n\t\t\t\t<button id=\"e-n-tab-title-20743767969\" data-tab-title-id=\"e-n-tab-title-20743767969\" class=\"e-n-tab-title\" aria-selected=\"false\" data-tab-index=\"9\" role=\"tab\" tabindex=\"-1\" aria-controls=\"e-n-tab-content-20743767969\" style=\"--n-tabs-title-order: 9;\">\n\t\t\t\t\t\t<span class=\"e-n-tab-title-text\">\n\t\t\t\tAccreditations and Affiliations\t\t\t<\/span>\n\t\t<\/button>\n\t\t\t\t<button id=\"e-n-tab-title-207437679610\" data-tab-title-id=\"e-n-tab-title-207437679610\" class=\"e-n-tab-title\" aria-selected=\"false\" data-tab-index=\"10\" role=\"tab\" tabindex=\"-1\" aria-controls=\"e-n-tab-content-207437679610\" style=\"--n-tabs-title-order: 10;\">\n\t\t\t\t\t\t<span class=\"e-n-tab-title-text\">\n\t\t\t\tAccreditations and Affiliations\t\t\t<\/span>\n\t\t<\/button>\n\t\t\t\t<button id=\"e-n-tab-title-207437679611\" data-tab-title-id=\"e-n-tab-title-207437679611\" class=\"e-n-tab-title\" aria-selected=\"false\" data-tab-index=\"11\" role=\"tab\" tabindex=\"-1\" aria-controls=\"e-n-tab-content-207437679611\" style=\"--n-tabs-title-order: 11;\">\n\t\t\t\t\t\t<span class=\"e-n-tab-title-text\">\n\t\t\t\tAccreditations and Affiliations\t\t\t<\/span>\n\t\t<\/button>\n\t\t\t\t<button id=\"e-n-tab-title-207437679612\" data-tab-title-id=\"e-n-tab-title-207437679612\" class=\"e-n-tab-title\" aria-selected=\"false\" data-tab-index=\"12\" role=\"tab\" tabindex=\"-1\" aria-controls=\"e-n-tab-content-207437679612\" style=\"--n-tabs-title-order: 12;\">\n\t\t\t\t\t\t<span class=\"e-n-tab-title-text\">\n\t\t\t\tAccreditations and Affiliations\t\t\t<\/span>\n\t\t<\/button>\n\t\t\t\t\t<\/div>\n\t\t\t<div class=\"e-n-tabs-content\">\n\t\t\t\t<div id=\"e-n-tab-content-20743767961\" role=\"tabpanel\" aria-labelledby=\"e-n-tab-title-20743767961\" data-tab-index=\"1\" style=\"--n-tabs-title-order: 1;\" class=\"e-active elementor-element elementor-element-23e4b733 e-con-full e-flex e-con e-child\" data-id=\"23e4b733\" data-element_type=\"container\" data-e-type=\"container\">\n\t\t\t\t<\/div>\n\t\t<div id=\"e-n-tab-content-20743767962\" role=\"tabpanel\" aria-labelledby=\"e-n-tab-title-20743767962\" data-tab-index=\"2\" style=\"--n-tabs-title-order: 2;\" class=\" elementor-element elementor-element-1eb7a31f e-con-full e-flex e-con e-child\" data-id=\"1eb7a31f\" data-element_type=\"container\" data-e-type=\"container\">\n\t\t\t\t<\/div>\n\t\t<div id=\"e-n-tab-content-20743767963\" role=\"tabpanel\" aria-labelledby=\"e-n-tab-title-20743767963\" data-tab-index=\"3\" style=\"--n-tabs-title-order: 3;\" class=\" elementor-element elementor-element-59f32060 e-con-full e-flex e-con e-child\" data-id=\"59f32060\" data-element_type=\"container\" data-e-type=\"container\">\n\t\t\t\t<\/div>\n\t\t<div id=\"e-n-tab-content-20743767964\" role=\"tabpanel\" aria-labelledby=\"e-n-tab-title-20743767964\" data-tab-index=\"4\" style=\"--n-tabs-title-order: 4;\" class=\" elementor-element elementor-element-3ede5a7f e-con-full e-flex e-con e-child\" data-id=\"3ede5a7f\" data-element_type=\"container\" data-e-type=\"container\">\n\t\t\t\t<\/div>\n\t\t<div id=\"e-n-tab-content-20743767965\" role=\"tabpanel\" aria-labelledby=\"e-n-tab-title-20743767965\" data-tab-index=\"5\" style=\"--n-tabs-title-order: 5;\" class=\" elementor-element elementor-element-6c9d9a97 e-con-full e-flex e-con e-child\" data-id=\"6c9d9a97\" data-element_type=\"container\" data-e-type=\"container\">\n\t\t\t\t<\/div>\n\t\t<div id=\"e-n-tab-content-20743767966\" role=\"tabpanel\" aria-labelledby=\"e-n-tab-title-20743767966\" data-tab-index=\"6\" style=\"--n-tabs-title-order: 6;\" class=\" elementor-element elementor-element-3c7b58de e-con-full e-flex e-con e-child\" data-id=\"3c7b58de\" data-element_type=\"container\" data-e-type=\"container\">\n\t\t\t\t<\/div>\n\t\t<div id=\"e-n-tab-content-20743767967\" role=\"tabpanel\" aria-labelledby=\"e-n-tab-title-20743767967\" data-tab-index=\"7\" style=\"--n-tabs-title-order: 7;\" class=\" elementor-element elementor-element-1b4b0198 e-con-full e-flex e-con e-child\" data-id=\"1b4b0198\" data-element_type=\"container\" data-e-type=\"container\">\n\t\t\t\t<\/div>\n\t\t<div id=\"e-n-tab-content-20743767968\" role=\"tabpanel\" aria-labelledby=\"e-n-tab-title-20743767968\" data-tab-index=\"8\" style=\"--n-tabs-title-order: 8;\" class=\" elementor-element elementor-element-2e5fa137 e-con-full e-flex e-con e-child\" data-id=\"2e5fa137\" data-element_type=\"container\" data-e-type=\"container\">\n\t\t\t\t<\/div>\n\t\t<div id=\"e-n-tab-content-20743767969\" role=\"tabpanel\" aria-labelledby=\"e-n-tab-title-20743767969\" data-tab-index=\"9\" style=\"--n-tabs-title-order: 9;\" class=\" elementor-element elementor-element-71463e82 e-con-full e-flex e-con e-child\" data-id=\"71463e82\" data-element_type=\"container\" data-e-type=\"container\">\n\t\t\t\t<\/div>\n\t\t<div id=\"e-n-tab-content-207437679610\" role=\"tabpanel\" aria-labelledby=\"e-n-tab-title-207437679610\" data-tab-index=\"10\" style=\"--n-tabs-title-order: 10;\" class=\" elementor-element elementor-element-41f3dc1c e-con-full e-flex e-con e-child\" data-id=\"41f3dc1c\" data-element_type=\"container\" data-e-type=\"container\">\n\t\t\t\t<\/div>\n\t\t<div id=\"e-n-tab-content-207437679611\" role=\"tabpanel\" aria-labelledby=\"e-n-tab-title-207437679611\" data-tab-index=\"11\" style=\"--n-tabs-title-order: 11;\" class=\" elementor-element elementor-element-7a709ec4 e-con-full e-flex e-con e-child\" data-id=\"7a709ec4\" data-element_type=\"container\" data-e-type=\"container\">\n\t\t\t\t<\/div>\n\t\t<div id=\"e-n-tab-content-207437679612\" role=\"tabpanel\" aria-labelledby=\"e-n-tab-title-207437679612\" data-tab-index=\"12\" style=\"--n-tabs-title-order: 12;\" class=\" elementor-element elementor-element-61ce675 e-con-full e-flex e-con e-child\" data-id=\"61ce675\" data-element_type=\"container\" data-e-type=\"container\">\n\t\t\t\t<\/div>\n\t\t\t\t\t<\/div>\n\t\t<\/div>\n\t\t\t\t\t\t<\/div>\n\t\t\t\t\t<\/div>\n\t\t\t\t<\/div>\n\t\t<div class=\"elementor-element elementor-element-10e4c348 e-flex e-con-boxed e-con e-parent\" data-id=\"10e4c348\" data-element_type=\"container\" data-e-type=\"container\">\n\t\t\t\t\t<div class=\"e-con-inner\">\n\t\t\t\t<div class=\"elementor-element elementor-element-f7f2f3 elementor-widget elementor-widget-text-editor\" data-id=\"f7f2f3\" data-element_type=\"widget\" data-e-type=\"widget\" data-widget_type=\"text-editor.default\">\n\t\t\t\t\t\t\t\t\t<p>Le Guide PECB du surveillant a \u00e9t\u00e9 con\u00e7u comme un outil de formation et de r\u00e9f\u00e9rence pour les nouveaux surveillants d\u2019examen et est de surcroit un outil destin\u00e9 \u00e0 rafraichir les connaissances des surveillants occasionnels.<\/p><p>T\u00e9l\u00e9charger le Guide du surveillant en format PDF\u00a0<a href=\"https:\/\/staging.pecb.com\/pdf\/pecb-830-invigilator-guide_en.pdf\" target=\"_blank\" rel=\"noopener\">Anglais<\/a>\u00a0|\u00a0<a href=\"https:\/\/staging.pecb.com\/pdf\/pecb-830-invigilator-guide_fr.pdf\" target=\"_blank\" rel=\"noopener\">Fran\u00e7ais\u00a0<\/a>|\u00a0<a href=\"https:\/\/staging.pecb.com\/pdf\/pecb-830-invigilator-guide_de.pdf\" target=\"_blank\" rel=\"noopener\">Allemand<\/a>\u00a0|\u00a0<a href=\"https:\/\/staging.pecb.com\/pdf\/pecb-830-invigilator-guide_es.pdf\">Espagnol<\/a>\u00a0|\u00a0<a href=\"https:\/\/staging.pecb.com\/pdf\/pecb-830-invigilator-guide_ko.pdf\">Cor\u00e9en<\/a><\/p>\t\t\t\t\t\t\t\t<\/div>\n\t\t\t\t\t<\/div>\n\t\t\t\t<\/div>\n\t\t\t\t<\/div>\n\t\t","protected":false},"excerpt":{"rendered":"<p>Guide du surveillant About Us Leadership and Committees Leadership and Committees Leadership and Committees Leadership and Committees Leadership and Committees Leadership and Committees Leadership and Committees Accreditations and Affiliations Accreditations and Affiliations Accreditations and Affiliations Accreditations and Affiliations Le Guide PECB du surveillant a \u00e9t\u00e9 con\u00e7u comme un outil de formation et de r\u00e9f\u00e9rence pour [&hellip;]<\/p>\n","protected":false},"author":2,"featured_media":0,"parent":0,"menu_order":0,"comment_status":"closed","ping_status":"closed","template":"","meta":{"_acf_changed":false,"content-type":"","footnotes":""},"class_list":["post-27233","page","type-page","status-publish","hentry"],"acf":[],"yoast_head":"<!-- This site is optimized with the Yoast SEO plugin v26.9 - https:\/\/yoast.com\/product\/yoast-seo-wordpress\/ -->\n<title>Guide du surveillant - PECB<\/title>\n<meta name=\"robots\" content=\"index, follow, max-snippet:-1, max-image-preview:large, max-video-preview:-1\" \/>\n<link rel=\"canonical\" href=\"https:\/\/staging.pecb.com\/fr\/invigilator-guide\" \/>\n<meta property=\"og:locale\" content=\"fr_FR\" \/>\n<meta property=\"og:type\" content=\"article\" \/>\n<meta property=\"og:title\" content=\"Guide du surveillant - PECB\" \/>\n<meta property=\"og:description\" content=\"Guide du surveillant About Us Leadership and Committees Leadership and Committees Leadership and Committees Leadership and Committees Leadership and Committees Leadership and Committees Leadership and Committees Accreditations and Affiliations Accreditations and Affiliations Accreditations and Affiliations Accreditations and Affiliations Le Guide PECB du surveillant a \u00e9t\u00e9 con\u00e7u comme un outil de formation et de r\u00e9f\u00e9rence pour [&hellip;]\" \/>\n<meta property=\"og:url\" content=\"https:\/\/staging.pecb.com\/fr\/invigilator-guide\" \/>\n<meta property=\"og:site_name\" content=\"PECB\" \/>\n<meta property=\"article:publisher\" content=\"https:\/\/www.facebook.com\/PECBInternational\/\" \/>\n<meta property=\"article:modified_time\" content=\"2025-08-18T09:06:20+00:00\" \/>\n<meta name=\"twitter:card\" content=\"summary_large_image\" \/>\n<meta name=\"twitter:site\" content=\"@PECB\" \/>\n<meta name=\"twitter:label1\" content=\"Dur\u00e9e de lecture estim\u00e9e\" \/>\n\t<meta name=\"twitter:data1\" content=\"1 minute\" \/>\n<script type=\"application\/ld+json\" class=\"yoast-schema-graph\">{\"@context\":\"https:\/\/schema.org\",\"@graph\":[{\"@type\":\"WebPage\",\"@id\":\"https:\/\/staging.pecb.com\/fr\/invigilator-guide\",\"url\":\"https:\/\/staging.pecb.com\/fr\/invigilator-guide\",\"name\":\"Guide du surveillant - PECB\",\"isPartOf\":{\"@id\":\"https:\/\/staging.pecb.com\/fr#website\"},\"datePublished\":\"2025-07-18T06:17:08+00:00\",\"dateModified\":\"2025-08-18T09:06:20+00:00\",\"breadcrumb\":{\"@id\":\"https:\/\/staging.pecb.com\/fr\/invigilator-guide#breadcrumb\"},\"inLanguage\":\"fr-FR\",\"potentialAction\":[{\"@type\":\"ReadAction\",\"target\":[\"https:\/\/staging.pecb.com\/fr\/invigilator-guide\"]}]},{\"@type\":\"BreadcrumbList\",\"@id\":\"https:\/\/staging.pecb.com\/fr\/invigilator-guide#breadcrumb\",\"itemListElement\":[{\"@type\":\"ListItem\",\"position\":1,\"name\":\"Home\",\"item\":\"https:\/\/staging.pecb.com\/fr\"},{\"@type\":\"ListItem\",\"position\":2,\"name\":\"Guide du surveillant\"}]},{\"@type\":\"WebSite\",\"@id\":\"https:\/\/staging.pecb.com\/fr#website\",\"url\":\"https:\/\/staging.pecb.com\/fr\",\"name\":\"PECB\",\"description\":\"\",\"publisher\":{\"@id\":\"https:\/\/staging.pecb.com\/fr#organization\"},\"potentialAction\":[{\"@type\":\"SearchAction\",\"target\":{\"@type\":\"EntryPoint\",\"urlTemplate\":\"https:\/\/staging.pecb.com\/fr?s={search_term_string}\"},\"query-input\":{\"@type\":\"PropertyValueSpecification\",\"valueRequired\":true,\"valueName\":\"search_term_string\"}}],\"inLanguage\":\"fr-FR\"},{\"@type\":\"Organization\",\"@id\":\"https:\/\/staging.pecb.com\/fr#organization\",\"name\":\"PECB\",\"url\":\"https:\/\/staging.pecb.com\/fr\",\"logo\":{\"@type\":\"ImageObject\",\"inLanguage\":\"fr-FR\",\"@id\":\"https:\/\/staging.pecb.com\/fr#\/schema\/logo\/image\/\",\"url\":\"https:\/\/staging.pecb.com\/wp-content\/uploads\/2025\/05\/Clip-path-group.svg\",\"contentUrl\":\"https:\/\/staging.pecb.com\/wp-content\/uploads\/2025\/05\/Clip-path-group.svg\",\"width\":96,\"height\":26,\"caption\":\"PECB\"},\"image\":{\"@id\":\"https:\/\/staging.pecb.com\/fr#\/schema\/logo\/image\/\"},\"sameAs\":[\"https:\/\/www.facebook.com\/PECBInternational\/\",\"https:\/\/x.com\/PECB\",\"https:\/\/www.linkedin.com\/company\/pecb\",\"https:\/\/www.youtube.com\/channel\/UCQPfrnIUa7Q0oBRyT8l5eTg\",\"https:\/\/www.instagram.com\/pecb.official\/\"]}]}<\/script>\n<!-- \/ Yoast SEO plugin. -->","yoast_head_json":{"title":"Guide du surveillant - PECB","robots":{"index":"index","follow":"follow","max-snippet":"max-snippet:-1","max-image-preview":"max-image-preview:large","max-video-preview":"max-video-preview:-1"},"canonical":"https:\/\/staging.pecb.com\/fr\/invigilator-guide","og_locale":"fr_FR","og_type":"article","og_title":"Guide du surveillant - PECB","og_description":"Guide du surveillant About Us Leadership and Committees Leadership and Committees Leadership and Committees Leadership and Committees Leadership and Committees Leadership and Committees Leadership and Committees Accreditations and Affiliations Accreditations and Affiliations Accreditations and Affiliations Accreditations and Affiliations Le Guide PECB du surveillant a \u00e9t\u00e9 con\u00e7u comme un outil de formation et de r\u00e9f\u00e9rence pour [&hellip;]","og_url":"https:\/\/staging.pecb.com\/fr\/invigilator-guide","og_site_name":"PECB","article_publisher":"https:\/\/www.facebook.com\/PECBInternational\/","article_modified_time":"2025-08-18T09:06:20+00:00","twitter_card":"summary_large_image","twitter_site":"@PECB","twitter_misc":{"Dur\u00e9e de lecture estim\u00e9e":"1 minute"},"schema":{"@context":"https:\/\/schema.org","@graph":[{"@type":"WebPage","@id":"https:\/\/staging.pecb.com\/fr\/invigilator-guide","url":"https:\/\/staging.pecb.com\/fr\/invigilator-guide","name":"Guide du surveillant - PECB","isPartOf":{"@id":"https:\/\/staging.pecb.com\/fr#website"},"datePublished":"2025-07-18T06:17:08+00:00","dateModified":"2025-08-18T09:06:20+00:00","breadcrumb":{"@id":"https:\/\/staging.pecb.com\/fr\/invigilator-guide#breadcrumb"},"inLanguage":"fr-FR","potentialAction":[{"@type":"ReadAction","target":["https:\/\/staging.pecb.com\/fr\/invigilator-guide"]}]},{"@type":"BreadcrumbList","@id":"https:\/\/staging.pecb.com\/fr\/invigilator-guide#breadcrumb","itemListElement":[{"@type":"ListItem","position":1,"name":"Home","item":"https:\/\/staging.pecb.com\/fr"},{"@type":"ListItem","position":2,"name":"Guide du surveillant"}]},{"@type":"WebSite","@id":"https:\/\/staging.pecb.com\/fr#website","url":"https:\/\/staging.pecb.com\/fr","name":"PECB","description":"","publisher":{"@id":"https:\/\/staging.pecb.com\/fr#organization"},"potentialAction":[{"@type":"SearchAction","target":{"@type":"EntryPoint","urlTemplate":"https:\/\/staging.pecb.com\/fr?s={search_term_string}"},"query-input":{"@type":"PropertyValueSpecification","valueRequired":true,"valueName":"search_term_string"}}],"inLanguage":"fr-FR"},{"@type":"Organization","@id":"https:\/\/staging.pecb.com\/fr#organization","name":"PECB","url":"https:\/\/staging.pecb.com\/fr","logo":{"@type":"ImageObject","inLanguage":"fr-FR","@id":"https:\/\/staging.pecb.com\/fr#\/schema\/logo\/image\/","url":"https:\/\/staging.pecb.com\/wp-content\/uploads\/2025\/05\/Clip-path-group.svg","contentUrl":"https:\/\/staging.pecb.com\/wp-content\/uploads\/2025\/05\/Clip-path-group.svg","width":96,"height":26,"caption":"PECB"},"image":{"@id":"https:\/\/staging.pecb.com\/fr#\/schema\/logo\/image\/"},"sameAs":["https:\/\/www.facebook.com\/PECBInternational\/","https:\/\/x.com\/PECB","https:\/\/www.linkedin.com\/company\/pecb","https:\/\/www.youtube.com\/channel\/UCQPfrnIUa7Q0oBRyT8l5eTg","https:\/\/www.instagram.com\/pecb.official\/"]}]}},"_links":{"self":[{"href":"https:\/\/staging.pecb.com\/fr\/wp-json\/wp\/v2\/pages\/27233","targetHints":{"allow":["GET"]}}],"collection":[{"href":"https:\/\/staging.pecb.com\/fr\/wp-json\/wp\/v2\/pages"}],"about":[{"href":"https:\/\/staging.pecb.com\/fr\/wp-json\/wp\/v2\/types\/page"}],"author":[{"embeddable":true,"href":"https:\/\/staging.pecb.com\/fr\/wp-json\/wp\/v2\/users\/2"}],"replies":[{"embeddable":true,"href":"https:\/\/staging.pecb.com\/fr\/wp-json\/wp\/v2\/comments?post=27233"}],"version-history":[{"count":0,"href":"https:\/\/staging.pecb.com\/fr\/wp-json\/wp\/v2\/pages\/27233\/revisions"}],"wp:attachment":[{"href":"https:\/\/staging.pecb.com\/fr\/wp-json\/wp\/v2\/media?parent=27233"}],"curies":[{"name":"wp","href":"https:\/\/api.w.org\/{rel}","templated":true}]}}