{"id":27221,"date":"2025-07-18T06:14:27","date_gmt":"2025-07-18T06:14:27","guid":{"rendered":"https:\/\/pecb.com\/online-exam-manual"},"modified":"2025-08-18T09:09:35","modified_gmt":"2025-08-18T09:09:35","slug":"online-exam-manual","status":"publish","type":"page","link":"https:\/\/staging.pecb.com\/fr\/online-exam-manual","title":{"rendered":"Manuel de l\u2019examen en ligne"},"content":{"rendered":"\t\t<div data-elementor-type=\"wp-page\" data-elementor-id=\"27221\" class=\"elementor elementor-27221 elementor-15923\" data-elementor-post-type=\"page\">\n\t\t\t\t<div class=\"elementor-element elementor-element-51203fd8 e-flex e-con-boxed e-con e-parent\" data-id=\"51203fd8\" data-element_type=\"container\" data-e-type=\"container\" data-settings=\"{&quot;background_background&quot;:&quot;classic&quot;}\">\n\t\t\t\t\t<div class=\"e-con-inner\">\n\t\t\t\t<div class=\"elementor-element elementor-element-4eaa56c8 elementor-widget elementor-widget-heading\" data-id=\"4eaa56c8\" data-element_type=\"widget\" data-e-type=\"widget\" data-widget_type=\"heading.default\">\n\t\t\t\t\t<h2 class=\"elementor-heading-title elementor-size-default\">Manuel de l\u2019examen en ligne<\/h2>\t\t\t\t<\/div>\n\t\t\t\t\t<\/div>\n\t\t\t\t<\/div>\n\t\t<div class=\"elementor-element elementor-element-4f5f1d9b elementor-hidden-desktop elementor-hidden-tablet elementor-hidden-mobile e-flex e-con-boxed e-con e-parent\" data-id=\"4f5f1d9b\" data-element_type=\"container\" data-e-type=\"container\" data-settings=\"{&quot;background_background&quot;:&quot;classic&quot;}\">\n\t\t\t\t\t<div class=\"e-con-inner\">\n\t\t\t\t<div class=\"elementor-element elementor-element-1a795b0 e-n-tabs-mobile elementor-widget elementor-widget-n-tabs\" data-id=\"1a795b0\" data-element_type=\"widget\" data-e-type=\"widget\" data-settings=\"{&quot;horizontal_scroll&quot;:&quot;disable&quot;}\" data-widget_type=\"nested-tabs.default\">\n\t\t\t\t\t\t\t<div class=\"e-n-tabs\" data-widget-number=\"27760048\" aria-label=\"Onglets. Ouvrez des \u00e9l\u00e9ments avec Entrer ou Espace, fermez-les avec Echape et naviguez \u00e0 l&#039;aide des touches fl\u00e9ch\u00e9es.\">\n\t\t\t<div class=\"e-n-tabs-heading\" role=\"tablist\">\n\t\t\t\t\t<button id=\"e-n-tab-title-277600481\" data-tab-title-id=\"e-n-tab-title-277600481\" class=\"e-n-tab-title\" aria-selected=\"true\" data-tab-index=\"1\" role=\"tab\" tabindex=\"0\" aria-controls=\"e-n-tab-content-277600481\" style=\"--n-tabs-title-order: 1;\">\n\t\t\t\t\t\t<span class=\"e-n-tab-title-text\">\n\t\t\t\tAbout Us\t\t\t<\/span>\n\t\t<\/button>\n\t\t\t\t<button id=\"e-n-tab-title-277600482\" data-tab-title-id=\"e-n-tab-title-277600482\" class=\"e-n-tab-title\" aria-selected=\"false\" data-tab-index=\"2\" role=\"tab\" tabindex=\"-1\" aria-controls=\"e-n-tab-content-277600482\" style=\"--n-tabs-title-order: 2;\">\n\t\t\t\t\t\t<span class=\"e-n-tab-title-text\">\n\t\t\t\tLeadership and Committees\t\t\t<\/span>\n\t\t<\/button>\n\t\t\t\t<button id=\"e-n-tab-title-277600483\" data-tab-title-id=\"e-n-tab-title-277600483\" class=\"e-n-tab-title\" aria-selected=\"false\" data-tab-index=\"3\" role=\"tab\" tabindex=\"-1\" aria-controls=\"e-n-tab-content-277600483\" style=\"--n-tabs-title-order: 3;\">\n\t\t\t\t\t\t<span class=\"e-n-tab-title-text\">\n\t\t\t\tLeadership and Committees\t\t\t<\/span>\n\t\t<\/button>\n\t\t\t\t<button id=\"e-n-tab-title-277600484\" data-tab-title-id=\"e-n-tab-title-277600484\" class=\"e-n-tab-title\" aria-selected=\"false\" data-tab-index=\"4\" role=\"tab\" tabindex=\"-1\" aria-controls=\"e-n-tab-content-277600484\" style=\"--n-tabs-title-order: 4;\">\n\t\t\t\t\t\t<span class=\"e-n-tab-title-text\">\n\t\t\t\tLeadership and Committees\t\t\t<\/span>\n\t\t<\/button>\n\t\t\t\t<button id=\"e-n-tab-title-277600485\" data-tab-title-id=\"e-n-tab-title-277600485\" class=\"e-n-tab-title\" aria-selected=\"false\" data-tab-index=\"5\" role=\"tab\" tabindex=\"-1\" aria-controls=\"e-n-tab-content-277600485\" style=\"--n-tabs-title-order: 5;\">\n\t\t\t\t\t\t<span class=\"e-n-tab-title-text\">\n\t\t\t\tLeadership and Committees\t\t\t<\/span>\n\t\t<\/button>\n\t\t\t\t<button id=\"e-n-tab-title-277600486\" data-tab-title-id=\"e-n-tab-title-277600486\" class=\"e-n-tab-title\" aria-selected=\"false\" data-tab-index=\"6\" role=\"tab\" tabindex=\"-1\" aria-controls=\"e-n-tab-content-277600486\" style=\"--n-tabs-title-order: 6;\">\n\t\t\t\t\t\t<span class=\"e-n-tab-title-text\">\n\t\t\t\tLeadership and Committees\t\t\t<\/span>\n\t\t<\/button>\n\t\t\t\t<button id=\"e-n-tab-title-277600487\" data-tab-title-id=\"e-n-tab-title-277600487\" class=\"e-n-tab-title\" aria-selected=\"false\" data-tab-index=\"7\" role=\"tab\" tabindex=\"-1\" aria-controls=\"e-n-tab-content-277600487\" style=\"--n-tabs-title-order: 7;\">\n\t\t\t\t\t\t<span class=\"e-n-tab-title-text\">\n\t\t\t\tLeadership and Committees\t\t\t<\/span>\n\t\t<\/button>\n\t\t\t\t<button id=\"e-n-tab-title-277600488\" data-tab-title-id=\"e-n-tab-title-277600488\" class=\"e-n-tab-title\" aria-selected=\"false\" data-tab-index=\"8\" role=\"tab\" tabindex=\"-1\" aria-controls=\"e-n-tab-content-277600488\" style=\"--n-tabs-title-order: 8;\">\n\t\t\t\t\t\t<span class=\"e-n-tab-title-text\">\n\t\t\t\tLeadership and Committees\t\t\t<\/span>\n\t\t<\/button>\n\t\t\t\t<button id=\"e-n-tab-title-277600489\" data-tab-title-id=\"e-n-tab-title-277600489\" class=\"e-n-tab-title\" aria-selected=\"false\" data-tab-index=\"9\" role=\"tab\" tabindex=\"-1\" aria-controls=\"e-n-tab-content-277600489\" style=\"--n-tabs-title-order: 9;\">\n\t\t\t\t\t\t<span class=\"e-n-tab-title-text\">\n\t\t\t\tAccreditations and Affiliations\t\t\t<\/span>\n\t\t<\/button>\n\t\t\t\t<button id=\"e-n-tab-title-2776004810\" data-tab-title-id=\"e-n-tab-title-2776004810\" class=\"e-n-tab-title\" aria-selected=\"false\" data-tab-index=\"10\" role=\"tab\" tabindex=\"-1\" aria-controls=\"e-n-tab-content-2776004810\" style=\"--n-tabs-title-order: 10;\">\n\t\t\t\t\t\t<span class=\"e-n-tab-title-text\">\n\t\t\t\tAccreditations and Affiliations\t\t\t<\/span>\n\t\t<\/button>\n\t\t\t\t<button id=\"e-n-tab-title-2776004811\" data-tab-title-id=\"e-n-tab-title-2776004811\" class=\"e-n-tab-title\" aria-selected=\"false\" data-tab-index=\"11\" role=\"tab\" tabindex=\"-1\" aria-controls=\"e-n-tab-content-2776004811\" style=\"--n-tabs-title-order: 11;\">\n\t\t\t\t\t\t<span class=\"e-n-tab-title-text\">\n\t\t\t\tAccreditations and Affiliations\t\t\t<\/span>\n\t\t<\/button>\n\t\t\t\t<button id=\"e-n-tab-title-2776004812\" data-tab-title-id=\"e-n-tab-title-2776004812\" class=\"e-n-tab-title\" aria-selected=\"false\" data-tab-index=\"12\" role=\"tab\" tabindex=\"-1\" aria-controls=\"e-n-tab-content-2776004812\" style=\"--n-tabs-title-order: 12;\">\n\t\t\t\t\t\t<span class=\"e-n-tab-title-text\">\n\t\t\t\tAccreditations and Affiliations\t\t\t<\/span>\n\t\t<\/button>\n\t\t\t\t\t<\/div>\n\t\t\t<div class=\"e-n-tabs-content\">\n\t\t\t\t<div id=\"e-n-tab-content-277600481\" role=\"tabpanel\" aria-labelledby=\"e-n-tab-title-277600481\" data-tab-index=\"1\" style=\"--n-tabs-title-order: 1;\" class=\"e-active elementor-element elementor-element-505025a3 e-con-full e-flex e-con e-child\" data-id=\"505025a3\" data-element_type=\"container\" data-e-type=\"container\">\n\t\t\t\t<\/div>\n\t\t<div id=\"e-n-tab-content-277600482\" role=\"tabpanel\" aria-labelledby=\"e-n-tab-title-277600482\" data-tab-index=\"2\" style=\"--n-tabs-title-order: 2;\" class=\" elementor-element elementor-element-6ee7b608 e-con-full e-flex e-con e-child\" data-id=\"6ee7b608\" data-element_type=\"container\" data-e-type=\"container\">\n\t\t\t\t<\/div>\n\t\t<div id=\"e-n-tab-content-277600483\" role=\"tabpanel\" aria-labelledby=\"e-n-tab-title-277600483\" data-tab-index=\"3\" style=\"--n-tabs-title-order: 3;\" class=\" elementor-element elementor-element-7151009a e-con-full e-flex e-con e-child\" data-id=\"7151009a\" data-element_type=\"container\" data-e-type=\"container\">\n\t\t\t\t<\/div>\n\t\t<div id=\"e-n-tab-content-277600484\" role=\"tabpanel\" aria-labelledby=\"e-n-tab-title-277600484\" data-tab-index=\"4\" style=\"--n-tabs-title-order: 4;\" class=\" elementor-element elementor-element-e169029 e-con-full e-flex e-con e-child\" data-id=\"e169029\" data-element_type=\"container\" data-e-type=\"container\">\n\t\t\t\t<\/div>\n\t\t<div id=\"e-n-tab-content-277600485\" role=\"tabpanel\" aria-labelledby=\"e-n-tab-title-277600485\" data-tab-index=\"5\" style=\"--n-tabs-title-order: 5;\" class=\" elementor-element elementor-element-73a1ca55 e-con-full e-flex e-con e-child\" data-id=\"73a1ca55\" data-element_type=\"container\" data-e-type=\"container\">\n\t\t\t\t<\/div>\n\t\t<div id=\"e-n-tab-content-277600486\" role=\"tabpanel\" aria-labelledby=\"e-n-tab-title-277600486\" data-tab-index=\"6\" style=\"--n-tabs-title-order: 6;\" class=\" elementor-element elementor-element-7c4bfd09 e-con-full e-flex e-con e-child\" data-id=\"7c4bfd09\" data-element_type=\"container\" data-e-type=\"container\">\n\t\t\t\t<\/div>\n\t\t<div id=\"e-n-tab-content-277600487\" role=\"tabpanel\" aria-labelledby=\"e-n-tab-title-277600487\" data-tab-index=\"7\" style=\"--n-tabs-title-order: 7;\" class=\" elementor-element elementor-element-6adcc761 e-con-full e-flex e-con e-child\" data-id=\"6adcc761\" data-element_type=\"container\" data-e-type=\"container\">\n\t\t\t\t<\/div>\n\t\t<div id=\"e-n-tab-content-277600488\" role=\"tabpanel\" aria-labelledby=\"e-n-tab-title-277600488\" data-tab-index=\"8\" style=\"--n-tabs-title-order: 8;\" class=\" elementor-element elementor-element-2caccd83 e-con-full e-flex e-con e-child\" data-id=\"2caccd83\" data-element_type=\"container\" data-e-type=\"container\">\n\t\t\t\t<\/div>\n\t\t<div id=\"e-n-tab-content-277600489\" role=\"tabpanel\" aria-labelledby=\"e-n-tab-title-277600489\" data-tab-index=\"9\" style=\"--n-tabs-title-order: 9;\" class=\" elementor-element elementor-element-3b51c90d e-con-full e-flex e-con e-child\" data-id=\"3b51c90d\" data-element_type=\"container\" data-e-type=\"container\">\n\t\t\t\t<\/div>\n\t\t<div id=\"e-n-tab-content-2776004810\" role=\"tabpanel\" aria-labelledby=\"e-n-tab-title-2776004810\" data-tab-index=\"10\" style=\"--n-tabs-title-order: 10;\" class=\" elementor-element elementor-element-332f01b2 e-con-full e-flex e-con e-child\" data-id=\"332f01b2\" data-element_type=\"container\" data-e-type=\"container\">\n\t\t\t\t<\/div>\n\t\t<div id=\"e-n-tab-content-2776004811\" role=\"tabpanel\" aria-labelledby=\"e-n-tab-title-2776004811\" data-tab-index=\"11\" style=\"--n-tabs-title-order: 11;\" class=\" elementor-element elementor-element-18437270 e-con-full e-flex e-con e-child\" data-id=\"18437270\" data-element_type=\"container\" data-e-type=\"container\">\n\t\t\t\t<\/div>\n\t\t<div id=\"e-n-tab-content-2776004812\" role=\"tabpanel\" aria-labelledby=\"e-n-tab-title-2776004812\" data-tab-index=\"12\" style=\"--n-tabs-title-order: 12;\" class=\" elementor-element elementor-element-77d40deb e-con-full e-flex e-con e-child\" data-id=\"77d40deb\" data-element_type=\"container\" data-e-type=\"container\">\n\t\t\t\t<\/div>\n\t\t\t\t\t<\/div>\n\t\t<\/div>\n\t\t\t\t\t\t<\/div>\n\t\t\t\t\t<\/div>\n\t\t\t\t<\/div>\n\t\t<div class=\"elementor-element elementor-element-1a3bc8ee e-flex e-con-boxed e-con e-parent\" data-id=\"1a3bc8ee\" data-element_type=\"container\" data-e-type=\"container\">\n\t\t\t\t\t<div class=\"e-con-inner\">\n\t\t\t\t<div class=\"elementor-element elementor-element-58e87a52 elementor-widget elementor-widget-text-editor\" data-id=\"58e87a52\" data-element_type=\"widget\" data-e-type=\"widget\" data-widget_type=\"text-editor.default\">\n\t\t\t\t\t\t\t\t\t<p>Le Manuel du candidat en ligne de PECB est destin\u00e9 \u00e0 informer les candidats sur les r\u00e8gles et les exigences auxquelles se conformer lors de la pr\u00e9paration d\u2019un examen en ligne.\u00a0<\/p><p>T\u00e9l\u00e9chargez le manuel au format PDF\u00a0<a href=\"https:\/\/staging.pecb.com\/pdf\/PECB-online-examinee-manual.pdf\">English\u00a0<\/a>|\u00a0<a href=\"https:\/\/staging.pecb.com\/pdf\/PECB-online-examinee-manual-fr.pdf\">French<\/a>\u00a0|\u00a0<a href=\"https:\/\/staging.pecb.com\/pdf\/PECB-online-examinee-manual-de.pdf\">German<\/a>\u00a0|\u00a0<a href=\"https:\/\/staging.pecb.com\/pdf\/PECB-online-examinee-manual-es.pdf\">Spanish<\/a>\u00a0|\u00a0<a href=\"https:\/\/staging.pecb.com\/pdf\/PECB-online-examinee-manual-ko.pdf\">Korean<\/a><\/p>\t\t\t\t\t\t\t\t<\/div>\n\t\t\t\t\t<\/div>\n\t\t\t\t<\/div>\n\t\t<div class=\"elementor-element elementor-element-57b3949 e-flex e-con-boxed e-con e-parent\" data-id=\"57b3949\" data-element_type=\"container\" data-e-type=\"container\">\n\t\t\t\t\t<div class=\"e-con-inner\">\n\t\t\t\t\t<\/div>\n\t\t\t\t<\/div>\n\t\t\t\t<\/div>\n\t\t","protected":false},"excerpt":{"rendered":"<p>Manuel de l\u2019examen en ligne About Us Leadership and Committees Leadership and Committees Leadership and Committees Leadership and Committees Leadership and Committees Leadership and Committees Leadership and Committees Accreditations and Affiliations Accreditations and Affiliations Accreditations and Affiliations Accreditations and Affiliations Le Manuel du candidat en ligne de PECB est destin\u00e9 \u00e0 informer les candidats sur [&hellip;]<\/p>\n","protected":false},"author":2,"featured_media":0,"parent":0,"menu_order":0,"comment_status":"closed","ping_status":"closed","template":"","meta":{"_acf_changed":false,"content-type":"","footnotes":""},"class_list":["post-27221","page","type-page","status-publish","hentry"],"acf":[],"yoast_head":"<!-- This site is optimized with the Yoast SEO plugin v26.9 - https:\/\/yoast.com\/product\/yoast-seo-wordpress\/ -->\n<title>Manuel de l\u2019examen en ligne - PECB<\/title>\n<meta name=\"robots\" content=\"index, follow, max-snippet:-1, max-image-preview:large, max-video-preview:-1\" \/>\n<link rel=\"canonical\" href=\"https:\/\/staging.pecb.com\/fr\/online-exam-manual\" \/>\n<meta property=\"og:locale\" content=\"fr_FR\" \/>\n<meta property=\"og:type\" content=\"article\" \/>\n<meta property=\"og:title\" content=\"Manuel de l\u2019examen en ligne - PECB\" \/>\n<meta property=\"og:description\" content=\"Manuel de l\u2019examen en ligne About Us Leadership and Committees Leadership and Committees Leadership and Committees Leadership and Committees Leadership and Committees Leadership and Committees Leadership and Committees Accreditations and Affiliations Accreditations and Affiliations Accreditations and Affiliations Accreditations and Affiliations Le Manuel du candidat en ligne de PECB est destin\u00e9 \u00e0 informer les candidats sur [&hellip;]\" \/>\n<meta property=\"og:url\" content=\"https:\/\/staging.pecb.com\/fr\/online-exam-manual\" \/>\n<meta property=\"og:site_name\" content=\"PECB\" \/>\n<meta property=\"article:publisher\" content=\"https:\/\/www.facebook.com\/PECBInternational\/\" \/>\n<meta property=\"article:modified_time\" content=\"2025-08-18T09:09:35+00:00\" \/>\n<meta name=\"twitter:card\" content=\"summary_large_image\" \/>\n<meta name=\"twitter:site\" content=\"@PECB\" \/>\n<meta name=\"twitter:label1\" content=\"Dur\u00e9e de lecture estim\u00e9e\" \/>\n\t<meta name=\"twitter:data1\" content=\"1 minute\" \/>\n<script type=\"application\/ld+json\" class=\"yoast-schema-graph\">{\"@context\":\"https:\/\/schema.org\",\"@graph\":[{\"@type\":\"WebPage\",\"@id\":\"https:\/\/staging.pecb.com\/fr\/online-exam-manual\",\"url\":\"https:\/\/staging.pecb.com\/fr\/online-exam-manual\",\"name\":\"Manuel de l\u2019examen en ligne - PECB\",\"isPartOf\":{\"@id\":\"https:\/\/staging.pecb.com\/fr#website\"},\"datePublished\":\"2025-07-18T06:14:27+00:00\",\"dateModified\":\"2025-08-18T09:09:35+00:00\",\"breadcrumb\":{\"@id\":\"https:\/\/staging.pecb.com\/fr\/online-exam-manual#breadcrumb\"},\"inLanguage\":\"fr-FR\",\"potentialAction\":[{\"@type\":\"ReadAction\",\"target\":[\"https:\/\/staging.pecb.com\/fr\/online-exam-manual\"]}]},{\"@type\":\"BreadcrumbList\",\"@id\":\"https:\/\/staging.pecb.com\/fr\/online-exam-manual#breadcrumb\",\"itemListElement\":[{\"@type\":\"ListItem\",\"position\":1,\"name\":\"Home\",\"item\":\"https:\/\/staging.pecb.com\/fr\"},{\"@type\":\"ListItem\",\"position\":2,\"name\":\"Manuel de l\u2019examen en ligne\"}]},{\"@type\":\"WebSite\",\"@id\":\"https:\/\/staging.pecb.com\/fr#website\",\"url\":\"https:\/\/staging.pecb.com\/fr\",\"name\":\"PECB\",\"description\":\"\",\"publisher\":{\"@id\":\"https:\/\/staging.pecb.com\/fr#organization\"},\"potentialAction\":[{\"@type\":\"SearchAction\",\"target\":{\"@type\":\"EntryPoint\",\"urlTemplate\":\"https:\/\/staging.pecb.com\/fr?s={search_term_string}\"},\"query-input\":{\"@type\":\"PropertyValueSpecification\",\"valueRequired\":true,\"valueName\":\"search_term_string\"}}],\"inLanguage\":\"fr-FR\"},{\"@type\":\"Organization\",\"@id\":\"https:\/\/staging.pecb.com\/fr#organization\",\"name\":\"PECB\",\"url\":\"https:\/\/staging.pecb.com\/fr\",\"logo\":{\"@type\":\"ImageObject\",\"inLanguage\":\"fr-FR\",\"@id\":\"https:\/\/staging.pecb.com\/fr#\/schema\/logo\/image\/\",\"url\":\"https:\/\/staging.pecb.com\/wp-content\/uploads\/2025\/05\/Clip-path-group.svg\",\"contentUrl\":\"https:\/\/staging.pecb.com\/wp-content\/uploads\/2025\/05\/Clip-path-group.svg\",\"width\":96,\"height\":26,\"caption\":\"PECB\"},\"image\":{\"@id\":\"https:\/\/staging.pecb.com\/fr#\/schema\/logo\/image\/\"},\"sameAs\":[\"https:\/\/www.facebook.com\/PECBInternational\/\",\"https:\/\/x.com\/PECB\",\"https:\/\/www.linkedin.com\/company\/pecb\",\"https:\/\/www.youtube.com\/channel\/UCQPfrnIUa7Q0oBRyT8l5eTg\",\"https:\/\/www.instagram.com\/pecb.official\/\"]}]}<\/script>\n<!-- \/ Yoast SEO plugin. -->","yoast_head_json":{"title":"Manuel de l\u2019examen en ligne - PECB","robots":{"index":"index","follow":"follow","max-snippet":"max-snippet:-1","max-image-preview":"max-image-preview:large","max-video-preview":"max-video-preview:-1"},"canonical":"https:\/\/staging.pecb.com\/fr\/online-exam-manual","og_locale":"fr_FR","og_type":"article","og_title":"Manuel de l\u2019examen en ligne - PECB","og_description":"Manuel de l\u2019examen en ligne About Us Leadership and Committees Leadership and Committees Leadership and Committees Leadership and Committees Leadership and Committees Leadership and Committees Leadership and Committees Accreditations and Affiliations Accreditations and Affiliations Accreditations and Affiliations Accreditations and Affiliations Le Manuel du candidat en ligne de PECB est destin\u00e9 \u00e0 informer les candidats sur [&hellip;]","og_url":"https:\/\/staging.pecb.com\/fr\/online-exam-manual","og_site_name":"PECB","article_publisher":"https:\/\/www.facebook.com\/PECBInternational\/","article_modified_time":"2025-08-18T09:09:35+00:00","twitter_card":"summary_large_image","twitter_site":"@PECB","twitter_misc":{"Dur\u00e9e de lecture estim\u00e9e":"1 minute"},"schema":{"@context":"https:\/\/schema.org","@graph":[{"@type":"WebPage","@id":"https:\/\/staging.pecb.com\/fr\/online-exam-manual","url":"https:\/\/staging.pecb.com\/fr\/online-exam-manual","name":"Manuel de l\u2019examen en ligne - PECB","isPartOf":{"@id":"https:\/\/staging.pecb.com\/fr#website"},"datePublished":"2025-07-18T06:14:27+00:00","dateModified":"2025-08-18T09:09:35+00:00","breadcrumb":{"@id":"https:\/\/staging.pecb.com\/fr\/online-exam-manual#breadcrumb"},"inLanguage":"fr-FR","potentialAction":[{"@type":"ReadAction","target":["https:\/\/staging.pecb.com\/fr\/online-exam-manual"]}]},{"@type":"BreadcrumbList","@id":"https:\/\/staging.pecb.com\/fr\/online-exam-manual#breadcrumb","itemListElement":[{"@type":"ListItem","position":1,"name":"Home","item":"https:\/\/staging.pecb.com\/fr"},{"@type":"ListItem","position":2,"name":"Manuel de l\u2019examen en ligne"}]},{"@type":"WebSite","@id":"https:\/\/staging.pecb.com\/fr#website","url":"https:\/\/staging.pecb.com\/fr","name":"PECB","description":"","publisher":{"@id":"https:\/\/staging.pecb.com\/fr#organization"},"potentialAction":[{"@type":"SearchAction","target":{"@type":"EntryPoint","urlTemplate":"https:\/\/staging.pecb.com\/fr?s={search_term_string}"},"query-input":{"@type":"PropertyValueSpecification","valueRequired":true,"valueName":"search_term_string"}}],"inLanguage":"fr-FR"},{"@type":"Organization","@id":"https:\/\/staging.pecb.com\/fr#organization","name":"PECB","url":"https:\/\/staging.pecb.com\/fr","logo":{"@type":"ImageObject","inLanguage":"fr-FR","@id":"https:\/\/staging.pecb.com\/fr#\/schema\/logo\/image\/","url":"https:\/\/staging.pecb.com\/wp-content\/uploads\/2025\/05\/Clip-path-group.svg","contentUrl":"https:\/\/staging.pecb.com\/wp-content\/uploads\/2025\/05\/Clip-path-group.svg","width":96,"height":26,"caption":"PECB"},"image":{"@id":"https:\/\/staging.pecb.com\/fr#\/schema\/logo\/image\/"},"sameAs":["https:\/\/www.facebook.com\/PECBInternational\/","https:\/\/x.com\/PECB","https:\/\/www.linkedin.com\/company\/pecb","https:\/\/www.youtube.com\/channel\/UCQPfrnIUa7Q0oBRyT8l5eTg","https:\/\/www.instagram.com\/pecb.official\/"]}]}},"_links":{"self":[{"href":"https:\/\/staging.pecb.com\/fr\/wp-json\/wp\/v2\/pages\/27221","targetHints":{"allow":["GET"]}}],"collection":[{"href":"https:\/\/staging.pecb.com\/fr\/wp-json\/wp\/v2\/pages"}],"about":[{"href":"https:\/\/staging.pecb.com\/fr\/wp-json\/wp\/v2\/types\/page"}],"author":[{"embeddable":true,"href":"https:\/\/staging.pecb.com\/fr\/wp-json\/wp\/v2\/users\/2"}],"replies":[{"embeddable":true,"href":"https:\/\/staging.pecb.com\/fr\/wp-json\/wp\/v2\/comments?post=27221"}],"version-history":[{"count":0,"href":"https:\/\/staging.pecb.com\/fr\/wp-json\/wp\/v2\/pages\/27221\/revisions"}],"wp:attachment":[{"href":"https:\/\/staging.pecb.com\/fr\/wp-json\/wp\/v2\/media?parent=27221"}],"curies":[{"name":"wp","href":"https:\/\/api.w.org\/{rel}","templated":true}]}}