{"id":26740,"date":"2025-07-18T06:01:57","date_gmt":"2025-07-18T06:01:57","guid":{"rendered":"https:\/\/pecb.com\/about\/violation-of-pecb-brand-and-fraud-reporting-policy"},"modified":"2025-11-20T16:39:24","modified_gmt":"2025-11-20T15:39:24","slug":"violation-of-pecb-brand-and-fraud-reporting-policy","status":"publish","type":"page","link":"https:\/\/staging.pecb.com\/fr\/about\/violation-of-pecb-brand-and-fraud-reporting-policy","title":{"rendered":"Violation de la marque PECB et de signalement des cas de fraude"},"content":{"rendered":"\t\t<div data-elementor-type=\"wp-page\" data-elementor-id=\"26740\" class=\"elementor elementor-26740 elementor-15900\" data-elementor-post-type=\"page\">\n\t\t\t\t<div class=\"elementor-element elementor-element-e58aec2 e-flex e-con-boxed e-con e-parent\" data-id=\"e58aec2\" data-element_type=\"container\" data-e-type=\"container\" data-settings=\"{&quot;background_background&quot;:&quot;classic&quot;}\">\n\t\t\t\t\t<div class=\"e-con-inner\">\n\t\t\t\t<div class=\"elementor-element elementor-element-391e5179 elementor-widget elementor-widget-heading\" data-id=\"391e5179\" data-element_type=\"widget\" data-e-type=\"widget\" data-widget_type=\"heading.default\">\n\t\t\t\t\t<h1 class=\"elementor-heading-title elementor-size-default\">Violation de la marque PECB et de signalement des cas de fraude<\/h1>\t\t\t\t<\/div>\n\t\t\t\t\t<\/div>\n\t\t\t\t<\/div>\n\t\t<div class=\"elementor-element elementor-element-1280b42 e-flex e-con-boxed e-con e-parent\" data-id=\"1280b42\" data-element_type=\"container\" data-e-type=\"container\" data-settings=\"{&quot;background_background&quot;:&quot;classic&quot;}\">\n\t\t\t\t\t<div class=\"e-con-inner\">\n\t\t\t\t<div class=\"elementor-element elementor-element-b31fbde elementor-widget elementor-widget-text-editor\" data-id=\"b31fbde\" data-element_type=\"widget\" data-e-type=\"widget\" data-widget_type=\"text-editor.default\">\n\t\t\t\t\t\t\t\t\t<p dir=\"auto\">\n        <style>\n            .child-pages {\n                display: flex;\n                flex-wrap: wrap;\n                justify-content: center;\n                gap: 8px;\n                width: fit-content;\n                margin: 0 auto;\n                 padding:10px;\n            }\n            .child-pages li {\n                display: flex;\n                padding: 8px 16px;\n                flex-direction: column;\n                align-items: center;\n                border-radius: 4px;\n                background: #FFF;\n                list-style: none;\n            }\n            .child-pages li.active {\n                background: #CBD5E1;\n            }\n            .child-pages li a {\n                color: #000;\n                text-align: center;\n                font-family: Parabolica, sans-serif;\n                font-size: 14px;\n                font-style: normal;\n                font-weight: 400;\n                line-height: normal;\n                text-decoration: none;\n            }\n            .child-pages li a:hover {\n                text-decoration: underline;\n            }\n        <\/style>\n    <ul class=\"child-pages\"><li class=\"\"><a href=\"https:\/\/staging.pecb.com\/en\/about\">About<\/a><\/li><li class=\"\"><a href=\"https:\/\/staging.pecb.com\/fr\/about\/accreditations-and-affiliations\">Accr\u00e9ditations et Affiliations<\/a><\/li><li class=\"\"><a href=\"https:\/\/staging.pecb.com\/fr\/about\/code-of-ethics\">Code de d\u00e9ontologie<\/a><\/li><li class=\"\"><a href=\"https:\/\/staging.pecb.com\/fr\/about\/digital-trust\">Confiance num\u00e9rique : Construire un avenir s\u00fbr<\/a><\/li><li class=\"\"><a href=\"https:\/\/staging.pecb.com\/fr\/about\/statement-of-impartiality\">D\u00e9claration d\u2019impartialit\u00e9<\/a><\/li><li class=\"\"><a href=\"https:\/\/staging.pecb.com\/fr\/about\/gdpr-privacy-statement\">D\u00e9claration de protection de la vie priv\u00e9e RGPD<\/a><\/li><li class=\"\"><a href=\"https:\/\/staging.pecb.com\/fr\/about\/team\">PECB Management<\/a><\/li><li class=\"\"><a href=\"https:\/\/staging.pecb.com\/fr\/about\/pecb-code-of-ethics-violation-policy\">Politique Applicable en cas de Violation du Code de D\u00e9ontologie de PECB<\/a><\/li><li class=\"\"><a href=\"https:\/\/staging.pecb.com\/fr\/about\/certification-mark-use-policy\">Politique d\u2019utilisation de la marque<\/a><\/li><li class=\"\"><a href=\"https:\/\/staging.pecb.com\/fr\/about\/pecb-policy-regarding-canadian-and-international-economic-sanctions-and-the-countries-impacted\">Politique de PECB relative aux sanctions \u00e9conomiques canadiennes et internationales et aux pays concern\u00e9s<\/a><\/li><li class=\"\"><a href=\"https:\/\/staging.pecb.com\/fr\/about\/pecb-refund-policy\">Politique de remboursement<\/a><\/li><li class=\"\"><a href=\"https:\/\/staging.pecb.com\/fr\/about\/complaint-and-appeal-policy\">Politique en mati\u00e8re de plainte et d\u2019appel<\/a><\/li><li class=\"\"><a href=\"https:\/\/staging.pecb.com\/fr\/about\/behavior-policy\">Politique relative aux comportements<\/a><\/li><li class=\"\"><a href=\"https:\/\/staging.pecb.com\/fr\/about\/pecb-quality-and-information-security-policies\">Politiques de qualit\u00e9 et de s\u00e9curit\u00e9 de l\u2019information<\/a><\/li><li class=\"\"><a href=\"https:\/\/staging.pecb.com\/fr\/about\/pecb-certification-process\">Processus de certification<\/a><\/li><li class=\"\"><a href=\"https:\/\/staging.pecb.com\/fr\/about\/values-of-pecb-certification\">Valeur de la certification PECB<\/a><\/li><li class=\"\"><a href=\"https:\/\/staging.pecb.com\/fr\/about\/violation-of-pecb-brand-and-fraud-reporting-policy\">Violation de la marque PECB et de signalement des cas de fraude<\/a><\/li><\/ul><\/p>\t\t\t\t\t\t\t\t<\/div>\n\t\t\t\t\t<\/div>\n\t\t\t\t<\/div>\n\t\t<div class=\"elementor-element elementor-element-33bea60d e-flex e-con-boxed e-con e-parent\" data-id=\"33bea60d\" data-element_type=\"container\" data-e-type=\"container\">\n\t\t\t\t\t<div class=\"e-con-inner\">\n\t\t\t\t<div class=\"elementor-element elementor-element-4fe03a21 elementor-widget elementor-widget-text-editor\" data-id=\"4fe03a21\" data-element_type=\"widget\" data-e-type=\"widget\" data-widget_type=\"text-editor.default\">\n\t\t\t\t\t\t\t\t\t<p><em><strong>Disclaimer: <\/strong>Le terme \u00ab Certifi\u00e9 \u00bb renvoie aux exigences en mati\u00e8re des certifications ISO\/IEC 17024, et celui de \u00ab D\u00e9tenteur de certificats \u00bb renvoie aux exigences des programmes de certificats selon la norme ASTM E2659.<\/em><\/p><p>La politique de violation de la marque PECB et de signalement de la fraude est mise en place pour faciliter l\u2019\u00e9laboration des mesures qui aideront \u00e0 la d\u00e9tection et \u00e0 la pr\u00e9vention des fraudes contre PECB Inc.<\/p><p>L\u2019int\u00e9grit\u00e9 et la valeur des certifications PECB impliquent de passer des examens en faisant preuve d\u2019ind\u00e9pendance et d\u2019\u00e9thique. Ici, chez PECB, nous partageons des valeurs et des croyances fondamentales selon lesquelles les certifications PECB, tout autant que les autres certifications, sont un privil\u00e8ge en soi qui doit \u00eatre gagn\u00e9 et maintenu l\u00e9gitimement.<\/p><p>Nous nous effor\u00e7ons constamment d\u2019organiser des examens et d\u2019offrir des formations de niveau sup\u00e9rieur et nous estimons qu&rsquo;il est vital de prot\u00e9ger leur validit\u00e9, leur valeur, leur int\u00e9grit\u00e9 et leur usage restreint. \u00c0 cet effet, nous avons mis en place plusieurs politiques et proc\u00e9dures qui d\u00e9finissent les responsabilit\u00e9s de chaque candidat et les cons\u00e9quences de la violation de ces politiques.<\/p><p>Les certificats PECB sont reconnus mondialement comme des r\u00e9alisations qui confirment les connaissances, valident les comp\u00e9tences et l\u2019exp\u00e9rience, et apportent une valeur ajout\u00e9e \u00e0 l\u2019individu et \u00e0 la soci\u00e9t\u00e9 dans son ensemble. Nos examens, formations et certifications sont consid\u00e9r\u00e9s comme la propri\u00e9t\u00e9 intellectuelle de PECB et, \u00e0 ce titre, ils sont prot\u00e9g\u00e9s par les lois sur la propri\u00e9t\u00e9 intellectuelle. Nous ne tol\u00e9rons pas les activit\u00e9s qui visent \u00e0 diminuer la valeur de nos examens, formations et certifications, y compris celles qui constituent des pratiques frauduleuses ou criminelles, et nous prenons des mesures pour mettre fin aux activit\u00e9s entravant les objectifs \u00e9thiques que visent les certifications PECB. Par cons\u00e9quent, si des cas d\u2019irr\u00e9gularit\u00e9s sont d\u00e9couverts, PECB prend des mesures pour leur r\u00e9solution, notamment par la suspension des examens ou l\u2019annulation de la certification, le cas \u00e9ch\u00e9ant. Pour pr\u00e9server davantage le professionnalisme et l\u2019int\u00e9grit\u00e9 de nos qualifications, tous nos candidats sont tenus d\u2019adh\u00e9rer au\u00a0<a href=\"https:\/\/staging.pecb.com\/fr\/pecb-code-of-ethics\">Code de d\u00e9ontologie de PECB<\/a>.<\/p><h3><strong><u>Formations<\/u> <\/strong><\/h3><p>Les formations PECB sont dispens\u00e9es dans le monde entier uniquement par nos partenaires agr\u00e9\u00e9s. Vous pouvez acc\u00e9der \u00e0 la liste de nos formations\u00a0<a href=\"https:\/\/staging.pecb.com\/fr\/education-and-certification-for-individuals\">ici<\/a>.<\/p><h3><u><strong>Examens<\/strong><\/u><\/h3><p>Les pages suivantes sont les seules pages Web officielles pour programmer et passer un examen avec PECB :<\/p><ul><li><a href=\"https:\/\/staging.pecb.com\/fr\/partnerEvent\/event_schedule_list\">https:\/\/staging.pecb.com\/fr\/partnerEvent\/event_schedule_list<\/a>\u00a0(en assistant d\u2019abord \u00e0 une formation avec un de nos partenaires)<\/li><li><a href=\"https:\/\/staging.pecb.com\/fr\/eventExamList\/schedule\">https:\/\/staging.pecb.com\/fr\/eventExamList\/schedule<\/a><\/li><\/ul><h3><strong><u>Certification des personnes<\/u><\/strong><\/h3><p>Tous les candidats qui passent un examen PECB recevront les r\u00e9sultats directement du service d\u2019examen PECB. Toute autre forme de notification, d\u2019annonce ou de confirmation n\u2019est pas valide. Tous les candidats peuvent v\u00e9rifier si leurs certificats sont valides\u00a0<a href=\"https:\/\/staging.pecb.com\/userCertification\/certificateVerification\">ici<\/a>.<\/p><h3><u><strong>Partenaires<\/strong><\/u><\/h3><p>Les formations PECB sont dispens\u00e9es dans le monde entier par nos partenaires agr\u00e9\u00e9s. Vous pouvez consulter la liste de nos partenaires\u00a0<a href=\"https:\/\/staging.pecb.com\/fr\/partner\/active_partners\">ici<\/a>.<\/p><h3><u><strong>Formateurs<\/strong><\/u><\/h3><p>Les formations PECB sont dispens\u00e9es dans le monde entier uniquement par des formateurs certifi\u00e9s. Vous pouvez consulter la liste des formateurs certifi\u00e9s\u00a0<a href=\"https:\/\/staging.pecb.com\/fr\/trainer\/trainerList\">ici<\/a>.<\/p><p><strong>Sites Web non autoris\u00e9s \u00e0 utiliser, vendre ou promouvoir les produits et services PECB<\/strong><\/p><p>\u00c0 mesure que nos activit\u00e9s se d\u00e9veloppent, le risque de tentatives visant \u00e0 induire notre communaut\u00e9 en erreur par le partage de contenus non autoris\u00e9s, qui d\u00e9forment le programme de certification PECB, augmente. Cela inclut des supports de formation et du contenu d\u2019examen publi\u00e9s sur des plateformes externes utilisant les marques d\u00e9pos\u00e9es de PECB sans autorisation. De telles pratiques cr\u00e9ent de la confusion et laissent faussement entendre que ce contenu est officiel ou approuv\u00e9 par PECB, ce qui n\u2019est pas le cas. Afin de r\u00e9duire les risques potentiels pour la s\u00e9curit\u00e9 des examens, il est rappel\u00e9 aux candidats de se r\u00e9f\u00e9rer exclusivement aux quiz de pratique pr\u00e9sent\u00e9s durant le cours de formation, ainsi qu\u2019\u00e0 notre site officiel pour consulter les guides du candidat et les informations relatives aux examens.<\/p><p>Nous avons identifi\u00e9 que certaines entreprises et personnes \u00e0 travers le monde se livrent \u00e0 la promotion et \u00e0 la distribution de supports d\u2019examen non approuv\u00e9s, ainsi qu\u2019\u00e0 la d\u00e9livrance de certifications non autoris\u00e9es \u00e0 leurs clients. Les certifications promues par ces entreprises ou individus ne sont pas autoris\u00e9es et constituent une fausse repr\u00e9sentation de PECB. PECB n\u2019a aucun lien avec eux, et ils ne sont pas habilit\u00e9s \u00e0 d\u00e9livrer un certificat PECB, ni \u00e0 utiliser nos cours de formation ou examens. Nous surveillons activement des plateformes telles que Udemy, Scribd, Course Hero et d\u2019autres afin d\u2019identifier et signaler toute utilisation abusive de notre propri\u00e9t\u00e9 intellectuelle. Ces efforts constants visent \u00e0 prot\u00e9ger notre communaut\u00e9 contre la diffusion de contenus non autoris\u00e9s ou inexacts.<\/p><p>PECB d\u00e9conseille fortement aux candidats d\u2019utiliser des sources tierces non approuv\u00e9es ou des sites dits \u00ab exam dumps \u00bb, car l\u2019utilisation de tels supports ne pr\u00e9pare pas efficacement \u00e0 r\u00e9ussir les examens PECB et peut entra\u00eener de lourdes cons\u00e9quences, y compris, sans s\u2019y limiter, le refus de validation de l\u2019examen ou la r\u00e9vocation de certifications.<\/p><p>Si vous avez connaissance de sources non autoris\u00e9es, merci de les signaler \u00e0 <a href=\"mailto:compliance@staging.pecb.com\">compliance@staging.pecb.com<\/a>.<\/p><p>Vous pouvez consulter la liste des entit\u00e9s impliqu\u00e9es <a href=\"https:\/\/growth.staging.pecb.com\/list-of-exam\/\" target=\"_blank\" rel=\"noopener\">ici<\/a>.<\/p><p><em><strong>Note :<\/strong> L\u2019utilisation des donn\u00e9es personnelles par PECB est r\u00e9gie par la Loi sur la protection des renseignements personnels et les documents \u00e9lectroniques du Canada (LPRPDE), le R\u00e8glement g\u00e9n\u00e9ral sur la protection des donn\u00e9es (RGPD) de l\u2019Union europ\u00e9enne, ainsi que par d\u2019autres l\u00e9gislations nationales en mati\u00e8re de protection des donn\u00e9es offrant un niveau de protection \u00e9quivalent au RGPD. Les donn\u00e9es sont collect\u00e9es \u00e0 des fins sp\u00e9cifiques, limit\u00e9es en port\u00e9e, et maintenues exactes et \u00e0 jour. Elles sont conserv\u00e9es uniquement pour des p\u00e9riodes n\u00e9cessaires, selon les exigences internes ou l\u00e9gales, puis d\u00e9truites ou supprim\u00e9es. Elles sont trait\u00e9es avec un niveau de s\u00e9curit\u00e9 et de confidentialit\u00e9 appropri\u00e9. PECB collecte et utilise les informations conform\u00e9ment \u00e0 ce qui est indiqu\u00e9 dans la <a href=\"https:\/\/staging.pecb.com\/fr\/pecb-privacy-statement\">D\u00e9claration de protection de la vie priv\u00e9e | PECB<\/a><\/em><\/p><div style=\"background: #f5f5f5; padding: 10px;\"><h3 style=\"text-align: center;\"><strong>Soumettre un signalement de fraude<\/strong><\/h3><p>All\u00e9gations de fraude concernant les produits et services de PECB, en t\u00e9l\u00e9chargeant le formulaire ci dessous, et renvoyez-le \u00e0 <a href=\"mailto:compliance@staging.pecb.com\">compliance@staging.pecb.com<\/a><\/p><p style=\"text-align: center;\"><strong><a href=\"https:\/\/staging.pecb.com\/pdf\/pecb_fraud_report_eform.pdf\" target=\"_blank\" rel=\"noopener\" download=\"\"> Fraud Report Form<\/a><\/strong><\/p><\/div>\t\t\t\t\t\t\t\t<\/div>\n\t\t\t\t<div class=\"elementor-element elementor-element-2b658568 elementor-widget elementor-widget-heading\" data-id=\"2b658568\" data-element_type=\"widget\" data-e-type=\"widget\" data-widget_type=\"heading.default\">\n\t\t\t\t\t<h2 class=\"elementor-heading-title elementor-size-default\"><b>Version<\/b>\u00a03.2.\u00a0<b>Derni\u00e8re mise \u00e0 jour:<\/b> 2024-09-16<\/h2>\t\t\t\t<\/div>\n\t\t\t\t\t<\/div>\n\t\t\t\t<\/div>\n\t\t\t\t<\/div>\n\t\t","protected":false},"excerpt":{"rendered":"<p>Violation de la marque PECB et de signalement des cas de fraude Disclaimer: Le terme \u00ab Certifi\u00e9 \u00bb renvoie aux exigences en mati\u00e8re des certifications ISO\/IEC 17024, et celui de \u00ab D\u00e9tenteur de certificats \u00bb renvoie aux exigences des programmes de certificats selon la norme ASTM E2659. La politique de violation de la marque PECB [&hellip;]<\/p>\n","protected":false},"author":2,"featured_media":0,"parent":25360,"menu_order":0,"comment_status":"closed","ping_status":"closed","template":"","meta":{"_acf_changed":false,"content-type":"","footnotes":""},"class_list":["post-26740","page","type-page","status-publish","hentry"],"acf":[],"yoast_head":"<!-- This site is optimized with the Yoast SEO plugin v26.9 - https:\/\/yoast.com\/product\/yoast-seo-wordpress\/ -->\n<title>Violation de la marque PECB et de signalement des cas de fraude - PECB<\/title>\n<meta name=\"robots\" content=\"index, follow, max-snippet:-1, max-image-preview:large, max-video-preview:-1\" \/>\n<link rel=\"canonical\" href=\"https:\/\/staging.pecb.com\/fr\/about\/violation-of-pecb-brand-and-fraud-reporting-policy\" \/>\n<meta property=\"og:locale\" content=\"fr_FR\" \/>\n<meta property=\"og:type\" content=\"article\" \/>\n<meta property=\"og:title\" content=\"Violation de la marque PECB et de signalement des cas de fraude - PECB\" \/>\n<meta property=\"og:description\" content=\"Violation de la marque PECB et de signalement des cas de fraude Disclaimer: Le terme \u00ab Certifi\u00e9 \u00bb renvoie aux exigences en mati\u00e8re des certifications ISO\/IEC 17024, et celui de \u00ab D\u00e9tenteur de certificats \u00bb renvoie aux exigences des programmes de certificats selon la norme ASTM E2659. La politique de violation de la marque PECB [&hellip;]\" \/>\n<meta property=\"og:url\" content=\"https:\/\/staging.pecb.com\/fr\/about\/violation-of-pecb-brand-and-fraud-reporting-policy\" \/>\n<meta property=\"og:site_name\" content=\"PECB\" \/>\n<meta property=\"article:publisher\" content=\"https:\/\/www.facebook.com\/PECBInternational\/\" \/>\n<meta property=\"article:modified_time\" content=\"2025-11-20T15:39:24+00:00\" \/>\n<meta name=\"twitter:card\" content=\"summary_large_image\" \/>\n<meta name=\"twitter:site\" content=\"@PECB\" \/>\n<meta name=\"twitter:label1\" content=\"Dur\u00e9e de lecture estim\u00e9e\" \/>\n\t<meta name=\"twitter:data1\" content=\"6 minutes\" \/>\n<script type=\"application\/ld+json\" class=\"yoast-schema-graph\">{\"@context\":\"https:\/\/schema.org\",\"@graph\":[{\"@type\":\"WebPage\",\"@id\":\"https:\/\/staging.pecb.com\/fr\/about\/violation-of-pecb-brand-and-fraud-reporting-policy\",\"url\":\"https:\/\/staging.pecb.com\/fr\/about\/violation-of-pecb-brand-and-fraud-reporting-policy\",\"name\":\"Violation de la marque PECB et de signalement des cas de fraude - PECB\",\"isPartOf\":{\"@id\":\"https:\/\/staging.pecb.com\/fr#website\"},\"datePublished\":\"2025-07-18T06:01:57+00:00\",\"dateModified\":\"2025-11-20T15:39:24+00:00\",\"breadcrumb\":{\"@id\":\"https:\/\/staging.pecb.com\/fr\/about\/violation-of-pecb-brand-and-fraud-reporting-policy#breadcrumb\"},\"inLanguage\":\"fr-FR\",\"potentialAction\":[{\"@type\":\"ReadAction\",\"target\":[\"https:\/\/staging.pecb.com\/fr\/about\/violation-of-pecb-brand-and-fraud-reporting-policy\"]}]},{\"@type\":\"BreadcrumbList\",\"@id\":\"https:\/\/staging.pecb.com\/fr\/about\/violation-of-pecb-brand-and-fraud-reporting-policy#breadcrumb\",\"itemListElement\":[{\"@type\":\"ListItem\",\"position\":1,\"name\":\"Home\",\"item\":\"https:\/\/staging.pecb.com\/fr\"},{\"@type\":\"ListItem\",\"position\":2,\"name\":\"\u00c0 propos\",\"item\":\"https:\/\/staging.pecb.com\/fr\/about\"},{\"@type\":\"ListItem\",\"position\":3,\"name\":\"Violation de la marque PECB et de signalement des cas de fraude\"}]},{\"@type\":\"WebSite\",\"@id\":\"https:\/\/staging.pecb.com\/fr#website\",\"url\":\"https:\/\/staging.pecb.com\/fr\",\"name\":\"PECB\",\"description\":\"\",\"publisher\":{\"@id\":\"https:\/\/staging.pecb.com\/fr#organization\"},\"potentialAction\":[{\"@type\":\"SearchAction\",\"target\":{\"@type\":\"EntryPoint\",\"urlTemplate\":\"https:\/\/staging.pecb.com\/fr?s={search_term_string}\"},\"query-input\":{\"@type\":\"PropertyValueSpecification\",\"valueRequired\":true,\"valueName\":\"search_term_string\"}}],\"inLanguage\":\"fr-FR\"},{\"@type\":\"Organization\",\"@id\":\"https:\/\/staging.pecb.com\/fr#organization\",\"name\":\"PECB\",\"url\":\"https:\/\/staging.pecb.com\/fr\",\"logo\":{\"@type\":\"ImageObject\",\"inLanguage\":\"fr-FR\",\"@id\":\"https:\/\/staging.pecb.com\/fr#\/schema\/logo\/image\/\",\"url\":\"https:\/\/staging.pecb.com\/wp-content\/uploads\/2025\/05\/Clip-path-group.svg\",\"contentUrl\":\"https:\/\/staging.pecb.com\/wp-content\/uploads\/2025\/05\/Clip-path-group.svg\",\"width\":96,\"height\":26,\"caption\":\"PECB\"},\"image\":{\"@id\":\"https:\/\/staging.pecb.com\/fr#\/schema\/logo\/image\/\"},\"sameAs\":[\"https:\/\/www.facebook.com\/PECBInternational\/\",\"https:\/\/x.com\/PECB\",\"https:\/\/www.linkedin.com\/company\/pecb\",\"https:\/\/www.youtube.com\/channel\/UCQPfrnIUa7Q0oBRyT8l5eTg\",\"https:\/\/www.instagram.com\/pecb.official\/\"]}]}<\/script>\n<!-- \/ Yoast SEO plugin. -->","yoast_head_json":{"title":"Violation de la marque PECB et de signalement des cas de fraude - PECB","robots":{"index":"index","follow":"follow","max-snippet":"max-snippet:-1","max-image-preview":"max-image-preview:large","max-video-preview":"max-video-preview:-1"},"canonical":"https:\/\/staging.pecb.com\/fr\/about\/violation-of-pecb-brand-and-fraud-reporting-policy","og_locale":"fr_FR","og_type":"article","og_title":"Violation de la marque PECB et de signalement des cas de fraude - PECB","og_description":"Violation de la marque PECB et de signalement des cas de fraude Disclaimer: Le terme \u00ab Certifi\u00e9 \u00bb renvoie aux exigences en mati\u00e8re des certifications ISO\/IEC 17024, et celui de \u00ab D\u00e9tenteur de certificats \u00bb renvoie aux exigences des programmes de certificats selon la norme ASTM E2659. La politique de violation de la marque PECB [&hellip;]","og_url":"https:\/\/staging.pecb.com\/fr\/about\/violation-of-pecb-brand-and-fraud-reporting-policy","og_site_name":"PECB","article_publisher":"https:\/\/www.facebook.com\/PECBInternational\/","article_modified_time":"2025-11-20T15:39:24+00:00","twitter_card":"summary_large_image","twitter_site":"@PECB","twitter_misc":{"Dur\u00e9e de lecture estim\u00e9e":"6 minutes"},"schema":{"@context":"https:\/\/schema.org","@graph":[{"@type":"WebPage","@id":"https:\/\/staging.pecb.com\/fr\/about\/violation-of-pecb-brand-and-fraud-reporting-policy","url":"https:\/\/staging.pecb.com\/fr\/about\/violation-of-pecb-brand-and-fraud-reporting-policy","name":"Violation de la marque PECB et de signalement des cas de fraude - PECB","isPartOf":{"@id":"https:\/\/staging.pecb.com\/fr#website"},"datePublished":"2025-07-18T06:01:57+00:00","dateModified":"2025-11-20T15:39:24+00:00","breadcrumb":{"@id":"https:\/\/staging.pecb.com\/fr\/about\/violation-of-pecb-brand-and-fraud-reporting-policy#breadcrumb"},"inLanguage":"fr-FR","potentialAction":[{"@type":"ReadAction","target":["https:\/\/staging.pecb.com\/fr\/about\/violation-of-pecb-brand-and-fraud-reporting-policy"]}]},{"@type":"BreadcrumbList","@id":"https:\/\/staging.pecb.com\/fr\/about\/violation-of-pecb-brand-and-fraud-reporting-policy#breadcrumb","itemListElement":[{"@type":"ListItem","position":1,"name":"Home","item":"https:\/\/staging.pecb.com\/fr"},{"@type":"ListItem","position":2,"name":"\u00c0 propos","item":"https:\/\/staging.pecb.com\/fr\/about"},{"@type":"ListItem","position":3,"name":"Violation de la marque PECB et de signalement des cas de fraude"}]},{"@type":"WebSite","@id":"https:\/\/staging.pecb.com\/fr#website","url":"https:\/\/staging.pecb.com\/fr","name":"PECB","description":"","publisher":{"@id":"https:\/\/staging.pecb.com\/fr#organization"},"potentialAction":[{"@type":"SearchAction","target":{"@type":"EntryPoint","urlTemplate":"https:\/\/staging.pecb.com\/fr?s={search_term_string}"},"query-input":{"@type":"PropertyValueSpecification","valueRequired":true,"valueName":"search_term_string"}}],"inLanguage":"fr-FR"},{"@type":"Organization","@id":"https:\/\/staging.pecb.com\/fr#organization","name":"PECB","url":"https:\/\/staging.pecb.com\/fr","logo":{"@type":"ImageObject","inLanguage":"fr-FR","@id":"https:\/\/staging.pecb.com\/fr#\/schema\/logo\/image\/","url":"https:\/\/staging.pecb.com\/wp-content\/uploads\/2025\/05\/Clip-path-group.svg","contentUrl":"https:\/\/staging.pecb.com\/wp-content\/uploads\/2025\/05\/Clip-path-group.svg","width":96,"height":26,"caption":"PECB"},"image":{"@id":"https:\/\/staging.pecb.com\/fr#\/schema\/logo\/image\/"},"sameAs":["https:\/\/www.facebook.com\/PECBInternational\/","https:\/\/x.com\/PECB","https:\/\/www.linkedin.com\/company\/pecb","https:\/\/www.youtube.com\/channel\/UCQPfrnIUa7Q0oBRyT8l5eTg","https:\/\/www.instagram.com\/pecb.official\/"]}]}},"_links":{"self":[{"href":"https:\/\/staging.pecb.com\/fr\/wp-json\/wp\/v2\/pages\/26740","targetHints":{"allow":["GET"]}}],"collection":[{"href":"https:\/\/staging.pecb.com\/fr\/wp-json\/wp\/v2\/pages"}],"about":[{"href":"https:\/\/staging.pecb.com\/fr\/wp-json\/wp\/v2\/types\/page"}],"author":[{"embeddable":true,"href":"https:\/\/staging.pecb.com\/fr\/wp-json\/wp\/v2\/users\/2"}],"replies":[{"embeddable":true,"href":"https:\/\/staging.pecb.com\/fr\/wp-json\/wp\/v2\/comments?post=26740"}],"version-history":[{"count":0,"href":"https:\/\/staging.pecb.com\/fr\/wp-json\/wp\/v2\/pages\/26740\/revisions"}],"up":[{"embeddable":true,"href":"https:\/\/staging.pecb.com\/fr\/wp-json\/wp\/v2\/pages\/25360"}],"wp:attachment":[{"href":"https:\/\/staging.pecb.com\/fr\/wp-json\/wp\/v2\/media?parent=26740"}],"curies":[{"name":"wp","href":"https:\/\/api.w.org\/{rel}","templated":true}]}}