{"id":26737,"date":"2025-07-18T05:32:46","date_gmt":"2025-07-18T05:32:46","guid":{"rendered":"https:\/\/pecb.com\/about\/values-of-pecb-certification"},"modified":"2025-11-20T13:31:00","modified_gmt":"2025-11-20T12:31:00","slug":"values-of-pecb-certification","status":"publish","type":"page","link":"https:\/\/staging.pecb.com\/fr\/about\/values-of-pecb-certification","title":{"rendered":"Valeur de la certification PECB"},"content":{"rendered":"\t\t<div data-elementor-type=\"wp-page\" data-elementor-id=\"26737\" class=\"elementor elementor-26737 elementor-15850\" data-elementor-post-type=\"page\">\n\t\t\t\t<div class=\"elementor-element elementor-element-5b3a9387 e-flex e-con-boxed e-con e-parent\" data-id=\"5b3a9387\" data-element_type=\"container\" data-e-type=\"container\" data-settings=\"{&quot;background_background&quot;:&quot;classic&quot;}\">\n\t\t\t\t\t<div class=\"e-con-inner\">\n\t\t\t\t<div class=\"elementor-element elementor-element-16128c44 elementor-widget elementor-widget-heading\" data-id=\"16128c44\" data-element_type=\"widget\" data-e-type=\"widget\" data-widget_type=\"heading.default\">\n\t\t\t\t\t<h1 class=\"elementor-heading-title elementor-size-default\">Valeur de la certification PECB<\/h1>\t\t\t\t<\/div>\n\t\t\t\t\t<\/div>\n\t\t\t\t<\/div>\n\t\t<div class=\"elementor-element elementor-element-4f75a58 e-flex e-con-boxed e-con e-parent\" data-id=\"4f75a58\" data-element_type=\"container\" data-e-type=\"container\" data-settings=\"{&quot;background_background&quot;:&quot;classic&quot;}\">\n\t\t\t\t\t<div class=\"e-con-inner\">\n\t\t\t\t<div class=\"elementor-element elementor-element-1190b8e elementor-widget elementor-widget-text-editor\" data-id=\"1190b8e\" data-element_type=\"widget\" data-e-type=\"widget\" data-widget_type=\"text-editor.default\">\n\t\t\t\t\t\t\t\t\t<p dir=\"auto\">\n        <style>\n            .child-pages {\n                display: flex;\n                flex-wrap: wrap;\n                justify-content: center;\n                gap: 8px;\n                width: fit-content;\n                margin: 0 auto;\n                 padding:10px;\n            }\n            .child-pages li {\n                display: flex;\n                padding: 8px 16px;\n                flex-direction: column;\n                align-items: center;\n                border-radius: 4px;\n                background: #FFF;\n                list-style: none;\n            }\n            .child-pages li.active {\n                background: #CBD5E1;\n            }\n            .child-pages li a {\n                color: #000;\n                text-align: center;\n                font-family: Parabolica, sans-serif;\n                font-size: 14px;\n                font-style: normal;\n                font-weight: 400;\n                line-height: normal;\n                text-decoration: none;\n            }\n            .child-pages li a:hover {\n                text-decoration: underline;\n            }\n        <\/style>\n    <ul class=\"child-pages\"><li class=\"\"><a href=\"https:\/\/staging.pecb.com\/en\/about\">About<\/a><\/li><li class=\"\"><a href=\"https:\/\/staging.pecb.com\/fr\/about\/accreditations-and-affiliations\">Accr\u00e9ditations et Affiliations<\/a><\/li><li class=\"\"><a href=\"https:\/\/staging.pecb.com\/fr\/about\/code-of-ethics\">Code de d\u00e9ontologie<\/a><\/li><li class=\"\"><a href=\"https:\/\/staging.pecb.com\/fr\/about\/digital-trust\">Confiance num\u00e9rique : Construire un avenir s\u00fbr<\/a><\/li><li class=\"\"><a href=\"https:\/\/staging.pecb.com\/fr\/about\/statement-of-impartiality\">D\u00e9claration d\u2019impartialit\u00e9<\/a><\/li><li class=\"\"><a href=\"https:\/\/staging.pecb.com\/fr\/about\/gdpr-privacy-statement\">D\u00e9claration de protection de la vie priv\u00e9e RGPD<\/a><\/li><li class=\"\"><a href=\"https:\/\/staging.pecb.com\/fr\/about\/team\">PECB Management<\/a><\/li><li class=\"\"><a href=\"https:\/\/staging.pecb.com\/fr\/about\/pecb-code-of-ethics-violation-policy\">Politique Applicable en cas de Violation du Code de D\u00e9ontologie de PECB<\/a><\/li><li class=\"\"><a href=\"https:\/\/staging.pecb.com\/fr\/about\/certification-mark-use-policy\">Politique d\u2019utilisation de la marque<\/a><\/li><li class=\"\"><a href=\"https:\/\/staging.pecb.com\/fr\/about\/pecb-policy-regarding-canadian-and-international-economic-sanctions-and-the-countries-impacted\">Politique de PECB relative aux sanctions \u00e9conomiques canadiennes et internationales et aux pays concern\u00e9s<\/a><\/li><li class=\"\"><a href=\"https:\/\/staging.pecb.com\/fr\/about\/pecb-refund-policy\">Politique de remboursement<\/a><\/li><li class=\"\"><a href=\"https:\/\/staging.pecb.com\/fr\/about\/complaint-and-appeal-policy\">Politique en mati\u00e8re de plainte et d\u2019appel<\/a><\/li><li class=\"\"><a href=\"https:\/\/staging.pecb.com\/fr\/about\/behavior-policy\">Politique relative aux comportements<\/a><\/li><li class=\"\"><a href=\"https:\/\/staging.pecb.com\/fr\/about\/pecb-quality-and-information-security-policies\">Politiques de qualit\u00e9 et de s\u00e9curit\u00e9 de l\u2019information<\/a><\/li><li class=\"\"><a href=\"https:\/\/staging.pecb.com\/fr\/about\/pecb-certification-process\">Processus de certification<\/a><\/li><li class=\"\"><a href=\"https:\/\/staging.pecb.com\/fr\/about\/values-of-pecb-certification\">Valeur de la certification PECB<\/a><\/li><li class=\"\"><a href=\"https:\/\/staging.pecb.com\/fr\/about\/violation-of-pecb-brand-and-fraud-reporting-policy\">Violation de la marque PECB et de signalement des cas de fraude<\/a><\/li><\/ul><\/p>\t\t\t\t\t\t\t\t<\/div>\n\t\t\t\t\t<\/div>\n\t\t\t\t<\/div>\n\t\t<div class=\"elementor-element elementor-element-5133d51c e-flex e-con-boxed e-con e-parent\" data-id=\"5133d51c\" data-element_type=\"container\" data-e-type=\"container\">\n\t\t\t\t\t<div class=\"e-con-inner\">\n\t\t\t\t<div class=\"elementor-element elementor-element-76d6e26a elementor-widget elementor-widget-text-editor\" data-id=\"76d6e26a\" data-element_type=\"widget\" data-e-type=\"widget\" data-widget_type=\"text-editor.default\">\n\t\t\t\t\t\t\t\t\t<h2 style=\"text-align: justify;\"><strong style=\"color: #a11e29;\">Reconnaissance Mondiale<\/strong><\/h2><p>Les certifications PECB sont reconnues au niveau international et valid\u00e9es par de nombreux organismes d\u2019accr\u00e9ditation. Les professionnels qui les obtiennent b\u00e9n\u00e9ficient ainsi de notre reconnaissance sur les march\u00e9s nationaux et internationaux.<\/p><p>La valeur des certifications de PECB est confirm\u00e9e par les accr\u00e9ditations de l&rsquo;International Accreditation Service (IAS-PCB-111), du United Kingdom Accreditation Service (UKAS-No. 21923) et du Korean Accreditation Board (KAB-PC-08), conform\u00e9ment \u00e0 la norme ISO\/IEC 17024 &#8211; Exigences g\u00e9n\u00e9rales pour les organismes de certification proc\u00e9dant \u00e0 la certification de personnes. La valeur des programmes de certification de PECB est confirm\u00e9e par l&rsquo;accr\u00e9ditation de l&rsquo;ANSI National Accreditation Board (ANAB-Accreditation ID 1003), conform\u00e9ment \u00e0 la norme ANSI\/ASTM E2659-18, Standard Practice for Certificate Programs.<\/p><p>PECB est membre associ\u00e9 de l&rsquo;Independent Association of Accredited Registrars (IAAR), membre \u00e0 part enti\u00e8re de l\u2019International Personnel Certification Association (IPC), membre signataire de l\u2019IPC MLA et membre du Club EBIOS ainsi que de CPD Certification Service, CLUSIF, Credential Engine et ITCC. De plus, PECB est un partenaire de publication agr\u00e9\u00e9 (APP) par le Cybersecurity Maturity Model Certification Accreditation Body (CMMC-AB) pour la norme Cybersecurity Maturity Model Certification (CMMC), est agr\u00e9\u00e9 par le Club EBIOS pour d\u00e9livrer la certification EBIOS Risk Manager Skills, et est agr\u00e9\u00e9 par la CNIL (Commission Nationale de l&rsquo;Informatique et des Libert\u00e9s) pour d\u00e9livrer la certification DPO. Pour plus d\u2019informations, cliquez <a href=\"https:\/\/staging.pecb.com\/fr\/accreditations-and-affiliations\">ici<\/a>.<\/p><h2><strong style=\"color: #a11e29;\">Produits et services de haute qualit\u00e9<\/strong><\/h2><p>Nous sommes fiers de fournir \u00e0 nos clients des produits et des services de haute qualit\u00e9 qui r\u00e9pondent \u00e0 leurs besoins et \u00e0 leurs exigences. Tous nos produits sont soigneusement con\u00e7us par une \u00e9quipe d&rsquo;experts et de professionnels sur la base des meilleures pratiques et m\u00e9thodologies.<\/p><h2><strong style=\"color: #a11e29;\"><strong>Conformit\u00e9 aux normes<\/strong><\/strong><\/h2><p>Nos certifications et programmes de certification sont une d\u00e9monstration de conformit\u00e9 aux normes ISO\/IEC 17024 et ASTM E2659. Ils garantissent que les exigences des normes ont \u00e9t\u00e9 satisfaites et valid\u00e9es avec la coh\u00e9rence, le professionnalisme et l&rsquo;impartialit\u00e9 qui s&rsquo;imposent.<\/p><h2><strong style=\"color: #a11e29;\"><strong>Service orient\u00e9 client<\/strong><\/strong><\/h2><p>Nous sommes une entreprise orient\u00e9e vers le client et nous traitons tous nos clients avec le m\u00eame niveau de valeur, d&rsquo;importance, de professionnalisme et d&rsquo;honn\u00eatet\u00e9. PECB dispose d&rsquo;une \u00e9quipe d&rsquo;experts charg\u00e9s de r\u00e9pondre aux demandes, aux questions et aux besoins. Nous faisons de notre mieux pour maintenir un d\u00e9lai de r\u00e9ponse maximal de 24 heures sans compromettre la qualit\u00e9 des services.<\/p><h2><strong style=\"color: #a11e29;\"><strong>Flexibilit\u00e9 et commodit\u00e9<\/strong><\/strong><\/h2><p>Les possibilit\u00e9s d&rsquo;apprentissage en ligne rendent votre parcours professionnel plus ais\u00e9, en vous permettant d&rsquo;adapter vos sessions d&rsquo;apprentissage \u00e0 vos disponibilit\u00e9s et pr\u00e9f\u00e9rences. Cette flexibilit\u00e9 vous donne ainsi plus de temps libre, vous offre davantage de possibilit\u00e9s d&rsquo;avancement professionnel, tout en r\u00e9duisant les co\u00fbts.<\/p>\t\t\t\t\t\t\t\t<\/div>\n\t\t\t\t\t<\/div>\n\t\t\t\t<\/div>\n\t\t\t\t<\/div>\n\t\t","protected":false},"excerpt":{"rendered":"<p>Valeur de la certification PECB Reconnaissance Mondiale Les certifications PECB sont reconnues au niveau international et valid\u00e9es par de nombreux organismes d\u2019accr\u00e9ditation. Les professionnels qui les obtiennent b\u00e9n\u00e9ficient ainsi de notre reconnaissance sur les march\u00e9s nationaux et internationaux. La valeur des certifications de PECB est confirm\u00e9e par les accr\u00e9ditations de l&rsquo;International Accreditation Service (IAS-PCB-111), du [&hellip;]<\/p>\n","protected":false},"author":2,"featured_media":0,"parent":25360,"menu_order":0,"comment_status":"closed","ping_status":"closed","template":"","meta":{"_acf_changed":false,"content-type":"","footnotes":""},"class_list":["post-26737","page","type-page","status-publish","hentry"],"acf":[],"yoast_head":"<!-- This site is optimized with the Yoast SEO plugin v26.9 - https:\/\/yoast.com\/product\/yoast-seo-wordpress\/ -->\n<title>Valeur de la certification PECB - PECB<\/title>\n<meta name=\"robots\" content=\"index, follow, max-snippet:-1, max-image-preview:large, max-video-preview:-1\" \/>\n<link rel=\"canonical\" href=\"https:\/\/staging.pecb.com\/fr\/about\/values-of-pecb-certification\" \/>\n<meta property=\"og:locale\" content=\"fr_FR\" \/>\n<meta property=\"og:type\" content=\"article\" \/>\n<meta property=\"og:title\" content=\"Valeur de la certification PECB - PECB\" \/>\n<meta property=\"og:description\" content=\"Valeur de la certification PECB Reconnaissance Mondiale Les certifications PECB sont reconnues au niveau international et valid\u00e9es par de nombreux organismes d\u2019accr\u00e9ditation. Les professionnels qui les obtiennent b\u00e9n\u00e9ficient ainsi de notre reconnaissance sur les march\u00e9s nationaux et internationaux. La valeur des certifications de PECB est confirm\u00e9e par les accr\u00e9ditations de l&rsquo;International Accreditation Service (IAS-PCB-111), du [&hellip;]\" \/>\n<meta property=\"og:url\" content=\"https:\/\/staging.pecb.com\/fr\/about\/values-of-pecb-certification\" \/>\n<meta property=\"og:site_name\" content=\"PECB\" \/>\n<meta property=\"article:publisher\" content=\"https:\/\/www.facebook.com\/PECBInternational\/\" \/>\n<meta property=\"article:modified_time\" content=\"2025-11-20T12:31:00+00:00\" \/>\n<meta name=\"twitter:card\" content=\"summary_large_image\" \/>\n<meta name=\"twitter:site\" content=\"@PECB\" \/>\n<meta name=\"twitter:label1\" content=\"Dur\u00e9e de lecture estim\u00e9e\" \/>\n\t<meta name=\"twitter:data1\" content=\"3 minutes\" \/>\n<script type=\"application\/ld+json\" class=\"yoast-schema-graph\">{\"@context\":\"https:\/\/schema.org\",\"@graph\":[{\"@type\":\"WebPage\",\"@id\":\"https:\/\/staging.pecb.com\/fr\/about\/values-of-pecb-certification\",\"url\":\"https:\/\/staging.pecb.com\/fr\/about\/values-of-pecb-certification\",\"name\":\"Valeur de la certification PECB - PECB\",\"isPartOf\":{\"@id\":\"https:\/\/staging.pecb.com\/fr#website\"},\"datePublished\":\"2025-07-18T05:32:46+00:00\",\"dateModified\":\"2025-11-20T12:31:00+00:00\",\"breadcrumb\":{\"@id\":\"https:\/\/staging.pecb.com\/fr\/about\/values-of-pecb-certification#breadcrumb\"},\"inLanguage\":\"fr-FR\",\"potentialAction\":[{\"@type\":\"ReadAction\",\"target\":[\"https:\/\/staging.pecb.com\/fr\/about\/values-of-pecb-certification\"]}]},{\"@type\":\"BreadcrumbList\",\"@id\":\"https:\/\/staging.pecb.com\/fr\/about\/values-of-pecb-certification#breadcrumb\",\"itemListElement\":[{\"@type\":\"ListItem\",\"position\":1,\"name\":\"Home\",\"item\":\"https:\/\/staging.pecb.com\/fr\"},{\"@type\":\"ListItem\",\"position\":2,\"name\":\"\u00c0 propos\",\"item\":\"https:\/\/staging.pecb.com\/fr\/about\"},{\"@type\":\"ListItem\",\"position\":3,\"name\":\"Valeur de la certification PECB\"}]},{\"@type\":\"WebSite\",\"@id\":\"https:\/\/staging.pecb.com\/fr#website\",\"url\":\"https:\/\/staging.pecb.com\/fr\",\"name\":\"PECB\",\"description\":\"\",\"publisher\":{\"@id\":\"https:\/\/staging.pecb.com\/fr#organization\"},\"potentialAction\":[{\"@type\":\"SearchAction\",\"target\":{\"@type\":\"EntryPoint\",\"urlTemplate\":\"https:\/\/staging.pecb.com\/fr?s={search_term_string}\"},\"query-input\":{\"@type\":\"PropertyValueSpecification\",\"valueRequired\":true,\"valueName\":\"search_term_string\"}}],\"inLanguage\":\"fr-FR\"},{\"@type\":\"Organization\",\"@id\":\"https:\/\/staging.pecb.com\/fr#organization\",\"name\":\"PECB\",\"url\":\"https:\/\/staging.pecb.com\/fr\",\"logo\":{\"@type\":\"ImageObject\",\"inLanguage\":\"fr-FR\",\"@id\":\"https:\/\/staging.pecb.com\/fr#\/schema\/logo\/image\/\",\"url\":\"https:\/\/staging.pecb.com\/wp-content\/uploads\/2025\/05\/Clip-path-group.svg\",\"contentUrl\":\"https:\/\/staging.pecb.com\/wp-content\/uploads\/2025\/05\/Clip-path-group.svg\",\"width\":96,\"height\":26,\"caption\":\"PECB\"},\"image\":{\"@id\":\"https:\/\/staging.pecb.com\/fr#\/schema\/logo\/image\/\"},\"sameAs\":[\"https:\/\/www.facebook.com\/PECBInternational\/\",\"https:\/\/x.com\/PECB\",\"https:\/\/www.linkedin.com\/company\/pecb\",\"https:\/\/www.youtube.com\/channel\/UCQPfrnIUa7Q0oBRyT8l5eTg\",\"https:\/\/www.instagram.com\/pecb.official\/\"]}]}<\/script>\n<!-- \/ Yoast SEO plugin. -->","yoast_head_json":{"title":"Valeur de la certification PECB - PECB","robots":{"index":"index","follow":"follow","max-snippet":"max-snippet:-1","max-image-preview":"max-image-preview:large","max-video-preview":"max-video-preview:-1"},"canonical":"https:\/\/staging.pecb.com\/fr\/about\/values-of-pecb-certification","og_locale":"fr_FR","og_type":"article","og_title":"Valeur de la certification PECB - PECB","og_description":"Valeur de la certification PECB Reconnaissance Mondiale Les certifications PECB sont reconnues au niveau international et valid\u00e9es par de nombreux organismes d\u2019accr\u00e9ditation. Les professionnels qui les obtiennent b\u00e9n\u00e9ficient ainsi de notre reconnaissance sur les march\u00e9s nationaux et internationaux. La valeur des certifications de PECB est confirm\u00e9e par les accr\u00e9ditations de l&rsquo;International Accreditation Service (IAS-PCB-111), du [&hellip;]","og_url":"https:\/\/staging.pecb.com\/fr\/about\/values-of-pecb-certification","og_site_name":"PECB","article_publisher":"https:\/\/www.facebook.com\/PECBInternational\/","article_modified_time":"2025-11-20T12:31:00+00:00","twitter_card":"summary_large_image","twitter_site":"@PECB","twitter_misc":{"Dur\u00e9e de lecture estim\u00e9e":"3 minutes"},"schema":{"@context":"https:\/\/schema.org","@graph":[{"@type":"WebPage","@id":"https:\/\/staging.pecb.com\/fr\/about\/values-of-pecb-certification","url":"https:\/\/staging.pecb.com\/fr\/about\/values-of-pecb-certification","name":"Valeur de la certification PECB - PECB","isPartOf":{"@id":"https:\/\/staging.pecb.com\/fr#website"},"datePublished":"2025-07-18T05:32:46+00:00","dateModified":"2025-11-20T12:31:00+00:00","breadcrumb":{"@id":"https:\/\/staging.pecb.com\/fr\/about\/values-of-pecb-certification#breadcrumb"},"inLanguage":"fr-FR","potentialAction":[{"@type":"ReadAction","target":["https:\/\/staging.pecb.com\/fr\/about\/values-of-pecb-certification"]}]},{"@type":"BreadcrumbList","@id":"https:\/\/staging.pecb.com\/fr\/about\/values-of-pecb-certification#breadcrumb","itemListElement":[{"@type":"ListItem","position":1,"name":"Home","item":"https:\/\/staging.pecb.com\/fr"},{"@type":"ListItem","position":2,"name":"\u00c0 propos","item":"https:\/\/staging.pecb.com\/fr\/about"},{"@type":"ListItem","position":3,"name":"Valeur de la certification PECB"}]},{"@type":"WebSite","@id":"https:\/\/staging.pecb.com\/fr#website","url":"https:\/\/staging.pecb.com\/fr","name":"PECB","description":"","publisher":{"@id":"https:\/\/staging.pecb.com\/fr#organization"},"potentialAction":[{"@type":"SearchAction","target":{"@type":"EntryPoint","urlTemplate":"https:\/\/staging.pecb.com\/fr?s={search_term_string}"},"query-input":{"@type":"PropertyValueSpecification","valueRequired":true,"valueName":"search_term_string"}}],"inLanguage":"fr-FR"},{"@type":"Organization","@id":"https:\/\/staging.pecb.com\/fr#organization","name":"PECB","url":"https:\/\/staging.pecb.com\/fr","logo":{"@type":"ImageObject","inLanguage":"fr-FR","@id":"https:\/\/staging.pecb.com\/fr#\/schema\/logo\/image\/","url":"https:\/\/staging.pecb.com\/wp-content\/uploads\/2025\/05\/Clip-path-group.svg","contentUrl":"https:\/\/staging.pecb.com\/wp-content\/uploads\/2025\/05\/Clip-path-group.svg","width":96,"height":26,"caption":"PECB"},"image":{"@id":"https:\/\/staging.pecb.com\/fr#\/schema\/logo\/image\/"},"sameAs":["https:\/\/www.facebook.com\/PECBInternational\/","https:\/\/x.com\/PECB","https:\/\/www.linkedin.com\/company\/pecb","https:\/\/www.youtube.com\/channel\/UCQPfrnIUa7Q0oBRyT8l5eTg","https:\/\/www.instagram.com\/pecb.official\/"]}]}},"_links":{"self":[{"href":"https:\/\/staging.pecb.com\/fr\/wp-json\/wp\/v2\/pages\/26737","targetHints":{"allow":["GET"]}}],"collection":[{"href":"https:\/\/staging.pecb.com\/fr\/wp-json\/wp\/v2\/pages"}],"about":[{"href":"https:\/\/staging.pecb.com\/fr\/wp-json\/wp\/v2\/types\/page"}],"author":[{"embeddable":true,"href":"https:\/\/staging.pecb.com\/fr\/wp-json\/wp\/v2\/users\/2"}],"replies":[{"embeddable":true,"href":"https:\/\/staging.pecb.com\/fr\/wp-json\/wp\/v2\/comments?post=26737"}],"version-history":[{"count":0,"href":"https:\/\/staging.pecb.com\/fr\/wp-json\/wp\/v2\/pages\/26737\/revisions"}],"up":[{"embeddable":true,"href":"https:\/\/staging.pecb.com\/fr\/wp-json\/wp\/v2\/pages\/25360"}],"wp:attachment":[{"href":"https:\/\/staging.pecb.com\/fr\/wp-json\/wp\/v2\/media?parent=26737"}],"curies":[{"name":"wp","href":"https:\/\/api.w.org\/{rel}","templated":true}]}}