{"id":26715,"date":"2025-07-18T05:39:22","date_gmt":"2025-07-18T05:39:22","guid":{"rendered":"https:\/\/pecb.com\/about\/statement-of-impartiality"},"modified":"2025-11-20T10:43:30","modified_gmt":"2025-11-20T09:43:30","slug":"statement-of-impartiality","status":"publish","type":"page","link":"https:\/\/staging.pecb.com\/fr\/about\/statement-of-impartiality","title":{"rendered":"D\u00e9claration d\u2019impartialit\u00e9"},"content":{"rendered":"\t\t<div data-elementor-type=\"wp-page\" data-elementor-id=\"26715\" class=\"elementor elementor-26715 elementor-15863\" data-elementor-post-type=\"page\">\n\t\t\t\t<div class=\"elementor-element elementor-element-73a473 e-flex e-con-boxed e-con e-parent\" data-id=\"73a473\" data-element_type=\"container\" data-e-type=\"container\" data-settings=\"{&quot;background_background&quot;:&quot;classic&quot;}\">\n\t\t\t\t\t<div class=\"e-con-inner\">\n\t\t\t\t<div class=\"elementor-element elementor-element-1b9e16a1 elementor-widget elementor-widget-heading\" data-id=\"1b9e16a1\" data-element_type=\"widget\" data-e-type=\"widget\" data-widget_type=\"heading.default\">\n\t\t\t\t\t<h1 class=\"elementor-heading-title elementor-size-default\">D\u00e9claration d\u2019impartialit\u00e9<\/h1>\t\t\t\t<\/div>\n\t\t\t\t\t<\/div>\n\t\t\t\t<\/div>\n\t\t<div class=\"elementor-element elementor-element-ad559b5 e-flex e-con-boxed e-con e-parent\" data-id=\"ad559b5\" data-element_type=\"container\" data-e-type=\"container\" data-settings=\"{&quot;background_background&quot;:&quot;classic&quot;}\">\n\t\t\t\t\t<div class=\"e-con-inner\">\n\t\t\t\t<div class=\"elementor-element elementor-element-2b1cc2f elementor-widget elementor-widget-text-editor\" data-id=\"2b1cc2f\" data-element_type=\"widget\" data-e-type=\"widget\" data-widget_type=\"text-editor.default\">\n\t\t\t\t\t\t\t\t\t<p dir=\"auto\">\n        <style>\n            .child-pages {\n                display: flex;\n                flex-wrap: wrap;\n                justify-content: center;\n                gap: 8px;\n                width: fit-content;\n                margin: 0 auto;\n                 padding:10px;\n            }\n            .child-pages li {\n                display: flex;\n                padding: 8px 16px;\n                flex-direction: column;\n                align-items: center;\n                border-radius: 4px;\n                background: #FFF;\n                list-style: none;\n            }\n            .child-pages li.active {\n                background: #CBD5E1;\n            }\n            .child-pages li a {\n                color: #000;\n                text-align: center;\n                font-family: Parabolica, sans-serif;\n                font-size: 14px;\n                font-style: normal;\n                font-weight: 400;\n                line-height: normal;\n                text-decoration: none;\n            }\n            .child-pages li a:hover {\n                text-decoration: underline;\n            }\n        <\/style>\n    <ul class=\"child-pages\"><li class=\"\"><a href=\"https:\/\/staging.pecb.com\/en\/about\">About<\/a><\/li><li class=\"\"><a href=\"https:\/\/staging.pecb.com\/fr\/about\/accreditations-and-affiliations\">Accr\u00e9ditations et Affiliations<\/a><\/li><li class=\"\"><a href=\"https:\/\/staging.pecb.com\/fr\/about\/code-of-ethics\">Code de d\u00e9ontologie<\/a><\/li><li class=\"\"><a href=\"https:\/\/staging.pecb.com\/fr\/about\/digital-trust\">Confiance num\u00e9rique : Construire un avenir s\u00fbr<\/a><\/li><li class=\"\"><a href=\"https:\/\/staging.pecb.com\/fr\/about\/statement-of-impartiality\">D\u00e9claration d\u2019impartialit\u00e9<\/a><\/li><li class=\"\"><a href=\"https:\/\/staging.pecb.com\/fr\/about\/gdpr-privacy-statement\">D\u00e9claration de protection de la vie priv\u00e9e RGPD<\/a><\/li><li class=\"\"><a href=\"https:\/\/staging.pecb.com\/fr\/about\/team\">PECB Management<\/a><\/li><li class=\"\"><a href=\"https:\/\/staging.pecb.com\/fr\/about\/pecb-code-of-ethics-violation-policy\">Politique Applicable en cas de Violation du Code de D\u00e9ontologie de PECB<\/a><\/li><li class=\"\"><a href=\"https:\/\/staging.pecb.com\/fr\/about\/certification-mark-use-policy\">Politique d\u2019utilisation de la marque<\/a><\/li><li class=\"\"><a href=\"https:\/\/staging.pecb.com\/fr\/about\/pecb-policy-regarding-canadian-and-international-economic-sanctions-and-the-countries-impacted\">Politique de PECB relative aux sanctions \u00e9conomiques canadiennes et internationales et aux pays concern\u00e9s<\/a><\/li><li class=\"\"><a href=\"https:\/\/staging.pecb.com\/fr\/about\/pecb-refund-policy\">Politique de remboursement<\/a><\/li><li class=\"\"><a href=\"https:\/\/staging.pecb.com\/fr\/about\/complaint-and-appeal-policy\">Politique en mati\u00e8re de plainte et d\u2019appel<\/a><\/li><li class=\"\"><a href=\"https:\/\/staging.pecb.com\/fr\/about\/behavior-policy\">Politique relative aux comportements<\/a><\/li><li class=\"\"><a href=\"https:\/\/staging.pecb.com\/fr\/about\/pecb-quality-and-information-security-policies\">Politiques de qualit\u00e9 et de s\u00e9curit\u00e9 de l\u2019information<\/a><\/li><li class=\"\"><a href=\"https:\/\/staging.pecb.com\/fr\/about\/pecb-certification-process\">Processus de certification<\/a><\/li><li class=\"\"><a href=\"https:\/\/staging.pecb.com\/fr\/about\/values-of-pecb-certification\">Valeur de la certification PECB<\/a><\/li><li class=\"\"><a href=\"https:\/\/staging.pecb.com\/fr\/about\/violation-of-pecb-brand-and-fraud-reporting-policy\">Violation de la marque PECB et de signalement des cas de fraude<\/a><\/li><\/ul><\/p>\t\t\t\t\t\t\t\t<\/div>\n\t\t\t\t\t<\/div>\n\t\t\t\t<\/div>\n\t\t<div class=\"elementor-element elementor-element-1b40fa5e e-flex e-con-boxed e-con e-parent\" data-id=\"1b40fa5e\" data-element_type=\"container\" data-e-type=\"container\">\n\t\t\t\t\t<div class=\"e-con-inner\">\n\t\t\t\t<div class=\"elementor-element elementor-element-570feaac elementor-widget elementor-widget-text-editor\" data-id=\"570feaac\" data-element_type=\"widget\" data-e-type=\"widget\" data-widget_type=\"text-editor.default\">\n\t\t\t\t\t\t\t\t\t<div>PECB entend bien et est pleinement conscient de l\u2019importance de la gestion de l\u2019impartialit\u00e9 dans la r\u00e9alisation des activit\u00e9s de certification. Nous avons document\u00e9 les structures, les politiques et les proc\u00e9dures pour g\u00e9rer cette impartialit\u00e9 et pour assurer que les activit\u00e9s de certification soient effectu\u00e9es de fa\u00e7on totalement impartiale. Par ailleurs, la direction de PECB s\u2019engage pleinement envers l\u2019impartialit\u00e9 dans ses activit\u00e9s de certification.<\/div><div>\u00a0<\/div><div>Nous analysons, documentons et \u00e9liminons tout conflit d\u2019int\u00e9r\u00eats potentiel qui surgirait de nos activit\u00e9s de certification qui sont structur\u00e9es et g\u00e9r\u00e9es de mani\u00e8re \u00e0 assurer par nature cette impartialit\u00e9.<\/div><div>Notre objectif est d\u2019inspirer confiance et de prouver celle-ci \u00e0 travers l\u2019ensemble de nos services de certification.<\/div>\t\t\t\t\t\t\t\t<\/div>\n\t\t\t\t\t<\/div>\n\t\t\t\t<\/div>\n\t\t\t\t<\/div>\n\t\t","protected":false},"excerpt":{"rendered":"<p>D\u00e9claration d\u2019impartialit\u00e9 PECB entend bien et est pleinement conscient de l\u2019importance de la gestion de l\u2019impartialit\u00e9 dans la r\u00e9alisation des activit\u00e9s de certification. Nous avons document\u00e9 les structures, les politiques et les proc\u00e9dures pour g\u00e9rer cette impartialit\u00e9 et pour assurer que les activit\u00e9s de certification soient effectu\u00e9es de fa\u00e7on totalement impartiale. Par ailleurs, la direction [&hellip;]<\/p>\n","protected":false},"author":2,"featured_media":0,"parent":25360,"menu_order":0,"comment_status":"closed","ping_status":"closed","template":"","meta":{"_acf_changed":false,"content-type":"","footnotes":""},"class_list":["post-26715","page","type-page","status-publish","hentry"],"acf":[],"yoast_head":"<!-- This site is optimized with the Yoast SEO plugin v26.9 - https:\/\/yoast.com\/product\/yoast-seo-wordpress\/ -->\n<title>D\u00e9claration d\u2019impartialit\u00e9 - PECB<\/title>\n<meta name=\"robots\" content=\"index, follow, max-snippet:-1, max-image-preview:large, max-video-preview:-1\" \/>\n<link rel=\"canonical\" href=\"https:\/\/staging.pecb.com\/fr\/about\/statement-of-impartiality\" \/>\n<meta property=\"og:locale\" content=\"fr_FR\" \/>\n<meta property=\"og:type\" content=\"article\" \/>\n<meta property=\"og:title\" content=\"D\u00e9claration d\u2019impartialit\u00e9 - PECB\" \/>\n<meta property=\"og:description\" content=\"D\u00e9claration d\u2019impartialit\u00e9 PECB entend bien et est pleinement conscient de l\u2019importance de la gestion de l\u2019impartialit\u00e9 dans la r\u00e9alisation des activit\u00e9s de certification. Nous avons document\u00e9 les structures, les politiques et les proc\u00e9dures pour g\u00e9rer cette impartialit\u00e9 et pour assurer que les activit\u00e9s de certification soient effectu\u00e9es de fa\u00e7on totalement impartiale. Par ailleurs, la direction [&hellip;]\" \/>\n<meta property=\"og:url\" content=\"https:\/\/staging.pecb.com\/fr\/about\/statement-of-impartiality\" \/>\n<meta property=\"og:site_name\" content=\"PECB\" \/>\n<meta property=\"article:publisher\" content=\"https:\/\/www.facebook.com\/PECBInternational\/\" \/>\n<meta property=\"article:modified_time\" content=\"2025-11-20T09:43:30+00:00\" \/>\n<meta name=\"twitter:card\" content=\"summary_large_image\" \/>\n<meta name=\"twitter:site\" content=\"@PECB\" \/>\n<meta name=\"twitter:label1\" content=\"Dur\u00e9e de lecture estim\u00e9e\" \/>\n\t<meta name=\"twitter:data1\" content=\"1 minute\" \/>\n<script type=\"application\/ld+json\" class=\"yoast-schema-graph\">{\"@context\":\"https:\/\/schema.org\",\"@graph\":[{\"@type\":\"WebPage\",\"@id\":\"https:\/\/staging.pecb.com\/fr\/about\/statement-of-impartiality\",\"url\":\"https:\/\/staging.pecb.com\/fr\/about\/statement-of-impartiality\",\"name\":\"D\u00e9claration d\u2019impartialit\u00e9 - PECB\",\"isPartOf\":{\"@id\":\"https:\/\/staging.pecb.com\/fr#website\"},\"datePublished\":\"2025-07-18T05:39:22+00:00\",\"dateModified\":\"2025-11-20T09:43:30+00:00\",\"breadcrumb\":{\"@id\":\"https:\/\/staging.pecb.com\/fr\/about\/statement-of-impartiality#breadcrumb\"},\"inLanguage\":\"fr-FR\",\"potentialAction\":[{\"@type\":\"ReadAction\",\"target\":[\"https:\/\/staging.pecb.com\/fr\/about\/statement-of-impartiality\"]}]},{\"@type\":\"BreadcrumbList\",\"@id\":\"https:\/\/staging.pecb.com\/fr\/about\/statement-of-impartiality#breadcrumb\",\"itemListElement\":[{\"@type\":\"ListItem\",\"position\":1,\"name\":\"Home\",\"item\":\"https:\/\/staging.pecb.com\/fr\"},{\"@type\":\"ListItem\",\"position\":2,\"name\":\"\u00c0 propos\",\"item\":\"https:\/\/staging.pecb.com\/fr\/about\"},{\"@type\":\"ListItem\",\"position\":3,\"name\":\"D\u00e9claration d\u2019impartialit\u00e9\"}]},{\"@type\":\"WebSite\",\"@id\":\"https:\/\/staging.pecb.com\/fr#website\",\"url\":\"https:\/\/staging.pecb.com\/fr\",\"name\":\"PECB\",\"description\":\"\",\"publisher\":{\"@id\":\"https:\/\/staging.pecb.com\/fr#organization\"},\"potentialAction\":[{\"@type\":\"SearchAction\",\"target\":{\"@type\":\"EntryPoint\",\"urlTemplate\":\"https:\/\/staging.pecb.com\/fr?s={search_term_string}\"},\"query-input\":{\"@type\":\"PropertyValueSpecification\",\"valueRequired\":true,\"valueName\":\"search_term_string\"}}],\"inLanguage\":\"fr-FR\"},{\"@type\":\"Organization\",\"@id\":\"https:\/\/staging.pecb.com\/fr#organization\",\"name\":\"PECB\",\"url\":\"https:\/\/staging.pecb.com\/fr\",\"logo\":{\"@type\":\"ImageObject\",\"inLanguage\":\"fr-FR\",\"@id\":\"https:\/\/staging.pecb.com\/fr#\/schema\/logo\/image\/\",\"url\":\"https:\/\/staging.pecb.com\/wp-content\/uploads\/2025\/05\/Clip-path-group.svg\",\"contentUrl\":\"https:\/\/staging.pecb.com\/wp-content\/uploads\/2025\/05\/Clip-path-group.svg\",\"width\":96,\"height\":26,\"caption\":\"PECB\"},\"image\":{\"@id\":\"https:\/\/staging.pecb.com\/fr#\/schema\/logo\/image\/\"},\"sameAs\":[\"https:\/\/www.facebook.com\/PECBInternational\/\",\"https:\/\/x.com\/PECB\",\"https:\/\/www.linkedin.com\/company\/pecb\",\"https:\/\/www.youtube.com\/channel\/UCQPfrnIUa7Q0oBRyT8l5eTg\",\"https:\/\/www.instagram.com\/pecb.official\/\"]}]}<\/script>\n<!-- \/ Yoast SEO plugin. -->","yoast_head_json":{"title":"D\u00e9claration d\u2019impartialit\u00e9 - PECB","robots":{"index":"index","follow":"follow","max-snippet":"max-snippet:-1","max-image-preview":"max-image-preview:large","max-video-preview":"max-video-preview:-1"},"canonical":"https:\/\/staging.pecb.com\/fr\/about\/statement-of-impartiality","og_locale":"fr_FR","og_type":"article","og_title":"D\u00e9claration d\u2019impartialit\u00e9 - PECB","og_description":"D\u00e9claration d\u2019impartialit\u00e9 PECB entend bien et est pleinement conscient de l\u2019importance de la gestion de l\u2019impartialit\u00e9 dans la r\u00e9alisation des activit\u00e9s de certification. Nous avons document\u00e9 les structures, les politiques et les proc\u00e9dures pour g\u00e9rer cette impartialit\u00e9 et pour assurer que les activit\u00e9s de certification soient effectu\u00e9es de fa\u00e7on totalement impartiale. Par ailleurs, la direction [&hellip;]","og_url":"https:\/\/staging.pecb.com\/fr\/about\/statement-of-impartiality","og_site_name":"PECB","article_publisher":"https:\/\/www.facebook.com\/PECBInternational\/","article_modified_time":"2025-11-20T09:43:30+00:00","twitter_card":"summary_large_image","twitter_site":"@PECB","twitter_misc":{"Dur\u00e9e de lecture estim\u00e9e":"1 minute"},"schema":{"@context":"https:\/\/schema.org","@graph":[{"@type":"WebPage","@id":"https:\/\/staging.pecb.com\/fr\/about\/statement-of-impartiality","url":"https:\/\/staging.pecb.com\/fr\/about\/statement-of-impartiality","name":"D\u00e9claration d\u2019impartialit\u00e9 - PECB","isPartOf":{"@id":"https:\/\/staging.pecb.com\/fr#website"},"datePublished":"2025-07-18T05:39:22+00:00","dateModified":"2025-11-20T09:43:30+00:00","breadcrumb":{"@id":"https:\/\/staging.pecb.com\/fr\/about\/statement-of-impartiality#breadcrumb"},"inLanguage":"fr-FR","potentialAction":[{"@type":"ReadAction","target":["https:\/\/staging.pecb.com\/fr\/about\/statement-of-impartiality"]}]},{"@type":"BreadcrumbList","@id":"https:\/\/staging.pecb.com\/fr\/about\/statement-of-impartiality#breadcrumb","itemListElement":[{"@type":"ListItem","position":1,"name":"Home","item":"https:\/\/staging.pecb.com\/fr"},{"@type":"ListItem","position":2,"name":"\u00c0 propos","item":"https:\/\/staging.pecb.com\/fr\/about"},{"@type":"ListItem","position":3,"name":"D\u00e9claration d\u2019impartialit\u00e9"}]},{"@type":"WebSite","@id":"https:\/\/staging.pecb.com\/fr#website","url":"https:\/\/staging.pecb.com\/fr","name":"PECB","description":"","publisher":{"@id":"https:\/\/staging.pecb.com\/fr#organization"},"potentialAction":[{"@type":"SearchAction","target":{"@type":"EntryPoint","urlTemplate":"https:\/\/staging.pecb.com\/fr?s={search_term_string}"},"query-input":{"@type":"PropertyValueSpecification","valueRequired":true,"valueName":"search_term_string"}}],"inLanguage":"fr-FR"},{"@type":"Organization","@id":"https:\/\/staging.pecb.com\/fr#organization","name":"PECB","url":"https:\/\/staging.pecb.com\/fr","logo":{"@type":"ImageObject","inLanguage":"fr-FR","@id":"https:\/\/staging.pecb.com\/fr#\/schema\/logo\/image\/","url":"https:\/\/staging.pecb.com\/wp-content\/uploads\/2025\/05\/Clip-path-group.svg","contentUrl":"https:\/\/staging.pecb.com\/wp-content\/uploads\/2025\/05\/Clip-path-group.svg","width":96,"height":26,"caption":"PECB"},"image":{"@id":"https:\/\/staging.pecb.com\/fr#\/schema\/logo\/image\/"},"sameAs":["https:\/\/www.facebook.com\/PECBInternational\/","https:\/\/x.com\/PECB","https:\/\/www.linkedin.com\/company\/pecb","https:\/\/www.youtube.com\/channel\/UCQPfrnIUa7Q0oBRyT8l5eTg","https:\/\/www.instagram.com\/pecb.official\/"]}]}},"_links":{"self":[{"href":"https:\/\/staging.pecb.com\/fr\/wp-json\/wp\/v2\/pages\/26715","targetHints":{"allow":["GET"]}}],"collection":[{"href":"https:\/\/staging.pecb.com\/fr\/wp-json\/wp\/v2\/pages"}],"about":[{"href":"https:\/\/staging.pecb.com\/fr\/wp-json\/wp\/v2\/types\/page"}],"author":[{"embeddable":true,"href":"https:\/\/staging.pecb.com\/fr\/wp-json\/wp\/v2\/users\/2"}],"replies":[{"embeddable":true,"href":"https:\/\/staging.pecb.com\/fr\/wp-json\/wp\/v2\/comments?post=26715"}],"version-history":[{"count":0,"href":"https:\/\/staging.pecb.com\/fr\/wp-json\/wp\/v2\/pages\/26715\/revisions"}],"up":[{"embeddable":true,"href":"https:\/\/staging.pecb.com\/fr\/wp-json\/wp\/v2\/pages\/25360"}],"wp:attachment":[{"href":"https:\/\/staging.pecb.com\/fr\/wp-json\/wp\/v2\/media?parent=26715"}],"curies":[{"name":"wp","href":"https:\/\/api.w.org\/{rel}","templated":true}]}}