{"id":26708,"date":"2025-07-18T05:47:44","date_gmt":"2025-07-18T05:47:44","guid":{"rendered":"https:\/\/pecb.com\/about\/pecb-quality-and-information-security-policies"},"modified":"2025-11-20T09:35:36","modified_gmt":"2025-11-20T08:35:36","slug":"pecb-quality-and-information-security-policies","status":"publish","type":"page","link":"https:\/\/staging.pecb.com\/fr\/about\/pecb-quality-and-information-security-policies","title":{"rendered":"Politiques de qualit\u00e9 et de s\u00e9curit\u00e9 de l\u2019information"},"content":{"rendered":"\t\t<div data-elementor-type=\"wp-page\" data-elementor-id=\"26708\" class=\"elementor elementor-26708 elementor-15875\" data-elementor-post-type=\"page\">\n\t\t\t\t<div class=\"elementor-element elementor-element-3c805e1a e-flex e-con-boxed e-con e-parent\" data-id=\"3c805e1a\" data-element_type=\"container\" data-e-type=\"container\" data-settings=\"{&quot;background_background&quot;:&quot;classic&quot;}\">\n\t\t\t\t\t<div class=\"e-con-inner\">\n\t\t\t\t<div class=\"elementor-element elementor-element-1363f37b elementor-widget elementor-widget-heading\" data-id=\"1363f37b\" data-element_type=\"widget\" data-e-type=\"widget\" data-widget_type=\"heading.default\">\n\t\t\t\t\t<h1 class=\"elementor-heading-title elementor-size-default\">Politiques de qualit\u00e9 et de s\u00e9curit\u00e9 de l\u2019information\n<\/h1>\t\t\t\t<\/div>\n\t\t\t\t\t<\/div>\n\t\t\t\t<\/div>\n\t\t<div class=\"elementor-element elementor-element-aff0275 e-flex e-con-boxed e-con e-parent\" data-id=\"aff0275\" data-element_type=\"container\" data-e-type=\"container\" data-settings=\"{&quot;background_background&quot;:&quot;classic&quot;}\">\n\t\t\t\t\t<div class=\"e-con-inner\">\n\t\t\t\t<div class=\"elementor-element elementor-element-9230aef elementor-widget elementor-widget-text-editor\" data-id=\"9230aef\" data-element_type=\"widget\" data-e-type=\"widget\" data-widget_type=\"text-editor.default\">\n\t\t\t\t\t\t\t\t\t<p dir=\"auto\">\n        <style>\n            .child-pages {\n                display: flex;\n                flex-wrap: wrap;\n                justify-content: center;\n                gap: 8px;\n                width: fit-content;\n                margin: 0 auto;\n                 padding:10px;\n            }\n            .child-pages li {\n                display: flex;\n                padding: 8px 16px;\n                flex-direction: column;\n                align-items: center;\n                border-radius: 4px;\n                background: #FFF;\n                list-style: none;\n            }\n            .child-pages li.active {\n                background: #CBD5E1;\n            }\n            .child-pages li a {\n                color: #000;\n                text-align: center;\n                font-family: Parabolica, sans-serif;\n                font-size: 14px;\n                font-style: normal;\n                font-weight: 400;\n                line-height: normal;\n                text-decoration: none;\n            }\n            .child-pages li a:hover {\n                text-decoration: underline;\n            }\n        <\/style>\n    <ul class=\"child-pages\"><li class=\"\"><a href=\"https:\/\/staging.pecb.com\/en\/about\">About<\/a><\/li><li class=\"\"><a href=\"https:\/\/staging.pecb.com\/fr\/about\/accreditations-and-affiliations\">Accr\u00e9ditations et Affiliations<\/a><\/li><li class=\"\"><a href=\"https:\/\/staging.pecb.com\/fr\/about\/code-of-ethics\">Code de d\u00e9ontologie<\/a><\/li><li class=\"\"><a href=\"https:\/\/staging.pecb.com\/fr\/about\/digital-trust\">Confiance num\u00e9rique : Construire un avenir s\u00fbr<\/a><\/li><li class=\"\"><a href=\"https:\/\/staging.pecb.com\/fr\/about\/statement-of-impartiality\">D\u00e9claration d\u2019impartialit\u00e9<\/a><\/li><li class=\"\"><a href=\"https:\/\/staging.pecb.com\/fr\/about\/gdpr-privacy-statement\">D\u00e9claration de protection de la vie priv\u00e9e RGPD<\/a><\/li><li class=\"\"><a href=\"https:\/\/staging.pecb.com\/fr\/about\/team\">PECB Management<\/a><\/li><li class=\"\"><a href=\"https:\/\/staging.pecb.com\/fr\/about\/pecb-code-of-ethics-violation-policy\">Politique Applicable en cas de Violation du Code de D\u00e9ontologie de PECB<\/a><\/li><li class=\"\"><a href=\"https:\/\/staging.pecb.com\/fr\/about\/certification-mark-use-policy\">Politique d\u2019utilisation de la marque<\/a><\/li><li class=\"\"><a href=\"https:\/\/staging.pecb.com\/fr\/about\/pecb-policy-regarding-canadian-and-international-economic-sanctions-and-the-countries-impacted\">Politique de PECB relative aux sanctions \u00e9conomiques canadiennes et internationales et aux pays concern\u00e9s<\/a><\/li><li class=\"\"><a href=\"https:\/\/staging.pecb.com\/fr\/about\/pecb-refund-policy\">Politique de remboursement<\/a><\/li><li class=\"\"><a href=\"https:\/\/staging.pecb.com\/fr\/about\/complaint-and-appeal-policy\">Politique en mati\u00e8re de plainte et d\u2019appel<\/a><\/li><li class=\"\"><a href=\"https:\/\/staging.pecb.com\/fr\/about\/behavior-policy\">Politique relative aux comportements<\/a><\/li><li class=\"\"><a href=\"https:\/\/staging.pecb.com\/fr\/about\/pecb-quality-and-information-security-policies\">Politiques de qualit\u00e9 et de s\u00e9curit\u00e9 de l\u2019information<\/a><\/li><li class=\"\"><a href=\"https:\/\/staging.pecb.com\/fr\/about\/pecb-certification-process\">Processus de certification<\/a><\/li><li class=\"\"><a href=\"https:\/\/staging.pecb.com\/fr\/about\/values-of-pecb-certification\">Valeur de la certification PECB<\/a><\/li><li class=\"\"><a href=\"https:\/\/staging.pecb.com\/fr\/about\/violation-of-pecb-brand-and-fraud-reporting-policy\">Violation de la marque PECB et de signalement des cas de fraude<\/a><\/li><\/ul><\/p>\t\t\t\t\t\t\t\t<\/div>\n\t\t\t\t\t<\/div>\n\t\t\t\t<\/div>\n\t\t<div class=\"elementor-element elementor-element-46c1d9dd e-flex e-con-boxed e-con e-parent\" data-id=\"46c1d9dd\" data-element_type=\"container\" data-e-type=\"container\">\n\t\t\t\t\t<div class=\"e-con-inner\">\n\t\t\t\t<div class=\"elementor-element elementor-element-440d07a1 elementor-widget elementor-widget-text-editor\" data-id=\"440d07a1\" data-element_type=\"widget\" data-e-type=\"widget\" data-widget_type=\"text-editor.default\">\n\t\t\t\t\t\t\t\t\t<h2><strong>Politique qualit\u00e9<\/strong><\/h2><h3><strong>La politique de notre organisation est de\u00a0:<\/strong><\/h3><ol><li>D\u00e9finir et satisfaire les exigences de nos clients.<\/li><li>S\u2019assurer que nos politiques et nos proc\u00e9dures sont claires et concises afin de refl\u00e9ter ce que nous faisons r\u00e9ellement.<\/li><li>Surveiller les indicateurs de performance et apporter les modifications ou ajustements n\u00e9cessaires, le cas \u00e9ch\u00e9ant, pouvant affecter les programmes de la client\u00e8le, la satisfaction de la client\u00e8le, le syst\u00e8me de management de la qualit\u00e9 et \/ ou des entit\u00e9s reli\u00e9es.<\/li><li>Sensibiliser les employ\u00e9s au sujet de \u00a0l\u2019impact de leurs t\u00e2ches sur la satisfaction client.<\/li><li>Assurer une communication interne et une communication client plus efficace.<\/li><li>Encourager une approche d\u2019\u00e9quipe de la r\u00e9solution des probl\u00e8mes et de l\u2019action pr\u00e9ventive en responsabilisant les employ\u00e9s de mani\u00e8re \u00e0 ce qu\u2019ils soient des repr\u00e9sentants de qualit\u00e9.<\/li><li>Inscrire le Syst\u00e8me de Management de la Qualit\u00e9 de l&rsquo;organisation dans la culture et les pratiques quotidiennes de l\u2019entreprise comme un engagement de long-terme en faveur de la qualit\u00e9, l&rsquo;am\u00e9lioration continue et la satisfaction du client.<\/li><li>Satisfaire et \/ ou d\u00e9passer les attentes de nos clients par l&rsquo;am\u00e9lioration continue.<\/li><li>S\u2019assurer que la direction de l&rsquo;organisation se r\u00e9unit r\u00e9guli\u00e8rement avec le responsable du management de la qualit\u00e9 pour examiner et assurer l&rsquo;efficacit\u00e9 du syst\u00e8me de management de la qualit\u00e9.<\/li><\/ol><h2><strong>La politique de la s\u00e9curit\u00e9 d\u2019information<\/strong><\/h2><h3><strong>La politique en r\u00e9sum\u00e9<\/strong><\/h3><ul><li><p>L\u2019information doit toujours \u00eatre prot\u00e9g\u00e9e, quelle que soit la mani\u00e8re dont elle est cr\u00e9\u00e9e, partag\u00e9e, communiqu\u00e9e ou stock\u00e9e.<\/p><\/li><\/ul><h3><strong>Introduction<\/strong><\/h3><ul><li>L\u2019information peut exister sous plusieurs formes. Elle peut \u00eatre imprim\u00e9e ou \u00e9crite sur papier, stock\u00e9e \u00e9lectroniquement, transmise par la poste ou par des moyens \u00e9lectroniques, montr\u00e9e dans des supports vid\u00e9os ou parl\u00e9e dans une conversation.<\/li><li>La s\u00e9curit\u00e9 de l\u2019information est d\u00e9finie comme la protection de l\u2019information d\u2019un large \u00e9ventail de menaces afin d\u2019assurer la continuit\u00e9 des activit\u00e9s, minimiser les risques de l\u2019activit\u00e9 et optimiser les retours sur investissements et les opportunit\u00e9s d\u2019affaires. \u00a0\u00a0<\/li><\/ul><h3><strong>Domaine d\u2019application\u00a0<\/strong><\/h3><ul><li><p>Cette politique s\u2019applique \u00e0 l\u2019ensemble des d\u00e9partements de l\u2019organisation.<\/p><\/li><\/ul><h3><strong>Objectifs de la s\u00e9curit\u00e9 de l\u2019information<\/strong><\/h3><ul><li>Les risques strat\u00e9giques et op\u00e9rationnels pour la s\u00e9curit\u00e9 de l&rsquo;information sont compris et trait\u00e9s pour \u00eatre r\u00e9duits \u00e0 un niveau acceptable pour l\u2019organisation.<\/li><li>La confidentialit\u00e9, l&rsquo;int\u00e9grit\u00e9 et la disponibilit\u00e9 des informations sur les clients, le d\u00e9veloppement de produits et toute autre information confidentielle sont assur\u00e9s.<\/li><\/ul><h3><strong>Principes de la s\u00e9curit\u00e9 de l\u2019information<\/strong><\/h3><ul><li>Cette organisation encourage la prise de risque et tol\u00e8re les risques \u00e0 condition que les risques d\u2019atteinte \u00e0 la s\u00e9curit\u00e9 de l\u2019information\u00a0 soient compris, surveill\u00e9s et trait\u00e9s si n\u00e9cessaire.<\/li><li>Tous les employ\u00e9s seront inform\u00e9s consciencieusement et tenus responsables des questions de s\u00e9curit\u00e9 de l&rsquo;information relatives \u00e0 leur poste.<\/li><li>Des dispositions seront prises pour le financement des mesures de ma\u00eetrise de la s\u00e9curit\u00e9 de l&rsquo;information lors des processus op\u00e9rationnels et de gestion\u00a0 de projet.<\/li><li>Les risques pour la s\u00e9curit\u00e9 de l&rsquo;information seront surveill\u00e9s et des mesures seront prises lorsque des changements de l\u2019environnement se traduisent par des risques qui sont jug\u00e9s inacceptables.<\/li><li>Les situations qui pourraient mettre l&rsquo;organisation en position de violation des lois et des r\u00e8glements statutaires ne seront pas tol\u00e9r\u00e9es.<\/li><\/ul><h3><strong>Responsabilit\u00e9s<\/strong><\/h3><ul><li>La direction doit veiller \u00e0 ce que la s\u00e9curit\u00e9 de l&rsquo;information soit ad\u00e9quatement prise en compte dans toute l&rsquo;organisation.\u00a0 La direction doit proc\u00e9der \u00e0 un r\u00e9examen annuel de cette politique, ou quand cela est n\u00e9cessaire lorsque des changements importants se produisent dans l&rsquo;organisation et rapporter ce r\u00e9examen.<\/li><li>Chaque responsable d&rsquo;\u00e9quipe doit s&rsquo;assurer que les personnes qui travaillent sous son autorit\u00e9 prot\u00e8gent l&rsquo;information conform\u00e9ment aux exigences de l&rsquo;organisation.<\/li><li>Chaque membre du personnel a des responsabilit\u00e9s en mati\u00e8re de s\u00e9curit\u00e9 de l&rsquo;information dans le cadre des fonctions attribu\u00e9es \u00e0 son poste.<\/li><\/ul>\t\t\t\t\t\t\t\t<\/div>\n\t\t\t\t\t<\/div>\n\t\t\t\t<\/div>\n\t\t\t\t<\/div>\n\t\t","protected":false},"excerpt":{"rendered":"<p>Politiques de qualit\u00e9 et de s\u00e9curit\u00e9 de l\u2019information Politique qualit\u00e9 La politique de notre organisation est de\u00a0: D\u00e9finir et satisfaire les exigences de nos clients. S\u2019assurer que nos politiques et nos proc\u00e9dures sont claires et concises afin de refl\u00e9ter ce que nous faisons r\u00e9ellement. Surveiller les indicateurs de performance et apporter les modifications ou ajustements [&hellip;]<\/p>\n","protected":false},"author":2,"featured_media":0,"parent":25360,"menu_order":0,"comment_status":"closed","ping_status":"closed","template":"","meta":{"_acf_changed":false,"content-type":"","footnotes":""},"class_list":["post-26708","page","type-page","status-publish","hentry"],"acf":[],"yoast_head":"<!-- This site is optimized with the Yoast SEO plugin v26.9 - https:\/\/yoast.com\/product\/yoast-seo-wordpress\/ -->\n<title>Politiques de qualit\u00e9 et de s\u00e9curit\u00e9 de l\u2019information - PECB<\/title>\n<meta name=\"robots\" content=\"index, follow, max-snippet:-1, max-image-preview:large, max-video-preview:-1\" \/>\n<link rel=\"canonical\" href=\"https:\/\/staging.pecb.com\/fr\/about\/pecb-quality-and-information-security-policies\" \/>\n<meta property=\"og:locale\" content=\"fr_FR\" \/>\n<meta property=\"og:type\" content=\"article\" \/>\n<meta property=\"og:title\" content=\"Politiques de qualit\u00e9 et de s\u00e9curit\u00e9 de l\u2019information - PECB\" \/>\n<meta property=\"og:description\" content=\"Politiques de qualit\u00e9 et de s\u00e9curit\u00e9 de l\u2019information Politique qualit\u00e9 La politique de notre organisation est de\u00a0: D\u00e9finir et satisfaire les exigences de nos clients. S\u2019assurer que nos politiques et nos proc\u00e9dures sont claires et concises afin de refl\u00e9ter ce que nous faisons r\u00e9ellement. Surveiller les indicateurs de performance et apporter les modifications ou ajustements [&hellip;]\" \/>\n<meta property=\"og:url\" content=\"https:\/\/staging.pecb.com\/fr\/about\/pecb-quality-and-information-security-policies\" \/>\n<meta property=\"og:site_name\" content=\"PECB\" \/>\n<meta property=\"article:publisher\" content=\"https:\/\/www.facebook.com\/PECBInternational\/\" \/>\n<meta property=\"article:modified_time\" content=\"2025-11-20T08:35:36+00:00\" \/>\n<meta name=\"twitter:card\" content=\"summary_large_image\" \/>\n<meta name=\"twitter:site\" content=\"@PECB\" \/>\n<meta name=\"twitter:label1\" content=\"Dur\u00e9e de lecture estim\u00e9e\" \/>\n\t<meta name=\"twitter:data1\" content=\"4 minutes\" \/>\n<script type=\"application\/ld+json\" class=\"yoast-schema-graph\">{\"@context\":\"https:\/\/schema.org\",\"@graph\":[{\"@type\":\"WebPage\",\"@id\":\"https:\/\/staging.pecb.com\/fr\/about\/pecb-quality-and-information-security-policies\",\"url\":\"https:\/\/staging.pecb.com\/fr\/about\/pecb-quality-and-information-security-policies\",\"name\":\"Politiques de qualit\u00e9 et de s\u00e9curit\u00e9 de l\u2019information - PECB\",\"isPartOf\":{\"@id\":\"https:\/\/staging.pecb.com\/fr#website\"},\"datePublished\":\"2025-07-18T05:47:44+00:00\",\"dateModified\":\"2025-11-20T08:35:36+00:00\",\"breadcrumb\":{\"@id\":\"https:\/\/staging.pecb.com\/fr\/about\/pecb-quality-and-information-security-policies#breadcrumb\"},\"inLanguage\":\"fr-FR\",\"potentialAction\":[{\"@type\":\"ReadAction\",\"target\":[\"https:\/\/staging.pecb.com\/fr\/about\/pecb-quality-and-information-security-policies\"]}]},{\"@type\":\"BreadcrumbList\",\"@id\":\"https:\/\/staging.pecb.com\/fr\/about\/pecb-quality-and-information-security-policies#breadcrumb\",\"itemListElement\":[{\"@type\":\"ListItem\",\"position\":1,\"name\":\"Home\",\"item\":\"https:\/\/staging.pecb.com\/fr\"},{\"@type\":\"ListItem\",\"position\":2,\"name\":\"\u00c0 propos\",\"item\":\"https:\/\/staging.pecb.com\/fr\/about\"},{\"@type\":\"ListItem\",\"position\":3,\"name\":\"Politiques de qualit\u00e9 et de s\u00e9curit\u00e9 de l\u2019information\"}]},{\"@type\":\"WebSite\",\"@id\":\"https:\/\/staging.pecb.com\/fr#website\",\"url\":\"https:\/\/staging.pecb.com\/fr\",\"name\":\"PECB\",\"description\":\"\",\"publisher\":{\"@id\":\"https:\/\/staging.pecb.com\/fr#organization\"},\"potentialAction\":[{\"@type\":\"SearchAction\",\"target\":{\"@type\":\"EntryPoint\",\"urlTemplate\":\"https:\/\/staging.pecb.com\/fr?s={search_term_string}\"},\"query-input\":{\"@type\":\"PropertyValueSpecification\",\"valueRequired\":true,\"valueName\":\"search_term_string\"}}],\"inLanguage\":\"fr-FR\"},{\"@type\":\"Organization\",\"@id\":\"https:\/\/staging.pecb.com\/fr#organization\",\"name\":\"PECB\",\"url\":\"https:\/\/staging.pecb.com\/fr\",\"logo\":{\"@type\":\"ImageObject\",\"inLanguage\":\"fr-FR\",\"@id\":\"https:\/\/staging.pecb.com\/fr#\/schema\/logo\/image\/\",\"url\":\"https:\/\/staging.pecb.com\/wp-content\/uploads\/2025\/05\/Clip-path-group.svg\",\"contentUrl\":\"https:\/\/staging.pecb.com\/wp-content\/uploads\/2025\/05\/Clip-path-group.svg\",\"width\":96,\"height\":26,\"caption\":\"PECB\"},\"image\":{\"@id\":\"https:\/\/staging.pecb.com\/fr#\/schema\/logo\/image\/\"},\"sameAs\":[\"https:\/\/www.facebook.com\/PECBInternational\/\",\"https:\/\/x.com\/PECB\",\"https:\/\/www.linkedin.com\/company\/pecb\",\"https:\/\/www.youtube.com\/channel\/UCQPfrnIUa7Q0oBRyT8l5eTg\",\"https:\/\/www.instagram.com\/pecb.official\/\"]}]}<\/script>\n<!-- \/ Yoast SEO plugin. -->","yoast_head_json":{"title":"Politiques de qualit\u00e9 et de s\u00e9curit\u00e9 de l\u2019information - PECB","robots":{"index":"index","follow":"follow","max-snippet":"max-snippet:-1","max-image-preview":"max-image-preview:large","max-video-preview":"max-video-preview:-1"},"canonical":"https:\/\/staging.pecb.com\/fr\/about\/pecb-quality-and-information-security-policies","og_locale":"fr_FR","og_type":"article","og_title":"Politiques de qualit\u00e9 et de s\u00e9curit\u00e9 de l\u2019information - PECB","og_description":"Politiques de qualit\u00e9 et de s\u00e9curit\u00e9 de l\u2019information Politique qualit\u00e9 La politique de notre organisation est de\u00a0: D\u00e9finir et satisfaire les exigences de nos clients. S\u2019assurer que nos politiques et nos proc\u00e9dures sont claires et concises afin de refl\u00e9ter ce que nous faisons r\u00e9ellement. Surveiller les indicateurs de performance et apporter les modifications ou ajustements [&hellip;]","og_url":"https:\/\/staging.pecb.com\/fr\/about\/pecb-quality-and-information-security-policies","og_site_name":"PECB","article_publisher":"https:\/\/www.facebook.com\/PECBInternational\/","article_modified_time":"2025-11-20T08:35:36+00:00","twitter_card":"summary_large_image","twitter_site":"@PECB","twitter_misc":{"Dur\u00e9e de lecture estim\u00e9e":"4 minutes"},"schema":{"@context":"https:\/\/schema.org","@graph":[{"@type":"WebPage","@id":"https:\/\/staging.pecb.com\/fr\/about\/pecb-quality-and-information-security-policies","url":"https:\/\/staging.pecb.com\/fr\/about\/pecb-quality-and-information-security-policies","name":"Politiques de qualit\u00e9 et de s\u00e9curit\u00e9 de l\u2019information - PECB","isPartOf":{"@id":"https:\/\/staging.pecb.com\/fr#website"},"datePublished":"2025-07-18T05:47:44+00:00","dateModified":"2025-11-20T08:35:36+00:00","breadcrumb":{"@id":"https:\/\/staging.pecb.com\/fr\/about\/pecb-quality-and-information-security-policies#breadcrumb"},"inLanguage":"fr-FR","potentialAction":[{"@type":"ReadAction","target":["https:\/\/staging.pecb.com\/fr\/about\/pecb-quality-and-information-security-policies"]}]},{"@type":"BreadcrumbList","@id":"https:\/\/staging.pecb.com\/fr\/about\/pecb-quality-and-information-security-policies#breadcrumb","itemListElement":[{"@type":"ListItem","position":1,"name":"Home","item":"https:\/\/staging.pecb.com\/fr"},{"@type":"ListItem","position":2,"name":"\u00c0 propos","item":"https:\/\/staging.pecb.com\/fr\/about"},{"@type":"ListItem","position":3,"name":"Politiques de qualit\u00e9 et de s\u00e9curit\u00e9 de l\u2019information"}]},{"@type":"WebSite","@id":"https:\/\/staging.pecb.com\/fr#website","url":"https:\/\/staging.pecb.com\/fr","name":"PECB","description":"","publisher":{"@id":"https:\/\/staging.pecb.com\/fr#organization"},"potentialAction":[{"@type":"SearchAction","target":{"@type":"EntryPoint","urlTemplate":"https:\/\/staging.pecb.com\/fr?s={search_term_string}"},"query-input":{"@type":"PropertyValueSpecification","valueRequired":true,"valueName":"search_term_string"}}],"inLanguage":"fr-FR"},{"@type":"Organization","@id":"https:\/\/staging.pecb.com\/fr#organization","name":"PECB","url":"https:\/\/staging.pecb.com\/fr","logo":{"@type":"ImageObject","inLanguage":"fr-FR","@id":"https:\/\/staging.pecb.com\/fr#\/schema\/logo\/image\/","url":"https:\/\/staging.pecb.com\/wp-content\/uploads\/2025\/05\/Clip-path-group.svg","contentUrl":"https:\/\/staging.pecb.com\/wp-content\/uploads\/2025\/05\/Clip-path-group.svg","width":96,"height":26,"caption":"PECB"},"image":{"@id":"https:\/\/staging.pecb.com\/fr#\/schema\/logo\/image\/"},"sameAs":["https:\/\/www.facebook.com\/PECBInternational\/","https:\/\/x.com\/PECB","https:\/\/www.linkedin.com\/company\/pecb","https:\/\/www.youtube.com\/channel\/UCQPfrnIUa7Q0oBRyT8l5eTg","https:\/\/www.instagram.com\/pecb.official\/"]}]}},"_links":{"self":[{"href":"https:\/\/staging.pecb.com\/fr\/wp-json\/wp\/v2\/pages\/26708","targetHints":{"allow":["GET"]}}],"collection":[{"href":"https:\/\/staging.pecb.com\/fr\/wp-json\/wp\/v2\/pages"}],"about":[{"href":"https:\/\/staging.pecb.com\/fr\/wp-json\/wp\/v2\/types\/page"}],"author":[{"embeddable":true,"href":"https:\/\/staging.pecb.com\/fr\/wp-json\/wp\/v2\/users\/2"}],"replies":[{"embeddable":true,"href":"https:\/\/staging.pecb.com\/fr\/wp-json\/wp\/v2\/comments?post=26708"}],"version-history":[{"count":0,"href":"https:\/\/staging.pecb.com\/fr\/wp-json\/wp\/v2\/pages\/26708\/revisions"}],"up":[{"embeddable":true,"href":"https:\/\/staging.pecb.com\/fr\/wp-json\/wp\/v2\/pages\/25360"}],"wp:attachment":[{"href":"https:\/\/staging.pecb.com\/fr\/wp-json\/wp\/v2\/media?parent=26708"}],"curies":[{"name":"wp","href":"https:\/\/api.w.org\/{rel}","templated":true}]}}