{"id":26705,"date":"2025-07-18T06:07:26","date_gmt":"2025-07-18T06:07:26","guid":{"rendered":"https:\/\/pecb.com\/about\/pecb-policy-regarding-canadian-and-international-economic-sanctions-and-the-countries-impacted"},"modified":"2025-11-20T09:31:11","modified_gmt":"2025-11-20T08:31:11","slug":"pecb-policy-regarding-canadian-and-international-economic-sanctions-and-the-countries-impacted","status":"publish","type":"page","link":"https:\/\/staging.pecb.com\/fr\/about\/pecb-policy-regarding-canadian-and-international-economic-sanctions-and-the-countries-impacted","title":{"rendered":"Politique de PECB relative aux sanctions \u00e9conomiques canadiennes et internationales et aux pays concern\u00e9s"},"content":{"rendered":"\t\t<div data-elementor-type=\"wp-page\" data-elementor-id=\"26705\" class=\"elementor elementor-26705 elementor-15909\" data-elementor-post-type=\"page\">\n\t\t\t\t<div class=\"elementor-element elementor-element-7390518d e-flex e-con-boxed e-con e-parent\" data-id=\"7390518d\" data-element_type=\"container\" data-e-type=\"container\" data-settings=\"{&quot;background_background&quot;:&quot;classic&quot;}\">\n\t\t\t\t\t<div class=\"e-con-inner\">\n\t\t\t\t<div class=\"elementor-element elementor-element-8de3213 elementor-widget elementor-widget-heading\" data-id=\"8de3213\" data-element_type=\"widget\" data-e-type=\"widget\" data-widget_type=\"heading.default\">\n\t\t\t\t\t<h1 class=\"elementor-heading-title elementor-size-default\">Politique de PECB relative aux sanctions \u00e9conomiques canadiennes et internationales et aux pays concern\u00e9s<\/h1>\t\t\t\t<\/div>\n\t\t\t\t\t<\/div>\n\t\t\t\t<\/div>\n\t\t<div class=\"elementor-element elementor-element-e75f5c9 e-flex e-con-boxed e-con e-parent\" data-id=\"e75f5c9\" data-element_type=\"container\" data-e-type=\"container\" data-settings=\"{&quot;background_background&quot;:&quot;classic&quot;}\">\n\t\t\t\t\t<div class=\"e-con-inner\">\n\t\t\t\t<div class=\"elementor-element elementor-element-85bce94 elementor-widget elementor-widget-text-editor\" data-id=\"85bce94\" data-element_type=\"widget\" data-e-type=\"widget\" data-widget_type=\"text-editor.default\">\n\t\t\t\t\t\t\t\t\t<p dir=\"auto\">\n        <style>\n            .child-pages {\n                display: flex;\n                flex-wrap: wrap;\n                justify-content: center;\n                gap: 8px;\n                width: fit-content;\n                margin: 0 auto;\n                 padding:10px;\n            }\n            .child-pages li {\n                display: flex;\n                padding: 8px 16px;\n                flex-direction: column;\n                align-items: center;\n                border-radius: 4px;\n                background: #FFF;\n                list-style: none;\n            }\n            .child-pages li.active {\n                background: #CBD5E1;\n            }\n            .child-pages li a {\n                color: #000;\n                text-align: center;\n                font-family: Parabolica, sans-serif;\n                font-size: 14px;\n                font-style: normal;\n                font-weight: 400;\n                line-height: normal;\n                text-decoration: none;\n            }\n            .child-pages li a:hover {\n                text-decoration: underline;\n            }\n        <\/style>\n    <ul class=\"child-pages\"><li class=\"\"><a href=\"https:\/\/staging.pecb.com\/en\/about\">About<\/a><\/li><li class=\"\"><a href=\"https:\/\/staging.pecb.com\/fr\/about\/accreditations-and-affiliations\">Accr\u00e9ditations et Affiliations<\/a><\/li><li class=\"\"><a href=\"https:\/\/staging.pecb.com\/fr\/about\/code-of-ethics\">Code de d\u00e9ontologie<\/a><\/li><li class=\"\"><a href=\"https:\/\/staging.pecb.com\/fr\/about\/digital-trust\">Confiance num\u00e9rique : Construire un avenir s\u00fbr<\/a><\/li><li class=\"\"><a href=\"https:\/\/staging.pecb.com\/fr\/about\/statement-of-impartiality\">D\u00e9claration d\u2019impartialit\u00e9<\/a><\/li><li class=\"\"><a href=\"https:\/\/staging.pecb.com\/fr\/about\/gdpr-privacy-statement\">D\u00e9claration de protection de la vie priv\u00e9e RGPD<\/a><\/li><li class=\"\"><a href=\"https:\/\/staging.pecb.com\/fr\/about\/team\">PECB Management<\/a><\/li><li class=\"\"><a href=\"https:\/\/staging.pecb.com\/fr\/about\/pecb-code-of-ethics-violation-policy\">Politique Applicable en cas de Violation du Code de D\u00e9ontologie de PECB<\/a><\/li><li class=\"\"><a href=\"https:\/\/staging.pecb.com\/fr\/about\/certification-mark-use-policy\">Politique d\u2019utilisation de la marque<\/a><\/li><li class=\"\"><a href=\"https:\/\/staging.pecb.com\/fr\/about\/pecb-policy-regarding-canadian-and-international-economic-sanctions-and-the-countries-impacted\">Politique de PECB relative aux sanctions \u00e9conomiques canadiennes et internationales et aux pays concern\u00e9s<\/a><\/li><li class=\"\"><a href=\"https:\/\/staging.pecb.com\/fr\/about\/pecb-refund-policy\">Politique de remboursement<\/a><\/li><li class=\"\"><a href=\"https:\/\/staging.pecb.com\/fr\/about\/complaint-and-appeal-policy\">Politique en mati\u00e8re de plainte et d\u2019appel<\/a><\/li><li class=\"\"><a href=\"https:\/\/staging.pecb.com\/fr\/about\/behavior-policy\">Politique relative aux comportements<\/a><\/li><li class=\"\"><a href=\"https:\/\/staging.pecb.com\/fr\/about\/pecb-quality-and-information-security-policies\">Politiques de qualit\u00e9 et de s\u00e9curit\u00e9 de l\u2019information<\/a><\/li><li class=\"\"><a href=\"https:\/\/staging.pecb.com\/fr\/about\/pecb-certification-process\">Processus de certification<\/a><\/li><li class=\"\"><a href=\"https:\/\/staging.pecb.com\/fr\/about\/values-of-pecb-certification\">Valeur de la certification PECB<\/a><\/li><li class=\"\"><a href=\"https:\/\/staging.pecb.com\/fr\/about\/violation-of-pecb-brand-and-fraud-reporting-policy\">Violation de la marque PECB et de signalement des cas de fraude<\/a><\/li><\/ul><\/p>\t\t\t\t\t\t\t\t<\/div>\n\t\t\t\t\t<\/div>\n\t\t\t\t<\/div>\n\t\t<div class=\"elementor-element elementor-element-44783eee e-flex e-con-boxed e-con e-parent\" data-id=\"44783eee\" data-element_type=\"container\" data-e-type=\"container\">\n\t\t\t\t\t<div class=\"e-con-inner\">\n\t\t\t\t<div class=\"elementor-element elementor-element-5dbce842 elementor-widget elementor-widget-text-editor\" data-id=\"5dbce842\" data-element_type=\"widget\" data-e-type=\"widget\" data-widget_type=\"text-editor.default\">\n\t\t\t\t\t\t\t\t\t<p>Montr\u00e9al, 21 mars 2025<\/p><p>En tant que prestataire mondial de services d\u2019\u00e9ducation et de certification pour les personnes, PECB est tenu de respecter les sanctions \u00e9conomiques canadiennes et internationales impos\u00e9es par les pays o\u00f9 notre organisme est \u00e9tabli ou exerce ses activit\u00e9s.<\/p><p>PECB a mis en place des m\u00e9canismes pour filtrer et surveiller les utilisateurs nouveaux et existants, ainsi que les organisations, afin de s\u2019assurer qu\u2019ils ne sont pas vis\u00e9s par des sanctions \u00e9conomiques internationales dans les pays o\u00f9 PECB est pr\u00e9sent ou op\u00e8re, y compris les sanctions de l\u2019ONU, du Canada, de l\u2019UE, du Costa Rica et de la Malaisie, ainsi que des pays o\u00f9 se trouvent les autorit\u00e9s d\u2019accr\u00e9ditation. Cette d\u00e9marche vise \u00e0 garantir la conformit\u00e9 avec les sanctions \u00e9conomiques internationales et \u00e0 assurer que PECB ne peut pas, directement ou indirectement, effectuer de transactions financi\u00e8res ni s\u2019impliquer dans la fourniture de services \u00e0 ces entit\u00e9s.<\/p><p>Voici la liste des pays dans lesquels les services PECB ne sont pas offerts :<\/p><ol><li>Russie<\/li><li>Bi\u00e9lorussie<\/li><li>Iran<\/li><li>Les r\u00e9gions de Crim\u00e9e, de Donetsk, de Louhansk, de Kherson et de Zaporijjia en Ukraine<\/li><li>Syrie<\/li><li>Cor\u00e9e du Nord<\/li><li>R\u00e9gion de Transnistrie en Moldavie<\/li><\/ol><p><strong>NOTE :\u00a0<\/strong>PECB Group continuera de surveiller toutes les sanctions pertinentes ainsi que les autres d\u00e9veloppements pour pouvoir adapter cette politique en cons\u00e9quence. Tout service qui ne respecte pas ou ne respecterait pas les sanctions \u00e9conomiques internationales actuellement en vigueur sera imm\u00e9diatement suspendu. Dans cette optique, un audit interne est effectu\u00e9 par PECB sur une base continue pour garantir le respect des sanctions \u00e9conomiques internationales et d\u00e9tecter tout \u00e9ventuel manquement.<\/p>\t\t\t\t\t\t\t\t<\/div>\n\t\t\t\t\t<\/div>\n\t\t\t\t<\/div>\n\t\t\t\t<\/div>\n\t\t","protected":false},"excerpt":{"rendered":"<p>Politique de PECB relative aux sanctions \u00e9conomiques canadiennes et internationales et aux pays concern\u00e9s Montr\u00e9al, 21 mars 2025 En tant que prestataire mondial de services d\u2019\u00e9ducation et de certification pour les personnes, PECB est tenu de respecter les sanctions \u00e9conomiques canadiennes et internationales impos\u00e9es par les pays o\u00f9 notre organisme est \u00e9tabli ou exerce ses [&hellip;]<\/p>\n","protected":false},"author":2,"featured_media":0,"parent":25360,"menu_order":0,"comment_status":"closed","ping_status":"closed","template":"","meta":{"_acf_changed":false,"content-type":"","footnotes":""},"class_list":["post-26705","page","type-page","status-publish","hentry"],"acf":[],"yoast_head":"<!-- This site is optimized with the Yoast SEO plugin v26.9 - https:\/\/yoast.com\/product\/yoast-seo-wordpress\/ -->\n<title>Politique de PECB relative aux sanctions \u00e9conomiques canadiennes et internationales et aux pays concern\u00e9s - PECB<\/title>\n<meta name=\"robots\" content=\"index, follow, max-snippet:-1, max-image-preview:large, max-video-preview:-1\" \/>\n<link rel=\"canonical\" href=\"https:\/\/staging.pecb.com\/fr\/about\/pecb-policy-regarding-canadian-and-international-economic-sanctions-and-the-countries-impacted\" \/>\n<meta property=\"og:locale\" content=\"fr_FR\" \/>\n<meta property=\"og:type\" content=\"article\" \/>\n<meta property=\"og:title\" content=\"Politique de PECB relative aux sanctions \u00e9conomiques canadiennes et internationales et aux pays concern\u00e9s - PECB\" \/>\n<meta property=\"og:description\" content=\"Politique de PECB relative aux sanctions \u00e9conomiques canadiennes et internationales et aux pays concern\u00e9s Montr\u00e9al, 21 mars 2025 En tant que prestataire mondial de services d\u2019\u00e9ducation et de certification pour les personnes, PECB est tenu de respecter les sanctions \u00e9conomiques canadiennes et internationales impos\u00e9es par les pays o\u00f9 notre organisme est \u00e9tabli ou exerce ses [&hellip;]\" \/>\n<meta property=\"og:url\" content=\"https:\/\/staging.pecb.com\/fr\/about\/pecb-policy-regarding-canadian-and-international-economic-sanctions-and-the-countries-impacted\" \/>\n<meta property=\"og:site_name\" content=\"PECB\" \/>\n<meta property=\"article:publisher\" content=\"https:\/\/www.facebook.com\/PECBInternational\/\" \/>\n<meta property=\"article:modified_time\" content=\"2025-11-20T08:31:11+00:00\" \/>\n<meta name=\"twitter:card\" content=\"summary_large_image\" \/>\n<meta name=\"twitter:site\" content=\"@PECB\" \/>\n<meta name=\"twitter:label1\" content=\"Dur\u00e9e de lecture estim\u00e9e\" \/>\n\t<meta name=\"twitter:data1\" content=\"2 minutes\" \/>\n<script type=\"application\/ld+json\" class=\"yoast-schema-graph\">{\"@context\":\"https:\/\/schema.org\",\"@graph\":[{\"@type\":\"WebPage\",\"@id\":\"https:\/\/staging.pecb.com\/fr\/about\/pecb-policy-regarding-canadian-and-international-economic-sanctions-and-the-countries-impacted\",\"url\":\"https:\/\/staging.pecb.com\/fr\/about\/pecb-policy-regarding-canadian-and-international-economic-sanctions-and-the-countries-impacted\",\"name\":\"Politique de PECB relative aux sanctions \u00e9conomiques canadiennes et internationales et aux pays concern\u00e9s - PECB\",\"isPartOf\":{\"@id\":\"https:\/\/staging.pecb.com\/fr#website\"},\"datePublished\":\"2025-07-18T06:07:26+00:00\",\"dateModified\":\"2025-11-20T08:31:11+00:00\",\"breadcrumb\":{\"@id\":\"https:\/\/staging.pecb.com\/fr\/about\/pecb-policy-regarding-canadian-and-international-economic-sanctions-and-the-countries-impacted#breadcrumb\"},\"inLanguage\":\"fr-FR\",\"potentialAction\":[{\"@type\":\"ReadAction\",\"target\":[\"https:\/\/staging.pecb.com\/fr\/about\/pecb-policy-regarding-canadian-and-international-economic-sanctions-and-the-countries-impacted\"]}]},{\"@type\":\"BreadcrumbList\",\"@id\":\"https:\/\/staging.pecb.com\/fr\/about\/pecb-policy-regarding-canadian-and-international-economic-sanctions-and-the-countries-impacted#breadcrumb\",\"itemListElement\":[{\"@type\":\"ListItem\",\"position\":1,\"name\":\"Home\",\"item\":\"https:\/\/staging.pecb.com\/fr\"},{\"@type\":\"ListItem\",\"position\":2,\"name\":\"\u00c0 propos\",\"item\":\"https:\/\/staging.pecb.com\/fr\/about\"},{\"@type\":\"ListItem\",\"position\":3,\"name\":\"Politique de PECB relative aux sanctions \u00e9conomiques canadiennes et internationales et aux pays concern\u00e9s\"}]},{\"@type\":\"WebSite\",\"@id\":\"https:\/\/staging.pecb.com\/fr#website\",\"url\":\"https:\/\/staging.pecb.com\/fr\",\"name\":\"PECB\",\"description\":\"\",\"publisher\":{\"@id\":\"https:\/\/staging.pecb.com\/fr#organization\"},\"potentialAction\":[{\"@type\":\"SearchAction\",\"target\":{\"@type\":\"EntryPoint\",\"urlTemplate\":\"https:\/\/staging.pecb.com\/fr?s={search_term_string}\"},\"query-input\":{\"@type\":\"PropertyValueSpecification\",\"valueRequired\":true,\"valueName\":\"search_term_string\"}}],\"inLanguage\":\"fr-FR\"},{\"@type\":\"Organization\",\"@id\":\"https:\/\/staging.pecb.com\/fr#organization\",\"name\":\"PECB\",\"url\":\"https:\/\/staging.pecb.com\/fr\",\"logo\":{\"@type\":\"ImageObject\",\"inLanguage\":\"fr-FR\",\"@id\":\"https:\/\/staging.pecb.com\/fr#\/schema\/logo\/image\/\",\"url\":\"https:\/\/staging.pecb.com\/wp-content\/uploads\/2025\/05\/Clip-path-group.svg\",\"contentUrl\":\"https:\/\/staging.pecb.com\/wp-content\/uploads\/2025\/05\/Clip-path-group.svg\",\"width\":96,\"height\":26,\"caption\":\"PECB\"},\"image\":{\"@id\":\"https:\/\/staging.pecb.com\/fr#\/schema\/logo\/image\/\"},\"sameAs\":[\"https:\/\/www.facebook.com\/PECBInternational\/\",\"https:\/\/x.com\/PECB\",\"https:\/\/www.linkedin.com\/company\/pecb\",\"https:\/\/www.youtube.com\/channel\/UCQPfrnIUa7Q0oBRyT8l5eTg\",\"https:\/\/www.instagram.com\/pecb.official\/\"]}]}<\/script>\n<!-- \/ Yoast SEO plugin. -->","yoast_head_json":{"title":"Politique de PECB relative aux sanctions \u00e9conomiques canadiennes et internationales et aux pays concern\u00e9s - PECB","robots":{"index":"index","follow":"follow","max-snippet":"max-snippet:-1","max-image-preview":"max-image-preview:large","max-video-preview":"max-video-preview:-1"},"canonical":"https:\/\/staging.pecb.com\/fr\/about\/pecb-policy-regarding-canadian-and-international-economic-sanctions-and-the-countries-impacted","og_locale":"fr_FR","og_type":"article","og_title":"Politique de PECB relative aux sanctions \u00e9conomiques canadiennes et internationales et aux pays concern\u00e9s - PECB","og_description":"Politique de PECB relative aux sanctions \u00e9conomiques canadiennes et internationales et aux pays concern\u00e9s Montr\u00e9al, 21 mars 2025 En tant que prestataire mondial de services d\u2019\u00e9ducation et de certification pour les personnes, PECB est tenu de respecter les sanctions \u00e9conomiques canadiennes et internationales impos\u00e9es par les pays o\u00f9 notre organisme est \u00e9tabli ou exerce ses [&hellip;]","og_url":"https:\/\/staging.pecb.com\/fr\/about\/pecb-policy-regarding-canadian-and-international-economic-sanctions-and-the-countries-impacted","og_site_name":"PECB","article_publisher":"https:\/\/www.facebook.com\/PECBInternational\/","article_modified_time":"2025-11-20T08:31:11+00:00","twitter_card":"summary_large_image","twitter_site":"@PECB","twitter_misc":{"Dur\u00e9e de lecture estim\u00e9e":"2 minutes"},"schema":{"@context":"https:\/\/schema.org","@graph":[{"@type":"WebPage","@id":"https:\/\/staging.pecb.com\/fr\/about\/pecb-policy-regarding-canadian-and-international-economic-sanctions-and-the-countries-impacted","url":"https:\/\/staging.pecb.com\/fr\/about\/pecb-policy-regarding-canadian-and-international-economic-sanctions-and-the-countries-impacted","name":"Politique de PECB relative aux sanctions \u00e9conomiques canadiennes et internationales et aux pays concern\u00e9s - PECB","isPartOf":{"@id":"https:\/\/staging.pecb.com\/fr#website"},"datePublished":"2025-07-18T06:07:26+00:00","dateModified":"2025-11-20T08:31:11+00:00","breadcrumb":{"@id":"https:\/\/staging.pecb.com\/fr\/about\/pecb-policy-regarding-canadian-and-international-economic-sanctions-and-the-countries-impacted#breadcrumb"},"inLanguage":"fr-FR","potentialAction":[{"@type":"ReadAction","target":["https:\/\/staging.pecb.com\/fr\/about\/pecb-policy-regarding-canadian-and-international-economic-sanctions-and-the-countries-impacted"]}]},{"@type":"BreadcrumbList","@id":"https:\/\/staging.pecb.com\/fr\/about\/pecb-policy-regarding-canadian-and-international-economic-sanctions-and-the-countries-impacted#breadcrumb","itemListElement":[{"@type":"ListItem","position":1,"name":"Home","item":"https:\/\/staging.pecb.com\/fr"},{"@type":"ListItem","position":2,"name":"\u00c0 propos","item":"https:\/\/staging.pecb.com\/fr\/about"},{"@type":"ListItem","position":3,"name":"Politique de PECB relative aux sanctions \u00e9conomiques canadiennes et internationales et aux pays concern\u00e9s"}]},{"@type":"WebSite","@id":"https:\/\/staging.pecb.com\/fr#website","url":"https:\/\/staging.pecb.com\/fr","name":"PECB","description":"","publisher":{"@id":"https:\/\/staging.pecb.com\/fr#organization"},"potentialAction":[{"@type":"SearchAction","target":{"@type":"EntryPoint","urlTemplate":"https:\/\/staging.pecb.com\/fr?s={search_term_string}"},"query-input":{"@type":"PropertyValueSpecification","valueRequired":true,"valueName":"search_term_string"}}],"inLanguage":"fr-FR"},{"@type":"Organization","@id":"https:\/\/staging.pecb.com\/fr#organization","name":"PECB","url":"https:\/\/staging.pecb.com\/fr","logo":{"@type":"ImageObject","inLanguage":"fr-FR","@id":"https:\/\/staging.pecb.com\/fr#\/schema\/logo\/image\/","url":"https:\/\/staging.pecb.com\/wp-content\/uploads\/2025\/05\/Clip-path-group.svg","contentUrl":"https:\/\/staging.pecb.com\/wp-content\/uploads\/2025\/05\/Clip-path-group.svg","width":96,"height":26,"caption":"PECB"},"image":{"@id":"https:\/\/staging.pecb.com\/fr#\/schema\/logo\/image\/"},"sameAs":["https:\/\/www.facebook.com\/PECBInternational\/","https:\/\/x.com\/PECB","https:\/\/www.linkedin.com\/company\/pecb","https:\/\/www.youtube.com\/channel\/UCQPfrnIUa7Q0oBRyT8l5eTg","https:\/\/www.instagram.com\/pecb.official\/"]}]}},"_links":{"self":[{"href":"https:\/\/staging.pecb.com\/fr\/wp-json\/wp\/v2\/pages\/26705","targetHints":{"allow":["GET"]}}],"collection":[{"href":"https:\/\/staging.pecb.com\/fr\/wp-json\/wp\/v2\/pages"}],"about":[{"href":"https:\/\/staging.pecb.com\/fr\/wp-json\/wp\/v2\/types\/page"}],"author":[{"embeddable":true,"href":"https:\/\/staging.pecb.com\/fr\/wp-json\/wp\/v2\/users\/2"}],"replies":[{"embeddable":true,"href":"https:\/\/staging.pecb.com\/fr\/wp-json\/wp\/v2\/comments?post=26705"}],"version-history":[{"count":0,"href":"https:\/\/staging.pecb.com\/fr\/wp-json\/wp\/v2\/pages\/26705\/revisions"}],"up":[{"embeddable":true,"href":"https:\/\/staging.pecb.com\/fr\/wp-json\/wp\/v2\/pages\/25360"}],"wp:attachment":[{"href":"https:\/\/staging.pecb.com\/fr\/wp-json\/wp\/v2\/media?parent=26705"}],"curies":[{"name":"wp","href":"https:\/\/api.w.org\/{rel}","templated":true}]}}