{"id":26699,"date":"2025-07-18T05:37:11","date_gmt":"2025-07-18T05:37:11","guid":{"rendered":"https:\/\/pecb.com\/about\/gdpr-privacy-statement"},"modified":"2025-11-20T09:05:36","modified_gmt":"2025-11-20T08:05:36","slug":"gdpr-privacy-statement","status":"publish","type":"page","link":"https:\/\/staging.pecb.com\/fr\/about\/gdpr-privacy-statement","title":{"rendered":"D\u00e9claration de protection de la vie priv\u00e9e RGPD"},"content":{"rendered":"\t\t<div data-elementor-type=\"wp-page\" data-elementor-id=\"26699\" class=\"elementor elementor-26699 elementor-15857\" data-elementor-post-type=\"page\">\n\t\t\t\t<div class=\"elementor-element elementor-element-7903728 e-flex e-con-boxed e-con e-parent\" data-id=\"7903728\" data-element_type=\"container\" data-e-type=\"container\" data-settings=\"{&quot;background_background&quot;:&quot;classic&quot;}\">\n\t\t\t\t\t<div class=\"e-con-inner\">\n\t\t\t\t<div class=\"elementor-element elementor-element-5dbf6118 elementor-widget elementor-widget-heading\" data-id=\"5dbf6118\" data-element_type=\"widget\" data-e-type=\"widget\" data-widget_type=\"heading.default\">\n\t\t\t\t\t<h1 class=\"elementor-heading-title elementor-size-default\">D\u00e9claration de protection de la vie priv\u00e9e RGPD<\/h1>\t\t\t\t<\/div>\n\t\t\t\t\t<\/div>\n\t\t\t\t<\/div>\n\t\t<div class=\"elementor-element elementor-element-8f073db e-flex e-con-boxed e-con e-parent\" data-id=\"8f073db\" data-element_type=\"container\" data-e-type=\"container\" data-settings=\"{&quot;background_background&quot;:&quot;classic&quot;}\">\n\t\t\t\t\t<div class=\"e-con-inner\">\n\t\t\t\t<div class=\"elementor-element elementor-element-5d28d74 elementor-widget elementor-widget-text-editor\" data-id=\"5d28d74\" data-element_type=\"widget\" data-e-type=\"widget\" data-widget_type=\"text-editor.default\">\n\t\t\t\t\t\t\t\t\t<p dir=\"auto\">\n        <style>\n            .child-pages {\n                display: flex;\n                flex-wrap: wrap;\n                justify-content: center;\n                gap: 8px;\n                width: fit-content;\n                margin: 0 auto;\n                 padding:10px;\n            }\n            .child-pages li {\n                display: flex;\n                padding: 8px 16px;\n                flex-direction: column;\n                align-items: center;\n                border-radius: 4px;\n                background: #FFF;\n                list-style: none;\n            }\n            .child-pages li.active {\n                background: #CBD5E1;\n            }\n            .child-pages li a {\n                color: #000;\n                text-align: center;\n                font-family: Parabolica, sans-serif;\n                font-size: 14px;\n                font-style: normal;\n                font-weight: 400;\n                line-height: normal;\n                text-decoration: none;\n            }\n            .child-pages li a:hover {\n                text-decoration: underline;\n            }\n        <\/style>\n    <ul class=\"child-pages\"><li class=\"\"><a href=\"https:\/\/staging.pecb.com\/en\/about\">About<\/a><\/li><li class=\"\"><a href=\"https:\/\/staging.pecb.com\/fr\/about\/accreditations-and-affiliations\">Accr\u00e9ditations et Affiliations<\/a><\/li><li class=\"\"><a href=\"https:\/\/staging.pecb.com\/fr\/about\/code-of-ethics\">Code de d\u00e9ontologie<\/a><\/li><li class=\"\"><a href=\"https:\/\/staging.pecb.com\/fr\/about\/digital-trust\">Confiance num\u00e9rique : Construire un avenir s\u00fbr<\/a><\/li><li class=\"\"><a href=\"https:\/\/staging.pecb.com\/fr\/about\/statement-of-impartiality\">D\u00e9claration d\u2019impartialit\u00e9<\/a><\/li><li class=\"\"><a href=\"https:\/\/staging.pecb.com\/fr\/about\/gdpr-privacy-statement\">D\u00e9claration de protection de la vie priv\u00e9e RGPD<\/a><\/li><li class=\"\"><a href=\"https:\/\/staging.pecb.com\/fr\/about\/team\">PECB Management<\/a><\/li><li class=\"\"><a href=\"https:\/\/staging.pecb.com\/fr\/about\/pecb-code-of-ethics-violation-policy\">Politique Applicable en cas de Violation du Code de D\u00e9ontologie de PECB<\/a><\/li><li class=\"\"><a href=\"https:\/\/staging.pecb.com\/fr\/about\/certification-mark-use-policy\">Politique d\u2019utilisation de la marque<\/a><\/li><li class=\"\"><a href=\"https:\/\/staging.pecb.com\/fr\/about\/pecb-policy-regarding-canadian-and-international-economic-sanctions-and-the-countries-impacted\">Politique de PECB relative aux sanctions \u00e9conomiques canadiennes et internationales et aux pays concern\u00e9s<\/a><\/li><li class=\"\"><a href=\"https:\/\/staging.pecb.com\/fr\/about\/pecb-refund-policy\">Politique de remboursement<\/a><\/li><li class=\"\"><a href=\"https:\/\/staging.pecb.com\/fr\/about\/complaint-and-appeal-policy\">Politique en mati\u00e8re de plainte et d\u2019appel<\/a><\/li><li class=\"\"><a href=\"https:\/\/staging.pecb.com\/fr\/about\/behavior-policy\">Politique relative aux comportements<\/a><\/li><li class=\"\"><a href=\"https:\/\/staging.pecb.com\/fr\/about\/pecb-quality-and-information-security-policies\">Politiques de qualit\u00e9 et de s\u00e9curit\u00e9 de l\u2019information<\/a><\/li><li class=\"\"><a href=\"https:\/\/staging.pecb.com\/fr\/about\/pecb-certification-process\">Processus de certification<\/a><\/li><li class=\"\"><a href=\"https:\/\/staging.pecb.com\/fr\/about\/values-of-pecb-certification\">Valeur de la certification PECB<\/a><\/li><li class=\"\"><a href=\"https:\/\/staging.pecb.com\/fr\/about\/violation-of-pecb-brand-and-fraud-reporting-policy\">Violation de la marque PECB et de signalement des cas de fraude<\/a><\/li><\/ul><\/p>\t\t\t\t\t\t\t\t<\/div>\n\t\t\t\t\t<\/div>\n\t\t\t\t<\/div>\n\t\t<div class=\"elementor-element elementor-element-158e6f58 e-flex e-con-boxed e-con e-parent\" data-id=\"158e6f58\" data-element_type=\"container\" data-e-type=\"container\">\n\t\t\t\t\t<div class=\"e-con-inner\">\n\t\t\t\t<div class=\"elementor-element elementor-element-2e75601f elementor-widget elementor-widget-text-editor\" data-id=\"2e75601f\" data-element_type=\"widget\" data-e-type=\"widget\" data-widget_type=\"text-editor.default\">\n\t\t\t\t\t\t\t\t\t<p>\n\t\t\t\t\t\t\t\tLe <a href=\"https:\/\/staging.pecb.com\/fr\/education-and-certification-for-individuals\/gdpr\/\">R&egrave;glement g&eacute;n&eacute;ral sur la protection des donn&eacute;es (RGPD)<\/a>&nbsp;a &eacute;t&eacute; adopt&eacute; par le Parlement europ&eacute;en en avril 2016 et est entr&eacute; en vigueur le 25 mai 2018. Il s&#39;agit d&#39;une l&eacute;gislation qui oblige les organismes &agrave; prot&eacute;ger les donn&eacute;es &agrave; caract&egrave;re personnel et la vie priv&eacute;e des citoyens de l&#39;UE ainsi que toutes les transactions qui ont lieu avec les &Eacute;tats membres de l&#39;UE.<\/p>\n\t\t\t\t\t\t\t<p>\n\t\t\t\t\t\t\t\tPECB est engag&eacute;e et responsable du traitement des informations de ses clients, parties prenantes,&nbsp; employ&eacute;s et autres parties int&eacute;ress&eacute;es avec une prudence et une confidentialit&eacute; absolues. Nous suivons les meilleures pratiques pour prot&eacute;ger les donn&eacute;es recueillies aupr&egrave;s de nos clients, parties prenantes et employ&eacute;s.<\/p>\n\t\t\t\t\t\t\t<p>\n\t\t\t\t\t\t\t\tLes politiques et proc&eacute;dures de PECB en mati&egrave;re de traitement des donn&eacute;es &agrave; caract&egrave;re personnel ont &eacute;t&eacute; &eacute;labor&eacute;es conform&eacute;ment aux exigences de la directive de l&#39;Union europ&eacute;enne de 1995 sur la protection des donn&eacute;es (Directive 95\/46\/CE) et du R&egrave;glement g&eacute;n&eacute;ral sur la protection des donn&eacute;es (RGPD).<\/p>\n\t\t\t\t\t\t\t<p>\n\t\t\t\t\t\t\t\tNous respectons la vie priv&eacute;e de nos clients et avons mis en place une politique visant &agrave; d&eacute;finir leurs droits et &agrave; r&eacute;pondre aux questions qu&#39;ils peuvent se poser sur la mani&egrave;re dont PECB recueille, prot&egrave;ge et utilise leurs donn&eacute;es &agrave; caract&egrave;re personnel.&nbsp;<\/p>\n\t\t\t\t\t\t\t<p>\n\t\t\t\t\t\t\t\tCette D&eacute;claration de protection de la vie priv&eacute;e, qui pr&eacute;cise comment PECB utilise les donn&eacute;es relatives aux clients, aux parties prenantes, aux employ&eacute;s et aux autres parties int&eacute;ress&eacute;es, est disponible sur notre site Web et peut &ecirc;tre consult&eacute;e ici :<span style=\"text-align: justify;\">&nbsp;<\/span><a href=\"https:\/\/staging.pecb.com\/fr\/pecb-privacy-statement\" style=\"text-align: justify;\">D&eacute;claration de protection de la vie priv&eacute;e de PECB<\/a><\/p>\n\t\t\t\t\t\t\t<p style=\"text-align: justify;\">\n\t\t\t\t\t\t\t\tDe plus, PECB a mis en place une Politique de protection des donn&eacute;es qui garantit &agrave; ses employ&eacute;s, clients, partenaires et parties prenantes que leurs donn&eacute;es sont prot&eacute;g&eacute;es et trait&eacute;es en cons&eacute;quence avec une prudence et une confidentialit&eacute; absolues. La Politique de protection des donn&eacute;es est disponible sur notre site Web et peut &ecirc;tre consult&eacute;e ici : <a href=\"https:\/\/staging.pecb.com\/fr\/data-protection-policy\">Politique de protection des donn&eacute;es de PECB<\/a>. Cette politique d&eacute;crit la mani&egrave;re dont nous collectons, stockons, traitons et s&eacute;curisons les donn&eacute;es de mani&egrave;re &eacute;quitable, transparente et confidentielle. Les r&egrave;gles d&eacute;crites dans cette politique s&#39;appliquent ind&eacute;pendamment du fait que les donn&eacute;es soient stock&eacute;es &eacute;lectroniquement, sur papier ou sur tout autre support de stockage.<\/p>\n\t\t\t\t\t\t\t<p style=\"text-align: justify;\">\n\t\t\t\t\t\t\t\tConform&eacute;ment &agrave; l&#39;article 27 du RGPD, le repr&eacute;sentant de PECB dans l&#39;EEE est bas&eacute; &agrave; Lisbonne, Portugal, et peut &ecirc;tre contact&eacute; par e-mail &agrave; l&#39;adresse <a href=\"mailto:gdpr.representative@staging.pecb.com\">gdpr.representative@staging.pecb.com<\/a>.&nbsp;<\/p>\n\t\t\t\t\t\t\t<p style=\"text-align: justify;\">\n\t\t\t\t\t\t\t\tSi vous souhaitez obtenir plus d&#39;informations, veuillez contacter&nbsp;<a href=\"mailto:dpo@staging.pecb.com\">dpo@staging.pecb.com<\/a><\/p>\t\t\t\t\t\t\t\t<\/div>\n\t\t\t\t\t<\/div>\n\t\t\t\t<\/div>\n\t\t\t\t<\/div>\n\t\t","protected":false},"excerpt":{"rendered":"<p>D\u00e9claration de protection de la vie priv\u00e9e RGPD Le R&egrave;glement g&eacute;n&eacute;ral sur la protection des donn&eacute;es (RGPD)&nbsp;a &eacute;t&eacute; adopt&eacute; par le Parlement europ&eacute;en en avril 2016 et est entr&eacute; en vigueur le 25 mai 2018. Il s&#39;agit d&#39;une l&eacute;gislation qui oblige les organismes &agrave; prot&eacute;ger les donn&eacute;es &agrave; caract&egrave;re personnel et la vie priv&eacute;e des [&hellip;]<\/p>\n","protected":false},"author":2,"featured_media":0,"parent":25360,"menu_order":0,"comment_status":"closed","ping_status":"closed","template":"","meta":{"_acf_changed":false,"content-type":"","footnotes":""},"class_list":["post-26699","page","type-page","status-publish","hentry"],"acf":[],"yoast_head":"<!-- This site is optimized with the Yoast SEO plugin v26.9 - https:\/\/yoast.com\/product\/yoast-seo-wordpress\/ -->\n<title>D\u00e9claration de protection de la vie priv\u00e9e RGPD - PECB<\/title>\n<meta name=\"robots\" content=\"index, follow, max-snippet:-1, max-image-preview:large, max-video-preview:-1\" \/>\n<link rel=\"canonical\" href=\"https:\/\/staging.pecb.com\/fr\/about\/gdpr-privacy-statement\" \/>\n<meta property=\"og:locale\" content=\"fr_FR\" \/>\n<meta property=\"og:type\" content=\"article\" \/>\n<meta property=\"og:title\" content=\"D\u00e9claration de protection de la vie priv\u00e9e RGPD - PECB\" \/>\n<meta property=\"og:description\" content=\"D\u00e9claration de protection de la vie priv\u00e9e RGPD Le R&egrave;glement g&eacute;n&eacute;ral sur la protection des donn&eacute;es (RGPD)&nbsp;a &eacute;t&eacute; adopt&eacute; par le Parlement europ&eacute;en en avril 2016 et est entr&eacute; en vigueur le 25 mai 2018. Il s&#039;agit d&#039;une l&eacute;gislation qui oblige les organismes &agrave; prot&eacute;ger les donn&eacute;es &agrave; caract&egrave;re personnel et la vie priv&eacute;e des [&hellip;]\" \/>\n<meta property=\"og:url\" content=\"https:\/\/staging.pecb.com\/fr\/about\/gdpr-privacy-statement\" \/>\n<meta property=\"og:site_name\" content=\"PECB\" \/>\n<meta property=\"article:publisher\" content=\"https:\/\/www.facebook.com\/PECBInternational\/\" \/>\n<meta property=\"article:modified_time\" content=\"2025-11-20T08:05:36+00:00\" \/>\n<meta name=\"twitter:card\" content=\"summary_large_image\" \/>\n<meta name=\"twitter:site\" content=\"@PECB\" \/>\n<meta name=\"twitter:label1\" content=\"Dur\u00e9e de lecture estim\u00e9e\" \/>\n\t<meta name=\"twitter:data1\" content=\"3 minutes\" \/>\n<script type=\"application\/ld+json\" class=\"yoast-schema-graph\">{\"@context\":\"https:\/\/schema.org\",\"@graph\":[{\"@type\":\"WebPage\",\"@id\":\"https:\/\/staging.pecb.com\/fr\/about\/gdpr-privacy-statement\",\"url\":\"https:\/\/staging.pecb.com\/fr\/about\/gdpr-privacy-statement\",\"name\":\"D\u00e9claration de protection de la vie priv\u00e9e RGPD - PECB\",\"isPartOf\":{\"@id\":\"https:\/\/staging.pecb.com\/fr#website\"},\"datePublished\":\"2025-07-18T05:37:11+00:00\",\"dateModified\":\"2025-11-20T08:05:36+00:00\",\"breadcrumb\":{\"@id\":\"https:\/\/staging.pecb.com\/fr\/about\/gdpr-privacy-statement#breadcrumb\"},\"inLanguage\":\"fr-FR\",\"potentialAction\":[{\"@type\":\"ReadAction\",\"target\":[\"https:\/\/staging.pecb.com\/fr\/about\/gdpr-privacy-statement\"]}]},{\"@type\":\"BreadcrumbList\",\"@id\":\"https:\/\/staging.pecb.com\/fr\/about\/gdpr-privacy-statement#breadcrumb\",\"itemListElement\":[{\"@type\":\"ListItem\",\"position\":1,\"name\":\"Home\",\"item\":\"https:\/\/staging.pecb.com\/fr\"},{\"@type\":\"ListItem\",\"position\":2,\"name\":\"\u00c0 propos\",\"item\":\"https:\/\/staging.pecb.com\/fr\/about\"},{\"@type\":\"ListItem\",\"position\":3,\"name\":\"D\u00e9claration de protection de la vie priv\u00e9e RGPD\"}]},{\"@type\":\"WebSite\",\"@id\":\"https:\/\/staging.pecb.com\/fr#website\",\"url\":\"https:\/\/staging.pecb.com\/fr\",\"name\":\"PECB\",\"description\":\"\",\"publisher\":{\"@id\":\"https:\/\/staging.pecb.com\/fr#organization\"},\"potentialAction\":[{\"@type\":\"SearchAction\",\"target\":{\"@type\":\"EntryPoint\",\"urlTemplate\":\"https:\/\/staging.pecb.com\/fr?s={search_term_string}\"},\"query-input\":{\"@type\":\"PropertyValueSpecification\",\"valueRequired\":true,\"valueName\":\"search_term_string\"}}],\"inLanguage\":\"fr-FR\"},{\"@type\":\"Organization\",\"@id\":\"https:\/\/staging.pecb.com\/fr#organization\",\"name\":\"PECB\",\"url\":\"https:\/\/staging.pecb.com\/fr\",\"logo\":{\"@type\":\"ImageObject\",\"inLanguage\":\"fr-FR\",\"@id\":\"https:\/\/staging.pecb.com\/fr#\/schema\/logo\/image\/\",\"url\":\"https:\/\/staging.pecb.com\/wp-content\/uploads\/2025\/05\/Clip-path-group.svg\",\"contentUrl\":\"https:\/\/staging.pecb.com\/wp-content\/uploads\/2025\/05\/Clip-path-group.svg\",\"width\":96,\"height\":26,\"caption\":\"PECB\"},\"image\":{\"@id\":\"https:\/\/staging.pecb.com\/fr#\/schema\/logo\/image\/\"},\"sameAs\":[\"https:\/\/www.facebook.com\/PECBInternational\/\",\"https:\/\/x.com\/PECB\",\"https:\/\/www.linkedin.com\/company\/pecb\",\"https:\/\/www.youtube.com\/channel\/UCQPfrnIUa7Q0oBRyT8l5eTg\",\"https:\/\/www.instagram.com\/pecb.official\/\"]}]}<\/script>\n<!-- \/ Yoast SEO plugin. -->","yoast_head_json":{"title":"D\u00e9claration de protection de la vie priv\u00e9e RGPD - PECB","robots":{"index":"index","follow":"follow","max-snippet":"max-snippet:-1","max-image-preview":"max-image-preview:large","max-video-preview":"max-video-preview:-1"},"canonical":"https:\/\/staging.pecb.com\/fr\/about\/gdpr-privacy-statement","og_locale":"fr_FR","og_type":"article","og_title":"D\u00e9claration de protection de la vie priv\u00e9e RGPD - PECB","og_description":"D\u00e9claration de protection de la vie priv\u00e9e RGPD Le R&egrave;glement g&eacute;n&eacute;ral sur la protection des donn&eacute;es (RGPD)&nbsp;a &eacute;t&eacute; adopt&eacute; par le Parlement europ&eacute;en en avril 2016 et est entr&eacute; en vigueur le 25 mai 2018. Il s&#39;agit d&#39;une l&eacute;gislation qui oblige les organismes &agrave; prot&eacute;ger les donn&eacute;es &agrave; caract&egrave;re personnel et la vie priv&eacute;e des [&hellip;]","og_url":"https:\/\/staging.pecb.com\/fr\/about\/gdpr-privacy-statement","og_site_name":"PECB","article_publisher":"https:\/\/www.facebook.com\/PECBInternational\/","article_modified_time":"2025-11-20T08:05:36+00:00","twitter_card":"summary_large_image","twitter_site":"@PECB","twitter_misc":{"Dur\u00e9e de lecture estim\u00e9e":"3 minutes"},"schema":{"@context":"https:\/\/schema.org","@graph":[{"@type":"WebPage","@id":"https:\/\/staging.pecb.com\/fr\/about\/gdpr-privacy-statement","url":"https:\/\/staging.pecb.com\/fr\/about\/gdpr-privacy-statement","name":"D\u00e9claration de protection de la vie priv\u00e9e RGPD - PECB","isPartOf":{"@id":"https:\/\/staging.pecb.com\/fr#website"},"datePublished":"2025-07-18T05:37:11+00:00","dateModified":"2025-11-20T08:05:36+00:00","breadcrumb":{"@id":"https:\/\/staging.pecb.com\/fr\/about\/gdpr-privacy-statement#breadcrumb"},"inLanguage":"fr-FR","potentialAction":[{"@type":"ReadAction","target":["https:\/\/staging.pecb.com\/fr\/about\/gdpr-privacy-statement"]}]},{"@type":"BreadcrumbList","@id":"https:\/\/staging.pecb.com\/fr\/about\/gdpr-privacy-statement#breadcrumb","itemListElement":[{"@type":"ListItem","position":1,"name":"Home","item":"https:\/\/staging.pecb.com\/fr"},{"@type":"ListItem","position":2,"name":"\u00c0 propos","item":"https:\/\/staging.pecb.com\/fr\/about"},{"@type":"ListItem","position":3,"name":"D\u00e9claration de protection de la vie priv\u00e9e RGPD"}]},{"@type":"WebSite","@id":"https:\/\/staging.pecb.com\/fr#website","url":"https:\/\/staging.pecb.com\/fr","name":"PECB","description":"","publisher":{"@id":"https:\/\/staging.pecb.com\/fr#organization"},"potentialAction":[{"@type":"SearchAction","target":{"@type":"EntryPoint","urlTemplate":"https:\/\/staging.pecb.com\/fr?s={search_term_string}"},"query-input":{"@type":"PropertyValueSpecification","valueRequired":true,"valueName":"search_term_string"}}],"inLanguage":"fr-FR"},{"@type":"Organization","@id":"https:\/\/staging.pecb.com\/fr#organization","name":"PECB","url":"https:\/\/staging.pecb.com\/fr","logo":{"@type":"ImageObject","inLanguage":"fr-FR","@id":"https:\/\/staging.pecb.com\/fr#\/schema\/logo\/image\/","url":"https:\/\/staging.pecb.com\/wp-content\/uploads\/2025\/05\/Clip-path-group.svg","contentUrl":"https:\/\/staging.pecb.com\/wp-content\/uploads\/2025\/05\/Clip-path-group.svg","width":96,"height":26,"caption":"PECB"},"image":{"@id":"https:\/\/staging.pecb.com\/fr#\/schema\/logo\/image\/"},"sameAs":["https:\/\/www.facebook.com\/PECBInternational\/","https:\/\/x.com\/PECB","https:\/\/www.linkedin.com\/company\/pecb","https:\/\/www.youtube.com\/channel\/UCQPfrnIUa7Q0oBRyT8l5eTg","https:\/\/www.instagram.com\/pecb.official\/"]}]}},"_links":{"self":[{"href":"https:\/\/staging.pecb.com\/fr\/wp-json\/wp\/v2\/pages\/26699","targetHints":{"allow":["GET"]}}],"collection":[{"href":"https:\/\/staging.pecb.com\/fr\/wp-json\/wp\/v2\/pages"}],"about":[{"href":"https:\/\/staging.pecb.com\/fr\/wp-json\/wp\/v2\/types\/page"}],"author":[{"embeddable":true,"href":"https:\/\/staging.pecb.com\/fr\/wp-json\/wp\/v2\/users\/2"}],"replies":[{"embeddable":true,"href":"https:\/\/staging.pecb.com\/fr\/wp-json\/wp\/v2\/comments?post=26699"}],"version-history":[{"count":0,"href":"https:\/\/staging.pecb.com\/fr\/wp-json\/wp\/v2\/pages\/26699\/revisions"}],"up":[{"embeddable":true,"href":"https:\/\/staging.pecb.com\/fr\/wp-json\/wp\/v2\/pages\/25360"}],"wp:attachment":[{"href":"https:\/\/staging.pecb.com\/fr\/wp-json\/wp\/v2\/media?parent=26699"}],"curies":[{"name":"wp","href":"https:\/\/api.w.org\/{rel}","templated":true}]}}