{"id":26675,"date":"2025-07-17T14:36:03","date_gmt":"2025-07-17T14:36:03","guid":{"rendered":"https:\/\/pecb.com\/about\/pecb-certification-process"},"modified":"2025-11-20T09:09:03","modified_gmt":"2025-11-20T08:09:03","slug":"pecb-certification-process","status":"publish","type":"page","link":"https:\/\/staging.pecb.com\/fr\/about\/pecb-certification-process","title":{"rendered":"Processus de certification"},"content":{"rendered":"\t\t<div data-elementor-type=\"wp-page\" data-elementor-id=\"26675\" class=\"elementor elementor-26675 elementor-15812\" data-elementor-post-type=\"page\">\n\t\t\t\t<div class=\"elementor-element elementor-element-3a3b4019 e-flex e-con-boxed e-con e-parent\" data-id=\"3a3b4019\" data-element_type=\"container\" data-e-type=\"container\" data-settings=\"{&quot;background_background&quot;:&quot;classic&quot;}\">\n\t\t\t\t\t<div class=\"e-con-inner\">\n\t\t\t\t<div class=\"elementor-element elementor-element-587de11e elementor-widget elementor-widget-heading\" data-id=\"587de11e\" data-element_type=\"widget\" data-e-type=\"widget\" data-widget_type=\"heading.default\">\n\t\t\t\t\t<h1 class=\"elementor-heading-title elementor-size-default\">Processus de certification<\/h1>\t\t\t\t<\/div>\n\t\t\t\t\t<\/div>\n\t\t\t\t<\/div>\n\t\t<div class=\"elementor-element elementor-element-61f629b e-flex e-con-boxed e-con e-parent\" data-id=\"61f629b\" data-element_type=\"container\" data-e-type=\"container\" data-settings=\"{&quot;background_background&quot;:&quot;classic&quot;}\">\n\t\t\t\t\t<div class=\"e-con-inner\">\n\t\t\t\t<div class=\"elementor-element elementor-element-1b4cb46 elementor-widget elementor-widget-text-editor\" data-id=\"1b4cb46\" data-element_type=\"widget\" data-e-type=\"widget\" data-widget_type=\"text-editor.default\">\n\t\t\t\t\t\t\t\t\t<p dir=\"auto\">\n        <style>\n            .child-pages {\n                display: flex;\n                flex-wrap: wrap;\n                justify-content: center;\n                gap: 8px;\n                width: fit-content;\n                margin: 0 auto;\n                 padding:10px;\n            }\n            .child-pages li {\n                display: flex;\n                padding: 8px 16px;\n                flex-direction: column;\n                align-items: center;\n                border-radius: 4px;\n                background: #FFF;\n                list-style: none;\n            }\n            .child-pages li.active {\n                background: #CBD5E1;\n            }\n            .child-pages li a {\n                color: #000;\n                text-align: center;\n                font-family: Parabolica, sans-serif;\n                font-size: 14px;\n                font-style: normal;\n                font-weight: 400;\n                line-height: normal;\n                text-decoration: none;\n            }\n            .child-pages li a:hover {\n                text-decoration: underline;\n            }\n        <\/style>\n    <ul class=\"child-pages\"><li class=\"\"><a href=\"https:\/\/staging.pecb.com\/en\/about\">About<\/a><\/li><li class=\"\"><a href=\"https:\/\/staging.pecb.com\/fr\/about\/accreditations-and-affiliations\">Accr\u00e9ditations et Affiliations<\/a><\/li><li class=\"\"><a href=\"https:\/\/staging.pecb.com\/fr\/about\/code-of-ethics\">Code de d\u00e9ontologie<\/a><\/li><li class=\"\"><a href=\"https:\/\/staging.pecb.com\/fr\/about\/digital-trust\">Confiance num\u00e9rique : Construire un avenir s\u00fbr<\/a><\/li><li class=\"\"><a href=\"https:\/\/staging.pecb.com\/fr\/about\/statement-of-impartiality\">D\u00e9claration d\u2019impartialit\u00e9<\/a><\/li><li class=\"\"><a href=\"https:\/\/staging.pecb.com\/fr\/about\/gdpr-privacy-statement\">D\u00e9claration de protection de la vie priv\u00e9e RGPD<\/a><\/li><li class=\"\"><a href=\"https:\/\/staging.pecb.com\/fr\/about\/team\">PECB Management<\/a><\/li><li class=\"\"><a href=\"https:\/\/staging.pecb.com\/fr\/about\/pecb-code-of-ethics-violation-policy\">Politique Applicable en cas de Violation du Code de D\u00e9ontologie de PECB<\/a><\/li><li class=\"\"><a href=\"https:\/\/staging.pecb.com\/fr\/about\/certification-mark-use-policy\">Politique d\u2019utilisation de la marque<\/a><\/li><li class=\"\"><a href=\"https:\/\/staging.pecb.com\/fr\/about\/pecb-policy-regarding-canadian-and-international-economic-sanctions-and-the-countries-impacted\">Politique de PECB relative aux sanctions \u00e9conomiques canadiennes et internationales et aux pays concern\u00e9s<\/a><\/li><li class=\"\"><a href=\"https:\/\/staging.pecb.com\/fr\/about\/pecb-refund-policy\">Politique de remboursement<\/a><\/li><li class=\"\"><a href=\"https:\/\/staging.pecb.com\/fr\/about\/complaint-and-appeal-policy\">Politique en mati\u00e8re de plainte et d\u2019appel<\/a><\/li><li class=\"\"><a href=\"https:\/\/staging.pecb.com\/fr\/about\/behavior-policy\">Politique relative aux comportements<\/a><\/li><li class=\"\"><a href=\"https:\/\/staging.pecb.com\/fr\/about\/pecb-quality-and-information-security-policies\">Politiques de qualit\u00e9 et de s\u00e9curit\u00e9 de l\u2019information<\/a><\/li><li class=\"\"><a href=\"https:\/\/staging.pecb.com\/fr\/about\/pecb-certification-process\">Processus de certification<\/a><\/li><li class=\"\"><a href=\"https:\/\/staging.pecb.com\/fr\/about\/values-of-pecb-certification\">Valeur de la certification PECB<\/a><\/li><li class=\"\"><a href=\"https:\/\/staging.pecb.com\/fr\/about\/violation-of-pecb-brand-and-fraud-reporting-policy\">Violation de la marque PECB et de signalement des cas de fraude<\/a><\/li><\/ul><\/p>\t\t\t\t\t\t\t\t<\/div>\n\t\t\t\t\t<\/div>\n\t\t\t\t<\/div>\n\t\t<div class=\"elementor-element elementor-element-60794901 e-flex e-con-boxed e-con e-parent\" data-id=\"60794901\" data-element_type=\"container\" data-e-type=\"container\">\n\t\t\t\t\t<div class=\"e-con-inner\">\n\t\t\t\t<div class=\"elementor-element elementor-element-508d3c54 elementor-widget elementor-widget-heading\" data-id=\"508d3c54\" data-element_type=\"widget\" data-e-type=\"widget\" data-widget_type=\"heading.default\">\n\t\t\t\t\t<h2 class=\"elementor-heading-title elementor-size-default\">Disclaimer<\/h2>\t\t\t\t<\/div>\n\t\t\t\t<div class=\"elementor-element elementor-element-759a3816 elementor-widget elementor-widget-text-editor\" data-id=\"759a3816\" data-element_type=\"widget\" data-e-type=\"widget\" data-widget_type=\"text-editor.default\">\n\t\t\t\t\t\t\t\t\t<p><span style=\"font-size: 11px;\"><strong>Disclaimer :<\/strong> <em>Le terme \u00ab Certifi\u00e9 \u00bb renvoie aux exigences en mati\u00e8re des certifications ISO\/IEC 17024, et celui de \u00ab D\u00e9tenteur de certificats \u00bb renvoie aux exigences des programmes de certificats selon la norme ASTM E2659.<\/em><\/span><\/p><h2><strong>1.\u00a0D\u00e9cider quelle certification convient le mieux \u00e0 votre profil\u00a0<\/strong><\/h2><p>Chaque certification PECB est accompagn\u00e9e d\u2019une formation sp\u00e9cifique et d\u2019un ensemble d\u2019exigences en termes d\u2019exp\u00e9rience. Afin de d\u00e9terminer quel d\u00e9signation professionnelle vous convient le mieux, assurez-vous de v\u00e9rifier toutes les exigences d&rsquo;admissibilit\u00e9 pour les diff\u00e9rentes certifications ainsi que vos besoins professionnels.\u00a0<\/p><h2><strong>2.\u00a0Se pr\u00e9parer \u00e0 l&rsquo;examen<\/strong><\/h2><p>Les candidats sont responsables de leurs propres \u00e9tudes et de leur pr\u00e9paration \u00e0 l\u2019examen. Aucun ensemble sp\u00e9cifique de cours ou de programme d\u2019\u00e9tudes n\u2019est obligatoire au regard du processus de certification. Toutefois, la r\u00e9ussite d&rsquo;un cours ou d&rsquo;un programme d&rsquo;\u00e9tudes augmentera consid\u00e9rablement vos chances de r\u00e9ussir l&rsquo;examen d&rsquo;agr\u00e9ment PECB. Pour en savoir plus sur les examens, les domaines de comp\u00e9tences et les \u00e9nonc\u00e9s de connaissances, pri\u00e8re de consulter les\u00a0<a href=\"https:\/\/staging.pecb.com\/fr\/exam-preparation-guides\">Guides de pr\u00e9paration \u00e0 l&rsquo;examen de PECB<\/a>.<\/p><h2><strong>3.\u00a0Postuler et programmer un examen \u00a0<\/strong><\/h2><p>Les candidats doivent contacter l\u2019un de nos partenaires lesquels offrent des sessions de cours de formation et d\u2019examen \u00e0 travers le monde. Trouvez un prestataire de formation proche de chez vous en en surfant sur la page\u00a0<a href=\"https:\/\/staging.pecb.com\/fr\/partner\/active_partners\">Partenaires actifs de PECB.<\/a><\/p><p>En outre, vous trouverez le calendrier des\u00a0 formations PECB disponible sur la page\u00a0<a href=\"https:\/\/staging.pecb.com\/fr\/partnerEvent\/event_schedule_list\">\u00c9v\u00e9nements de formation de PECB<\/a>.<\/p><h2><strong>4.\u00a0Passer l\u2019examen<\/strong><\/h2><p>Les candidats devront arriver au moins trente (30) minutes avant le d\u00e9but de l\u2019examen de certification. Les candidats qui arrivent en retard ne pourront pas b\u00e9n\u00e9ficier d\u2019un d\u00e9lai suppl\u00e9mentaire pour compenser leur arriv\u00e9e tardive et peuvent se voir refuser l\u2019entr\u00e9e \u00e0 l\u2019examen. Tous les candidats doivent pr\u00e9senter une pi\u00e8ce d&rsquo;identit\u00e9 valide, telle qu&rsquo;une carte d&rsquo;identit\u00e9 nationale, un permis de conduire ou un passeport. La dur\u00e9e de l&rsquo;examen varie selon le type d&rsquo;examen pass\u00e9 (voir la description des diff\u00e9rents examens pour plus de d\u00e9tails). Un d\u00e9lai suppl\u00e9mentaire peut \u00eatre accord\u00e9 aux candidats qui passent l&rsquo;examen dans une langue autre que leur langue maternelle (\u00e0 la demande des candidats, le jour de l&rsquo;examen).<\/p><p><strong>Type d&rsquo;examen\u00a0<\/strong><\/p><p>Les examens de questions \u00e0 d\u00e9veloppement, aussi appel\u00e9s \u00a0\u00bb \u00e0 livres ouverts \u00ab\u00a0, sont des examens o\u00f9 les candidats sont autoris\u00e9s \u00e0 utiliser uniquement les documents de r\u00e9f\u00e9rence suivants :<\/p><ul style=\"margin-left: 40px;\"><li>Une copie de la norme en version papier ;\u00a0<\/li><li>Les notes de cours du manuel du participant ;<\/li><li>Toutes les notes personnelles prises par l&rsquo;\u00e9tudiant pendant la session de cours ;\u00a0<\/li><li>Un dictionnaire papier.\u00a0<\/li><\/ul><div>Pour de plus amples renseignements sur les d\u00e9tails de l&rsquo;examen, veuillez consulter les\u00a0<a href=\"https:\/\/staging.pecb.com\/fr\/examination-rules-and-policies\">R\u00e8gles et politiques d&rsquo;examen<\/a>.<\/div><h2><strong>5.\u00a0R\u00e9ception des r\u00e9sultats d\u2019examen<\/strong><\/h2><p>Les r\u00e9sultats vous seront communiqu\u00e9s par courrier \u00e9lectronique dans un d\u00e9lai de 6 \u00e0 8 semaines \u00e0 compter de la date de votre examen. Le candidat ne recevra que deux r\u00e9sultats possibles \u00e0 l&rsquo;examen : r\u00e9ussite ou \u00e9chec, plut\u00f4t qu&rsquo;une note exacte.\u00a0<\/p><p>En cas d\u2019\u00e9chec, les r\u00e9sultats seront accompagn\u00e9s de la liste des domaines dans lesquels le candidat n&rsquo;a pas enti\u00e8rement r\u00e9pondu \u00e0 la question. Les candidats qui sont en d\u00e9saccord avec les r\u00e9sultats de l&rsquo;examen peuvent d\u00e9poser leur r\u00e9clamation en \u00e9crivant \u00e0\u00a0<a href=\"mailto:examination@staging.pecb.com\">examination@staging.pecb.com<\/a>.\u00a0<\/p><h2><strong>6.\u00a0Faire une demande de certification<\/strong><\/h2><p>Tous les participants qui r\u00e9ussissent leur examen de certification (ou un \u00e9quivalent accept\u00e9 par PECB) ont le droit de demander les d\u00e9signations professionnelles de PECB pour lesquels ils ont \u00e9t\u00e9 \u00e9valu\u00e9s. Pour obtenir la certification PECB, il faut satisfaire \u00e0 des exigences sp\u00e9cifiques en mati\u00e8re d&rsquo;\u00e9tudes et d&rsquo;exp\u00e9rience professionnelle.<\/p><p>Les candidats doivent remplir le formulaire de demande de certification et tous les autres formulaires n\u00e9cessaires en ligne (accessibles en ligne via leur profil PECB), y compris les coordonn\u00e9es des personnes de r\u00e9f\u00e9rence qui seront contact\u00e9es pour valider l&rsquo;exp\u00e9rience professionnelle des candidats.\u00a0<\/p><p>Enfin, avant de soumettre la demande, le candidat peut choisir de payer en ligne ou d&rsquo;\u00eatre factur\u00e9. Si le candidat a besoin d&rsquo;informations compl\u00e9mentaires, il doit contacter\u00a0<a href=\"mailto:accounting@staging.pecb.com\">accounting@staging.pecb.com<\/a>\u00a0et\/ou\u00a0<a href=\"mailto:certification@staging.pecb.com\">certification@staging.pecb.com<\/a>.<\/p><p>L&rsquo;approbation de la demande a lieu sit\u00f4t que le service de certification valide que vous r\u00e9pondez \u00e0 toutes les exigences de certification concernant la d\u00e9signation professionnelle que vous avez demand\u00e9. Un courriel sera envoy\u00e9 \u00e0 l&rsquo;adresse \u00e9lectronique que vous avez fournie au cours du processus de demande afin de communiquer l&rsquo;\u00e9tat de votre demande. Si votre demande est approuv\u00e9e, vous pourrez alors t\u00e9l\u00e9charger votre certificat \u00e0 partir de votre compte de membre.\u00a0<\/p><h2><strong>7.\u00a0Maintien de la certification<\/strong><\/h2><p>Les certifications de PECB sont valides pendant trois ans. Pour maintenir la certification, le postulant doit d\u00e9montrer chaque ann\u00e9e qu&rsquo;il accomplit toujours des t\u00e2ches li\u00e9es \u00e0 la certification. Les professionnels certifi\u00e9s PECB doivent fournir annuellement \u00e0 PECB le nombre d&rsquo;heures d&rsquo;audit et\/ou de mise en \u0153uvre des t\u00e2ches qu&rsquo;ils ont effectu\u00e9es, ainsi que les coordonn\u00e9es des personnes qui peuvent confirmer ces t\u00e2ches. De plus, les professionnels certifi\u00e9s doivent payer r\u00e9guli\u00e8rement les frais annuels de maintien de la certification du PECB.\u00a0<\/p><p>Un courriel de notification est envoy\u00e9 \u00e0 nos membres certifi\u00e9s, lesquels sont tenus de soumettre leurs cr\u00e9dits de d\u00e9veloppement professionnel continu (DPC) ainsi que les frais annuels de maintenance (AMF) trois mois avant l&rsquo;\u00e9ch\u00e9ance de la date annuelle de leur certification. Les membres certifi\u00e9s PECB pourront ensuite soumettre leur DPC en visitant leur compte et en fournissant les informations requises pour la certification respective.<\/p>\t\t\t\t\t\t\t\t<\/div>\n\t\t\t\t\t<\/div>\n\t\t\t\t<\/div>\n\t\t\t\t<\/div>\n\t\t","protected":false},"excerpt":{"rendered":"<p>Processus de certification Disclaimer Disclaimer : Le terme \u00ab Certifi\u00e9 \u00bb renvoie aux exigences en mati\u00e8re des certifications ISO\/IEC 17024, et celui de \u00ab D\u00e9tenteur de certificats \u00bb renvoie aux exigences des programmes de certificats selon la norme ASTM E2659. 1.\u00a0D\u00e9cider quelle certification convient le mieux \u00e0 votre profil\u00a0 Chaque certification PECB est accompagn\u00e9e d\u2019une [&hellip;]<\/p>\n","protected":false},"author":2,"featured_media":0,"parent":25360,"menu_order":0,"comment_status":"closed","ping_status":"closed","template":"","meta":{"_acf_changed":false,"content-type":"","footnotes":""},"class_list":["post-26675","page","type-page","status-publish","hentry"],"acf":[],"yoast_head":"<!-- This site is optimized with the Yoast SEO plugin v26.9 - https:\/\/yoast.com\/product\/yoast-seo-wordpress\/ -->\n<title>Processus de certification - PECB<\/title>\n<meta name=\"robots\" content=\"index, follow, max-snippet:-1, max-image-preview:large, max-video-preview:-1\" \/>\n<link rel=\"canonical\" href=\"https:\/\/staging.pecb.com\/fr\/about\/pecb-certification-process\" \/>\n<meta property=\"og:locale\" content=\"fr_FR\" \/>\n<meta property=\"og:type\" content=\"article\" \/>\n<meta property=\"og:title\" content=\"Processus de certification - PECB\" \/>\n<meta property=\"og:description\" content=\"Processus de certification Disclaimer Disclaimer : Le terme \u00ab Certifi\u00e9 \u00bb renvoie aux exigences en mati\u00e8re des certifications ISO\/IEC 17024, et celui de \u00ab D\u00e9tenteur de certificats \u00bb renvoie aux exigences des programmes de certificats selon la norme ASTM E2659. 1.\u00a0D\u00e9cider quelle certification convient le mieux \u00e0 votre profil\u00a0 Chaque certification PECB est accompagn\u00e9e d\u2019une [&hellip;]\" \/>\n<meta property=\"og:url\" content=\"https:\/\/staging.pecb.com\/fr\/about\/pecb-certification-process\" \/>\n<meta property=\"og:site_name\" content=\"PECB\" \/>\n<meta property=\"article:publisher\" content=\"https:\/\/www.facebook.com\/PECBInternational\/\" \/>\n<meta property=\"article:modified_time\" content=\"2025-11-20T08:09:03+00:00\" \/>\n<meta name=\"twitter:card\" content=\"summary_large_image\" \/>\n<meta name=\"twitter:site\" content=\"@PECB\" \/>\n<meta name=\"twitter:label1\" content=\"Dur\u00e9e de lecture estim\u00e9e\" \/>\n\t<meta name=\"twitter:data1\" content=\"5 minutes\" \/>\n<script type=\"application\/ld+json\" class=\"yoast-schema-graph\">{\"@context\":\"https:\/\/schema.org\",\"@graph\":[{\"@type\":\"WebPage\",\"@id\":\"https:\/\/staging.pecb.com\/fr\/about\/pecb-certification-process\",\"url\":\"https:\/\/staging.pecb.com\/fr\/about\/pecb-certification-process\",\"name\":\"Processus de certification - PECB\",\"isPartOf\":{\"@id\":\"https:\/\/staging.pecb.com\/fr#website\"},\"datePublished\":\"2025-07-17T14:36:03+00:00\",\"dateModified\":\"2025-11-20T08:09:03+00:00\",\"breadcrumb\":{\"@id\":\"https:\/\/staging.pecb.com\/fr\/about\/pecb-certification-process#breadcrumb\"},\"inLanguage\":\"fr-FR\",\"potentialAction\":[{\"@type\":\"ReadAction\",\"target\":[\"https:\/\/staging.pecb.com\/fr\/about\/pecb-certification-process\"]}]},{\"@type\":\"BreadcrumbList\",\"@id\":\"https:\/\/staging.pecb.com\/fr\/about\/pecb-certification-process#breadcrumb\",\"itemListElement\":[{\"@type\":\"ListItem\",\"position\":1,\"name\":\"Home\",\"item\":\"https:\/\/staging.pecb.com\/fr\"},{\"@type\":\"ListItem\",\"position\":2,\"name\":\"\u00c0 propos\",\"item\":\"https:\/\/staging.pecb.com\/fr\/about\"},{\"@type\":\"ListItem\",\"position\":3,\"name\":\"Processus de certification\"}]},{\"@type\":\"WebSite\",\"@id\":\"https:\/\/staging.pecb.com\/fr#website\",\"url\":\"https:\/\/staging.pecb.com\/fr\",\"name\":\"PECB\",\"description\":\"\",\"publisher\":{\"@id\":\"https:\/\/staging.pecb.com\/fr#organization\"},\"potentialAction\":[{\"@type\":\"SearchAction\",\"target\":{\"@type\":\"EntryPoint\",\"urlTemplate\":\"https:\/\/staging.pecb.com\/fr?s={search_term_string}\"},\"query-input\":{\"@type\":\"PropertyValueSpecification\",\"valueRequired\":true,\"valueName\":\"search_term_string\"}}],\"inLanguage\":\"fr-FR\"},{\"@type\":\"Organization\",\"@id\":\"https:\/\/staging.pecb.com\/fr#organization\",\"name\":\"PECB\",\"url\":\"https:\/\/staging.pecb.com\/fr\",\"logo\":{\"@type\":\"ImageObject\",\"inLanguage\":\"fr-FR\",\"@id\":\"https:\/\/staging.pecb.com\/fr#\/schema\/logo\/image\/\",\"url\":\"https:\/\/staging.pecb.com\/wp-content\/uploads\/2025\/05\/Clip-path-group.svg\",\"contentUrl\":\"https:\/\/staging.pecb.com\/wp-content\/uploads\/2025\/05\/Clip-path-group.svg\",\"width\":96,\"height\":26,\"caption\":\"PECB\"},\"image\":{\"@id\":\"https:\/\/staging.pecb.com\/fr#\/schema\/logo\/image\/\"},\"sameAs\":[\"https:\/\/www.facebook.com\/PECBInternational\/\",\"https:\/\/x.com\/PECB\",\"https:\/\/www.linkedin.com\/company\/pecb\",\"https:\/\/www.youtube.com\/channel\/UCQPfrnIUa7Q0oBRyT8l5eTg\",\"https:\/\/www.instagram.com\/pecb.official\/\"]}]}<\/script>\n<!-- \/ Yoast SEO plugin. -->","yoast_head_json":{"title":"Processus de certification - PECB","robots":{"index":"index","follow":"follow","max-snippet":"max-snippet:-1","max-image-preview":"max-image-preview:large","max-video-preview":"max-video-preview:-1"},"canonical":"https:\/\/staging.pecb.com\/fr\/about\/pecb-certification-process","og_locale":"fr_FR","og_type":"article","og_title":"Processus de certification - PECB","og_description":"Processus de certification Disclaimer Disclaimer : Le terme \u00ab Certifi\u00e9 \u00bb renvoie aux exigences en mati\u00e8re des certifications ISO\/IEC 17024, et celui de \u00ab D\u00e9tenteur de certificats \u00bb renvoie aux exigences des programmes de certificats selon la norme ASTM E2659. 1.\u00a0D\u00e9cider quelle certification convient le mieux \u00e0 votre profil\u00a0 Chaque certification PECB est accompagn\u00e9e d\u2019une [&hellip;]","og_url":"https:\/\/staging.pecb.com\/fr\/about\/pecb-certification-process","og_site_name":"PECB","article_publisher":"https:\/\/www.facebook.com\/PECBInternational\/","article_modified_time":"2025-11-20T08:09:03+00:00","twitter_card":"summary_large_image","twitter_site":"@PECB","twitter_misc":{"Dur\u00e9e de lecture estim\u00e9e":"5 minutes"},"schema":{"@context":"https:\/\/schema.org","@graph":[{"@type":"WebPage","@id":"https:\/\/staging.pecb.com\/fr\/about\/pecb-certification-process","url":"https:\/\/staging.pecb.com\/fr\/about\/pecb-certification-process","name":"Processus de certification - PECB","isPartOf":{"@id":"https:\/\/staging.pecb.com\/fr#website"},"datePublished":"2025-07-17T14:36:03+00:00","dateModified":"2025-11-20T08:09:03+00:00","breadcrumb":{"@id":"https:\/\/staging.pecb.com\/fr\/about\/pecb-certification-process#breadcrumb"},"inLanguage":"fr-FR","potentialAction":[{"@type":"ReadAction","target":["https:\/\/staging.pecb.com\/fr\/about\/pecb-certification-process"]}]},{"@type":"BreadcrumbList","@id":"https:\/\/staging.pecb.com\/fr\/about\/pecb-certification-process#breadcrumb","itemListElement":[{"@type":"ListItem","position":1,"name":"Home","item":"https:\/\/staging.pecb.com\/fr"},{"@type":"ListItem","position":2,"name":"\u00c0 propos","item":"https:\/\/staging.pecb.com\/fr\/about"},{"@type":"ListItem","position":3,"name":"Processus de certification"}]},{"@type":"WebSite","@id":"https:\/\/staging.pecb.com\/fr#website","url":"https:\/\/staging.pecb.com\/fr","name":"PECB","description":"","publisher":{"@id":"https:\/\/staging.pecb.com\/fr#organization"},"potentialAction":[{"@type":"SearchAction","target":{"@type":"EntryPoint","urlTemplate":"https:\/\/staging.pecb.com\/fr?s={search_term_string}"},"query-input":{"@type":"PropertyValueSpecification","valueRequired":true,"valueName":"search_term_string"}}],"inLanguage":"fr-FR"},{"@type":"Organization","@id":"https:\/\/staging.pecb.com\/fr#organization","name":"PECB","url":"https:\/\/staging.pecb.com\/fr","logo":{"@type":"ImageObject","inLanguage":"fr-FR","@id":"https:\/\/staging.pecb.com\/fr#\/schema\/logo\/image\/","url":"https:\/\/staging.pecb.com\/wp-content\/uploads\/2025\/05\/Clip-path-group.svg","contentUrl":"https:\/\/staging.pecb.com\/wp-content\/uploads\/2025\/05\/Clip-path-group.svg","width":96,"height":26,"caption":"PECB"},"image":{"@id":"https:\/\/staging.pecb.com\/fr#\/schema\/logo\/image\/"},"sameAs":["https:\/\/www.facebook.com\/PECBInternational\/","https:\/\/x.com\/PECB","https:\/\/www.linkedin.com\/company\/pecb","https:\/\/www.youtube.com\/channel\/UCQPfrnIUa7Q0oBRyT8l5eTg","https:\/\/www.instagram.com\/pecb.official\/"]}]}},"_links":{"self":[{"href":"https:\/\/staging.pecb.com\/fr\/wp-json\/wp\/v2\/pages\/26675","targetHints":{"allow":["GET"]}}],"collection":[{"href":"https:\/\/staging.pecb.com\/fr\/wp-json\/wp\/v2\/pages"}],"about":[{"href":"https:\/\/staging.pecb.com\/fr\/wp-json\/wp\/v2\/types\/page"}],"author":[{"embeddable":true,"href":"https:\/\/staging.pecb.com\/fr\/wp-json\/wp\/v2\/users\/2"}],"replies":[{"embeddable":true,"href":"https:\/\/staging.pecb.com\/fr\/wp-json\/wp\/v2\/comments?post=26675"}],"version-history":[{"count":0,"href":"https:\/\/staging.pecb.com\/fr\/wp-json\/wp\/v2\/pages\/26675\/revisions"}],"up":[{"embeddable":true,"href":"https:\/\/staging.pecb.com\/fr\/wp-json\/wp\/v2\/pages\/25360"}],"wp:attachment":[{"href":"https:\/\/staging.pecb.com\/fr\/wp-json\/wp\/v2\/media?parent=26675"}],"curies":[{"name":"wp","href":"https:\/\/api.w.org\/{rel}","templated":true}]}}