{"id":26672,"date":"2025-07-18T05:53:40","date_gmt":"2025-07-18T05:53:40","guid":{"rendered":"https:\/\/pecb.com\/about\/certification-mark-use-policy"},"modified":"2025-11-17T17:12:17","modified_gmt":"2025-11-17T16:12:17","slug":"certification-mark-use-policy","status":"publish","type":"page","link":"https:\/\/staging.pecb.com\/fr\/about\/certification-mark-use-policy","title":{"rendered":"Politique d\u2019utilisation de la marque"},"content":{"rendered":"\t\t<div data-elementor-type=\"wp-page\" data-elementor-id=\"26672\" class=\"elementor elementor-26672 elementor-15885\" data-elementor-post-type=\"page\">\n\t\t\t\t<div class=\"elementor-element elementor-element-539e5e36 e-flex e-con-boxed e-con e-parent\" data-id=\"539e5e36\" data-element_type=\"container\" data-e-type=\"container\" data-settings=\"{&quot;background_background&quot;:&quot;classic&quot;}\">\n\t\t\t\t\t<div class=\"e-con-inner\">\n\t\t\t\t<div class=\"elementor-element elementor-element-6bcd41d6 elementor-widget elementor-widget-heading\" data-id=\"6bcd41d6\" data-element_type=\"widget\" data-e-type=\"widget\" data-widget_type=\"heading.default\">\n\t\t\t\t\t<h1 class=\"elementor-heading-title elementor-size-default\">Politique d\u2019utilisation de la marque<\/h1>\t\t\t\t<\/div>\n\t\t\t\t\t<\/div>\n\t\t\t\t<\/div>\n\t\t<div class=\"elementor-element elementor-element-58273f6 e-flex e-con-boxed e-con e-parent\" data-id=\"58273f6\" data-element_type=\"container\" data-e-type=\"container\" data-settings=\"{&quot;background_background&quot;:&quot;classic&quot;}\">\n\t\t\t\t\t<div class=\"e-con-inner\">\n\t\t\t\t<div class=\"elementor-element elementor-element-f60f80a elementor-widget elementor-widget-text-editor\" data-id=\"f60f80a\" data-element_type=\"widget\" data-e-type=\"widget\" data-widget_type=\"text-editor.default\">\n\t\t\t\t\t\t\t\t\t<p dir=\"auto\">\n        <style>\n            .child-pages {\n                display: flex;\n                flex-wrap: wrap;\n                justify-content: center;\n                gap: 8px;\n                width: fit-content;\n                margin: 0 auto;\n                 padding:10px;\n            }\n            .child-pages li {\n                display: flex;\n                padding: 8px 16px;\n                flex-direction: column;\n                align-items: center;\n                border-radius: 4px;\n                background: #FFF;\n                list-style: none;\n            }\n            .child-pages li.active {\n                background: #CBD5E1;\n            }\n            .child-pages li a {\n                color: #000;\n                text-align: center;\n                font-family: Parabolica, sans-serif;\n                font-size: 14px;\n                font-style: normal;\n                font-weight: 400;\n                line-height: normal;\n                text-decoration: none;\n            }\n            .child-pages li a:hover {\n                text-decoration: underline;\n            }\n        <\/style>\n    <ul class=\"child-pages\"><li class=\"\"><a href=\"https:\/\/staging.pecb.com\/en\/about\">About<\/a><\/li><li class=\"\"><a href=\"https:\/\/staging.pecb.com\/fr\/about\/accreditations-and-affiliations\">Accr\u00e9ditations et Affiliations<\/a><\/li><li class=\"\"><a href=\"https:\/\/staging.pecb.com\/fr\/about\/code-of-ethics\">Code de d\u00e9ontologie<\/a><\/li><li class=\"\"><a href=\"https:\/\/staging.pecb.com\/fr\/about\/digital-trust\">Confiance num\u00e9rique : Construire un avenir s\u00fbr<\/a><\/li><li class=\"\"><a href=\"https:\/\/staging.pecb.com\/fr\/about\/statement-of-impartiality\">D\u00e9claration d\u2019impartialit\u00e9<\/a><\/li><li class=\"\"><a href=\"https:\/\/staging.pecb.com\/fr\/about\/gdpr-privacy-statement\">D\u00e9claration de protection de la vie priv\u00e9e RGPD<\/a><\/li><li class=\"\"><a href=\"https:\/\/staging.pecb.com\/fr\/about\/team\">PECB Management<\/a><\/li><li class=\"\"><a href=\"https:\/\/staging.pecb.com\/fr\/about\/pecb-code-of-ethics-violation-policy\">Politique Applicable en cas de Violation du Code de D\u00e9ontologie de PECB<\/a><\/li><li class=\"\"><a href=\"https:\/\/staging.pecb.com\/fr\/about\/certification-mark-use-policy\">Politique d\u2019utilisation de la marque<\/a><\/li><li class=\"\"><a href=\"https:\/\/staging.pecb.com\/fr\/about\/pecb-policy-regarding-canadian-and-international-economic-sanctions-and-the-countries-impacted\">Politique de PECB relative aux sanctions \u00e9conomiques canadiennes et internationales et aux pays concern\u00e9s<\/a><\/li><li class=\"\"><a href=\"https:\/\/staging.pecb.com\/fr\/about\/pecb-refund-policy\">Politique de remboursement<\/a><\/li><li class=\"\"><a href=\"https:\/\/staging.pecb.com\/fr\/about\/complaint-and-appeal-policy\">Politique en mati\u00e8re de plainte et d\u2019appel<\/a><\/li><li class=\"\"><a href=\"https:\/\/staging.pecb.com\/fr\/about\/behavior-policy\">Politique relative aux comportements<\/a><\/li><li class=\"\"><a href=\"https:\/\/staging.pecb.com\/fr\/about\/pecb-quality-and-information-security-policies\">Politiques de qualit\u00e9 et de s\u00e9curit\u00e9 de l\u2019information<\/a><\/li><li class=\"\"><a href=\"https:\/\/staging.pecb.com\/fr\/about\/pecb-certification-process\">Processus de certification<\/a><\/li><li class=\"\"><a href=\"https:\/\/staging.pecb.com\/fr\/about\/values-of-pecb-certification\">Valeur de la certification PECB<\/a><\/li><li class=\"\"><a href=\"https:\/\/staging.pecb.com\/fr\/about\/violation-of-pecb-brand-and-fraud-reporting-policy\">Violation de la marque PECB et de signalement des cas de fraude<\/a><\/li><\/ul><\/p>\t\t\t\t\t\t\t\t<\/div>\n\t\t\t\t\t<\/div>\n\t\t\t\t<\/div>\n\t\t<div class=\"elementor-element elementor-element-1f220569 e-flex e-con-boxed e-con e-parent\" data-id=\"1f220569\" data-element_type=\"container\" data-e-type=\"container\">\n\t\t\t\t\t<div class=\"e-con-inner\">\n\t\t\t\t<div class=\"elementor-element elementor-element-47a257b3 elementor-widget elementor-widget-text-editor\" data-id=\"47a257b3\" data-element_type=\"widget\" data-e-type=\"widget\" data-widget_type=\"text-editor.default\">\n\t\t\t\t\t\t\t\t\t<p><strong>Avis de non-responsabilit\u00e9 :\u00a0<\/strong><em>Le terme \u00ab certifi\u00e9 \u00bb fait r\u00e9f\u00e9rence aux exigences des certifications conform\u00e9ment \u00e0 la norme ISO\/IEC 17024, et le terme \u00ab d\u00e9tenteur de certificat \u00bb fait r\u00e9f\u00e9rence aux exigences des programmes de certificat conform\u00e9ment \u00e0 la norme ASTM E2659.<\/em><\/p><p>\u00a0<\/p><h2><strong>1. <\/strong><strong>Objectif<\/strong><\/h2><p>La pr\u00e9sente politique \u00e9tablit les exigences relatives \u00e0 l\u2019utilisation de toutes les marques d\u00e9pos\u00e9es et marques de certification de PECB, y compris celles li\u00e9es aux certificats professionnels et aux badges num\u00e9riques.<\/p><p>\u00a0<\/p><h2><strong>2. <\/strong><strong>Domaine d\u2019application<\/strong><\/h2><p>La pr\u00e9sente politique s\u2019applique \u00e0 tous les professionnels certifi\u00e9s par PECB ainsi qu\u2019aux d\u00e9tenteurs de certificat ayant satisfait \u00e0 toutes les exigences applicables de qualification, de certification et de programme de certificat \u00e9tablies par PECB.<\/p><p>\u00a0<\/p><h2><strong>3. <\/strong><strong>Propri\u00e9t\u00e9 des marques de certification et des programmes de certificat de PECBPropri\u00e9t\u00e9 des marques de certification et des programmes de certificat de PECB<\/strong><\/h2><p>Le logo qui suit est d\u00e9tenu et contr\u00f4l\u00e9 par PECB :<\/p><p><img decoding=\"async\" class=\"alignnone size-full wp-image-26952\" src=\"http:\/\/staging.pecb.com\/wp-content\/uploads\/2025\/08\/pecb-new-logo4.png\" alt=\"pecb logo\" width=\"300\" height=\"95\" \/><\/p><h2>\u00a0<\/h2><h2><strong>4. <\/strong><strong>Informations sur l\u2019utilisation du certificat professionnel et du badge num\u00e9rique de PECB<\/strong><\/h2><p><u style=\"text-align: justify;\"><strong><span style=\"color: #a11e29;\">Certificat professionnel<\/span><\/strong><\/u><\/p><p>Il s&rsquo;agit d&rsquo;un exemple de certificat d\u00e9livr\u00e9 \u00e0 toutes les personnes qui ont r\u00e9ussi un examen PECB particulier et qui remplissent les crit\u00e8res pour obtenir une certification PECB. Le propri\u00e9taire ne peut utiliser la marque \u00e0 d&rsquo;autres fins que la certification.<\/p><p>CERTIFICATE pour les programmes de certification conform\u00e9ment \u00e0 la norme ISO\/IEC 17024 :<\/p><p><img fetchpriority=\"high\" decoding=\"async\" class=\"alignnone wp-image-26957 size-full\" src=\"http:\/\/staging.pecb.com\/wp-content\/uploads\/2025\/08\/pecb-certificate-iso-iec-27001-lead-auditor.png\" alt=\"pecb certificate\" width=\"1022\" height=\"698\" srcset=\"https:\/\/staging.pecb.com\/wp-content\/uploads\/2025\/08\/pecb-certificate-iso-iec-27001-lead-auditor.png 1022w, https:\/\/staging.pecb.com\/wp-content\/uploads\/2025\/08\/pecb-certificate-iso-iec-27001-lead-auditor-600x410.png 600w, https:\/\/staging.pecb.com\/wp-content\/uploads\/2025\/08\/pecb-certificate-iso-iec-27001-lead-auditor-300x205.png 300w, https:\/\/staging.pecb.com\/wp-content\/uploads\/2025\/08\/pecb-certificate-iso-iec-27001-lead-auditor-768x525.png 768w\" sizes=\"(max-width: 1022px) 100vw, 1022px\" \/><\/p><p>2 CERTIFICATE pour les programmes de certification conform\u00e9ment \u00e0 la norme ASTM E2659\u00a0:<\/p><p><img decoding=\"async\" class=\"alignnone wp-image-26964 size-full\" src=\"http:\/\/staging.pecb.com\/wp-content\/uploads\/2025\/08\/pecb-certificate-iso-iec-27001-2022-foundation-v2.jpg\" alt=\"\" width=\"600\" height=\"424\" srcset=\"https:\/\/staging.pecb.com\/wp-content\/uploads\/2025\/08\/pecb-certificate-iso-iec-27001-2022-foundation-v2.jpg 600w, https:\/\/staging.pecb.com\/wp-content\/uploads\/2025\/08\/pecb-certificate-iso-iec-27001-2022-foundation-v2-300x212.jpg 300w\" sizes=\"(max-width: 600px) 100vw, 600px\" \/><\/p><p><strong>Note:<\/strong> Ce certificat est d\u00e9livr\u00e9 aux personnes qui ont suivi la formation et pass\u00e9 l\u2019examen sur la base de la version mise \u00e0 jour de la norme ISO\/IEC 27001:2022.<\/p><p><u style=\"text-align: justify;\"><strong><span style=\"color: #a11e29;\">Badge num\u00e9rique<\/span><\/strong><\/u><\/p><p>Il s&rsquo;agit d&rsquo;un exemple de badge num\u00e9rique d\u00e9livr\u00e9 \u00e0 toutes les personnes qui ont obtenu un certificat aupr\u00e8s de PECB. Un d\u00e9tenteur de certificat peut utiliser le badge num\u00e9rique pour communiquer l&rsquo;obtention du certificat.<\/p><p>Badge num\u00e9rique pour les programmes de certification conform\u00e9ment \u00e0 la norme ISO\/IEC 17024 :<\/p><p><img loading=\"lazy\" decoding=\"async\" class=\"alignnone size-full wp-image-26970\" src=\"http:\/\/staging.pecb.com\/wp-content\/uploads\/2025\/08\/pecb-iso-iec-27001-lead-auditor-digital-badge.jpg\" alt=\"\" width=\"200\" height=\"200\" srcset=\"https:\/\/staging.pecb.com\/wp-content\/uploads\/2025\/08\/pecb-iso-iec-27001-lead-auditor-digital-badge.jpg 200w, https:\/\/staging.pecb.com\/wp-content\/uploads\/2025\/08\/pecb-iso-iec-27001-lead-auditor-digital-badge-100x100.jpg 100w, https:\/\/staging.pecb.com\/wp-content\/uploads\/2025\/08\/pecb-iso-iec-27001-lead-auditor-digital-badge-150x150.jpg 150w\" sizes=\"(max-width: 200px) 100vw, 200px\" \/><\/p><p>Badge num\u00e9rique pour les programmes de certification conform\u00e9ment \u00e0 la norme ASTM E2659<\/p><p><img loading=\"lazy\" decoding=\"async\" class=\"alignnone size-full wp-image-26975\" src=\"http:\/\/staging.pecb.com\/wp-content\/uploads\/2025\/08\/pecb-iso-iec-27001-2022-foundtion-digital-badge.jpg\" alt=\"\" width=\"200\" height=\"200\" srcset=\"https:\/\/staging.pecb.com\/wp-content\/uploads\/2025\/08\/pecb-iso-iec-27001-2022-foundtion-digital-badge.jpg 200w, https:\/\/staging.pecb.com\/wp-content\/uploads\/2025\/08\/pecb-iso-iec-27001-2022-foundtion-digital-badge-100x100.jpg 100w, https:\/\/staging.pecb.com\/wp-content\/uploads\/2025\/08\/pecb-iso-iec-27001-2022-foundtion-digital-badge-150x150.jpg 150w\" sizes=\"(max-width: 200px) 100vw, 200px\" \/><\/p><p><strong>Note: <\/strong>Ce badge num\u00e9rique est d\u00e9livr\u00e9 aux personnes qui ont suivi la formation et pass\u00e9 l\u2019examen sur la base de la version mise \u00e0 jour de la norme ISO\/IEC 27001:2022.<\/p><p>\u00a0<\/p><h2><strong>5. Autorisation de l&rsquo;utilisation de la marque de certification de PECB<\/strong><\/h2><p>PECB accorde l&rsquo;autorisation d&rsquo;utiliser les marques de certification et de programmes de certification de PECB aux professionnels certifi\u00e9s PECB et d\u00e9tenteurs de certificat qui ont satisfait \u00e0 toutes les exigences applicables de qualification, de certification et de programme de certificat \u00e9tablies par PECB. Chaque professionnel certifi\u00e9 PECB et d\u00e9tenteur de certificat est autoris\u00e9 \u00e0 utiliser uniquement la marque du programme de certification qui repr\u00e9sente la certification et le programme de certification appropri\u00e9s.<\/p><p>Chaque professionnel certifi\u00e9 PECB et d\u00e9tenteur de certificat peut utiliser la marque du programme de certification PECB appropri\u00e9 dans les documents professionnels et commerciaux, tels que les cartes de visite et les signatures e-mail.<\/p><p><strong>Incessibilit\u00e9 et non-transf\u00e9rabilit\u00e9<\/strong><\/p><p>L\u2019autorisation d&rsquo;utiliser la marque du programme de certification PECB est restreinte \u00e0 la personne certifi\u00e9e et d\u00e9tentrice de certificat et ne peut \u00eatre transf\u00e9r\u00e9e, c\u00e9d\u00e9e ou utilis\u00e9e de toute autre mani\u00e8re par une autre personne, organisation ou entit\u00e9.<\/p><p>\u00a0<\/p><h2><strong>6. <\/strong><strong>Dispositions en cas de non-respect des r\u00e8gles d\u2019utilisation<\/strong><\/h2><p>Apr\u00e8s r\u00e9ception des informations indiquant une utilisation inappropri\u00e9e ou non autoris\u00e9e de la marque du programme de certification, PECB d\u00e9terminera s&rsquo;il convient de prendre des mesures correctives, notamment :<\/p><ol><li>L&rsquo;utilisation pr\u00e9sum\u00e9e inappropri\u00e9e ou non autoris\u00e9e de la marque sera pass\u00e9e en revue.<\/li><li>En cas de violation de notre politique, PECB intimera \u00e0 la (les) personne (s) et\/ou \u00e0 l\u2019organisation ou aux organisations en cause de cesser toute utilisation non autoris\u00e9e.<\/li><li>Si la violation de la politique n&rsquo;est pas corrig\u00e9e, des actions en justice ou des sanctions appropri\u00e9es seront prises, y compris la suspension, la r\u00e9vocation ou la r\u00e9siliation de la certification.<\/li><\/ol>\t\t\t\t\t\t\t\t<\/div>\n\t\t\t\t\t<\/div>\n\t\t\t\t<\/div>\n\t\t\t\t<\/div>\n\t\t","protected":false},"excerpt":{"rendered":"<p>Politique d\u2019utilisation de la marque Avis de non-responsabilit\u00e9 :\u00a0Le terme \u00ab certifi\u00e9 \u00bb fait r\u00e9f\u00e9rence aux exigences des certifications conform\u00e9ment \u00e0 la norme ISO\/IEC 17024, et le terme \u00ab d\u00e9tenteur de certificat \u00bb fait r\u00e9f\u00e9rence aux exigences des programmes de certificat conform\u00e9ment \u00e0 la norme ASTM E2659. \u00a0 1. Objectif La pr\u00e9sente politique \u00e9tablit les [&hellip;]<\/p>\n","protected":false},"author":2,"featured_media":0,"parent":25360,"menu_order":0,"comment_status":"closed","ping_status":"closed","template":"","meta":{"_acf_changed":false,"content-type":"","footnotes":""},"class_list":["post-26672","page","type-page","status-publish","hentry"],"acf":[],"yoast_head":"<!-- This site is optimized with the Yoast SEO plugin v26.9 - https:\/\/yoast.com\/product\/yoast-seo-wordpress\/ -->\n<title>Politique d\u2019utilisation de la marque - PECB<\/title>\n<meta name=\"robots\" content=\"index, follow, max-snippet:-1, max-image-preview:large, max-video-preview:-1\" \/>\n<link rel=\"canonical\" href=\"https:\/\/staging.pecb.com\/fr\/about\/certification-mark-use-policy\" \/>\n<meta property=\"og:locale\" content=\"fr_FR\" \/>\n<meta property=\"og:type\" content=\"article\" \/>\n<meta property=\"og:title\" content=\"Politique d\u2019utilisation de la marque - PECB\" \/>\n<meta property=\"og:description\" content=\"Politique d\u2019utilisation de la marque Avis de non-responsabilit\u00e9 :\u00a0Le terme \u00ab certifi\u00e9 \u00bb fait r\u00e9f\u00e9rence aux exigences des certifications conform\u00e9ment \u00e0 la norme ISO\/IEC 17024, et le terme \u00ab d\u00e9tenteur de certificat \u00bb fait r\u00e9f\u00e9rence aux exigences des programmes de certificat conform\u00e9ment \u00e0 la norme ASTM E2659. \u00a0 1. Objectif La pr\u00e9sente politique \u00e9tablit les [&hellip;]\" \/>\n<meta property=\"og:url\" content=\"https:\/\/staging.pecb.com\/fr\/about\/certification-mark-use-policy\" \/>\n<meta property=\"og:site_name\" content=\"PECB\" \/>\n<meta property=\"article:publisher\" content=\"https:\/\/www.facebook.com\/PECBInternational\/\" \/>\n<meta property=\"article:modified_time\" content=\"2025-11-17T16:12:17+00:00\" \/>\n<meta property=\"og:image\" content=\"http:\/\/staging.pecb.com\/wp-content\/uploads\/2025\/08\/pecb-new-logo4.png\" \/>\n<meta name=\"twitter:card\" content=\"summary_large_image\" \/>\n<meta name=\"twitter:site\" content=\"@PECB\" \/>\n<meta name=\"twitter:label1\" content=\"Dur\u00e9e de lecture estim\u00e9e\" \/>\n\t<meta name=\"twitter:data1\" content=\"5 minutes\" \/>\n<script type=\"application\/ld+json\" class=\"yoast-schema-graph\">{\"@context\":\"https:\/\/schema.org\",\"@graph\":[{\"@type\":\"WebPage\",\"@id\":\"https:\/\/staging.pecb.com\/fr\/about\/certification-mark-use-policy\",\"url\":\"https:\/\/staging.pecb.com\/fr\/about\/certification-mark-use-policy\",\"name\":\"Politique d\u2019utilisation de la marque - PECB\",\"isPartOf\":{\"@id\":\"https:\/\/staging.pecb.com\/fr#website\"},\"primaryImageOfPage\":{\"@id\":\"https:\/\/staging.pecb.com\/fr\/about\/certification-mark-use-policy#primaryimage\"},\"image\":{\"@id\":\"https:\/\/staging.pecb.com\/fr\/about\/certification-mark-use-policy#primaryimage\"},\"thumbnailUrl\":\"http:\/\/staging.pecb.com\/wp-content\/uploads\/2025\/08\/pecb-new-logo4.png\",\"datePublished\":\"2025-07-18T05:53:40+00:00\",\"dateModified\":\"2025-11-17T16:12:17+00:00\",\"breadcrumb\":{\"@id\":\"https:\/\/staging.pecb.com\/fr\/about\/certification-mark-use-policy#breadcrumb\"},\"inLanguage\":\"fr-FR\",\"potentialAction\":[{\"@type\":\"ReadAction\",\"target\":[\"https:\/\/staging.pecb.com\/fr\/about\/certification-mark-use-policy\"]}]},{\"@type\":\"ImageObject\",\"inLanguage\":\"fr-FR\",\"@id\":\"https:\/\/staging.pecb.com\/fr\/about\/certification-mark-use-policy#primaryimage\",\"url\":\"http:\/\/staging.pecb.com\/wp-content\/uploads\/2025\/08\/pecb-new-logo4.png\",\"contentUrl\":\"http:\/\/staging.pecb.com\/wp-content\/uploads\/2025\/08\/pecb-new-logo4.png\"},{\"@type\":\"BreadcrumbList\",\"@id\":\"https:\/\/staging.pecb.com\/fr\/about\/certification-mark-use-policy#breadcrumb\",\"itemListElement\":[{\"@type\":\"ListItem\",\"position\":1,\"name\":\"Home\",\"item\":\"https:\/\/staging.pecb.com\/fr\"},{\"@type\":\"ListItem\",\"position\":2,\"name\":\"\u00c0 propos\",\"item\":\"https:\/\/staging.pecb.com\/fr\/about\"},{\"@type\":\"ListItem\",\"position\":3,\"name\":\"Politique d\u2019utilisation de la marque\"}]},{\"@type\":\"WebSite\",\"@id\":\"https:\/\/staging.pecb.com\/fr#website\",\"url\":\"https:\/\/staging.pecb.com\/fr\",\"name\":\"PECB\",\"description\":\"\",\"publisher\":{\"@id\":\"https:\/\/staging.pecb.com\/fr#organization\"},\"potentialAction\":[{\"@type\":\"SearchAction\",\"target\":{\"@type\":\"EntryPoint\",\"urlTemplate\":\"https:\/\/staging.pecb.com\/fr?s={search_term_string}\"},\"query-input\":{\"@type\":\"PropertyValueSpecification\",\"valueRequired\":true,\"valueName\":\"search_term_string\"}}],\"inLanguage\":\"fr-FR\"},{\"@type\":\"Organization\",\"@id\":\"https:\/\/staging.pecb.com\/fr#organization\",\"name\":\"PECB\",\"url\":\"https:\/\/staging.pecb.com\/fr\",\"logo\":{\"@type\":\"ImageObject\",\"inLanguage\":\"fr-FR\",\"@id\":\"https:\/\/staging.pecb.com\/fr#\/schema\/logo\/image\/\",\"url\":\"https:\/\/staging.pecb.com\/wp-content\/uploads\/2025\/05\/Clip-path-group.svg\",\"contentUrl\":\"https:\/\/staging.pecb.com\/wp-content\/uploads\/2025\/05\/Clip-path-group.svg\",\"width\":96,\"height\":26,\"caption\":\"PECB\"},\"image\":{\"@id\":\"https:\/\/staging.pecb.com\/fr#\/schema\/logo\/image\/\"},\"sameAs\":[\"https:\/\/www.facebook.com\/PECBInternational\/\",\"https:\/\/x.com\/PECB\",\"https:\/\/www.linkedin.com\/company\/pecb\",\"https:\/\/www.youtube.com\/channel\/UCQPfrnIUa7Q0oBRyT8l5eTg\",\"https:\/\/www.instagram.com\/pecb.official\/\"]}]}<\/script>\n<!-- \/ Yoast SEO plugin. -->","yoast_head_json":{"title":"Politique d\u2019utilisation de la marque - PECB","robots":{"index":"index","follow":"follow","max-snippet":"max-snippet:-1","max-image-preview":"max-image-preview:large","max-video-preview":"max-video-preview:-1"},"canonical":"https:\/\/staging.pecb.com\/fr\/about\/certification-mark-use-policy","og_locale":"fr_FR","og_type":"article","og_title":"Politique d\u2019utilisation de la marque - PECB","og_description":"Politique d\u2019utilisation de la marque Avis de non-responsabilit\u00e9 :\u00a0Le terme \u00ab certifi\u00e9 \u00bb fait r\u00e9f\u00e9rence aux exigences des certifications conform\u00e9ment \u00e0 la norme ISO\/IEC 17024, et le terme \u00ab d\u00e9tenteur de certificat \u00bb fait r\u00e9f\u00e9rence aux exigences des programmes de certificat conform\u00e9ment \u00e0 la norme ASTM E2659. \u00a0 1. Objectif La pr\u00e9sente politique \u00e9tablit les [&hellip;]","og_url":"https:\/\/staging.pecb.com\/fr\/about\/certification-mark-use-policy","og_site_name":"PECB","article_publisher":"https:\/\/www.facebook.com\/PECBInternational\/","article_modified_time":"2025-11-17T16:12:17+00:00","og_image":[{"url":"http:\/\/staging.pecb.com\/wp-content\/uploads\/2025\/08\/pecb-new-logo4.png","type":"","width":"","height":""}],"twitter_card":"summary_large_image","twitter_site":"@PECB","twitter_misc":{"Dur\u00e9e de lecture estim\u00e9e":"5 minutes"},"schema":{"@context":"https:\/\/schema.org","@graph":[{"@type":"WebPage","@id":"https:\/\/staging.pecb.com\/fr\/about\/certification-mark-use-policy","url":"https:\/\/staging.pecb.com\/fr\/about\/certification-mark-use-policy","name":"Politique d\u2019utilisation de la marque - PECB","isPartOf":{"@id":"https:\/\/staging.pecb.com\/fr#website"},"primaryImageOfPage":{"@id":"https:\/\/staging.pecb.com\/fr\/about\/certification-mark-use-policy#primaryimage"},"image":{"@id":"https:\/\/staging.pecb.com\/fr\/about\/certification-mark-use-policy#primaryimage"},"thumbnailUrl":"http:\/\/staging.pecb.com\/wp-content\/uploads\/2025\/08\/pecb-new-logo4.png","datePublished":"2025-07-18T05:53:40+00:00","dateModified":"2025-11-17T16:12:17+00:00","breadcrumb":{"@id":"https:\/\/staging.pecb.com\/fr\/about\/certification-mark-use-policy#breadcrumb"},"inLanguage":"fr-FR","potentialAction":[{"@type":"ReadAction","target":["https:\/\/staging.pecb.com\/fr\/about\/certification-mark-use-policy"]}]},{"@type":"ImageObject","inLanguage":"fr-FR","@id":"https:\/\/staging.pecb.com\/fr\/about\/certification-mark-use-policy#primaryimage","url":"http:\/\/staging.pecb.com\/wp-content\/uploads\/2025\/08\/pecb-new-logo4.png","contentUrl":"http:\/\/staging.pecb.com\/wp-content\/uploads\/2025\/08\/pecb-new-logo4.png"},{"@type":"BreadcrumbList","@id":"https:\/\/staging.pecb.com\/fr\/about\/certification-mark-use-policy#breadcrumb","itemListElement":[{"@type":"ListItem","position":1,"name":"Home","item":"https:\/\/staging.pecb.com\/fr"},{"@type":"ListItem","position":2,"name":"\u00c0 propos","item":"https:\/\/staging.pecb.com\/fr\/about"},{"@type":"ListItem","position":3,"name":"Politique d\u2019utilisation de la marque"}]},{"@type":"WebSite","@id":"https:\/\/staging.pecb.com\/fr#website","url":"https:\/\/staging.pecb.com\/fr","name":"PECB","description":"","publisher":{"@id":"https:\/\/staging.pecb.com\/fr#organization"},"potentialAction":[{"@type":"SearchAction","target":{"@type":"EntryPoint","urlTemplate":"https:\/\/staging.pecb.com\/fr?s={search_term_string}"},"query-input":{"@type":"PropertyValueSpecification","valueRequired":true,"valueName":"search_term_string"}}],"inLanguage":"fr-FR"},{"@type":"Organization","@id":"https:\/\/staging.pecb.com\/fr#organization","name":"PECB","url":"https:\/\/staging.pecb.com\/fr","logo":{"@type":"ImageObject","inLanguage":"fr-FR","@id":"https:\/\/staging.pecb.com\/fr#\/schema\/logo\/image\/","url":"https:\/\/staging.pecb.com\/wp-content\/uploads\/2025\/05\/Clip-path-group.svg","contentUrl":"https:\/\/staging.pecb.com\/wp-content\/uploads\/2025\/05\/Clip-path-group.svg","width":96,"height":26,"caption":"PECB"},"image":{"@id":"https:\/\/staging.pecb.com\/fr#\/schema\/logo\/image\/"},"sameAs":["https:\/\/www.facebook.com\/PECBInternational\/","https:\/\/x.com\/PECB","https:\/\/www.linkedin.com\/company\/pecb","https:\/\/www.youtube.com\/channel\/UCQPfrnIUa7Q0oBRyT8l5eTg","https:\/\/www.instagram.com\/pecb.official\/"]}]}},"_links":{"self":[{"href":"https:\/\/staging.pecb.com\/fr\/wp-json\/wp\/v2\/pages\/26672","targetHints":{"allow":["GET"]}}],"collection":[{"href":"https:\/\/staging.pecb.com\/fr\/wp-json\/wp\/v2\/pages"}],"about":[{"href":"https:\/\/staging.pecb.com\/fr\/wp-json\/wp\/v2\/types\/page"}],"author":[{"embeddable":true,"href":"https:\/\/staging.pecb.com\/fr\/wp-json\/wp\/v2\/users\/2"}],"replies":[{"embeddable":true,"href":"https:\/\/staging.pecb.com\/fr\/wp-json\/wp\/v2\/comments?post=26672"}],"version-history":[{"count":0,"href":"https:\/\/staging.pecb.com\/fr\/wp-json\/wp\/v2\/pages\/26672\/revisions"}],"up":[{"embeddable":true,"href":"https:\/\/staging.pecb.com\/fr\/wp-json\/wp\/v2\/pages\/25360"}],"wp:attachment":[{"href":"https:\/\/staging.pecb.com\/fr\/wp-json\/wp\/v2\/media?parent=26672"}],"curies":[{"name":"wp","href":"https:\/\/api.w.org\/{rel}","templated":true}]}}