{"id":27556,"date":"2025-08-13T12:45:14","date_gmt":"2025-08-13T10:45:14","guid":{"rendered":"https:\/\/pecb.com\/certificate-verification"},"modified":"2025-11-20T16:47:02","modified_gmt":"2025-11-20T15:47:02","slug":"certificate-verification","status":"publish","type":"page","link":"https:\/\/staging.pecb.com\/es\/certificate-verification","title":{"rendered":"Verificaci\u00f3n de certificaci\u00f3n"},"content":{"rendered":"\t\t<div data-elementor-type=\"wp-page\" data-elementor-id=\"27556\" class=\"elementor elementor-27556 elementor-25254\" data-elementor-post-type=\"page\">\n\t\t\t\t<div class=\"elementor-element elementor-element-dacb743 e-flex e-con-boxed e-con e-parent\" data-id=\"dacb743\" data-element_type=\"container\" data-e-type=\"container\" data-settings=\"{&quot;background_background&quot;:&quot;classic&quot;}\">\n\t\t\t\t\t<div class=\"e-con-inner\">\n\t\t\t\t<div class=\"elementor-element elementor-element-b423f10 elementor-widget elementor-widget-heading\" data-id=\"b423f10\" data-element_type=\"widget\" data-e-type=\"widget\" data-widget_type=\"heading.default\">\n\t\t\t\t\t<h1 class=\"elementor-heading-title elementor-size-default\">Verificaci\u00f3n de certificaci\u00f3n<\/h1>\t\t\t\t<\/div>\n\t\t\t\t<div class=\"elementor-element elementor-element-c026b10 elementor-widget elementor-widget-heading\" data-id=\"c026b10\" data-element_type=\"widget\" data-e-type=\"widget\" data-widget_type=\"heading.default\">\n\t\t\t\t\t<h2 class=\"elementor-heading-title elementor-size-default\">Al utilizar este formulario, usted podr\u00e1 comprobar una certificaci\u00f3n individual de PECB.<\/h2>\t\t\t\t<\/div>\n\t\t\t\t\t<\/div>\n\t\t\t\t<\/div>\n\t\t<div class=\"elementor-element elementor-element-df72fe7 e-flex e-con-boxed e-con e-parent\" data-id=\"df72fe7\" data-element_type=\"container\" data-e-type=\"container\">\n\t\t\t\t\t<div class=\"e-con-inner\">\n\t\t\t\t<div class=\"elementor-element elementor-element-52a2fa6 elementor-widget elementor-widget-shortcode\" data-id=\"52a2fa6\" data-element_type=\"widget\" data-e-type=\"widget\" data-widget_type=\"shortcode.default\">\n\t\t\t\t\t\t\t<div class=\"elementor-shortcode\"><div class=\"pecb-certificate-verify-container\" id=\"pecb-certificate-verify-cert_verify_69d2757bb4220\">\r\n    <h4 class=\"certificate-verify-title\">Certificate Verification<\/h4>\r\n    \r\n    <div class=\"certificate-verify-form\">\r\n        <form id=\"certificate-form-cert_verify_69d2757bb4220\" class=\"pecb-form\">\r\n                        <div class=\"form-row\">\r\n                <div class=\"form-group\">\r\n                    <input \r\n                        type=\"text\" \r\n                        id=\"firstName-cert_verify_69d2757bb4220\" \r\n                        name=\"firstName\" \r\n                        class=\"pecb-input pecb-filter\" \r\n                        placeholder=\"First Name\"\r\n                    >\r\n                <\/div>\r\n                \r\n                <div class=\"form-group\">\r\n                    <input \r\n                        type=\"text\" \r\n                        id=\"lastName-cert_verify_69d2757bb4220\" \r\n                        name=\"lastName\" \r\n                        class=\"pecb-input pecb-filter\" \r\n                        placeholder=\"Last Name *\"\r\n                        required\r\n                    >\r\n                <\/div>\r\n            <\/div>\r\n            \r\n            <div class=\"form-row\">\r\n                <div class=\"form-group full-width\">\r\n                    <input \r\n                        type=\"text\" \r\n                        id=\"certificateNumber-cert_verify_69d2757bb4220\" \r\n                        name=\"certificateNumber\" \r\n                        class=\"pecb-input pecb-filter\" \r\n                        placeholder=\"Certificate Number *\"\r\n                        required\r\n                    >\r\n                <\/div>\r\n            <\/div>\r\n            \r\n            <div class=\"form-note\">\r\n                <p>If there are no results for your search, please send an email to <a href=\"mailto:support@pecb.com\">support@pecb.com<\/a>. Thank you!<\/p>\r\n            <\/div>\r\n            \r\n            <div class=\"form-actions\">\r\n                <button type=\"submit\" class=\"pecb-verify-btn custom-api-button\" aria-describedby=\"verify-help-cert_verify_69d2757bb4220\">\r\n                    <div class=\"button-content-wrapper\">\r\n                        <svg xmlns=\"http:\/\/www.w3.org\/2000\/svg\" width=\"17\" height=\"16\" viewBox=\"0 0 17 16\" fill=\"none\" aria-hidden=\"true\">\r\n                            <g clip-path=\"url(#clip0_5359_4448)\">\r\n                                <path d=\"M8.40625 0C3.98796 0 0.40625 3.58171 0.40625 8C0.40625 12.4183 3.98796 16 8.40625 16C12.8245 16 16.4062 12.4183 16.4062 8C16.4062 3.58171 12.8245 0 8.40625 0ZM7.42079 12.5042L6.67361 11.7595L10.4209 8L6.67361 4.24049L7.42079 3.49577L11.9104 8L7.42079 12.5042Z\" fill=\"#020617\" \/>\r\n                            <\/g>\r\n                            <defs>\r\n                                <clipPath id=\"clip0_5359_4448\">\r\n                                    <rect width=\"16\" height=\"16\" fill=\"white\" transform=\"translate(0.40625)\" \/>\r\n                                <\/clipPath>\r\n                            <\/defs>\r\n                        <\/svg>\r\n                        <span class=\"button-text\">Verify<\/span>\r\n                    <\/div>\r\n                <\/button>\r\n                <span id=\"verify-help-cert_verify_69d2757bb4220\" class=\"sr-only\">Click to verify the certificate<\/span>\r\n            <\/div>\r\n        <\/form>\r\n    <\/div>\r\n    \r\n    <div class=\"certificate-results\" id=\"certificate-results-cert_verify_69d2757bb4220\" style=\"display: none;\">\r\n        <h5>Certificate Information<\/h5>\r\n        <div class=\"results-table-wrapper\">\r\n            <table class=\"pecb-table pecb-api-table certificate-table\">\r\n                <thead>\r\n                    <tr>\r\n                        <th scope=\"col\">First Name<\/th>\r\n                        <th scope=\"col\">Last Name<\/th>\r\n                        <th scope=\"col\">Certificate<\/th>\r\n                        <th scope=\"col\">Certificate Number<\/th>\r\n                        <th scope=\"col\">Issue Date<\/th>\r\n                        <th scope=\"col\">Valid Until<\/th>\r\n                        <th scope=\"col\">Certificate Status<\/th>\r\n                    <\/tr>\r\n                <\/thead>\r\n                <tbody id=\"certificate-data-cert_verify_69d2757bb4220\">\r\n                    <!-- Certificate data will be populated by JavaScript -->\r\n                <\/tbody>\r\n            <\/table>\r\n        <\/div>\r\n    <\/div>\r\n    \r\n    <div class=\"certificate-error\" id=\"certificate-error-cert_verify_69d2757bb4220\" style=\"display: none;\">\r\n        <!-- Error messages will be displayed here -->\r\n    <\/div>\r\n<\/div>\r\n\r\n<style>\r\n\/* Certificate Verification Styles *\/\r\n.pecb-certificate-verify-container {\r\n    max-width: 1200px;\r\n    margin: 0 auto;\r\n    padding: 20px;\r\n}\r\n\r\n.certificate-verify-title {\r\n    padding-bottom: 40px;\r\n}\r\n\r\n.certificate-verify-form {\r\n    padding-top: 40px;\r\n    border-top: 1px solid #CBD5E1; \r\n}\r\n\r\n.pecb-form {\r\n    display: flex;\r\n    flex-direction: column;\r\n    gap: 24px;\r\n}\r\n\r\n.form-row {\r\n    display: grid;\r\n    grid-template-columns: 1fr 1fr;\r\n    gap: 20px;\r\n    align-items: end;\r\n}\r\n\r\n.form-group {\r\n    display: flex;\r\n    flex-direction: column;\r\n    gap: 8px;\r\n}\r\n\r\n.form-group.full-width {\r\n    grid-column: 1 \/ -1;\r\n}\r\n\r\n.form-label {\r\n    font-weight: 600;\r\n    font-size: 14px;\r\n    color: #374151;\r\n    margin-bottom: 4px;\r\n}\r\n\r\n.required {\r\n    color: #dc2626;\r\n}\r\n\r\n.pecb-input {\r\n    padding: 16px;\r\n    border: 1px solid #CBD5E1 !important;\r\n    border-radius: 8px;\r\n    font-size: 16px;\r\n    transition: all 0.2s ease;\r\n    background: #fff;\r\n}\r\n\r\n.pecb-input:focus {\r\n    outline: none;\r\n    border-color: #3b82f6;\r\n    box-shadow: 0 0 0 3px rgba(59, 130, 246, 0.1);\r\n}\r\n\r\n\/* .pecb-input:invalid {\r\n    border-color: #dc2626;\r\n} *\/\r\n\r\n.form-help {\r\n    font-size: 12px;\r\n    color: #6b7280;\r\n    margin-top: 4px;\r\n}\r\n\r\n.form-actions {\r\n    margin-top: 16px;\r\n}\r\n\r\n.pecb-verify-btn {\r\n    min-width: 120px;\r\n}\r\n\r\n.form-note {\r\n    margin-top: 24px;\r\n    color: #000;\r\n}\r\n\r\n.form-note p{\r\n   padding: 0px !important;\r\n   margin: 0px !important;\r\n}\r\n\r\n.form-note a {\r\n    color: #a11e29;\r\n    text-decoration: underline;\r\n}\r\n\r\n.form-note a:hover {\r\n    color: #78350f;\r\n}\r\n\r\n.certificate-results {\r\n    margin-top: 32px;\r\n}\r\n\r\n.certificate-results h3 {\r\n    margin-bottom: 20px;\r\n    color: #111827;\r\n}\r\n\r\n.results-table-wrapper {\r\n    overflow-x: auto;\r\n    border-radius: 8px;\r\n}\r\n\r\n.certificate-table {\r\n    margin: 0;\r\n    border-radius: 8px;\r\n    overflow: hidden;\r\n}\r\n\r\n.certificate-table th {\r\n    background: #fff;\r\n    font-weight: 600;\r\n    color: #374151;\r\n    padding: 16px 12px;\r\n    text-align: left;\r\n    border-bottom: 1px solid #64748B;\r\n}\r\n\r\n.certificate-table td {\r\n    padding: 16px 12px;\r\n    border-bottom: 1px solid #F1F5F9;\r\n    vertical-align: top;\r\n    color: #000;\r\n}\r\n\r\n.certificate-table tbody tr:hover {\r\n    background: #f9fafb;\r\n}\r\n\r\n.certificate-table td:last-child {\r\n    text-align: left !important;\r\n}\r\n\r\n.certificate-error {\r\n    margin-top: 24px;\r\n    padding: 16px;\r\n    background: #fef2f2;\r\n    border: 1px solid #fecaca;\r\n    border-radius: 8px;\r\n    color: #dc2626;\r\n}\r\n\r\n.certificate-status {\r\n    display: inline-block;\r\n    padding: 4px 12px;\r\n    border-radius: 999px;\r\n    font-size: 12px;\r\n    font-weight: 600;\r\n    text-transform: uppercase;\r\n}\r\n\r\n.certificate-status.accepted {\r\n    background: #dcfce7;\r\n    color: #166534;\r\n}\r\n\r\n.certificate-status.expired {\r\n    background: #fef2f2;\r\n    color: #dc2626;\r\n}\r\n\r\n.certificate-status.pending {\r\n    background: #fef3c7;\r\n    color: #92400e;\r\n}\r\n\r\n\/* Responsive Design *\/\r\n@media (max-width: 768px) {\r\n    .form-row {\r\n        grid-template-columns: 1fr;\r\n    }\r\n    \r\n    .form-group {\r\n        width: 100%;\r\n    }\r\n    \r\n    .certificate-verify-form {\r\n        padding: 24px;\r\n    }\r\n    \r\n    .results-table-wrapper {\r\n        font-size: 14px;\r\n    }\r\n    \r\n    .certificate-table th,\r\n    .certificate-table td {\r\n        padding: 12px 8px;\r\n    }\r\n}\r\n\r\n\/* Loading State *\/\r\n.pecb-verify-btn.loading {\r\n    opacity: 0.7;\r\n    pointer-events: none;\r\n}\r\n\r\n.pecb-verify-btn.loading .button-text {\r\n    opacity: 0;\r\n}\r\n\r\n.pecb-verify-btn.loading::after {\r\n    content: '';\r\n    position: absolute;\r\n    top: 50%;\r\n    left: 50%;\r\n    transform: translate(-50%, -50%);\r\n    width: 20px;\r\n    height: 20px;\r\n    border: 2px solid transparent;\r\n    border-top: 2px solid currentColor;\r\n    border-radius: 50%;\r\n    animation: spin 1s linear infinite;\r\n}\r\n\r\n@keyframes spin {\r\n    0% { transform: translate(-50%, -50%) rotate(0deg); }\r\n    100% { transform: translate(-50%, -50%) rotate(360deg); }\r\n}\r\n\r\n.sr-only {\r\n    position: absolute;\r\n    width: 1px;\r\n    height: 1px;\r\n    padding: 0;\r\n    margin: -1px;\r\n    overflow: hidden;\r\n    clip: rect(0, 0, 0, 0);\r\n    white-space: nowrap;\r\n    border: 0;\r\n}\r\n<\/style> <\/div>\n\t\t\t\t\t\t<\/div>\n\t\t\t\t\t<\/div>\n\t\t\t\t<\/div>\n\t\t\t\t<\/div>\n\t\t","protected":false},"excerpt":{"rendered":"<p>Verificaci\u00f3n de certificaci\u00f3n Al utilizar este formulario, usted podr\u00e1 comprobar una certificaci\u00f3n individual de PECB.<\/p>\n","protected":false},"author":8,"featured_media":0,"parent":0,"menu_order":0,"comment_status":"closed","ping_status":"closed","template":"elementor_header_footer","meta":{"_acf_changed":false,"content-type":"","footnotes":""},"class_list":["post-27556","page","type-page","status-publish","hentry"],"acf":[],"yoast_head":"<!-- This site is optimized with the Yoast SEO plugin v26.9 - https:\/\/yoast.com\/product\/yoast-seo-wordpress\/ -->\n<title>Verificaci\u00f3n de certificaci\u00f3n - PECB<\/title>\n<meta name=\"robots\" content=\"index, follow, max-snippet:-1, max-image-preview:large, max-video-preview:-1\" \/>\n<link rel=\"canonical\" href=\"https:\/\/staging.pecb.com\/es\/certificate-verification\" \/>\n<meta property=\"og:locale\" content=\"es_ES\" \/>\n<meta property=\"og:type\" content=\"article\" \/>\n<meta property=\"og:title\" content=\"Verificaci\u00f3n de certificaci\u00f3n - PECB\" \/>\n<meta property=\"og:description\" content=\"Verificaci\u00f3n de certificaci\u00f3n Al utilizar este formulario, usted podr\u00e1 comprobar una certificaci\u00f3n individual de PECB.\" \/>\n<meta property=\"og:url\" content=\"https:\/\/staging.pecb.com\/es\/certificate-verification\" \/>\n<meta property=\"og:site_name\" content=\"PECB\" \/>\n<meta property=\"article:publisher\" content=\"https:\/\/www.facebook.com\/PECBInternational\/\" \/>\n<meta property=\"article:modified_time\" content=\"2025-11-20T15:47:02+00:00\" \/>\n<meta name=\"twitter:card\" content=\"summary_large_image\" \/>\n<meta name=\"twitter:site\" content=\"@PECB\" \/>\n<meta name=\"twitter:label1\" content=\"Tiempo de lectura\" \/>\n\t<meta name=\"twitter:data1\" content=\"1 minuto\" \/>\n<script type=\"application\/ld+json\" class=\"yoast-schema-graph\">{\"@context\":\"https:\/\/schema.org\",\"@graph\":[{\"@type\":\"WebPage\",\"@id\":\"https:\/\/staging.pecb.com\/es\/certificate-verification\",\"url\":\"https:\/\/staging.pecb.com\/es\/certificate-verification\",\"name\":\"Verificaci\u00f3n de certificaci\u00f3n - PECB\",\"isPartOf\":{\"@id\":\"https:\/\/staging.pecb.com\/es#website\"},\"datePublished\":\"2025-08-13T10:45:14+00:00\",\"dateModified\":\"2025-11-20T15:47:02+00:00\",\"breadcrumb\":{\"@id\":\"https:\/\/staging.pecb.com\/es\/certificate-verification#breadcrumb\"},\"inLanguage\":\"es\",\"potentialAction\":[{\"@type\":\"ReadAction\",\"target\":[\"https:\/\/staging.pecb.com\/es\/certificate-verification\"]}]},{\"@type\":\"BreadcrumbList\",\"@id\":\"https:\/\/staging.pecb.com\/es\/certificate-verification#breadcrumb\",\"itemListElement\":[{\"@type\":\"ListItem\",\"position\":1,\"name\":\"Home\",\"item\":\"https:\/\/staging.pecb.com\/es\"},{\"@type\":\"ListItem\",\"position\":2,\"name\":\"Verificaci\u00f3n de certificaci\u00f3n\"}]},{\"@type\":\"WebSite\",\"@id\":\"https:\/\/staging.pecb.com\/es#website\",\"url\":\"https:\/\/staging.pecb.com\/es\",\"name\":\"PECB\",\"description\":\"\",\"publisher\":{\"@id\":\"https:\/\/staging.pecb.com\/es#organization\"},\"potentialAction\":[{\"@type\":\"SearchAction\",\"target\":{\"@type\":\"EntryPoint\",\"urlTemplate\":\"https:\/\/staging.pecb.com\/es?s={search_term_string}\"},\"query-input\":{\"@type\":\"PropertyValueSpecification\",\"valueRequired\":true,\"valueName\":\"search_term_string\"}}],\"inLanguage\":\"es\"},{\"@type\":\"Organization\",\"@id\":\"https:\/\/staging.pecb.com\/es#organization\",\"name\":\"PECB\",\"url\":\"https:\/\/staging.pecb.com\/es\",\"logo\":{\"@type\":\"ImageObject\",\"inLanguage\":\"es\",\"@id\":\"https:\/\/staging.pecb.com\/es#\/schema\/logo\/image\/\",\"url\":\"https:\/\/staging.pecb.com\/wp-content\/uploads\/2025\/05\/Clip-path-group.svg\",\"contentUrl\":\"https:\/\/staging.pecb.com\/wp-content\/uploads\/2025\/05\/Clip-path-group.svg\",\"width\":96,\"height\":26,\"caption\":\"PECB\"},\"image\":{\"@id\":\"https:\/\/staging.pecb.com\/es#\/schema\/logo\/image\/\"},\"sameAs\":[\"https:\/\/www.facebook.com\/PECBInternational\/\",\"https:\/\/x.com\/PECB\",\"https:\/\/www.linkedin.com\/company\/pecb\",\"https:\/\/www.youtube.com\/channel\/UCQPfrnIUa7Q0oBRyT8l5eTg\",\"https:\/\/www.instagram.com\/pecb.official\/\"]}]}<\/script>\n<!-- \/ Yoast SEO plugin. -->","yoast_head_json":{"title":"Verificaci\u00f3n de certificaci\u00f3n - PECB","robots":{"index":"index","follow":"follow","max-snippet":"max-snippet:-1","max-image-preview":"max-image-preview:large","max-video-preview":"max-video-preview:-1"},"canonical":"https:\/\/staging.pecb.com\/es\/certificate-verification","og_locale":"es_ES","og_type":"article","og_title":"Verificaci\u00f3n de certificaci\u00f3n - PECB","og_description":"Verificaci\u00f3n de certificaci\u00f3n Al utilizar este formulario, usted podr\u00e1 comprobar una certificaci\u00f3n individual de PECB.","og_url":"https:\/\/staging.pecb.com\/es\/certificate-verification","og_site_name":"PECB","article_publisher":"https:\/\/www.facebook.com\/PECBInternational\/","article_modified_time":"2025-11-20T15:47:02+00:00","twitter_card":"summary_large_image","twitter_site":"@PECB","twitter_misc":{"Tiempo de lectura":"1 minuto"},"schema":{"@context":"https:\/\/schema.org","@graph":[{"@type":"WebPage","@id":"https:\/\/staging.pecb.com\/es\/certificate-verification","url":"https:\/\/staging.pecb.com\/es\/certificate-verification","name":"Verificaci\u00f3n de certificaci\u00f3n - PECB","isPartOf":{"@id":"https:\/\/staging.pecb.com\/es#website"},"datePublished":"2025-08-13T10:45:14+00:00","dateModified":"2025-11-20T15:47:02+00:00","breadcrumb":{"@id":"https:\/\/staging.pecb.com\/es\/certificate-verification#breadcrumb"},"inLanguage":"es","potentialAction":[{"@type":"ReadAction","target":["https:\/\/staging.pecb.com\/es\/certificate-verification"]}]},{"@type":"BreadcrumbList","@id":"https:\/\/staging.pecb.com\/es\/certificate-verification#breadcrumb","itemListElement":[{"@type":"ListItem","position":1,"name":"Home","item":"https:\/\/staging.pecb.com\/es"},{"@type":"ListItem","position":2,"name":"Verificaci\u00f3n de certificaci\u00f3n"}]},{"@type":"WebSite","@id":"https:\/\/staging.pecb.com\/es#website","url":"https:\/\/staging.pecb.com\/es","name":"PECB","description":"","publisher":{"@id":"https:\/\/staging.pecb.com\/es#organization"},"potentialAction":[{"@type":"SearchAction","target":{"@type":"EntryPoint","urlTemplate":"https:\/\/staging.pecb.com\/es?s={search_term_string}"},"query-input":{"@type":"PropertyValueSpecification","valueRequired":true,"valueName":"search_term_string"}}],"inLanguage":"es"},{"@type":"Organization","@id":"https:\/\/staging.pecb.com\/es#organization","name":"PECB","url":"https:\/\/staging.pecb.com\/es","logo":{"@type":"ImageObject","inLanguage":"es","@id":"https:\/\/staging.pecb.com\/es#\/schema\/logo\/image\/","url":"https:\/\/staging.pecb.com\/wp-content\/uploads\/2025\/05\/Clip-path-group.svg","contentUrl":"https:\/\/staging.pecb.com\/wp-content\/uploads\/2025\/05\/Clip-path-group.svg","width":96,"height":26,"caption":"PECB"},"image":{"@id":"https:\/\/staging.pecb.com\/es#\/schema\/logo\/image\/"},"sameAs":["https:\/\/www.facebook.com\/PECBInternational\/","https:\/\/x.com\/PECB","https:\/\/www.linkedin.com\/company\/pecb","https:\/\/www.youtube.com\/channel\/UCQPfrnIUa7Q0oBRyT8l5eTg","https:\/\/www.instagram.com\/pecb.official\/"]}]}},"_links":{"self":[{"href":"https:\/\/staging.pecb.com\/es\/wp-json\/wp\/v2\/pages\/27556","targetHints":{"allow":["GET"]}}],"collection":[{"href":"https:\/\/staging.pecb.com\/es\/wp-json\/wp\/v2\/pages"}],"about":[{"href":"https:\/\/staging.pecb.com\/es\/wp-json\/wp\/v2\/types\/page"}],"author":[{"embeddable":true,"href":"https:\/\/staging.pecb.com\/es\/wp-json\/wp\/v2\/users\/8"}],"replies":[{"embeddable":true,"href":"https:\/\/staging.pecb.com\/es\/wp-json\/wp\/v2\/comments?post=27556"}],"version-history":[{"count":0,"href":"https:\/\/staging.pecb.com\/es\/wp-json\/wp\/v2\/pages\/27556\/revisions"}],"wp:attachment":[{"href":"https:\/\/staging.pecb.com\/es\/wp-json\/wp\/v2\/media?parent=27556"}],"curies":[{"name":"wp","href":"https:\/\/api.w.org\/{rel}","templated":true}]}}