{"id":26742,"date":"2025-07-18T06:01:57","date_gmt":"2025-07-18T06:01:57","guid":{"rendered":"https:\/\/pecb.com\/violation-of-pecb-brand-and-fraud-reporting-policy"},"modified":"2025-11-20T16:42:01","modified_gmt":"2025-11-20T15:42:01","slug":"violation-of-pecb-brand-and-fraud-reporting-policy","status":"publish","type":"page","link":"https:\/\/staging.pecb.com\/es\/about\/violation-of-pecb-brand-and-fraud-reporting-policy","title":{"rendered":"Violaci\u00f3n de la Marca PECB y de Denuncia de Fraude"},"content":{"rendered":"\t\t<div data-elementor-type=\"wp-page\" data-elementor-id=\"26742\" class=\"elementor elementor-26742 elementor-15900\" data-elementor-post-type=\"page\">\n\t\t\t\t<div class=\"elementor-element elementor-element-e58aec2 e-flex e-con-boxed e-con e-parent\" data-id=\"e58aec2\" data-element_type=\"container\" data-e-type=\"container\" data-settings=\"{&quot;background_background&quot;:&quot;classic&quot;}\">\n\t\t\t\t\t<div class=\"e-con-inner\">\n\t\t\t\t<div class=\"elementor-element elementor-element-391e5179 elementor-widget elementor-widget-heading\" data-id=\"391e5179\" data-element_type=\"widget\" data-e-type=\"widget\" data-widget_type=\"heading.default\">\n\t\t\t\t\t<h1 class=\"elementor-heading-title elementor-size-default\">Violaci\u00f3n de la Marca PECB y de Denuncia de Fraude<\/h1>\t\t\t\t<\/div>\n\t\t\t\t\t<\/div>\n\t\t\t\t<\/div>\n\t\t<div class=\"elementor-element elementor-element-1280b42 e-flex e-con-boxed e-con e-parent\" data-id=\"1280b42\" data-element_type=\"container\" data-e-type=\"container\" data-settings=\"{&quot;background_background&quot;:&quot;classic&quot;}\">\n\t\t\t\t\t<div class=\"e-con-inner\">\n\t\t\t\t<div class=\"elementor-element elementor-element-b31fbde elementor-widget elementor-widget-text-editor\" data-id=\"b31fbde\" data-element_type=\"widget\" data-e-type=\"widget\" data-widget_type=\"text-editor.default\">\n\t\t\t\t\t\t\t\t\t<p dir=\"auto\">\n        <style>\n            .child-pages {\n                display: flex;\n                flex-wrap: wrap;\n                justify-content: center;\n                gap: 8px;\n                width: fit-content;\n                margin: 0 auto;\n                 padding:10px;\n            }\n            .child-pages li {\n                display: flex;\n                padding: 8px 16px;\n                flex-direction: column;\n                align-items: center;\n                border-radius: 4px;\n                background: #FFF;\n                list-style: none;\n            }\n            .child-pages li.active {\n                background: #CBD5E1;\n            }\n            .child-pages li a {\n                color: #000;\n                text-align: center;\n                font-family: Parabolica, sans-serif;\n                font-size: 14px;\n                font-style: normal;\n                font-weight: 400;\n                line-height: normal;\n                text-decoration: none;\n            }\n            .child-pages li a:hover {\n                text-decoration: underline;\n            }\n        <\/style>\n    <ul class=\"child-pages\"><li class=\"\"><a href=\"https:\/\/staging.pecb.com\/en\/about\">About<\/a><\/li><li class=\"\"><a href=\"https:\/\/staging.pecb.com\/es\/about\/accreditations-and-affiliations\">Acreditaciones y Afiliaciones<\/a><\/li><li class=\"\"><a href=\"https:\/\/staging.pecb.com\/es\/about\/code-of-ethics\">C\u00f3digo de \u00c9tica<\/a><\/li><li class=\"\"><a href=\"https:\/\/staging.pecb.com\/es\/about\/complaint-and-appeal-policy\">Complaint and Appeal Policy<\/a><\/li><li class=\"\"><a href=\"https:\/\/staging.pecb.com\/es\/about\/digital-trust\">Confianza digital: Construir un futuro seguro<\/a><\/li><li class=\"\"><a href=\"https:\/\/staging.pecb.com\/es\/about\/statement-of-impartiality\">Declaraci\u00f3n de imparcialidad<\/a><\/li><li class=\"\"><a href=\"https:\/\/staging.pecb.com\/es\/about\/gdpr-privacy-statement\">Declaraci\u00f3n de Privacidad del RGPD<\/a><\/li><li class=\"\"><a href=\"https:\/\/staging.pecb.com\/es\/about\/team\">Nosotros somos PECB<\/a><\/li><li class=\"\"><a href=\"https:\/\/staging.pecb.com\/es\/about\/behavior-policy\">Pol\u00edtica de comportamiento<\/a><\/li><li class=\"\"><a href=\"https:\/\/staging.pecb.com\/es\/about\/sanctioned-countries-for-pecb-services\">Pol\u00edtica de PECB sobre las Sanciones Econ\u00f3micas Canadienses e Internacionales y los pa\u00edses afectados<\/a><\/li><li class=\"\"><a href=\"https:\/\/staging.pecb.com\/es\/about\/pecb-refund-policy\">Pol\u00edtica de Reembolso de PECB<\/a><\/li><li class=\"\"><a href=\"https:\/\/staging.pecb.com\/es\/about\/certification-mark-use-policy\">Pol\u00edtica de uso de la marca de certificaci\u00f3n<\/a><\/li><li class=\"\"><a href=\"https:\/\/staging.pecb.com\/es\/about\/pecb-code-of-ethics-violation-policy\">Pol\u00edtica de Violaci\u00f3n al C\u00f3digo de \u00c9tica de PECB<\/a><\/li><li class=\"\"><a href=\"https:\/\/staging.pecb.com\/es\/about\/pecb-quality-and-information-security-policies\">Pol\u00edticas de Calidad y de Seguridad de la Informaci\u00f3n de PECB<\/a><\/li><li class=\"\"><a href=\"https:\/\/staging.pecb.com\/es\/about\/pecb-certification-process\">Proceso de Certificaci\u00f3n<\/a><\/li><li class=\"\"><a href=\"https:\/\/staging.pecb.com\/es\/about\/values-of-pecb-certification\">Valor de la certificaci\u00f3n de PECB<\/a><\/li><li class=\"\"><a href=\"https:\/\/staging.pecb.com\/es\/about\/violation-of-pecb-brand-and-fraud-reporting-policy\">Violaci\u00f3n de la Marca PECB y de Denuncia de Fraude<\/a><\/li><\/ul><\/p>\t\t\t\t\t\t\t\t<\/div>\n\t\t\t\t\t<\/div>\n\t\t\t\t<\/div>\n\t\t<div class=\"elementor-element elementor-element-33bea60d e-flex e-con-boxed e-con e-parent\" data-id=\"33bea60d\" data-element_type=\"container\" data-e-type=\"container\">\n\t\t\t\t\t<div class=\"e-con-inner\">\n\t\t\t\t<div class=\"elementor-element elementor-element-c4ff198 elementor-widget elementor-widget-heading\" data-id=\"c4ff198\" data-element_type=\"widget\" data-e-type=\"widget\" data-widget_type=\"heading.default\">\n\t\t\t\t\t<h2 class=\"elementor-heading-title elementor-size-default\">Exenci\u00f3n de responsabilidad<\/h2>\t\t\t\t<\/div>\n\t\t\t\t<div class=\"elementor-element elementor-element-4fe03a21 elementor-widget elementor-widget-text-editor\" data-id=\"4fe03a21\" data-element_type=\"widget\" data-e-type=\"widget\" data-widget_type=\"text-editor.default\">\n\t\t\t\t\t\t\t\t\t<p><em><span style=\"font-size: 11px;\"><strong>Exenci\u00f3n de responsabilidad: <\/strong>\u201cCertificado\u201d se refiere a los requisitos de certificaci\u00f3n de la norma ISO\/IEC 17024, y \u201cTitular del certificado\u201d se refiere a los requisitos de los programas de certificaci\u00f3n de ASTM E2659.<\/span><\/em><\/p><p>La Pol\u00edtica sobre la Violaci\u00f3n de la Marca PECB y Denuncia de Fraude se ha establecido para facilitar el desarrollo de controles que ayudar\u00e1n en la detecci\u00f3n y prevenci\u00f3n del fraude contra PECB Inc.<\/p><p>La integridad y el valor de los programas de certificaciones\/certificaci\u00f3n de PECB implican aprobar ex\u00e1menes demostrando independencia y b\u00fasqueda \u00e9tica al hacerlo. En PECB, compartimos valores y creencias fundamentales en el sentido de que no solo los programas de certificaciones\/certificaci\u00f3n de PECB, sino cada certificaci\u00f3n\/certificado es un privilegio en s\u00ed mismo que debe ser ganado y mantenido leg\u00edtimamente.<\/p><p>Trabajamos constantemente para garantizar que ofrecemos ex\u00e1menes y cursos de capacitaci\u00f3n de la m\u00e1s alta calidad y consideramos vital proteger su validez, valor, integridad y uso restringido. Con este fin, hemos establecido numerosas pol\u00edticas y procedimientos que establecen las responsabilidades de cada candidato y las consecuencias de la violaci\u00f3n de estas pol\u00edticas.<\/p><p>Las credenciales de PECB son reconocidas mundialmente como un logro que confirma el conocimiento, le da validez a la competencia y a la experiencia y le a\u00f1ade valor a las personas y a la sociedad en su conjunto. Nuestros ex\u00e1menes, cursos de capacitaci\u00f3n y programas de certificaci\u00f3n\/certificado se consideran propiedad intelectual de PECB y, como tales, est\u00e1n protegidos por las leyes de derechos de autor. No toleramos actividades que busquen reducir el valor de nuestros ex\u00e1menes, cursos de capacitaci\u00f3n y credenciales incluyendo aquellas que constituyen pr\u00e1cticas fraudulentas o criminales, y tomamos medidas para eliminar cualquier actividad que obstaculice la consecuci\u00f3n \u00e9tica de las credenciales. Por lo tanto, si se descubren irregularidades, PECB toma medidas para su resoluci\u00f3n, incluida la suspensi\u00f3n de las actividades de examen o la revocaci\u00f3n de la certificaci\u00f3n si est\u00e1 justificada. Para defender a\u00fan m\u00e1s la profesionalidad y la integridad de nuestras credenciales, se exige a todos nuestros candidatos que se adhieran al\u00a0<a href=\"https:\/\/staging.pecb.com\/es\/pecb-code-of-ethics\">C\u00f3digo de \u00c9tica de PECB<\/a>.<\/p><p><u><strong>Cursos de capacitaci\u00f3n<\/strong><\/u><\/p><p>PECB ofrece cursos de capacitaci\u00f3n en todo el mundo solamente a trav\u00e9s de nuestros socios autorizados. Puede consultar la lista de nuestros cursos de capacitaci\u00f3n <a href=\"https:\/\/staging.pecb.com\/es\/education-and-certification-for-individuals\">aqu\u00ed<\/a>.<\/p><p><u><strong>Ex\u00e1menes<\/strong><\/u><\/p><p>Las siguientes son las \u00fanicas p\u00e1ginas web oficiales para programar y realizar un examen con PECB:<\/p><ul style=\"margin-left: 40px;\"><li><a href=\"https:\/\/staging.pecb.com\/es\/partnerEvent\/event_schedule_list\">https:\/\/staging.pecb.com\/es\/partnerEvent\/event_schedule_list<\/a> (asistiendo primero a un curso de formaci\u00f3n con uno de nuestros socios)<\/li><li><a href=\"https:\/\/staging.pecb.com\/es\/eventExamList\/schedule\">https:\/\/staging.pecb.com\/es\/eventExamList\/schedule<\/a><\/li><\/ul><p><u><strong>Certificaci\u00f3n de personas<\/strong><\/u><\/p><p>Todos los candidatos que presentan un examen de PECB reciben los resultados directamente del departamento de ex\u00e1menes de PECB. Cualquier otra forma de notificaci\u00f3n, anuncio o confirmaci\u00f3n no es v\u00e1lida.\u00a0 Todos los candidatos pueden verificar si sus certificados son v\u00e1lidos\u00a0<a href=\"https:\/\/staging.pecb.com\/es\/userCertification\/certificateVerification\">aqu\u00ed<\/a>.<\/p><p><u><strong>Socios<\/strong><\/u><\/p><p>Los cursos de capacitaci\u00f3n de PECB se ofrecen en todo el mundo a trav\u00e9s de nuestros socios autorizados.\u00a0 \u00a0Puede consultar la lista de nuestros socios <a href=\"https:\/\/staging.pecb.com\/es\/partner\/active_partners\">aqu\u00ed<\/a>.<\/p><p><u><strong>Instructores<\/strong><\/u><\/p><p>Los cursos de capacitaci\u00f3n de PECB se imparten en todo el mundo solo a trav\u00e9s de instructores certificados de PECB.\u00a0 Puede consultar la lista de Instructores Certificados de PECB <a href=\"https:\/\/staging.pecb.com\/es\/trainer\/trainerList\">aqu\u00ed<\/a>.<\/p><p><strong>Sitios web que NO est\u00e1n autorizados a usar, vender o promocionar productos y servicios de PECB<\/strong><\/p><p>A medida que nuestras operaciones contin\u00faan creciendo, existe un mayor riesgo de intentos de enga\u00f1ar a nuestra comunidad mediante la difusi\u00f3n de contenido no autorizado que tergiversa el programa de certificaci\u00f3n de PECB. Esto incluye materiales de capacitaci\u00f3n y contenido de ex\u00e1menes publicados en plataformas externas que utilizan marcas registradas de PECB sin permiso. Tales pr\u00e1cticas generan confusi\u00f3n e implican falsamente que este contenido es oficial o cuenta con el respaldo de PECB, cuando no es as\u00ed. Para mitigar cualquier posible riesgo para la seguridad de los ex\u00e1menes, se recuerda a los candidatos que deben remitirse exclusivamente a las pruebas de pr\u00e1ctica que se cubren durante el curso de capacitaci\u00f3n y a nuestro sitio web oficial para consultar los manuales del candidato y la informaci\u00f3n sobre los ex\u00e1menes.<\/p><p>Hemos identificado que ciertas empresas e individuos de todo el mundo participan en la promoci\u00f3n y distribuci\u00f3n de materiales de examen no aprobados y certificaciones no autorizadas emitidas a sus clientes. Las certificaciones promovidas por estas empresas\/individuos no est\u00e1n autorizadas y representan falsamente a PECB. PECB no tiene ninguna afiliaci\u00f3n con ellos, y no est\u00e1n autorizados para emitir ning\u00fan certificado de PECB ni para utilizar nuestros cursos de capacitaci\u00f3n o ex\u00e1menes. Supervisamos activamente plataformas como Udemy, Scribd, Course Hero y otras para identificar y denunciar el uso indebido de nuestra propiedad intelectual. Estos esfuerzos continuos ayudan a proteger a nuestra comunidad de ser enga\u00f1ada por contenido no autorizado o inexacto.<\/p><p>PECB desaconseja firmemente a los candidatos el uso de cualquier fuente externa no aprobada o sitios web de bancos de ex\u00e1menes (<em>exam dumps <\/em><em>websites<\/em>), ya que utilizar este tipo de materiales no los prepara adecuadamente para aprobar los ex\u00e1menes de PECB y puede dar lugar a consecuencias graves, que incluyen, entre otras, no aceptar el examen como v\u00e1lido o la revocaci\u00f3n de certificaciones.<\/p><p>Si tiene conocimiento de alguna fuente no autorizada, inf\u00f3rmela a <a href=\"mailto:compliance@staging.pecb.com\">compliance@staging.pecb.com<\/a>.<\/p><p>Puede consultar la lista de las entidades involucradas <a href=\"https:\/\/growth.staging.pecb.com\/list-of-exam\/\" target=\"_blank\" rel=\"noopener\">aqu\u00ed<\/a>.<\/p><p><em><strong>Nota:<\/strong> El uso de datos personales por parte de PECB se rige por la Ley de Protecci\u00f3n de Informaci\u00f3n Personal y Documentos Electr\u00f3nicos de Canad\u00e1 (PIPEDA), el Reglamento General de Protecci\u00f3n de Datos europeo (RGPD) y otras legislaciones nacionales de privacidad que ofrecen el mismo nivel de protecci\u00f3n de datos que el RGPD. Los datos se recopilan para fines espec\u00edficos, con un alcance limitado, y se mantienen precisos y actualizados. PECB conserva los datos \u00fanicamente durante los periodos necesarios (en funci\u00f3n de requisitos internos o legales) y, transcurridos estos, se destruir\u00e1n o eliminar\u00e1n, y se tratar\u00e1n con la seguridad y confidencialidad adecuadas. PECB recopila y utiliza la informaci\u00f3n tal como se indica en la <a href=\"https:\/\/staging.pecb.com\/es\/pecb-privacy-statement\">Declaraci\u00f3n de privacidad de PECB<\/a><\/em><\/p><div style=\"background: #f5f5f5; padding: 10px;\"><p><strong>Presentar una denuncia de fraude<\/strong><\/p><p>Por favor complete este formulario para denunciar un fraude en relaci\u00f3n con productos y servicios de PECB, descargando el siguiente formulario y envi\u00e1ndolo a <a href=\"mailto:compliance@staging.pecb.com\">compliance@staging.pecb.com<\/a><\/p><p style=\"text-align: center;\"><a class=\"btn btn-primary\" href=\"https:\/\/staging.pecb.com\/pdf\/pecb_fraud_report_eform-es.pdf\" target=\"_blank\" rel=\"noopener\" download=\"\"> Fraud Report Form<\/a><\/p><\/div>\t\t\t\t\t\t\t\t<\/div>\n\t\t\t\t\t<\/div>\n\t\t\t\t<\/div>\n\t\t\t\t<\/div>\n\t\t","protected":false},"excerpt":{"rendered":"<p>Violaci\u00f3n de la Marca PECB y de Denuncia de Fraude Exenci\u00f3n de responsabilidad Exenci\u00f3n de responsabilidad: \u201cCertificado\u201d se refiere a los requisitos de certificaci\u00f3n de la norma ISO\/IEC 17024, y \u201cTitular del certificado\u201d se refiere a los requisitos de los programas de certificaci\u00f3n de ASTM E2659. La Pol\u00edtica sobre la Violaci\u00f3n de la Marca PECB [&hellip;]<\/p>\n","protected":false},"author":2,"featured_media":0,"parent":27838,"menu_order":0,"comment_status":"closed","ping_status":"closed","template":"","meta":{"_acf_changed":false,"content-type":"","footnotes":""},"class_list":["post-26742","page","type-page","status-publish","hentry"],"acf":[],"yoast_head":"<!-- This site is optimized with the Yoast SEO plugin v26.9 - https:\/\/yoast.com\/product\/yoast-seo-wordpress\/ -->\n<title>Violaci\u00f3n de la Marca PECB y de Denuncia de Fraude - PECB<\/title>\n<meta name=\"robots\" content=\"index, follow, max-snippet:-1, max-image-preview:large, max-video-preview:-1\" \/>\n<link rel=\"canonical\" href=\"https:\/\/staging.pecb.com\/es\/about\/violation-of-pecb-brand-and-fraud-reporting-policy\" \/>\n<meta property=\"og:locale\" content=\"es_ES\" \/>\n<meta property=\"og:type\" content=\"article\" \/>\n<meta property=\"og:title\" content=\"Violaci\u00f3n de la Marca PECB y de Denuncia de Fraude - PECB\" \/>\n<meta property=\"og:description\" content=\"Violaci\u00f3n de la Marca PECB y de Denuncia de Fraude Exenci\u00f3n de responsabilidad Exenci\u00f3n de responsabilidad: \u201cCertificado\u201d se refiere a los requisitos de certificaci\u00f3n de la norma ISO\/IEC 17024, y \u201cTitular del certificado\u201d se refiere a los requisitos de los programas de certificaci\u00f3n de ASTM E2659. La Pol\u00edtica sobre la Violaci\u00f3n de la Marca PECB [&hellip;]\" \/>\n<meta property=\"og:url\" content=\"https:\/\/staging.pecb.com\/es\/about\/violation-of-pecb-brand-and-fraud-reporting-policy\" \/>\n<meta property=\"og:site_name\" content=\"PECB\" \/>\n<meta property=\"article:publisher\" content=\"https:\/\/www.facebook.com\/PECBInternational\/\" \/>\n<meta property=\"article:modified_time\" content=\"2025-11-20T15:42:01+00:00\" \/>\n<meta name=\"twitter:card\" content=\"summary_large_image\" \/>\n<meta name=\"twitter:site\" content=\"@PECB\" \/>\n<meta name=\"twitter:label1\" content=\"Tiempo de lectura\" \/>\n\t<meta name=\"twitter:data1\" content=\"5 minutos\" \/>\n<script type=\"application\/ld+json\" class=\"yoast-schema-graph\">{\"@context\":\"https:\/\/schema.org\",\"@graph\":[{\"@type\":\"WebPage\",\"@id\":\"https:\/\/staging.pecb.com\/es\/about\/violation-of-pecb-brand-and-fraud-reporting-policy\",\"url\":\"https:\/\/staging.pecb.com\/es\/about\/violation-of-pecb-brand-and-fraud-reporting-policy\",\"name\":\"Violaci\u00f3n de la Marca PECB y de Denuncia de Fraude - PECB\",\"isPartOf\":{\"@id\":\"https:\/\/staging.pecb.com\/es#website\"},\"datePublished\":\"2025-07-18T06:01:57+00:00\",\"dateModified\":\"2025-11-20T15:42:01+00:00\",\"breadcrumb\":{\"@id\":\"https:\/\/staging.pecb.com\/es\/about\/violation-of-pecb-brand-and-fraud-reporting-policy#breadcrumb\"},\"inLanguage\":\"es\",\"potentialAction\":[{\"@type\":\"ReadAction\",\"target\":[\"https:\/\/staging.pecb.com\/es\/about\/violation-of-pecb-brand-and-fraud-reporting-policy\"]}]},{\"@type\":\"BreadcrumbList\",\"@id\":\"https:\/\/staging.pecb.com\/es\/about\/violation-of-pecb-brand-and-fraud-reporting-policy#breadcrumb\",\"itemListElement\":[{\"@type\":\"ListItem\",\"position\":1,\"name\":\"Home\",\"item\":\"https:\/\/staging.pecb.com\/es\"},{\"@type\":\"ListItem\",\"position\":2,\"name\":\"Acerca De\",\"item\":\"https:\/\/staging.pecb.com\/es\/about\"},{\"@type\":\"ListItem\",\"position\":3,\"name\":\"Violaci\u00f3n de la Marca PECB y de Denuncia de Fraude\"}]},{\"@type\":\"WebSite\",\"@id\":\"https:\/\/staging.pecb.com\/es#website\",\"url\":\"https:\/\/staging.pecb.com\/es\",\"name\":\"PECB\",\"description\":\"\",\"publisher\":{\"@id\":\"https:\/\/staging.pecb.com\/es#organization\"},\"potentialAction\":[{\"@type\":\"SearchAction\",\"target\":{\"@type\":\"EntryPoint\",\"urlTemplate\":\"https:\/\/staging.pecb.com\/es?s={search_term_string}\"},\"query-input\":{\"@type\":\"PropertyValueSpecification\",\"valueRequired\":true,\"valueName\":\"search_term_string\"}}],\"inLanguage\":\"es\"},{\"@type\":\"Organization\",\"@id\":\"https:\/\/staging.pecb.com\/es#organization\",\"name\":\"PECB\",\"url\":\"https:\/\/staging.pecb.com\/es\",\"logo\":{\"@type\":\"ImageObject\",\"inLanguage\":\"es\",\"@id\":\"https:\/\/staging.pecb.com\/es#\/schema\/logo\/image\/\",\"url\":\"https:\/\/staging.pecb.com\/wp-content\/uploads\/2025\/05\/Clip-path-group.svg\",\"contentUrl\":\"https:\/\/staging.pecb.com\/wp-content\/uploads\/2025\/05\/Clip-path-group.svg\",\"width\":96,\"height\":26,\"caption\":\"PECB\"},\"image\":{\"@id\":\"https:\/\/staging.pecb.com\/es#\/schema\/logo\/image\/\"},\"sameAs\":[\"https:\/\/www.facebook.com\/PECBInternational\/\",\"https:\/\/x.com\/PECB\",\"https:\/\/www.linkedin.com\/company\/pecb\",\"https:\/\/www.youtube.com\/channel\/UCQPfrnIUa7Q0oBRyT8l5eTg\",\"https:\/\/www.instagram.com\/pecb.official\/\"]}]}<\/script>\n<!-- \/ Yoast SEO plugin. -->","yoast_head_json":{"title":"Violaci\u00f3n de la Marca PECB y de Denuncia de Fraude - PECB","robots":{"index":"index","follow":"follow","max-snippet":"max-snippet:-1","max-image-preview":"max-image-preview:large","max-video-preview":"max-video-preview:-1"},"canonical":"https:\/\/staging.pecb.com\/es\/about\/violation-of-pecb-brand-and-fraud-reporting-policy","og_locale":"es_ES","og_type":"article","og_title":"Violaci\u00f3n de la Marca PECB y de Denuncia de Fraude - PECB","og_description":"Violaci\u00f3n de la Marca PECB y de Denuncia de Fraude Exenci\u00f3n de responsabilidad Exenci\u00f3n de responsabilidad: \u201cCertificado\u201d se refiere a los requisitos de certificaci\u00f3n de la norma ISO\/IEC 17024, y \u201cTitular del certificado\u201d se refiere a los requisitos de los programas de certificaci\u00f3n de ASTM E2659. La Pol\u00edtica sobre la Violaci\u00f3n de la Marca PECB [&hellip;]","og_url":"https:\/\/staging.pecb.com\/es\/about\/violation-of-pecb-brand-and-fraud-reporting-policy","og_site_name":"PECB","article_publisher":"https:\/\/www.facebook.com\/PECBInternational\/","article_modified_time":"2025-11-20T15:42:01+00:00","twitter_card":"summary_large_image","twitter_site":"@PECB","twitter_misc":{"Tiempo de lectura":"5 minutos"},"schema":{"@context":"https:\/\/schema.org","@graph":[{"@type":"WebPage","@id":"https:\/\/staging.pecb.com\/es\/about\/violation-of-pecb-brand-and-fraud-reporting-policy","url":"https:\/\/staging.pecb.com\/es\/about\/violation-of-pecb-brand-and-fraud-reporting-policy","name":"Violaci\u00f3n de la Marca PECB y de Denuncia de Fraude - PECB","isPartOf":{"@id":"https:\/\/staging.pecb.com\/es#website"},"datePublished":"2025-07-18T06:01:57+00:00","dateModified":"2025-11-20T15:42:01+00:00","breadcrumb":{"@id":"https:\/\/staging.pecb.com\/es\/about\/violation-of-pecb-brand-and-fraud-reporting-policy#breadcrumb"},"inLanguage":"es","potentialAction":[{"@type":"ReadAction","target":["https:\/\/staging.pecb.com\/es\/about\/violation-of-pecb-brand-and-fraud-reporting-policy"]}]},{"@type":"BreadcrumbList","@id":"https:\/\/staging.pecb.com\/es\/about\/violation-of-pecb-brand-and-fraud-reporting-policy#breadcrumb","itemListElement":[{"@type":"ListItem","position":1,"name":"Home","item":"https:\/\/staging.pecb.com\/es"},{"@type":"ListItem","position":2,"name":"Acerca De","item":"https:\/\/staging.pecb.com\/es\/about"},{"@type":"ListItem","position":3,"name":"Violaci\u00f3n de la Marca PECB y de Denuncia de Fraude"}]},{"@type":"WebSite","@id":"https:\/\/staging.pecb.com\/es#website","url":"https:\/\/staging.pecb.com\/es","name":"PECB","description":"","publisher":{"@id":"https:\/\/staging.pecb.com\/es#organization"},"potentialAction":[{"@type":"SearchAction","target":{"@type":"EntryPoint","urlTemplate":"https:\/\/staging.pecb.com\/es?s={search_term_string}"},"query-input":{"@type":"PropertyValueSpecification","valueRequired":true,"valueName":"search_term_string"}}],"inLanguage":"es"},{"@type":"Organization","@id":"https:\/\/staging.pecb.com\/es#organization","name":"PECB","url":"https:\/\/staging.pecb.com\/es","logo":{"@type":"ImageObject","inLanguage":"es","@id":"https:\/\/staging.pecb.com\/es#\/schema\/logo\/image\/","url":"https:\/\/staging.pecb.com\/wp-content\/uploads\/2025\/05\/Clip-path-group.svg","contentUrl":"https:\/\/staging.pecb.com\/wp-content\/uploads\/2025\/05\/Clip-path-group.svg","width":96,"height":26,"caption":"PECB"},"image":{"@id":"https:\/\/staging.pecb.com\/es#\/schema\/logo\/image\/"},"sameAs":["https:\/\/www.facebook.com\/PECBInternational\/","https:\/\/x.com\/PECB","https:\/\/www.linkedin.com\/company\/pecb","https:\/\/www.youtube.com\/channel\/UCQPfrnIUa7Q0oBRyT8l5eTg","https:\/\/www.instagram.com\/pecb.official\/"]}]}},"_links":{"self":[{"href":"https:\/\/staging.pecb.com\/es\/wp-json\/wp\/v2\/pages\/26742","targetHints":{"allow":["GET"]}}],"collection":[{"href":"https:\/\/staging.pecb.com\/es\/wp-json\/wp\/v2\/pages"}],"about":[{"href":"https:\/\/staging.pecb.com\/es\/wp-json\/wp\/v2\/types\/page"}],"author":[{"embeddable":true,"href":"https:\/\/staging.pecb.com\/es\/wp-json\/wp\/v2\/users\/2"}],"replies":[{"embeddable":true,"href":"https:\/\/staging.pecb.com\/es\/wp-json\/wp\/v2\/comments?post=26742"}],"version-history":[{"count":0,"href":"https:\/\/staging.pecb.com\/es\/wp-json\/wp\/v2\/pages\/26742\/revisions"}],"up":[{"embeddable":true,"href":"https:\/\/staging.pecb.com\/es\/wp-json\/wp\/v2\/pages\/27838"}],"wp:attachment":[{"href":"https:\/\/staging.pecb.com\/es\/wp-json\/wp\/v2\/media?parent=26742"}],"curies":[{"name":"wp","href":"https:\/\/api.w.org\/{rel}","templated":true}]}}