{"id":26739,"date":"2025-07-18T05:32:46","date_gmt":"2025-07-18T05:32:46","guid":{"rendered":"https:\/\/pecb.com\/values-of-pecb-certification"},"modified":"2025-11-20T16:37:31","modified_gmt":"2025-11-20T15:37:31","slug":"values-of-pecb-certification","status":"publish","type":"page","link":"https:\/\/staging.pecb.com\/es\/about\/values-of-pecb-certification","title":{"rendered":"Valor de la certificaci\u00f3n de PECB"},"content":{"rendered":"\t\t<div data-elementor-type=\"wp-page\" data-elementor-id=\"26739\" class=\"elementor elementor-26739 elementor-15850\" data-elementor-post-type=\"page\">\n\t\t\t\t<div class=\"elementor-element elementor-element-5b3a9387 e-flex e-con-boxed e-con e-parent\" data-id=\"5b3a9387\" data-element_type=\"container\" data-e-type=\"container\" data-settings=\"{&quot;background_background&quot;:&quot;classic&quot;}\">\n\t\t\t\t\t<div class=\"e-con-inner\">\n\t\t\t\t<div class=\"elementor-element elementor-element-16128c44 elementor-widget elementor-widget-heading\" data-id=\"16128c44\" data-element_type=\"widget\" data-e-type=\"widget\" data-widget_type=\"heading.default\">\n\t\t\t\t\t<h1 class=\"elementor-heading-title elementor-size-default\">Valor de la certificaci\u00f3n de PECB<\/h1>\t\t\t\t<\/div>\n\t\t\t\t\t<\/div>\n\t\t\t\t<\/div>\n\t\t<div class=\"elementor-element elementor-element-4f75a58 e-flex e-con-boxed e-con e-parent\" data-id=\"4f75a58\" data-element_type=\"container\" data-e-type=\"container\" data-settings=\"{&quot;background_background&quot;:&quot;classic&quot;}\">\n\t\t\t\t\t<div class=\"e-con-inner\">\n\t\t\t\t<div class=\"elementor-element elementor-element-1190b8e elementor-widget elementor-widget-text-editor\" data-id=\"1190b8e\" data-element_type=\"widget\" data-e-type=\"widget\" data-widget_type=\"text-editor.default\">\n\t\t\t\t\t\t\t\t\t<p dir=\"auto\">\n        <style>\n            .child-pages {\n                display: flex;\n                flex-wrap: wrap;\n                justify-content: center;\n                gap: 8px;\n                width: fit-content;\n                margin: 0 auto;\n                 padding:10px;\n            }\n            .child-pages li {\n                display: flex;\n                padding: 8px 16px;\n                flex-direction: column;\n                align-items: center;\n                border-radius: 4px;\n                background: #FFF;\n                list-style: none;\n            }\n            .child-pages li.active {\n                background: #CBD5E1;\n            }\n            .child-pages li a {\n                color: #000;\n                text-align: center;\n                font-family: Parabolica, sans-serif;\n                font-size: 14px;\n                font-style: normal;\n                font-weight: 400;\n                line-height: normal;\n                text-decoration: none;\n            }\n            .child-pages li a:hover {\n                text-decoration: underline;\n            }\n        <\/style>\n    <ul class=\"child-pages\"><li class=\"\"><a href=\"https:\/\/staging.pecb.com\/en\/about\">About<\/a><\/li><li class=\"\"><a href=\"https:\/\/staging.pecb.com\/es\/about\/accreditations-and-affiliations\">Acreditaciones y Afiliaciones<\/a><\/li><li class=\"\"><a href=\"https:\/\/staging.pecb.com\/es\/about\/code-of-ethics\">C\u00f3digo de \u00c9tica<\/a><\/li><li class=\"\"><a href=\"https:\/\/staging.pecb.com\/es\/about\/complaint-and-appeal-policy\">Complaint and Appeal Policy<\/a><\/li><li class=\"\"><a href=\"https:\/\/staging.pecb.com\/es\/about\/digital-trust\">Confianza digital: Construir un futuro seguro<\/a><\/li><li class=\"\"><a href=\"https:\/\/staging.pecb.com\/es\/about\/statement-of-impartiality\">Declaraci\u00f3n de imparcialidad<\/a><\/li><li class=\"\"><a href=\"https:\/\/staging.pecb.com\/es\/about\/gdpr-privacy-statement\">Declaraci\u00f3n de Privacidad del RGPD<\/a><\/li><li class=\"\"><a href=\"https:\/\/staging.pecb.com\/es\/about\/team\">Nosotros somos PECB<\/a><\/li><li class=\"\"><a href=\"https:\/\/staging.pecb.com\/es\/about\/behavior-policy\">Pol\u00edtica de comportamiento<\/a><\/li><li class=\"\"><a href=\"https:\/\/staging.pecb.com\/es\/about\/sanctioned-countries-for-pecb-services\">Pol\u00edtica de PECB sobre las Sanciones Econ\u00f3micas Canadienses e Internacionales y los pa\u00edses afectados<\/a><\/li><li class=\"\"><a href=\"https:\/\/staging.pecb.com\/es\/about\/pecb-refund-policy\">Pol\u00edtica de Reembolso de PECB<\/a><\/li><li class=\"\"><a href=\"https:\/\/staging.pecb.com\/es\/about\/certification-mark-use-policy\">Pol\u00edtica de uso de la marca de certificaci\u00f3n<\/a><\/li><li class=\"\"><a href=\"https:\/\/staging.pecb.com\/es\/about\/pecb-code-of-ethics-violation-policy\">Pol\u00edtica de Violaci\u00f3n al C\u00f3digo de \u00c9tica de PECB<\/a><\/li><li class=\"\"><a href=\"https:\/\/staging.pecb.com\/es\/about\/pecb-quality-and-information-security-policies\">Pol\u00edticas de Calidad y de Seguridad de la Informaci\u00f3n de PECB<\/a><\/li><li class=\"\"><a href=\"https:\/\/staging.pecb.com\/es\/about\/pecb-certification-process\">Proceso de Certificaci\u00f3n<\/a><\/li><li class=\"\"><a href=\"https:\/\/staging.pecb.com\/es\/about\/values-of-pecb-certification\">Valor de la certificaci\u00f3n de PECB<\/a><\/li><li class=\"\"><a href=\"https:\/\/staging.pecb.com\/es\/about\/violation-of-pecb-brand-and-fraud-reporting-policy\">Violaci\u00f3n de la Marca PECB y de Denuncia de Fraude<\/a><\/li><\/ul><\/p>\t\t\t\t\t\t\t\t<\/div>\n\t\t\t\t\t<\/div>\n\t\t\t\t<\/div>\n\t\t<div class=\"elementor-element elementor-element-5133d51c e-flex e-con-boxed e-con e-parent\" data-id=\"5133d51c\" data-element_type=\"container\" data-e-type=\"container\">\n\t\t\t\t\t<div class=\"e-con-inner\">\n\t\t\t\t<div class=\"elementor-element elementor-element-76d6e26a elementor-widget elementor-widget-text-editor\" data-id=\"76d6e26a\" data-element_type=\"widget\" data-e-type=\"widget\" data-widget_type=\"text-editor.default\">\n\t\t\t\t\t\t\t\t\t<h2><strong><span style=\"color: #a11e29;\">Reconocimiento mundial<\/span><\/strong><\/h2><p>Las credenciales de PECB son reconocidas internacionalmente y avaladas por muchos organismos de acreditaci\u00f3n, por lo que los profesionales que buscan obtenerlas se beneficiar\u00e1n de nuestro reconocimiento en los mercados nacionales e internacionales.<\/p><p>El valor de las certificaciones de PECB se valida mediante la acreditaci\u00f3n del Servicio Internacional de Acreditaci\u00f3n (IAS, por sus siglas en ingl\u00e9s) (IAS-PCB-111), el Servicio de Acreditaci\u00f3n del Reino Unido (UKAS, por sus siglas en ingl\u00e9s) (UKAS-No 21923) y el Consejo Coreano de Acreditaci\u00f3n (KAB, por sus siglas en ingl\u00e9s) (KAB-PC-08) bajo la norma ISO\/IEC 17024 \u2013 Requisitos generales para los organismos que operan la certificaci\u00f3n de personas. El valor de los programas de certificaci\u00f3n de PECB es validado por la acreditaci\u00f3n del Consejo Nacional de Acreditaci\u00f3n del Instituto Estadounidense de Normas Nacionales (ANAB, por sus siglas en ingl\u00e9s) (ANAB-Accreditation ID 1003) bajo ANSI\/ASTM E2659-18, Pr\u00e1ctica Est\u00e1ndar para Programas de Certificaci\u00f3n.<\/p><p>PECB es miembro asociado de la Asociaci\u00f3n Independiente de Registradores Acreditados (The Independent Association of Accredited Registrars, IAAR, por sus siglas en ingl\u00e9s), miembro de pleno derecho de la Asociaci\u00f3n Internacional de Certificaci\u00f3n de Personal (International Personnel Certification Association, IPC, por sus siglas en ingl\u00e9s), miembro signatario de IPC MLA, y miembro del Club EBIOS, CPD Certification Service, CLUSIF, Credential Engine e ITCC. Adem\u00e1s, PECB es un Socio Editor Autorizado (APP, por sus siglas en ingl\u00e9s) aprobado por el Organismo de Acreditaci\u00f3n de Certificaci\u00f3n de Modelo de Madurez de Ciberseguridad (CMMC-AB, por sus siglas en ingl\u00e9s) para la norma de Certificaci\u00f3n de Modelo de Madurez de Ciberseguridad (CMMC), est\u00e1 aprobado por el Club EBIOS para ofrecer la certificaci\u00f3n de Skills de Gerente de Riesgos EBIOS, y est\u00e1 aprobado por la Comisi\u00f3n Nacional de Inform\u00e1tica y Libertades (CNIL &#8211; Commission Nationale de l&#8217;Informatique et des Libert\u00e9s) para ofrecer la certificaci\u00f3n DPD. Para obtener informaci\u00f3n m\u00e1s detallada, haga clic <a href=\"https:\/\/staging.pecb.com\/es\/accreditations-and-affiliations\">aqu\u00ed<\/a>.<\/p><h2><strong><span style=\"color: #a11e29;\">Productos y servicios de alta calidad<\/span><\/strong><\/h2><p>Estamos orgullosos de ofrecer a nuestros clientes productos y servicios de alta calidad que se adaptan a sus necesidades y demandas. Todos nuestros productos son cuidadosamente preparados por un equipo de expertos y profesionales basados en las mejores pr\u00e1cticas y metodolog\u00edas.<\/p><h2><strong><span style=\"color: #a11e29;\">Cumplimiento con las normas<\/span><\/strong><\/h2><p>Nuestras certificaciones y programas de certificado son una demostraci\u00f3n del cumplimiento de las normas ISO\/IEC 17024 y ASTM E2659. Ellas aseguran que los requisitos de la norma se han cumplido y validado con la consistencia, profesionalismo e imparcialidad adecuados.<\/p><h2><strong><span style=\"color: #a11e29;\">Servicio orientado al cliente<\/span><\/strong><\/h2><p>Somos una empresa centrada en el cliente y tratamos a cada uno de nuestros clientes con valor, importancia, profesionalidad y honestidad. PECB cuenta con un equipo de expertos que se encargan de atender las solicitudes, preguntas y necesidades. Hacemos todo lo posible para mantener un tiempo de respuesta m\u00e1ximo de 24 horas sin comprometer la calidad del servicio.<\/p><h2><strong><span style=\"color: #a11e29;\">Flexibilidad y comodidad<\/span><\/strong><\/h2><p>Las oportunidades de aprendizaje en l\u00ednea hacen que su desarrollo profesional sea m\u00e1s conveniente, ya que puede programar sus sesiones de aprendizaje de acuerdo con su estilo de vida. Dicha flexibilidad le brinda m\u00e1s tiempo libre, ofrece m\u00e1s oportunidades de avance profesional y reduce los costos.<\/p>\t\t\t\t\t\t\t\t<\/div>\n\t\t\t\t\t<\/div>\n\t\t\t\t<\/div>\n\t\t\t\t<\/div>\n\t\t","protected":false},"excerpt":{"rendered":"<p>Valor de la certificaci\u00f3n de PECB Reconocimiento mundial Las credenciales de PECB son reconocidas internacionalmente y avaladas por muchos organismos de acreditaci\u00f3n, por lo que los profesionales que buscan obtenerlas se beneficiar\u00e1n de nuestro reconocimiento en los mercados nacionales e internacionales. El valor de las certificaciones de PECB se valida mediante la acreditaci\u00f3n del Servicio [&hellip;]<\/p>\n","protected":false},"author":2,"featured_media":0,"parent":27838,"menu_order":0,"comment_status":"closed","ping_status":"closed","template":"","meta":{"_acf_changed":false,"content-type":"","footnotes":""},"class_list":["post-26739","page","type-page","status-publish","hentry"],"acf":[],"yoast_head":"<!-- This site is optimized with the Yoast SEO plugin v26.9 - https:\/\/yoast.com\/product\/yoast-seo-wordpress\/ -->\n<title>Valor de la certificaci\u00f3n de PECB - PECB<\/title>\n<meta name=\"robots\" content=\"index, follow, max-snippet:-1, max-image-preview:large, max-video-preview:-1\" \/>\n<link rel=\"canonical\" href=\"https:\/\/staging.pecb.com\/es\/about\/values-of-pecb-certification\" \/>\n<meta property=\"og:locale\" content=\"es_ES\" \/>\n<meta property=\"og:type\" content=\"article\" \/>\n<meta property=\"og:title\" content=\"Valor de la certificaci\u00f3n de PECB - PECB\" \/>\n<meta property=\"og:description\" content=\"Valor de la certificaci\u00f3n de PECB Reconocimiento mundial Las credenciales de PECB son reconocidas internacionalmente y avaladas por muchos organismos de acreditaci\u00f3n, por lo que los profesionales que buscan obtenerlas se beneficiar\u00e1n de nuestro reconocimiento en los mercados nacionales e internacionales. El valor de las certificaciones de PECB se valida mediante la acreditaci\u00f3n del Servicio [&hellip;]\" \/>\n<meta property=\"og:url\" content=\"https:\/\/staging.pecb.com\/es\/about\/values-of-pecb-certification\" \/>\n<meta property=\"og:site_name\" content=\"PECB\" \/>\n<meta property=\"article:publisher\" content=\"https:\/\/www.facebook.com\/PECBInternational\/\" \/>\n<meta property=\"article:modified_time\" content=\"2025-11-20T15:37:31+00:00\" \/>\n<meta name=\"twitter:card\" content=\"summary_large_image\" \/>\n<meta name=\"twitter:site\" content=\"@PECB\" \/>\n<meta name=\"twitter:label1\" content=\"Tiempo de lectura\" \/>\n\t<meta name=\"twitter:data1\" content=\"3 minutos\" \/>\n<script type=\"application\/ld+json\" class=\"yoast-schema-graph\">{\"@context\":\"https:\/\/schema.org\",\"@graph\":[{\"@type\":\"WebPage\",\"@id\":\"https:\/\/staging.pecb.com\/es\/about\/values-of-pecb-certification\",\"url\":\"https:\/\/staging.pecb.com\/es\/about\/values-of-pecb-certification\",\"name\":\"Valor de la certificaci\u00f3n de PECB - PECB\",\"isPartOf\":{\"@id\":\"https:\/\/staging.pecb.com\/es#website\"},\"datePublished\":\"2025-07-18T05:32:46+00:00\",\"dateModified\":\"2025-11-20T15:37:31+00:00\",\"breadcrumb\":{\"@id\":\"https:\/\/staging.pecb.com\/es\/about\/values-of-pecb-certification#breadcrumb\"},\"inLanguage\":\"es\",\"potentialAction\":[{\"@type\":\"ReadAction\",\"target\":[\"https:\/\/staging.pecb.com\/es\/about\/values-of-pecb-certification\"]}]},{\"@type\":\"BreadcrumbList\",\"@id\":\"https:\/\/staging.pecb.com\/es\/about\/values-of-pecb-certification#breadcrumb\",\"itemListElement\":[{\"@type\":\"ListItem\",\"position\":1,\"name\":\"Home\",\"item\":\"https:\/\/staging.pecb.com\/es\"},{\"@type\":\"ListItem\",\"position\":2,\"name\":\"Acerca De\",\"item\":\"https:\/\/staging.pecb.com\/es\/about\"},{\"@type\":\"ListItem\",\"position\":3,\"name\":\"Valor de la certificaci\u00f3n de PECB\"}]},{\"@type\":\"WebSite\",\"@id\":\"https:\/\/staging.pecb.com\/es#website\",\"url\":\"https:\/\/staging.pecb.com\/es\",\"name\":\"PECB\",\"description\":\"\",\"publisher\":{\"@id\":\"https:\/\/staging.pecb.com\/es#organization\"},\"potentialAction\":[{\"@type\":\"SearchAction\",\"target\":{\"@type\":\"EntryPoint\",\"urlTemplate\":\"https:\/\/staging.pecb.com\/es?s={search_term_string}\"},\"query-input\":{\"@type\":\"PropertyValueSpecification\",\"valueRequired\":true,\"valueName\":\"search_term_string\"}}],\"inLanguage\":\"es\"},{\"@type\":\"Organization\",\"@id\":\"https:\/\/staging.pecb.com\/es#organization\",\"name\":\"PECB\",\"url\":\"https:\/\/staging.pecb.com\/es\",\"logo\":{\"@type\":\"ImageObject\",\"inLanguage\":\"es\",\"@id\":\"https:\/\/staging.pecb.com\/es#\/schema\/logo\/image\/\",\"url\":\"https:\/\/staging.pecb.com\/wp-content\/uploads\/2025\/05\/Clip-path-group.svg\",\"contentUrl\":\"https:\/\/staging.pecb.com\/wp-content\/uploads\/2025\/05\/Clip-path-group.svg\",\"width\":96,\"height\":26,\"caption\":\"PECB\"},\"image\":{\"@id\":\"https:\/\/staging.pecb.com\/es#\/schema\/logo\/image\/\"},\"sameAs\":[\"https:\/\/www.facebook.com\/PECBInternational\/\",\"https:\/\/x.com\/PECB\",\"https:\/\/www.linkedin.com\/company\/pecb\",\"https:\/\/www.youtube.com\/channel\/UCQPfrnIUa7Q0oBRyT8l5eTg\",\"https:\/\/www.instagram.com\/pecb.official\/\"]}]}<\/script>\n<!-- \/ Yoast SEO plugin. -->","yoast_head_json":{"title":"Valor de la certificaci\u00f3n de PECB - PECB","robots":{"index":"index","follow":"follow","max-snippet":"max-snippet:-1","max-image-preview":"max-image-preview:large","max-video-preview":"max-video-preview:-1"},"canonical":"https:\/\/staging.pecb.com\/es\/about\/values-of-pecb-certification","og_locale":"es_ES","og_type":"article","og_title":"Valor de la certificaci\u00f3n de PECB - PECB","og_description":"Valor de la certificaci\u00f3n de PECB Reconocimiento mundial Las credenciales de PECB son reconocidas internacionalmente y avaladas por muchos organismos de acreditaci\u00f3n, por lo que los profesionales que buscan obtenerlas se beneficiar\u00e1n de nuestro reconocimiento en los mercados nacionales e internacionales. El valor de las certificaciones de PECB se valida mediante la acreditaci\u00f3n del Servicio [&hellip;]","og_url":"https:\/\/staging.pecb.com\/es\/about\/values-of-pecb-certification","og_site_name":"PECB","article_publisher":"https:\/\/www.facebook.com\/PECBInternational\/","article_modified_time":"2025-11-20T15:37:31+00:00","twitter_card":"summary_large_image","twitter_site":"@PECB","twitter_misc":{"Tiempo de lectura":"3 minutos"},"schema":{"@context":"https:\/\/schema.org","@graph":[{"@type":"WebPage","@id":"https:\/\/staging.pecb.com\/es\/about\/values-of-pecb-certification","url":"https:\/\/staging.pecb.com\/es\/about\/values-of-pecb-certification","name":"Valor de la certificaci\u00f3n de PECB - PECB","isPartOf":{"@id":"https:\/\/staging.pecb.com\/es#website"},"datePublished":"2025-07-18T05:32:46+00:00","dateModified":"2025-11-20T15:37:31+00:00","breadcrumb":{"@id":"https:\/\/staging.pecb.com\/es\/about\/values-of-pecb-certification#breadcrumb"},"inLanguage":"es","potentialAction":[{"@type":"ReadAction","target":["https:\/\/staging.pecb.com\/es\/about\/values-of-pecb-certification"]}]},{"@type":"BreadcrumbList","@id":"https:\/\/staging.pecb.com\/es\/about\/values-of-pecb-certification#breadcrumb","itemListElement":[{"@type":"ListItem","position":1,"name":"Home","item":"https:\/\/staging.pecb.com\/es"},{"@type":"ListItem","position":2,"name":"Acerca De","item":"https:\/\/staging.pecb.com\/es\/about"},{"@type":"ListItem","position":3,"name":"Valor de la certificaci\u00f3n de PECB"}]},{"@type":"WebSite","@id":"https:\/\/staging.pecb.com\/es#website","url":"https:\/\/staging.pecb.com\/es","name":"PECB","description":"","publisher":{"@id":"https:\/\/staging.pecb.com\/es#organization"},"potentialAction":[{"@type":"SearchAction","target":{"@type":"EntryPoint","urlTemplate":"https:\/\/staging.pecb.com\/es?s={search_term_string}"},"query-input":{"@type":"PropertyValueSpecification","valueRequired":true,"valueName":"search_term_string"}}],"inLanguage":"es"},{"@type":"Organization","@id":"https:\/\/staging.pecb.com\/es#organization","name":"PECB","url":"https:\/\/staging.pecb.com\/es","logo":{"@type":"ImageObject","inLanguage":"es","@id":"https:\/\/staging.pecb.com\/es#\/schema\/logo\/image\/","url":"https:\/\/staging.pecb.com\/wp-content\/uploads\/2025\/05\/Clip-path-group.svg","contentUrl":"https:\/\/staging.pecb.com\/wp-content\/uploads\/2025\/05\/Clip-path-group.svg","width":96,"height":26,"caption":"PECB"},"image":{"@id":"https:\/\/staging.pecb.com\/es#\/schema\/logo\/image\/"},"sameAs":["https:\/\/www.facebook.com\/PECBInternational\/","https:\/\/x.com\/PECB","https:\/\/www.linkedin.com\/company\/pecb","https:\/\/www.youtube.com\/channel\/UCQPfrnIUa7Q0oBRyT8l5eTg","https:\/\/www.instagram.com\/pecb.official\/"]}]}},"_links":{"self":[{"href":"https:\/\/staging.pecb.com\/es\/wp-json\/wp\/v2\/pages\/26739","targetHints":{"allow":["GET"]}}],"collection":[{"href":"https:\/\/staging.pecb.com\/es\/wp-json\/wp\/v2\/pages"}],"about":[{"href":"https:\/\/staging.pecb.com\/es\/wp-json\/wp\/v2\/types\/page"}],"author":[{"embeddable":true,"href":"https:\/\/staging.pecb.com\/es\/wp-json\/wp\/v2\/users\/2"}],"replies":[{"embeddable":true,"href":"https:\/\/staging.pecb.com\/es\/wp-json\/wp\/v2\/comments?post=26739"}],"version-history":[{"count":0,"href":"https:\/\/staging.pecb.com\/es\/wp-json\/wp\/v2\/pages\/26739\/revisions"}],"up":[{"embeddable":true,"href":"https:\/\/staging.pecb.com\/es\/wp-json\/wp\/v2\/pages\/27838"}],"wp:attachment":[{"href":"https:\/\/staging.pecb.com\/es\/wp-json\/wp\/v2\/media?parent=26739"}],"curies":[{"name":"wp","href":"https:\/\/api.w.org\/{rel}","templated":true}]}}