{"id":26710,"date":"2025-07-18T05:47:44","date_gmt":"2025-07-18T05:47:44","guid":{"rendered":"https:\/\/pecb.com\/pecb-quality-and-information-security-policies"},"modified":"2025-11-20T09:37:05","modified_gmt":"2025-11-20T08:37:05","slug":"pecb-quality-and-information-security-policies","status":"publish","type":"page","link":"https:\/\/staging.pecb.com\/es\/about\/pecb-quality-and-information-security-policies","title":{"rendered":"Pol\u00edticas de Calidad y de Seguridad de la Informaci\u00f3n de PECB"},"content":{"rendered":"\t\t<div data-elementor-type=\"wp-page\" data-elementor-id=\"26710\" class=\"elementor elementor-26710 elementor-15875\" data-elementor-post-type=\"page\">\n\t\t\t\t<div class=\"elementor-element elementor-element-3c805e1a e-flex e-con-boxed e-con e-parent\" data-id=\"3c805e1a\" data-element_type=\"container\" data-e-type=\"container\" data-settings=\"{&quot;background_background&quot;:&quot;classic&quot;}\">\n\t\t\t\t\t<div class=\"e-con-inner\">\n\t\t\t\t<div class=\"elementor-element elementor-element-1363f37b elementor-widget elementor-widget-heading\" data-id=\"1363f37b\" data-element_type=\"widget\" data-e-type=\"widget\" data-widget_type=\"heading.default\">\n\t\t\t\t\t<h1 class=\"elementor-heading-title elementor-size-default\">Pol\u00edticas de Calidad y de Seguridad de la Informaci\u00f3n de PECB<\/h1>\t\t\t\t<\/div>\n\t\t\t\t\t<\/div>\n\t\t\t\t<\/div>\n\t\t<div class=\"elementor-element elementor-element-aff0275 e-flex e-con-boxed e-con e-parent\" data-id=\"aff0275\" data-element_type=\"container\" data-e-type=\"container\" data-settings=\"{&quot;background_background&quot;:&quot;classic&quot;}\">\n\t\t\t\t\t<div class=\"e-con-inner\">\n\t\t\t\t<div class=\"elementor-element elementor-element-9230aef elementor-widget elementor-widget-text-editor\" data-id=\"9230aef\" data-element_type=\"widget\" data-e-type=\"widget\" data-widget_type=\"text-editor.default\">\n\t\t\t\t\t\t\t\t\t<p dir=\"auto\">\n        <style>\n            .child-pages {\n                display: flex;\n                flex-wrap: wrap;\n                justify-content: center;\n                gap: 8px;\n                width: fit-content;\n                margin: 0 auto;\n                 padding:10px;\n            }\n            .child-pages li {\n                display: flex;\n                padding: 8px 16px;\n                flex-direction: column;\n                align-items: center;\n                border-radius: 4px;\n                background: #FFF;\n                list-style: none;\n            }\n            .child-pages li.active {\n                background: #CBD5E1;\n            }\n            .child-pages li a {\n                color: #000;\n                text-align: center;\n                font-family: Parabolica, sans-serif;\n                font-size: 14px;\n                font-style: normal;\n                font-weight: 400;\n                line-height: normal;\n                text-decoration: none;\n            }\n            .child-pages li a:hover {\n                text-decoration: underline;\n            }\n        <\/style>\n    <ul class=\"child-pages\"><li class=\"\"><a href=\"https:\/\/staging.pecb.com\/en\/about\">About<\/a><\/li><li class=\"\"><a href=\"https:\/\/staging.pecb.com\/es\/about\/accreditations-and-affiliations\">Acreditaciones y Afiliaciones<\/a><\/li><li class=\"\"><a href=\"https:\/\/staging.pecb.com\/es\/about\/code-of-ethics\">C\u00f3digo de \u00c9tica<\/a><\/li><li class=\"\"><a href=\"https:\/\/staging.pecb.com\/es\/about\/complaint-and-appeal-policy\">Complaint and Appeal Policy<\/a><\/li><li class=\"\"><a href=\"https:\/\/staging.pecb.com\/es\/about\/digital-trust\">Confianza digital: Construir un futuro seguro<\/a><\/li><li class=\"\"><a href=\"https:\/\/staging.pecb.com\/es\/about\/statement-of-impartiality\">Declaraci\u00f3n de imparcialidad<\/a><\/li><li class=\"\"><a href=\"https:\/\/staging.pecb.com\/es\/about\/gdpr-privacy-statement\">Declaraci\u00f3n de Privacidad del RGPD<\/a><\/li><li class=\"\"><a href=\"https:\/\/staging.pecb.com\/es\/about\/team\">Nosotros somos PECB<\/a><\/li><li class=\"\"><a href=\"https:\/\/staging.pecb.com\/es\/about\/behavior-policy\">Pol\u00edtica de comportamiento<\/a><\/li><li class=\"\"><a href=\"https:\/\/staging.pecb.com\/es\/about\/sanctioned-countries-for-pecb-services\">Pol\u00edtica de PECB sobre las Sanciones Econ\u00f3micas Canadienses e Internacionales y los pa\u00edses afectados<\/a><\/li><li class=\"\"><a href=\"https:\/\/staging.pecb.com\/es\/about\/pecb-refund-policy\">Pol\u00edtica de Reembolso de PECB<\/a><\/li><li class=\"\"><a href=\"https:\/\/staging.pecb.com\/es\/about\/certification-mark-use-policy\">Pol\u00edtica de uso de la marca de certificaci\u00f3n<\/a><\/li><li class=\"\"><a href=\"https:\/\/staging.pecb.com\/es\/about\/pecb-code-of-ethics-violation-policy\">Pol\u00edtica de Violaci\u00f3n al C\u00f3digo de \u00c9tica de PECB<\/a><\/li><li class=\"\"><a href=\"https:\/\/staging.pecb.com\/es\/about\/pecb-quality-and-information-security-policies\">Pol\u00edticas de Calidad y de Seguridad de la Informaci\u00f3n de PECB<\/a><\/li><li class=\"\"><a href=\"https:\/\/staging.pecb.com\/es\/about\/pecb-certification-process\">Proceso de Certificaci\u00f3n<\/a><\/li><li class=\"\"><a href=\"https:\/\/staging.pecb.com\/es\/about\/values-of-pecb-certification\">Valor de la certificaci\u00f3n de PECB<\/a><\/li><li class=\"\"><a href=\"https:\/\/staging.pecb.com\/es\/about\/violation-of-pecb-brand-and-fraud-reporting-policy\">Violaci\u00f3n de la Marca PECB y de Denuncia de Fraude<\/a><\/li><\/ul><\/p>\t\t\t\t\t\t\t\t<\/div>\n\t\t\t\t\t<\/div>\n\t\t\t\t<\/div>\n\t\t<div class=\"elementor-element elementor-element-46c1d9dd e-flex e-con-boxed e-con e-parent\" data-id=\"46c1d9dd\" data-element_type=\"container\" data-e-type=\"container\">\n\t\t\t\t\t<div class=\"e-con-inner\">\n\t\t\t\t<div class=\"elementor-element elementor-element-440d07a1 elementor-widget elementor-widget-text-editor\" data-id=\"440d07a1\" data-element_type=\"widget\" data-e-type=\"widget\" data-widget_type=\"text-editor.default\">\n\t\t\t\t\t\t\t\t\t<h2><strong>Pol\u00edtica de Calidad<\/strong><\/h2><h3><strong>Es pol\u00edtica de nuestra organizaci\u00f3n:<\/strong><\/h3><ol><li>Definir y cumplir con los requisitos de nuestros clientes.<\/li><li>Garantizar que nuestras pol\u00edticas y procedimientos sean claros, concisos y reflejen lo que realmente hacemos.<\/li><li>Supervisar y analizar las m\u00e9tricas de rendimiento y realizar los cambios o ajustes necesarios como efectuar programas de cliente, satisfacci\u00f3n del cliente, Sistema de Gesti\u00f3n de la Calidad o cualquier entidad relacionada.\u00a0<\/li><li>Informar a todos los empleados acerca de los v\u00ednculos entre sus trabajos y la satisfacci\u00f3n del cliente.<\/li><li>Garantizar una comunicaci\u00f3n efectiva a nivel interno y con los clientes.<\/li><li>Promover un enfoque de equipo para la resoluci\u00f3n de problemas y acciones preventiva mediante la capacitaci\u00f3n de todos los empleados para que sean embajadores de calidad.<\/li><li>Inculcar el Sistema de Gesti\u00f3n de Calidad dentro de la cultura empresarial y dentro de las pr\u00e1cticas cotidianas como un compromiso a largo plazo con la calidad, con la mejora continua y la satisfacci\u00f3n del cliente.<\/li><li>Cumplir o sobrepasar las expectativas de nuestros clientes por medio de la mejora continua.<\/li><li>Garantizar que la alta gerencia de la organizaci\u00f3n se re\u00fana frecuentemente con el representante del Departamento de Gesti\u00f3n de Calidad para revisar y garantizar la efectividad del sistema de gesti\u00f3n de calidad.<\/li><\/ol><h2><strong>Pol\u00edtica de seguridad de la informaci\u00f3n<\/strong><\/h2><h3><strong>Resumen de la pol\u00edtica\u00a0<\/strong><\/h3><ul><li>La informaci\u00f3n siempre debe estar protegida, sin importar la manera en que \u00e9sta se forme, se comparta o se almacene.<\/li><\/ul><h3><strong>Introducci\u00f3n<\/strong><\/h3><ul><li>La informaci\u00f3n puede existir en muchas formas. \u00c9sta puede ser impresa o escrita en papel, almacenada electr\u00f3nicamente, transmitida por correo postal o por correo electr\u00f3nico, exhibida en filmes o hablada en conversaciones.\u00a0<\/li><li>La seguridad de la Informaci\u00f3n se refiere a la protecci\u00f3n de la informaci\u00f3n de una amplia gama de amenazas con el fin de garantizar la continuidad del negocio, minimizar los riesgos empresariales y optimizar el retorno de la inversi\u00f3n y de oportunidades de negocio\u00a0<\/li><\/ul><h3><strong>Alcance<\/strong><\/h3><ul><li>Esta pol\u00edtica se aplica a todos los departamentos de la organizaci\u00f3n.<\/li><\/ul><h3><strong>Objetivos de la seguridad de la informaci\u00f3n\u00a0<\/strong><\/h3><ul><li>Los riesgos operacionales y estrat\u00e9gicos para la seguridad de la informaci\u00f3n se entienden y se tratan para que lleguen a ser aceptables para la organizaci\u00f3n.\u00a0<\/li><li>Se garantizan la confidencialidad, integridad y disponibilidad de la informaci\u00f3n del cliente, la elaboraci\u00f3n del producto y de toda la informaci\u00f3n confidencial.\u00a0<\/li><\/ul><h3><strong>Principios de la seguridad de la informaci\u00f3n\u00a0<\/strong><\/h3><ul><li>Esta organizaci\u00f3n fomenta la toma de riesgos y tolera riesgos siempre y cuando los riesgos para la informaci\u00f3n se entiendan, se les haga el seguimiento y se traten cuando sea necesario.\u00a0<\/li><li>Todos los empleados ser\u00e1n conscientes y responsables de la seguridad de la informaci\u00f3n entre m\u00e1s sea \u00e9sta relevante para el cumplimiento de sus funciones.<\/li><li>Se adoptar\u00e1n disposiciones para la financiaci\u00f3n de controles de seguridad en los procesos operacionales y de gesti\u00f3n de proyectos.\u00a0<\/li><li>Se har\u00e1 el seguimiento de los riesgos para a seguridad de la informaci\u00f3n y se tomar\u00e1n medidas cuando los cambios tienen como consecuencia riesgos que son inaceptables.\u00a0<\/li><li>No se tolerar\u00e1n las situaciones que pudieran poner a la organizaci\u00f3n en una posici\u00f3n de incumplimiento de las leyes o regulaciones legales.<\/li><\/ul><h3><strong>Responsabilidades\u00a0<\/strong><\/h3><ul><li style=\"list-style-type: none;\"><ul><li>La Direcci\u00f3n es responsable de asegurar que se atienda adecuadamente la seguridad de la informaci\u00f3n en toda la organizaci\u00f3n. La Direcci\u00f3n debe revisar igualmente esta pol\u00edtica anualmente, o cuando sea necesario luego de haber realizado cambios significativos en la organizaci\u00f3n, as\u00ed como documentar dicha revisi\u00f3n.<\/li><li>Cada gerente es responsable de garantizar que las personas que trabajan bajo su mando protejan la informaci\u00f3n de acuerdo con los requisitos de las organizaciones.\u00a0<\/li><li>Cada miembro del personal tiene responsabilidades con la seguridad de la informaci\u00f3n como parte integral de su trabajo.<\/li><\/ul><\/li><\/ul>\t\t\t\t\t\t\t\t<\/div>\n\t\t\t\t\t<\/div>\n\t\t\t\t<\/div>\n\t\t\t\t<\/div>\n\t\t","protected":false},"excerpt":{"rendered":"<p>Pol\u00edticas de Calidad y de Seguridad de la Informaci\u00f3n de PECB Pol\u00edtica de Calidad Es pol\u00edtica de nuestra organizaci\u00f3n: Definir y cumplir con los requisitos de nuestros clientes. Garantizar que nuestras pol\u00edticas y procedimientos sean claros, concisos y reflejen lo que realmente hacemos. Supervisar y analizar las m\u00e9tricas de rendimiento y realizar los cambios o [&hellip;]<\/p>\n","protected":false},"author":2,"featured_media":0,"parent":27838,"menu_order":0,"comment_status":"closed","ping_status":"closed","template":"","meta":{"_acf_changed":false,"content-type":"","footnotes":""},"class_list":["post-26710","page","type-page","status-publish","hentry"],"acf":[],"yoast_head":"<!-- This site is optimized with the Yoast SEO plugin v26.9 - https:\/\/yoast.com\/product\/yoast-seo-wordpress\/ -->\n<title>Pol\u00edticas de Calidad y de Seguridad de la Informaci\u00f3n de PECB - PECB<\/title>\n<meta name=\"robots\" content=\"index, follow, max-snippet:-1, max-image-preview:large, max-video-preview:-1\" \/>\n<link rel=\"canonical\" href=\"https:\/\/staging.pecb.com\/es\/about\/pecb-quality-and-information-security-policies\" \/>\n<meta property=\"og:locale\" content=\"es_ES\" \/>\n<meta property=\"og:type\" content=\"article\" \/>\n<meta property=\"og:title\" content=\"Pol\u00edticas de Calidad y de Seguridad de la Informaci\u00f3n de PECB - PECB\" \/>\n<meta property=\"og:description\" content=\"Pol\u00edticas de Calidad y de Seguridad de la Informaci\u00f3n de PECB Pol\u00edtica de Calidad Es pol\u00edtica de nuestra organizaci\u00f3n: Definir y cumplir con los requisitos de nuestros clientes. Garantizar que nuestras pol\u00edticas y procedimientos sean claros, concisos y reflejen lo que realmente hacemos. Supervisar y analizar las m\u00e9tricas de rendimiento y realizar los cambios o [&hellip;]\" \/>\n<meta property=\"og:url\" content=\"https:\/\/staging.pecb.com\/es\/about\/pecb-quality-and-information-security-policies\" \/>\n<meta property=\"og:site_name\" content=\"PECB\" \/>\n<meta property=\"article:publisher\" content=\"https:\/\/www.facebook.com\/PECBInternational\/\" \/>\n<meta property=\"article:modified_time\" content=\"2025-11-20T08:37:05+00:00\" \/>\n<meta name=\"twitter:card\" content=\"summary_large_image\" \/>\n<meta name=\"twitter:site\" content=\"@PECB\" \/>\n<meta name=\"twitter:label1\" content=\"Tiempo de lectura\" \/>\n\t<meta name=\"twitter:data1\" content=\"3 minutos\" \/>\n<script type=\"application\/ld+json\" class=\"yoast-schema-graph\">{\"@context\":\"https:\/\/schema.org\",\"@graph\":[{\"@type\":\"WebPage\",\"@id\":\"https:\/\/staging.pecb.com\/es\/about\/pecb-quality-and-information-security-policies\",\"url\":\"https:\/\/staging.pecb.com\/es\/about\/pecb-quality-and-information-security-policies\",\"name\":\"Pol\u00edticas de Calidad y de Seguridad de la Informaci\u00f3n de PECB - PECB\",\"isPartOf\":{\"@id\":\"https:\/\/staging.pecb.com\/es#website\"},\"datePublished\":\"2025-07-18T05:47:44+00:00\",\"dateModified\":\"2025-11-20T08:37:05+00:00\",\"breadcrumb\":{\"@id\":\"https:\/\/staging.pecb.com\/es\/about\/pecb-quality-and-information-security-policies#breadcrumb\"},\"inLanguage\":\"es\",\"potentialAction\":[{\"@type\":\"ReadAction\",\"target\":[\"https:\/\/staging.pecb.com\/es\/about\/pecb-quality-and-information-security-policies\"]}]},{\"@type\":\"BreadcrumbList\",\"@id\":\"https:\/\/staging.pecb.com\/es\/about\/pecb-quality-and-information-security-policies#breadcrumb\",\"itemListElement\":[{\"@type\":\"ListItem\",\"position\":1,\"name\":\"Home\",\"item\":\"https:\/\/staging.pecb.com\/es\"},{\"@type\":\"ListItem\",\"position\":2,\"name\":\"Acerca De\",\"item\":\"https:\/\/staging.pecb.com\/es\/about\"},{\"@type\":\"ListItem\",\"position\":3,\"name\":\"Pol\u00edticas de Calidad y de Seguridad de la Informaci\u00f3n de PECB\"}]},{\"@type\":\"WebSite\",\"@id\":\"https:\/\/staging.pecb.com\/es#website\",\"url\":\"https:\/\/staging.pecb.com\/es\",\"name\":\"PECB\",\"description\":\"\",\"publisher\":{\"@id\":\"https:\/\/staging.pecb.com\/es#organization\"},\"potentialAction\":[{\"@type\":\"SearchAction\",\"target\":{\"@type\":\"EntryPoint\",\"urlTemplate\":\"https:\/\/staging.pecb.com\/es?s={search_term_string}\"},\"query-input\":{\"@type\":\"PropertyValueSpecification\",\"valueRequired\":true,\"valueName\":\"search_term_string\"}}],\"inLanguage\":\"es\"},{\"@type\":\"Organization\",\"@id\":\"https:\/\/staging.pecb.com\/es#organization\",\"name\":\"PECB\",\"url\":\"https:\/\/staging.pecb.com\/es\",\"logo\":{\"@type\":\"ImageObject\",\"inLanguage\":\"es\",\"@id\":\"https:\/\/staging.pecb.com\/es#\/schema\/logo\/image\/\",\"url\":\"https:\/\/staging.pecb.com\/wp-content\/uploads\/2025\/05\/Clip-path-group.svg\",\"contentUrl\":\"https:\/\/staging.pecb.com\/wp-content\/uploads\/2025\/05\/Clip-path-group.svg\",\"width\":96,\"height\":26,\"caption\":\"PECB\"},\"image\":{\"@id\":\"https:\/\/staging.pecb.com\/es#\/schema\/logo\/image\/\"},\"sameAs\":[\"https:\/\/www.facebook.com\/PECBInternational\/\",\"https:\/\/x.com\/PECB\",\"https:\/\/www.linkedin.com\/company\/pecb\",\"https:\/\/www.youtube.com\/channel\/UCQPfrnIUa7Q0oBRyT8l5eTg\",\"https:\/\/www.instagram.com\/pecb.official\/\"]}]}<\/script>\n<!-- \/ Yoast SEO plugin. -->","yoast_head_json":{"title":"Pol\u00edticas de Calidad y de Seguridad de la Informaci\u00f3n de PECB - PECB","robots":{"index":"index","follow":"follow","max-snippet":"max-snippet:-1","max-image-preview":"max-image-preview:large","max-video-preview":"max-video-preview:-1"},"canonical":"https:\/\/staging.pecb.com\/es\/about\/pecb-quality-and-information-security-policies","og_locale":"es_ES","og_type":"article","og_title":"Pol\u00edticas de Calidad y de Seguridad de la Informaci\u00f3n de PECB - PECB","og_description":"Pol\u00edticas de Calidad y de Seguridad de la Informaci\u00f3n de PECB Pol\u00edtica de Calidad Es pol\u00edtica de nuestra organizaci\u00f3n: Definir y cumplir con los requisitos de nuestros clientes. Garantizar que nuestras pol\u00edticas y procedimientos sean claros, concisos y reflejen lo que realmente hacemos. Supervisar y analizar las m\u00e9tricas de rendimiento y realizar los cambios o [&hellip;]","og_url":"https:\/\/staging.pecb.com\/es\/about\/pecb-quality-and-information-security-policies","og_site_name":"PECB","article_publisher":"https:\/\/www.facebook.com\/PECBInternational\/","article_modified_time":"2025-11-20T08:37:05+00:00","twitter_card":"summary_large_image","twitter_site":"@PECB","twitter_misc":{"Tiempo de lectura":"3 minutos"},"schema":{"@context":"https:\/\/schema.org","@graph":[{"@type":"WebPage","@id":"https:\/\/staging.pecb.com\/es\/about\/pecb-quality-and-information-security-policies","url":"https:\/\/staging.pecb.com\/es\/about\/pecb-quality-and-information-security-policies","name":"Pol\u00edticas de Calidad y de Seguridad de la Informaci\u00f3n de PECB - PECB","isPartOf":{"@id":"https:\/\/staging.pecb.com\/es#website"},"datePublished":"2025-07-18T05:47:44+00:00","dateModified":"2025-11-20T08:37:05+00:00","breadcrumb":{"@id":"https:\/\/staging.pecb.com\/es\/about\/pecb-quality-and-information-security-policies#breadcrumb"},"inLanguage":"es","potentialAction":[{"@type":"ReadAction","target":["https:\/\/staging.pecb.com\/es\/about\/pecb-quality-and-information-security-policies"]}]},{"@type":"BreadcrumbList","@id":"https:\/\/staging.pecb.com\/es\/about\/pecb-quality-and-information-security-policies#breadcrumb","itemListElement":[{"@type":"ListItem","position":1,"name":"Home","item":"https:\/\/staging.pecb.com\/es"},{"@type":"ListItem","position":2,"name":"Acerca De","item":"https:\/\/staging.pecb.com\/es\/about"},{"@type":"ListItem","position":3,"name":"Pol\u00edticas de Calidad y de Seguridad de la Informaci\u00f3n de PECB"}]},{"@type":"WebSite","@id":"https:\/\/staging.pecb.com\/es#website","url":"https:\/\/staging.pecb.com\/es","name":"PECB","description":"","publisher":{"@id":"https:\/\/staging.pecb.com\/es#organization"},"potentialAction":[{"@type":"SearchAction","target":{"@type":"EntryPoint","urlTemplate":"https:\/\/staging.pecb.com\/es?s={search_term_string}"},"query-input":{"@type":"PropertyValueSpecification","valueRequired":true,"valueName":"search_term_string"}}],"inLanguage":"es"},{"@type":"Organization","@id":"https:\/\/staging.pecb.com\/es#organization","name":"PECB","url":"https:\/\/staging.pecb.com\/es","logo":{"@type":"ImageObject","inLanguage":"es","@id":"https:\/\/staging.pecb.com\/es#\/schema\/logo\/image\/","url":"https:\/\/staging.pecb.com\/wp-content\/uploads\/2025\/05\/Clip-path-group.svg","contentUrl":"https:\/\/staging.pecb.com\/wp-content\/uploads\/2025\/05\/Clip-path-group.svg","width":96,"height":26,"caption":"PECB"},"image":{"@id":"https:\/\/staging.pecb.com\/es#\/schema\/logo\/image\/"},"sameAs":["https:\/\/www.facebook.com\/PECBInternational\/","https:\/\/x.com\/PECB","https:\/\/www.linkedin.com\/company\/pecb","https:\/\/www.youtube.com\/channel\/UCQPfrnIUa7Q0oBRyT8l5eTg","https:\/\/www.instagram.com\/pecb.official\/"]}]}},"_links":{"self":[{"href":"https:\/\/staging.pecb.com\/es\/wp-json\/wp\/v2\/pages\/26710","targetHints":{"allow":["GET"]}}],"collection":[{"href":"https:\/\/staging.pecb.com\/es\/wp-json\/wp\/v2\/pages"}],"about":[{"href":"https:\/\/staging.pecb.com\/es\/wp-json\/wp\/v2\/types\/page"}],"author":[{"embeddable":true,"href":"https:\/\/staging.pecb.com\/es\/wp-json\/wp\/v2\/users\/2"}],"replies":[{"embeddable":true,"href":"https:\/\/staging.pecb.com\/es\/wp-json\/wp\/v2\/comments?post=26710"}],"version-history":[{"count":0,"href":"https:\/\/staging.pecb.com\/es\/wp-json\/wp\/v2\/pages\/26710\/revisions"}],"up":[{"embeddable":true,"href":"https:\/\/staging.pecb.com\/es\/wp-json\/wp\/v2\/pages\/27838"}],"wp:attachment":[{"href":"https:\/\/staging.pecb.com\/es\/wp-json\/wp\/v2\/media?parent=26710"}],"curies":[{"name":"wp","href":"https:\/\/api.w.org\/{rel}","templated":true}]}}