{"id":26701,"date":"2025-07-18T05:37:11","date_gmt":"2025-07-18T05:37:11","guid":{"rendered":"https:\/\/pecb.com\/gdpr-privacy-statement"},"modified":"2025-11-20T09:06:53","modified_gmt":"2025-11-20T08:06:53","slug":"gdpr-privacy-statement","status":"publish","type":"page","link":"https:\/\/staging.pecb.com\/es\/about\/gdpr-privacy-statement","title":{"rendered":"Declaraci\u00f3n de Privacidad del RGPD"},"content":{"rendered":"\t\t<div data-elementor-type=\"wp-page\" data-elementor-id=\"26701\" class=\"elementor elementor-26701 elementor-15857\" data-elementor-post-type=\"page\">\n\t\t\t\t<div class=\"elementor-element elementor-element-7903728 e-flex e-con-boxed e-con e-parent\" data-id=\"7903728\" data-element_type=\"container\" data-e-type=\"container\" data-settings=\"{&quot;background_background&quot;:&quot;classic&quot;}\">\n\t\t\t\t\t<div class=\"e-con-inner\">\n\t\t\t\t<div class=\"elementor-element elementor-element-5dbf6118 elementor-widget elementor-widget-heading\" data-id=\"5dbf6118\" data-element_type=\"widget\" data-e-type=\"widget\" data-widget_type=\"heading.default\">\n\t\t\t\t\t<h1 class=\"elementor-heading-title elementor-size-default\">Declaraci\u00f3n de Privacidad del RGPD<\/h1>\t\t\t\t<\/div>\n\t\t\t\t\t<\/div>\n\t\t\t\t<\/div>\n\t\t<div class=\"elementor-element elementor-element-8f073db e-flex e-con-boxed e-con e-parent\" data-id=\"8f073db\" data-element_type=\"container\" data-e-type=\"container\" data-settings=\"{&quot;background_background&quot;:&quot;classic&quot;}\">\n\t\t\t\t\t<div class=\"e-con-inner\">\n\t\t\t\t<div class=\"elementor-element elementor-element-5d28d74 elementor-widget elementor-widget-text-editor\" data-id=\"5d28d74\" data-element_type=\"widget\" data-e-type=\"widget\" data-widget_type=\"text-editor.default\">\n\t\t\t\t\t\t\t\t\t<p dir=\"auto\">\n        <style>\n            .child-pages {\n                display: flex;\n                flex-wrap: wrap;\n                justify-content: center;\n                gap: 8px;\n                width: fit-content;\n                margin: 0 auto;\n                 padding:10px;\n            }\n            .child-pages li {\n                display: flex;\n                padding: 8px 16px;\n                flex-direction: column;\n                align-items: center;\n                border-radius: 4px;\n                background: #FFF;\n                list-style: none;\n            }\n            .child-pages li.active {\n                background: #CBD5E1;\n            }\n            .child-pages li a {\n                color: #000;\n                text-align: center;\n                font-family: Parabolica, sans-serif;\n                font-size: 14px;\n                font-style: normal;\n                font-weight: 400;\n                line-height: normal;\n                text-decoration: none;\n            }\n            .child-pages li a:hover {\n                text-decoration: underline;\n            }\n        <\/style>\n    <ul class=\"child-pages\"><li class=\"\"><a href=\"https:\/\/staging.pecb.com\/en\/about\">About<\/a><\/li><li class=\"\"><a href=\"https:\/\/staging.pecb.com\/es\/about\/accreditations-and-affiliations\">Acreditaciones y Afiliaciones<\/a><\/li><li class=\"\"><a href=\"https:\/\/staging.pecb.com\/es\/about\/code-of-ethics\">C\u00f3digo de \u00c9tica<\/a><\/li><li class=\"\"><a href=\"https:\/\/staging.pecb.com\/es\/about\/complaint-and-appeal-policy\">Complaint and Appeal Policy<\/a><\/li><li class=\"\"><a href=\"https:\/\/staging.pecb.com\/es\/about\/digital-trust\">Confianza digital: Construir un futuro seguro<\/a><\/li><li class=\"\"><a href=\"https:\/\/staging.pecb.com\/es\/about\/statement-of-impartiality\">Declaraci\u00f3n de imparcialidad<\/a><\/li><li class=\"\"><a href=\"https:\/\/staging.pecb.com\/es\/about\/gdpr-privacy-statement\">Declaraci\u00f3n de Privacidad del RGPD<\/a><\/li><li class=\"\"><a href=\"https:\/\/staging.pecb.com\/es\/about\/team\">Nosotros somos PECB<\/a><\/li><li class=\"\"><a href=\"https:\/\/staging.pecb.com\/es\/about\/behavior-policy\">Pol\u00edtica de comportamiento<\/a><\/li><li class=\"\"><a href=\"https:\/\/staging.pecb.com\/es\/about\/sanctioned-countries-for-pecb-services\">Pol\u00edtica de PECB sobre las Sanciones Econ\u00f3micas Canadienses e Internacionales y los pa\u00edses afectados<\/a><\/li><li class=\"\"><a href=\"https:\/\/staging.pecb.com\/es\/about\/pecb-refund-policy\">Pol\u00edtica de Reembolso de PECB<\/a><\/li><li class=\"\"><a href=\"https:\/\/staging.pecb.com\/es\/about\/certification-mark-use-policy\">Pol\u00edtica de uso de la marca de certificaci\u00f3n<\/a><\/li><li class=\"\"><a href=\"https:\/\/staging.pecb.com\/es\/about\/pecb-code-of-ethics-violation-policy\">Pol\u00edtica de Violaci\u00f3n al C\u00f3digo de \u00c9tica de PECB<\/a><\/li><li class=\"\"><a href=\"https:\/\/staging.pecb.com\/es\/about\/pecb-quality-and-information-security-policies\">Pol\u00edticas de Calidad y de Seguridad de la Informaci\u00f3n de PECB<\/a><\/li><li class=\"\"><a href=\"https:\/\/staging.pecb.com\/es\/about\/pecb-certification-process\">Proceso de Certificaci\u00f3n<\/a><\/li><li class=\"\"><a href=\"https:\/\/staging.pecb.com\/es\/about\/values-of-pecb-certification\">Valor de la certificaci\u00f3n de PECB<\/a><\/li><li class=\"\"><a href=\"https:\/\/staging.pecb.com\/es\/about\/violation-of-pecb-brand-and-fraud-reporting-policy\">Violaci\u00f3n de la Marca PECB y de Denuncia de Fraude<\/a><\/li><\/ul><\/p>\t\t\t\t\t\t\t\t<\/div>\n\t\t\t\t\t<\/div>\n\t\t\t\t<\/div>\n\t\t<div class=\"elementor-element elementor-element-158e6f58 e-flex e-con-boxed e-con e-parent\" data-id=\"158e6f58\" data-element_type=\"container\" data-e-type=\"container\">\n\t\t\t\t\t<div class=\"e-con-inner\">\n\t\t\t\t<div class=\"elementor-element elementor-element-2e75601f elementor-widget elementor-widget-text-editor\" data-id=\"2e75601f\" data-element_type=\"widget\" data-e-type=\"widget\" data-widget_type=\"text-editor.default\">\n\t\t\t\t\t\t\t\t\t<p>\n\t\t\t\t\t\t\tEl <a href=\"https:\/\/staging.pecb.com\/es\/education-and-certification-for-individuals\/gdpr\">Reglamento General de Protecci&oacute;n de Datos (RGPD)<\/a>&nbsp;fue aprobado por el Parlamento Europeo en abril de 2016, y entr&oacute; en vigor el 25 de mayo de 2018. Se trata de una reglamentaci&oacute;n que obliga a las organizaciones a proteger los datos y la privacidad de los ciudadanos de la UE, as&iacute; como de todas las transacciones que se producen en los Estados miembros de la UE.<\/p>\n\t\t\t\t\t\t<p>\n\t\t\t\t\t\t\tPECB se compromete y es responsable del tratamiento de la informaci&oacute;n de sus clientes, partes interesadas, empleados y otras partes involucradas, con absoluta cautela y confidencialidad. Seguimos las mejores pr&aacute;cticas para proteger los datos recogidos de nuestros clientes, empleados y partes interesadas.<\/p>\n\t\t\t\t\t\t<p>\n\t\t\t\t\t\t\tLas pol&iacute;ticas y procedimientos de PECB con respecto al manejo de los datos personales se han elaborado de conformidad con los requisitos de la Directiva de Protecci&oacute;n de Datos de la UE (Directiva 95\/46\/EC) y del Reglamento General de Protecci&oacute;n de Datos (RGPD).<\/p>\n\t\t\t\t\t\t<p>\n\t\t\t\t\t\t\tRespetamos la privacidad de nuestros clientes y contamos con una pol&iacute;tica que pretende establecer sus derechos y responder a las posibles preguntas que puedan surgir acerca de la manera en que PECB recopila, protege y hace uso de sus datos personales.&nbsp;<\/p>\n\t\t\t\t\t\t<p style=\"text-align: justify;\">\n\t\t\t\t\t\t\tEsta declaraci&oacute;n de privacidad, que establece la manera en que son utilizados los datos relacionados con clientes, partes interesadas, empleados y otras partes involucradas, se encuentra disponible en nuestro sitio web y se puede consultar aqu&iacute;:&nbsp;<a href=\"https:\/\/staging.pecb.com\/es\/pecb-privacy-policy\">Declaraci&oacute;n de Privacidad de PECB<\/a>.&nbsp;<\/p>\n\t\t\t\t\t\t<p style=\"text-align: justify;\">\n\t\t\t\t\t\t\tAdem&aacute;s, PECB cuenta con una Pol&iacute;tica de Protecci&oacute;n de Datos que asegura a sus empleados, clientes, socios y partes interesadas que sus datos est&eacute;n protegidos y tratados de manera acorde con absoluta cautela y confidencialidad. La Pol&iacute;tica de Protecci&oacute;n de Datos est&aacute; disponible en nuestro sitio web y se puede encontrar aqu&iacute;:&nbsp;<a href=\"https:\/\/staging.pecb.com\/es\/data-protection-policy\">Pol&iacute;tica de Protecci&oacute;n de Datos de PECB<\/a>. Esta pol&iacute;tica describe la manera en que nosotros recopilamos, almacenamos, manejamos y aseguramos los datos de manera justa transparente y confidencial. Las reglas que se describen dentro de esta pol&iacute;tica se aplican sin importar si los datos se almacenaron electr&oacute;nicamente, en papel, o en cualquier dispositivo de almacenamiento.<\/p>\n\t\t\t\t\t\t<p style=\"text-align: justify;\">\n\t\t\t\t\t\t\tPara cumplir con el art&iacute;culo 27 del RGPD, el representante de PECB en el Espacio Econ&oacute;mico Europeo (EEE) tiene su sede en Lisboa, Portugal, y puede ser contactado a trav&eacute;s del correo electr&oacute;nico <a href=\"mailto:gdpr.representative@staging.pecb.com\">gdpr.representative@staging.pecb.com<\/a>.<\/p>\n\t\t\t\t\t\t<p style=\"text-align: justify;\">\n\t\t\t\t\t\t\tSi necesita m&aacute;s informaci&oacute;n, por favor, p&oacute;ngase en contacto con:&nbsp;<a href=\"mailto:dpo@staging.pecb.com\">dpo@staging.pecb.com<\/a>.<\/p>\t\t\t\t\t\t\t\t<\/div>\n\t\t\t\t\t<\/div>\n\t\t\t\t<\/div>\n\t\t\t\t<\/div>\n\t\t","protected":false},"excerpt":{"rendered":"<p>Declaraci\u00f3n de Privacidad del RGPD El Reglamento General de Protecci&oacute;n de Datos (RGPD)&nbsp;fue aprobado por el Parlamento Europeo en abril de 2016, y entr&oacute; en vigor el 25 de mayo de 2018. Se trata de una reglamentaci&oacute;n que obliga a las organizaciones a proteger los datos y la privacidad de los ciudadanos de la UE, [&hellip;]<\/p>\n","protected":false},"author":2,"featured_media":0,"parent":27838,"menu_order":0,"comment_status":"closed","ping_status":"closed","template":"","meta":{"_acf_changed":false,"content-type":"","footnotes":""},"class_list":["post-26701","page","type-page","status-publish","hentry"],"acf":[],"yoast_head":"<!-- This site is optimized with the Yoast SEO plugin v26.9 - https:\/\/yoast.com\/product\/yoast-seo-wordpress\/ -->\n<title>Declaraci\u00f3n de Privacidad del RGPD - PECB<\/title>\n<meta name=\"robots\" content=\"index, follow, max-snippet:-1, max-image-preview:large, max-video-preview:-1\" \/>\n<link rel=\"canonical\" href=\"https:\/\/staging.pecb.com\/es\/about\/gdpr-privacy-statement\" \/>\n<meta property=\"og:locale\" content=\"es_ES\" \/>\n<meta property=\"og:type\" content=\"article\" \/>\n<meta property=\"og:title\" content=\"Declaraci\u00f3n de Privacidad del RGPD - PECB\" \/>\n<meta property=\"og:description\" content=\"Declaraci\u00f3n de Privacidad del RGPD El Reglamento General de Protecci&oacute;n de Datos (RGPD)&nbsp;fue aprobado por el Parlamento Europeo en abril de 2016, y entr&oacute; en vigor el 25 de mayo de 2018. Se trata de una reglamentaci&oacute;n que obliga a las organizaciones a proteger los datos y la privacidad de los ciudadanos de la UE, [&hellip;]\" \/>\n<meta property=\"og:url\" content=\"https:\/\/staging.pecb.com\/es\/about\/gdpr-privacy-statement\" \/>\n<meta property=\"og:site_name\" content=\"PECB\" \/>\n<meta property=\"article:publisher\" content=\"https:\/\/www.facebook.com\/PECBInternational\/\" \/>\n<meta property=\"article:modified_time\" content=\"2025-11-20T08:06:53+00:00\" \/>\n<meta name=\"twitter:card\" content=\"summary_large_image\" \/>\n<meta name=\"twitter:site\" content=\"@PECB\" \/>\n<meta name=\"twitter:label1\" content=\"Tiempo de lectura\" \/>\n\t<meta name=\"twitter:data1\" content=\"2 minutos\" \/>\n<script type=\"application\/ld+json\" class=\"yoast-schema-graph\">{\"@context\":\"https:\/\/schema.org\",\"@graph\":[{\"@type\":\"WebPage\",\"@id\":\"https:\/\/staging.pecb.com\/es\/about\/gdpr-privacy-statement\",\"url\":\"https:\/\/staging.pecb.com\/es\/about\/gdpr-privacy-statement\",\"name\":\"Declaraci\u00f3n de Privacidad del RGPD - PECB\",\"isPartOf\":{\"@id\":\"https:\/\/staging.pecb.com\/es#website\"},\"datePublished\":\"2025-07-18T05:37:11+00:00\",\"dateModified\":\"2025-11-20T08:06:53+00:00\",\"breadcrumb\":{\"@id\":\"https:\/\/staging.pecb.com\/es\/about\/gdpr-privacy-statement#breadcrumb\"},\"inLanguage\":\"es\",\"potentialAction\":[{\"@type\":\"ReadAction\",\"target\":[\"https:\/\/staging.pecb.com\/es\/about\/gdpr-privacy-statement\"]}]},{\"@type\":\"BreadcrumbList\",\"@id\":\"https:\/\/staging.pecb.com\/es\/about\/gdpr-privacy-statement#breadcrumb\",\"itemListElement\":[{\"@type\":\"ListItem\",\"position\":1,\"name\":\"Home\",\"item\":\"https:\/\/staging.pecb.com\/es\"},{\"@type\":\"ListItem\",\"position\":2,\"name\":\"Acerca De\",\"item\":\"https:\/\/staging.pecb.com\/es\/about\"},{\"@type\":\"ListItem\",\"position\":3,\"name\":\"Declaraci\u00f3n de Privacidad del RGPD\"}]},{\"@type\":\"WebSite\",\"@id\":\"https:\/\/staging.pecb.com\/es#website\",\"url\":\"https:\/\/staging.pecb.com\/es\",\"name\":\"PECB\",\"description\":\"\",\"publisher\":{\"@id\":\"https:\/\/staging.pecb.com\/es#organization\"},\"potentialAction\":[{\"@type\":\"SearchAction\",\"target\":{\"@type\":\"EntryPoint\",\"urlTemplate\":\"https:\/\/staging.pecb.com\/es?s={search_term_string}\"},\"query-input\":{\"@type\":\"PropertyValueSpecification\",\"valueRequired\":true,\"valueName\":\"search_term_string\"}}],\"inLanguage\":\"es\"},{\"@type\":\"Organization\",\"@id\":\"https:\/\/staging.pecb.com\/es#organization\",\"name\":\"PECB\",\"url\":\"https:\/\/staging.pecb.com\/es\",\"logo\":{\"@type\":\"ImageObject\",\"inLanguage\":\"es\",\"@id\":\"https:\/\/staging.pecb.com\/es#\/schema\/logo\/image\/\",\"url\":\"https:\/\/staging.pecb.com\/wp-content\/uploads\/2025\/05\/Clip-path-group.svg\",\"contentUrl\":\"https:\/\/staging.pecb.com\/wp-content\/uploads\/2025\/05\/Clip-path-group.svg\",\"width\":96,\"height\":26,\"caption\":\"PECB\"},\"image\":{\"@id\":\"https:\/\/staging.pecb.com\/es#\/schema\/logo\/image\/\"},\"sameAs\":[\"https:\/\/www.facebook.com\/PECBInternational\/\",\"https:\/\/x.com\/PECB\",\"https:\/\/www.linkedin.com\/company\/pecb\",\"https:\/\/www.youtube.com\/channel\/UCQPfrnIUa7Q0oBRyT8l5eTg\",\"https:\/\/www.instagram.com\/pecb.official\/\"]}]}<\/script>\n<!-- \/ Yoast SEO plugin. -->","yoast_head_json":{"title":"Declaraci\u00f3n de Privacidad del RGPD - PECB","robots":{"index":"index","follow":"follow","max-snippet":"max-snippet:-1","max-image-preview":"max-image-preview:large","max-video-preview":"max-video-preview:-1"},"canonical":"https:\/\/staging.pecb.com\/es\/about\/gdpr-privacy-statement","og_locale":"es_ES","og_type":"article","og_title":"Declaraci\u00f3n de Privacidad del RGPD - PECB","og_description":"Declaraci\u00f3n de Privacidad del RGPD El Reglamento General de Protecci&oacute;n de Datos (RGPD)&nbsp;fue aprobado por el Parlamento Europeo en abril de 2016, y entr&oacute; en vigor el 25 de mayo de 2018. Se trata de una reglamentaci&oacute;n que obliga a las organizaciones a proteger los datos y la privacidad de los ciudadanos de la UE, [&hellip;]","og_url":"https:\/\/staging.pecb.com\/es\/about\/gdpr-privacy-statement","og_site_name":"PECB","article_publisher":"https:\/\/www.facebook.com\/PECBInternational\/","article_modified_time":"2025-11-20T08:06:53+00:00","twitter_card":"summary_large_image","twitter_site":"@PECB","twitter_misc":{"Tiempo de lectura":"2 minutos"},"schema":{"@context":"https:\/\/schema.org","@graph":[{"@type":"WebPage","@id":"https:\/\/staging.pecb.com\/es\/about\/gdpr-privacy-statement","url":"https:\/\/staging.pecb.com\/es\/about\/gdpr-privacy-statement","name":"Declaraci\u00f3n de Privacidad del RGPD - PECB","isPartOf":{"@id":"https:\/\/staging.pecb.com\/es#website"},"datePublished":"2025-07-18T05:37:11+00:00","dateModified":"2025-11-20T08:06:53+00:00","breadcrumb":{"@id":"https:\/\/staging.pecb.com\/es\/about\/gdpr-privacy-statement#breadcrumb"},"inLanguage":"es","potentialAction":[{"@type":"ReadAction","target":["https:\/\/staging.pecb.com\/es\/about\/gdpr-privacy-statement"]}]},{"@type":"BreadcrumbList","@id":"https:\/\/staging.pecb.com\/es\/about\/gdpr-privacy-statement#breadcrumb","itemListElement":[{"@type":"ListItem","position":1,"name":"Home","item":"https:\/\/staging.pecb.com\/es"},{"@type":"ListItem","position":2,"name":"Acerca De","item":"https:\/\/staging.pecb.com\/es\/about"},{"@type":"ListItem","position":3,"name":"Declaraci\u00f3n de Privacidad del RGPD"}]},{"@type":"WebSite","@id":"https:\/\/staging.pecb.com\/es#website","url":"https:\/\/staging.pecb.com\/es","name":"PECB","description":"","publisher":{"@id":"https:\/\/staging.pecb.com\/es#organization"},"potentialAction":[{"@type":"SearchAction","target":{"@type":"EntryPoint","urlTemplate":"https:\/\/staging.pecb.com\/es?s={search_term_string}"},"query-input":{"@type":"PropertyValueSpecification","valueRequired":true,"valueName":"search_term_string"}}],"inLanguage":"es"},{"@type":"Organization","@id":"https:\/\/staging.pecb.com\/es#organization","name":"PECB","url":"https:\/\/staging.pecb.com\/es","logo":{"@type":"ImageObject","inLanguage":"es","@id":"https:\/\/staging.pecb.com\/es#\/schema\/logo\/image\/","url":"https:\/\/staging.pecb.com\/wp-content\/uploads\/2025\/05\/Clip-path-group.svg","contentUrl":"https:\/\/staging.pecb.com\/wp-content\/uploads\/2025\/05\/Clip-path-group.svg","width":96,"height":26,"caption":"PECB"},"image":{"@id":"https:\/\/staging.pecb.com\/es#\/schema\/logo\/image\/"},"sameAs":["https:\/\/www.facebook.com\/PECBInternational\/","https:\/\/x.com\/PECB","https:\/\/www.linkedin.com\/company\/pecb","https:\/\/www.youtube.com\/channel\/UCQPfrnIUa7Q0oBRyT8l5eTg","https:\/\/www.instagram.com\/pecb.official\/"]}]}},"_links":{"self":[{"href":"https:\/\/staging.pecb.com\/es\/wp-json\/wp\/v2\/pages\/26701","targetHints":{"allow":["GET"]}}],"collection":[{"href":"https:\/\/staging.pecb.com\/es\/wp-json\/wp\/v2\/pages"}],"about":[{"href":"https:\/\/staging.pecb.com\/es\/wp-json\/wp\/v2\/types\/page"}],"author":[{"embeddable":true,"href":"https:\/\/staging.pecb.com\/es\/wp-json\/wp\/v2\/users\/2"}],"replies":[{"embeddable":true,"href":"https:\/\/staging.pecb.com\/es\/wp-json\/wp\/v2\/comments?post=26701"}],"version-history":[{"count":0,"href":"https:\/\/staging.pecb.com\/es\/wp-json\/wp\/v2\/pages\/26701\/revisions"}],"up":[{"embeddable":true,"href":"https:\/\/staging.pecb.com\/es\/wp-json\/wp\/v2\/pages\/27838"}],"wp:attachment":[{"href":"https:\/\/staging.pecb.com\/es\/wp-json\/wp\/v2\/media?parent=26701"}],"curies":[{"name":"wp","href":"https:\/\/api.w.org\/{rel}","templated":true}]}}