{"id":26698,"date":"2025-07-18T06:10:17","date_gmt":"2025-07-18T04:10:17","guid":{"rendered":"https:\/\/pecb.com\/digital-trust"},"modified":"2025-11-19T17:23:01","modified_gmt":"2025-11-19T16:23:01","slug":"digital-trust","status":"publish","type":"page","link":"https:\/\/staging.pecb.com\/es\/about\/digital-trust","title":{"rendered":"Confianza digital: Construir un futuro seguro"},"content":{"rendered":"\t\t<div data-elementor-type=\"wp-page\" data-elementor-id=\"26698\" class=\"elementor elementor-26698 elementor-15916\" data-elementor-post-type=\"page\">\n\t\t\t\t<div class=\"elementor-element elementor-element-46c7ce48 e-flex e-con-boxed e-con e-parent\" data-id=\"46c7ce48\" data-element_type=\"container\" data-e-type=\"container\" data-settings=\"{&quot;background_background&quot;:&quot;classic&quot;}\">\n\t\t\t\t\t<div class=\"e-con-inner\">\n\t\t\t\t<div class=\"elementor-element elementor-element-158b00fc elementor-widget elementor-widget-heading\" data-id=\"158b00fc\" data-element_type=\"widget\" data-e-type=\"widget\" data-widget_type=\"heading.default\">\n\t\t\t\t\t<h1 class=\"elementor-heading-title elementor-size-default\">Confianza digital: Construir un futuro seguro<\/h1>\t\t\t\t<\/div>\n\t\t\t\t\t<\/div>\n\t\t\t\t<\/div>\n\t\t<div class=\"elementor-element elementor-element-39a1e65 e-flex e-con-boxed e-con e-parent\" data-id=\"39a1e65\" data-element_type=\"container\" data-e-type=\"container\" data-settings=\"{&quot;background_background&quot;:&quot;classic&quot;}\">\n\t\t\t\t\t<div class=\"e-con-inner\">\n\t\t\t\t<div class=\"elementor-element elementor-element-d53cbcb elementor-widget elementor-widget-text-editor\" data-id=\"d53cbcb\" data-element_type=\"widget\" data-e-type=\"widget\" data-widget_type=\"text-editor.default\">\n\t\t\t\t\t\t\t\t\t<p dir=\"auto\">\n        <style>\n            .child-pages {\n                display: flex;\n                flex-wrap: wrap;\n                justify-content: center;\n                gap: 8px;\n                width: fit-content;\n                margin: 0 auto;\n                 padding:10px;\n            }\n            .child-pages li {\n                display: flex;\n                padding: 8px 16px;\n                flex-direction: column;\n                align-items: center;\n                border-radius: 4px;\n                background: #FFF;\n                list-style: none;\n            }\n            .child-pages li.active {\n                background: #CBD5E1;\n            }\n            .child-pages li a {\n                color: #000;\n                text-align: center;\n                font-family: Parabolica, sans-serif;\n                font-size: 14px;\n                font-style: normal;\n                font-weight: 400;\n                line-height: normal;\n                text-decoration: none;\n            }\n            .child-pages li a:hover {\n                text-decoration: underline;\n            }\n        <\/style>\n    <ul class=\"child-pages\"><li class=\"\"><a href=\"https:\/\/staging.pecb.com\/en\/about\">About<\/a><\/li><li class=\"\"><a href=\"https:\/\/staging.pecb.com\/es\/about\/accreditations-and-affiliations\">Acreditaciones y Afiliaciones<\/a><\/li><li class=\"\"><a href=\"https:\/\/staging.pecb.com\/es\/about\/code-of-ethics\">C\u00f3digo de \u00c9tica<\/a><\/li><li class=\"\"><a href=\"https:\/\/staging.pecb.com\/es\/about\/complaint-and-appeal-policy\">Complaint and Appeal Policy<\/a><\/li><li class=\"\"><a href=\"https:\/\/staging.pecb.com\/es\/about\/digital-trust\">Confianza digital: Construir un futuro seguro<\/a><\/li><li class=\"\"><a href=\"https:\/\/staging.pecb.com\/es\/about\/statement-of-impartiality\">Declaraci\u00f3n de imparcialidad<\/a><\/li><li class=\"\"><a href=\"https:\/\/staging.pecb.com\/es\/about\/gdpr-privacy-statement\">Declaraci\u00f3n de Privacidad del RGPD<\/a><\/li><li class=\"\"><a href=\"https:\/\/staging.pecb.com\/es\/about\/team\">Nosotros somos PECB<\/a><\/li><li class=\"\"><a href=\"https:\/\/staging.pecb.com\/es\/about\/behavior-policy\">Pol\u00edtica de comportamiento<\/a><\/li><li class=\"\"><a href=\"https:\/\/staging.pecb.com\/es\/about\/sanctioned-countries-for-pecb-services\">Pol\u00edtica de PECB sobre las Sanciones Econ\u00f3micas Canadienses e Internacionales y los pa\u00edses afectados<\/a><\/li><li class=\"\"><a href=\"https:\/\/staging.pecb.com\/es\/about\/pecb-refund-policy\">Pol\u00edtica de Reembolso de PECB<\/a><\/li><li class=\"\"><a href=\"https:\/\/staging.pecb.com\/es\/about\/certification-mark-use-policy\">Pol\u00edtica de uso de la marca de certificaci\u00f3n<\/a><\/li><li class=\"\"><a href=\"https:\/\/staging.pecb.com\/es\/about\/pecb-code-of-ethics-violation-policy\">Pol\u00edtica de Violaci\u00f3n al C\u00f3digo de \u00c9tica de PECB<\/a><\/li><li class=\"\"><a href=\"https:\/\/staging.pecb.com\/es\/about\/pecb-quality-and-information-security-policies\">Pol\u00edticas de Calidad y de Seguridad de la Informaci\u00f3n de PECB<\/a><\/li><li class=\"\"><a href=\"https:\/\/staging.pecb.com\/es\/about\/pecb-certification-process\">Proceso de Certificaci\u00f3n<\/a><\/li><li class=\"\"><a href=\"https:\/\/staging.pecb.com\/es\/about\/values-of-pecb-certification\">Valor de la certificaci\u00f3n de PECB<\/a><\/li><li class=\"\"><a href=\"https:\/\/staging.pecb.com\/es\/about\/violation-of-pecb-brand-and-fraud-reporting-policy\">Violaci\u00f3n de la Marca PECB y de Denuncia de Fraude<\/a><\/li><\/ul><\/p>\t\t\t\t\t\t\t\t<\/div>\n\t\t\t\t\t<\/div>\n\t\t\t\t<\/div>\n\t\t<div class=\"elementor-element elementor-element-5ea1708f e-flex e-con-boxed e-con e-parent\" data-id=\"5ea1708f\" data-element_type=\"container\" data-e-type=\"container\">\n\t\t\t\t\t<div class=\"e-con-inner\">\n\t\t\t\t<div class=\"elementor-element elementor-element-449180a3 elementor-widget elementor-widget-text-editor\" data-id=\"449180a3\" data-element_type=\"widget\" data-e-type=\"widget\" data-widget_type=\"text-editor.default\">\n\t\t\t\t\t\t\t\t\t<p>La confianza digital se est\u00e1 convirtiendo cada vez m\u00e1s en un factor cr\u00edtico en la relaci\u00f3n entre las empresas y sus clientes. A medida que aumenta el n\u00famero de transacciones e interacciones en l\u00ednea, no se puede exagerar la importancia de mantener la confianza digital.<\/p><h2>\u00bfQu\u00e9 es la confianza digital?<\/h2><p>La confianza digital se refiere a la confianza que los individuos y las organizaciones depositan en las tecnolog\u00edas, los sistemas y las interacciones digitales. Abarca la creencia de que los datos, las transacciones y las comunicaciones son seguros, fiables y est\u00e1n protegidos de accesos no autorizados o manipulaciones. En el mundo cada vez m\u00e1s digital de hoy en d\u00eda, establecer y mantener la confianza digital es crucial para fomentar el \u00e9xito de las relaciones en l\u00ednea y permitir experiencias digitales fluidas<\/p><h2>\u00bfPor qu\u00e9 es importante la confianza digital?<\/h2><p>La confianza digital es esencial porque impacta directamente en la confianza y la lealtad de los clientes. Cuando los clientes sienten que sus datos est\u00e1n seguros y que se respeta su privacidad, es m\u00e1s probable que se comprometen con una empresa. La confianza digital tambi\u00e9n desempe\u00f1a un papel crucial en el crecimiento empresarial, ya que ofrece una ventaja competitiva y ayuda a las organizaciones a cumplir la normativa y gestionar los riesgos de forma eficaz.<\/p><p>Al demostrar un compromiso con la seguridad, la privacidad y la transparencia, las empresas pueden establecer relaciones s\u00f3lidas con clientes, socios y partes interesadas, lo que se traduce en una mayor fidelidad, reputaci\u00f3n de marca y \u00e9xito a largo plazo.<\/p><h2>Elementos clave de la confianza digital<\/h2><ul style=\"margin-left: 40px;\"><li><strong>Seguridad: <\/strong>Protege los datos y los sistemas frente a amenazas cibern\u00e9ticas como brechas, programas maliciosos (malware) y ataques de suplantaci\u00f3n de identidad (phishing).<\/li><li><strong>Privacidad: <\/strong>Garantiza que los datos personales y sensibles se recopilan, archivan, y utilizan de conformidad con la legislaci\u00f3n sobre protecci\u00f3n de datos.<\/li><li><strong>Transparencia: <\/strong>Implica una comunicaci\u00f3n clara con los clientes sobre c\u00f3mo se utilizan y protegen sus datos.<\/li><li><strong>Integridad: <\/strong>Mantiene la exactitud y fiabilidad de los datos y las transacciones digitales.<\/li><li><strong>Cumplimiento:<\/strong> Se adhiere a las leyes, reglamentos y normas del sector pertinentes.<\/li><li><strong>Resiliencia: <\/strong>Demuestra la capacidad de recuperarse r\u00e1pidamente de interrupciones o incidentes cibern\u00e9ticos.<\/li><li><strong>Pr\u00e1cticas \u00e9ticas: <\/strong>Cumple normas \u00e9ticas estrictas, como evitar pr\u00e1cticas enga\u00f1osas y respetar los derechos de los usuarios.<\/li><\/ul><p><img decoding=\"async\" style=\"width: 100%; height: 100%;\" src=\"https:\/\/staging.pecb.com\/admin\/apps\/backend\/uploads\/images\/Digital-Trust-ES%281%29.png\" alt=\"\" \/><\/p><h2>\u00bfC\u00f3mo generar confianza digital en su organizaci\u00f3n?<\/h2><ol><li><strong>Implemente medidas de ciberseguridad s\u00f3lidas: <\/strong>Utilice contrase\u00f1as seguras, cifrado y autenticaci\u00f3n multifactor para proteger los sistemas y los datos.<\/li><li><strong>Garantice el cumplimiento de las leyes de protecci\u00f3n de datos:<\/strong> Revise peri\u00f3dicamente las pol\u00edticas para garantizar que cumplen la normativa vigente, como el RGPD (GDPR) o la CCPA.<\/li><li><strong>Sea transparente con los clientes: <\/strong>Comunique claramente c\u00f3mo se recopilan, utilizan y protegen los datos.<\/li><li><strong>Invierta en tecnolog\u00edas digitales de confianza: <\/strong>Utilice tecnolog\u00edas como la cadena de bloques (blockchain) y el cifrado avanzado para proteger las transacciones y los datos.<\/li><li><strong>Eduque a los empleados:<\/strong> Forme al personal en el manejo de datos, las mejores pr\u00e1cticas de ciberseguridad y los principios de confianza digital.<\/li><li><strong>Genere un plan de respuesta ante incidentes:<\/strong> Prep\u00e1rese para actuar con rapidez y eficacia en caso de violaci\u00f3n de datos o de un ataque cibern\u00e9tico.<\/li><\/ol><h2>PECB se centra en la confianza digital<\/h2><p>PECB, como organismo de certificaci\u00f3n l\u00edder, est\u00e1 comprometido con la creaci\u00f3n de confianza digital a trav\u00e9s de amplios programas de capacitaci\u00f3n, certificaci\u00f3n y certificaci\u00f3n en diversos campos. Permitimos que los profesionales mejoren y muestren sus habilidades en seguridad digital y otras \u00e1reas de especializaci\u00f3n ofreciendo programas de certificaci\u00f3n de primer nivel alineados con normas reconocidas internacionalmente.<\/p><p>La decisi\u00f3n de centrarnos en la confianza digital se debe a la creciente importancia de las pr\u00e1cticas digitales seguras y fiables en el mundo interconectado actual. La confianza digital abarca \u00e1reas clave como la seguridad de la informaci\u00f3n, la continuidad del negocio, la gobernanza, la gesti\u00f3n del riesgo, el cumplimiento, la privacidad, la transformaci\u00f3n digital y la inteligencia artificial. Nuestra experiencia demostrada y nuestro \u00e9xito en estos \u00e1mbitos nos sit\u00faan en una posici\u00f3n \u00fanica para liderar e innovar en este campo vital.<\/p><p>PECB ofrece una amplia lista de cursos de capacitaci\u00f3n y certificaciones que ayudan a individuos y organizaciones a construir la confianza digital, tales como:<\/p><ul style=\"margin-left: 40px;\"><li><a href=\"https:\/\/staging.pecb.com\/es\/education-and-certification-for-individuals\/iso-iec-27001\/iso-iec-27001-lead-implementer\">ISO\/IEC 27001 Lead Implementer<\/a>\u00a0&amp;\u00a0<a href=\"https:\/\/staging.pecb.com\/es\/education-and-certification-for-individuals\/iso-iec-27001\/iso-iec-27001-lead-auditor\">ISO\/IEC 27001 Lead Auditor<\/a><\/li><li><a href=\"https:\/\/staging.pecb.com\/es\/education-and-certification-for-individuals\/pecb-ciso\">PECB Chief Information Security Officer (CISO)<\/a><\/li><li><a href=\"https:\/\/staging.pecb.com\/es\/education-and-certification-for-individuals\/cybersecurity-management\/lead-cybersecurity-manager\">Lead Cybersecurity Manager<\/a><\/li><li><a href=\"https:\/\/staging.pecb.com\/es\/education-and-certification-for-individuals\/cloud-security\/lead-cloud-security-manager\">Lead Cloud Security Manager<\/a><\/li><li><a href=\"https:\/\/staging.pecb.com\/es\/education-and-certification-for-individuals\/penetration-testing\/lead-pen-test-professional\">Lead Pen Test Professional<\/a><\/li><li><a href=\"https:\/\/staging.pecb.com\/es\/education-and-certification-for-individuals\/computer-forensics\/lead-forensics-examiner\">Lead Computer Forensics Examiner<\/a><\/li><li><a href=\"https:\/\/staging.pecb.com\/es\/education-and-certification-for-individuals\/soc2\/lead-soc2-analyst\">Lead SOC 2 Analyst<\/a><\/li><li><a href=\"https:\/\/staging.pecb.com\/es\/education-and-certification-for-individuals\/certified-nis-2-directive-lead-implementer\/nis-2-directive-lead-implementer\">NIS 2 Directive Lead Implementer<\/a><\/li><li><a href=\"https:\/\/staging.pecb.com\/es\/education-and-certification-for-individuals\/ethical-hacking\/lead-ethical-hacker\">Lead Ethical Hacker<\/a><\/li><li><a href=\"https:\/\/staging.pecb.com\/es\/education-and-certification-for-individuals\/ccta\/cyber-threat-analyst\">Cyber Threat Analyst (CCTA)<\/a><\/li><li><a href=\"https:\/\/staging.pecb.com\/es\/education-and-certification-for-individuals\/iso-iec-27701\/iso-iec-27701-lead-implementer\">ISO\/IEC 27701 Lead Implementer<\/a>\u00a0&amp;\u00a0<a href=\"https:\/\/staging.pecb.com\/es\/education-and-certification-for-individuals\/iso-iec-27701\/iso-iec-27701-lead-auditor\">ISO\/IEC 27701 Lead Auditor<\/a><\/li><li>C<a href=\"https:\/\/staging.pecb.com\/es\/education-and-certification-for-individuals\/gdpr\/certified-data-protection-officer\">ertified Data Protection Officer &#8211; GDPR<\/a><\/li><li><a href=\"https:\/\/staging.pecb.com\/es\/education-and-certification-for-individuals\/iso-iec-42001\/iso-iec-42001-lead-implementer\">ISO\/IEC 42001 Lead Implementer<\/a>\u00a0&amp;\u00a0<a href=\"https:\/\/staging.pecb.com\/es\/education-and-certification-for-individuals\/iso-iec-42001\/iso-iec-42001-lead-auditor\">ISO\/IEC 42001 Lead Auditor<\/a><\/li><li><a href=\"https:\/\/staging.pecb.com\/es\/education-and-certification-for-individuals\/digital-transformation\/digital-transformation-officer\">Digital Transformation Officer<\/a><\/li><\/ul><p>PECB seguir\u00e1 invirtiendo en los recursos, la tecnolog\u00eda y el talento necesarios para apoyar y ampliar la cartera de programas de capacitaci\u00f3n y certificaci\u00f3n de Confianza Digital (Digital Trust), as\u00ed como otras iniciativas relacionadas.<\/p><div>\u00a0<\/div><p style=\"text-align: center;\"><a style=\"text-decoration-line: none;\" href=\"https:\/\/staging.pecb.com\/es\/education-and-certification-for-individuals\" target=\"_blank\" rel=\"noopener\"><button style=\"background-color: #a11e29; color: white; padding: 10px 20px; border-radius: 5px; font-size: 16px; border-style: initial; border-color: #a11e29;\">Empiece ya a generar confianza digital<\/button><\/a><\/p><p>\u00a0<\/p>\t\t\t\t\t\t\t\t<\/div>\n\t\t\t\t\t<\/div>\n\t\t\t\t<\/div>\n\t\t\t\t<\/div>\n\t\t","protected":false},"excerpt":{"rendered":"<p>Confianza digital: Construir un futuro seguro La confianza digital se est\u00e1 convirtiendo cada vez m\u00e1s en un factor cr\u00edtico en la relaci\u00f3n entre las empresas y sus clientes. A medida que aumenta el n\u00famero de transacciones e interacciones en l\u00ednea, no se puede exagerar la importancia de mantener la confianza digital. \u00bfQu\u00e9 es la confianza [&hellip;]<\/p>\n","protected":false},"author":2,"featured_media":0,"parent":27838,"menu_order":0,"comment_status":"closed","ping_status":"closed","template":"","meta":{"_acf_changed":false,"content-type":"","footnotes":""},"class_list":["post-26698","page","type-page","status-publish","hentry"],"acf":[],"yoast_head":"<!-- This site is optimized with the Yoast SEO plugin v26.9 - https:\/\/yoast.com\/product\/yoast-seo-wordpress\/ -->\n<title>Confianza digital: Construir un futuro seguro - PECB<\/title>\n<meta name=\"robots\" content=\"index, follow, max-snippet:-1, max-image-preview:large, max-video-preview:-1\" \/>\n<link rel=\"canonical\" href=\"https:\/\/staging.pecb.com\/es\/about\/digital-trust\" \/>\n<meta property=\"og:locale\" content=\"es_ES\" \/>\n<meta property=\"og:type\" content=\"article\" \/>\n<meta property=\"og:title\" content=\"Confianza digital: Construir un futuro seguro - PECB\" \/>\n<meta property=\"og:description\" content=\"Confianza digital: Construir un futuro seguro La confianza digital se est\u00e1 convirtiendo cada vez m\u00e1s en un factor cr\u00edtico en la relaci\u00f3n entre las empresas y sus clientes. A medida que aumenta el n\u00famero de transacciones e interacciones en l\u00ednea, no se puede exagerar la importancia de mantener la confianza digital. \u00bfQu\u00e9 es la confianza [&hellip;]\" \/>\n<meta property=\"og:url\" content=\"https:\/\/staging.pecb.com\/es\/about\/digital-trust\" \/>\n<meta property=\"og:site_name\" content=\"PECB\" \/>\n<meta property=\"article:publisher\" content=\"https:\/\/www.facebook.com\/PECBInternational\/\" \/>\n<meta property=\"article:modified_time\" content=\"2025-11-19T16:23:01+00:00\" \/>\n<meta property=\"og:image\" content=\"https:\/\/staging.pecb.com\/admin\/apps\/backend\/uploads\/images\/Digital-Trust-ES%281%29.png\" \/>\n<meta name=\"twitter:card\" content=\"summary_large_image\" \/>\n<meta name=\"twitter:site\" content=\"@PECB\" \/>\n<meta name=\"twitter:label1\" content=\"Tiempo de lectura\" \/>\n\t<meta name=\"twitter:data1\" content=\"4 minutos\" \/>\n<script type=\"application\/ld+json\" class=\"yoast-schema-graph\">{\"@context\":\"https:\/\/schema.org\",\"@graph\":[{\"@type\":\"WebPage\",\"@id\":\"https:\/\/staging.pecb.com\/es\/about\/digital-trust\",\"url\":\"https:\/\/staging.pecb.com\/es\/about\/digital-trust\",\"name\":\"Confianza digital: Construir un futuro seguro - PECB\",\"isPartOf\":{\"@id\":\"https:\/\/staging.pecb.com\/es#website\"},\"primaryImageOfPage\":{\"@id\":\"https:\/\/staging.pecb.com\/es\/about\/digital-trust#primaryimage\"},\"image\":{\"@id\":\"https:\/\/staging.pecb.com\/es\/about\/digital-trust#primaryimage\"},\"thumbnailUrl\":\"https:\/\/staging.pecb.com\/admin\/apps\/backend\/uploads\/images\/Digital-Trust-ES%281%29.png\",\"datePublished\":\"2025-07-18T04:10:17+00:00\",\"dateModified\":\"2025-11-19T16:23:01+00:00\",\"breadcrumb\":{\"@id\":\"https:\/\/staging.pecb.com\/es\/about\/digital-trust#breadcrumb\"},\"inLanguage\":\"es\",\"potentialAction\":[{\"@type\":\"ReadAction\",\"target\":[\"https:\/\/staging.pecb.com\/es\/about\/digital-trust\"]}]},{\"@type\":\"ImageObject\",\"inLanguage\":\"es\",\"@id\":\"https:\/\/staging.pecb.com\/es\/about\/digital-trust#primaryimage\",\"url\":\"https:\/\/staging.pecb.com\/admin\/apps\/backend\/uploads\/images\/Digital-Trust-ES%281%29.png\",\"contentUrl\":\"https:\/\/staging.pecb.com\/admin\/apps\/backend\/uploads\/images\/Digital-Trust-ES%281%29.png\"},{\"@type\":\"BreadcrumbList\",\"@id\":\"https:\/\/staging.pecb.com\/es\/about\/digital-trust#breadcrumb\",\"itemListElement\":[{\"@type\":\"ListItem\",\"position\":1,\"name\":\"Home\",\"item\":\"https:\/\/staging.pecb.com\/es\"},{\"@type\":\"ListItem\",\"position\":2,\"name\":\"Acerca De\",\"item\":\"https:\/\/staging.pecb.com\/es\/about\"},{\"@type\":\"ListItem\",\"position\":3,\"name\":\"Confianza digital: Construir un futuro seguro\"}]},{\"@type\":\"WebSite\",\"@id\":\"https:\/\/staging.pecb.com\/es#website\",\"url\":\"https:\/\/staging.pecb.com\/es\",\"name\":\"PECB\",\"description\":\"\",\"publisher\":{\"@id\":\"https:\/\/staging.pecb.com\/es#organization\"},\"potentialAction\":[{\"@type\":\"SearchAction\",\"target\":{\"@type\":\"EntryPoint\",\"urlTemplate\":\"https:\/\/staging.pecb.com\/es?s={search_term_string}\"},\"query-input\":{\"@type\":\"PropertyValueSpecification\",\"valueRequired\":true,\"valueName\":\"search_term_string\"}}],\"inLanguage\":\"es\"},{\"@type\":\"Organization\",\"@id\":\"https:\/\/staging.pecb.com\/es#organization\",\"name\":\"PECB\",\"url\":\"https:\/\/staging.pecb.com\/es\",\"logo\":{\"@type\":\"ImageObject\",\"inLanguage\":\"es\",\"@id\":\"https:\/\/staging.pecb.com\/es#\/schema\/logo\/image\/\",\"url\":\"https:\/\/staging.pecb.com\/wp-content\/uploads\/2025\/05\/Clip-path-group.svg\",\"contentUrl\":\"https:\/\/staging.pecb.com\/wp-content\/uploads\/2025\/05\/Clip-path-group.svg\",\"width\":96,\"height\":26,\"caption\":\"PECB\"},\"image\":{\"@id\":\"https:\/\/staging.pecb.com\/es#\/schema\/logo\/image\/\"},\"sameAs\":[\"https:\/\/www.facebook.com\/PECBInternational\/\",\"https:\/\/x.com\/PECB\",\"https:\/\/www.linkedin.com\/company\/pecb\",\"https:\/\/www.youtube.com\/channel\/UCQPfrnIUa7Q0oBRyT8l5eTg\",\"https:\/\/www.instagram.com\/pecb.official\/\"]}]}<\/script>\n<!-- \/ Yoast SEO plugin. -->","yoast_head_json":{"title":"Confianza digital: Construir un futuro seguro - PECB","robots":{"index":"index","follow":"follow","max-snippet":"max-snippet:-1","max-image-preview":"max-image-preview:large","max-video-preview":"max-video-preview:-1"},"canonical":"https:\/\/staging.pecb.com\/es\/about\/digital-trust","og_locale":"es_ES","og_type":"article","og_title":"Confianza digital: Construir un futuro seguro - PECB","og_description":"Confianza digital: Construir un futuro seguro La confianza digital se est\u00e1 convirtiendo cada vez m\u00e1s en un factor cr\u00edtico en la relaci\u00f3n entre las empresas y sus clientes. A medida que aumenta el n\u00famero de transacciones e interacciones en l\u00ednea, no se puede exagerar la importancia de mantener la confianza digital. \u00bfQu\u00e9 es la confianza [&hellip;]","og_url":"https:\/\/staging.pecb.com\/es\/about\/digital-trust","og_site_name":"PECB","article_publisher":"https:\/\/www.facebook.com\/PECBInternational\/","article_modified_time":"2025-11-19T16:23:01+00:00","og_image":[{"url":"https:\/\/staging.pecb.com\/admin\/apps\/backend\/uploads\/images\/Digital-Trust-ES%281%29.png","type":"","width":"","height":""}],"twitter_card":"summary_large_image","twitter_site":"@PECB","twitter_misc":{"Tiempo de lectura":"4 minutos"},"schema":{"@context":"https:\/\/schema.org","@graph":[{"@type":"WebPage","@id":"https:\/\/staging.pecb.com\/es\/about\/digital-trust","url":"https:\/\/staging.pecb.com\/es\/about\/digital-trust","name":"Confianza digital: Construir un futuro seguro - PECB","isPartOf":{"@id":"https:\/\/staging.pecb.com\/es#website"},"primaryImageOfPage":{"@id":"https:\/\/staging.pecb.com\/es\/about\/digital-trust#primaryimage"},"image":{"@id":"https:\/\/staging.pecb.com\/es\/about\/digital-trust#primaryimage"},"thumbnailUrl":"https:\/\/staging.pecb.com\/admin\/apps\/backend\/uploads\/images\/Digital-Trust-ES%281%29.png","datePublished":"2025-07-18T04:10:17+00:00","dateModified":"2025-11-19T16:23:01+00:00","breadcrumb":{"@id":"https:\/\/staging.pecb.com\/es\/about\/digital-trust#breadcrumb"},"inLanguage":"es","potentialAction":[{"@type":"ReadAction","target":["https:\/\/staging.pecb.com\/es\/about\/digital-trust"]}]},{"@type":"ImageObject","inLanguage":"es","@id":"https:\/\/staging.pecb.com\/es\/about\/digital-trust#primaryimage","url":"https:\/\/staging.pecb.com\/admin\/apps\/backend\/uploads\/images\/Digital-Trust-ES%281%29.png","contentUrl":"https:\/\/staging.pecb.com\/admin\/apps\/backend\/uploads\/images\/Digital-Trust-ES%281%29.png"},{"@type":"BreadcrumbList","@id":"https:\/\/staging.pecb.com\/es\/about\/digital-trust#breadcrumb","itemListElement":[{"@type":"ListItem","position":1,"name":"Home","item":"https:\/\/staging.pecb.com\/es"},{"@type":"ListItem","position":2,"name":"Acerca De","item":"https:\/\/staging.pecb.com\/es\/about"},{"@type":"ListItem","position":3,"name":"Confianza digital: Construir un futuro seguro"}]},{"@type":"WebSite","@id":"https:\/\/staging.pecb.com\/es#website","url":"https:\/\/staging.pecb.com\/es","name":"PECB","description":"","publisher":{"@id":"https:\/\/staging.pecb.com\/es#organization"},"potentialAction":[{"@type":"SearchAction","target":{"@type":"EntryPoint","urlTemplate":"https:\/\/staging.pecb.com\/es?s={search_term_string}"},"query-input":{"@type":"PropertyValueSpecification","valueRequired":true,"valueName":"search_term_string"}}],"inLanguage":"es"},{"@type":"Organization","@id":"https:\/\/staging.pecb.com\/es#organization","name":"PECB","url":"https:\/\/staging.pecb.com\/es","logo":{"@type":"ImageObject","inLanguage":"es","@id":"https:\/\/staging.pecb.com\/es#\/schema\/logo\/image\/","url":"https:\/\/staging.pecb.com\/wp-content\/uploads\/2025\/05\/Clip-path-group.svg","contentUrl":"https:\/\/staging.pecb.com\/wp-content\/uploads\/2025\/05\/Clip-path-group.svg","width":96,"height":26,"caption":"PECB"},"image":{"@id":"https:\/\/staging.pecb.com\/es#\/schema\/logo\/image\/"},"sameAs":["https:\/\/www.facebook.com\/PECBInternational\/","https:\/\/x.com\/PECB","https:\/\/www.linkedin.com\/company\/pecb","https:\/\/www.youtube.com\/channel\/UCQPfrnIUa7Q0oBRyT8l5eTg","https:\/\/www.instagram.com\/pecb.official\/"]}]}},"_links":{"self":[{"href":"https:\/\/staging.pecb.com\/es\/wp-json\/wp\/v2\/pages\/26698","targetHints":{"allow":["GET"]}}],"collection":[{"href":"https:\/\/staging.pecb.com\/es\/wp-json\/wp\/v2\/pages"}],"about":[{"href":"https:\/\/staging.pecb.com\/es\/wp-json\/wp\/v2\/types\/page"}],"author":[{"embeddable":true,"href":"https:\/\/staging.pecb.com\/es\/wp-json\/wp\/v2\/users\/2"}],"replies":[{"embeddable":true,"href":"https:\/\/staging.pecb.com\/es\/wp-json\/wp\/v2\/comments?post=26698"}],"version-history":[{"count":0,"href":"https:\/\/staging.pecb.com\/es\/wp-json\/wp\/v2\/pages\/26698\/revisions"}],"up":[{"embeddable":true,"href":"https:\/\/staging.pecb.com\/es\/wp-json\/wp\/v2\/pages\/27838"}],"wp:attachment":[{"href":"https:\/\/staging.pecb.com\/es\/wp-json\/wp\/v2\/media?parent=26698"}],"curies":[{"name":"wp","href":"https:\/\/api.w.org\/{rel}","templated":true}]}}