{"id":26677,"date":"2025-07-17T14:36:03","date_gmt":"2025-07-17T14:36:03","guid":{"rendered":"https:\/\/pecb.com\/pecb-certification-process"},"modified":"2025-11-20T09:10:11","modified_gmt":"2025-11-20T08:10:11","slug":"pecb-certification-process","status":"publish","type":"page","link":"https:\/\/staging.pecb.com\/es\/about\/pecb-certification-process","title":{"rendered":"Proceso de Certificaci\u00f3n"},"content":{"rendered":"\t\t<div data-elementor-type=\"wp-page\" data-elementor-id=\"26677\" class=\"elementor elementor-26677 elementor-15812\" data-elementor-post-type=\"page\">\n\t\t\t\t<div class=\"elementor-element elementor-element-3a3b4019 e-flex e-con-boxed e-con e-parent\" data-id=\"3a3b4019\" data-element_type=\"container\" data-e-type=\"container\" data-settings=\"{&quot;background_background&quot;:&quot;classic&quot;}\">\n\t\t\t\t\t<div class=\"e-con-inner\">\n\t\t\t\t<div class=\"elementor-element elementor-element-587de11e elementor-widget elementor-widget-heading\" data-id=\"587de11e\" data-element_type=\"widget\" data-e-type=\"widget\" data-widget_type=\"heading.default\">\n\t\t\t\t\t<h1 class=\"elementor-heading-title elementor-size-default\">Proceso de Certificaci\u00f3n<\/h1>\t\t\t\t<\/div>\n\t\t\t\t\t<\/div>\n\t\t\t\t<\/div>\n\t\t<div class=\"elementor-element elementor-element-61f629b e-flex e-con-boxed e-con e-parent\" data-id=\"61f629b\" data-element_type=\"container\" data-e-type=\"container\" data-settings=\"{&quot;background_background&quot;:&quot;classic&quot;}\">\n\t\t\t\t\t<div class=\"e-con-inner\">\n\t\t\t\t<div class=\"elementor-element elementor-element-1b4cb46 elementor-widget elementor-widget-text-editor\" data-id=\"1b4cb46\" data-element_type=\"widget\" data-e-type=\"widget\" data-widget_type=\"text-editor.default\">\n\t\t\t\t\t\t\t\t\t<p dir=\"auto\">\n        <style>\n            .child-pages {\n                display: flex;\n                flex-wrap: wrap;\n                justify-content: center;\n                gap: 8px;\n                width: fit-content;\n                margin: 0 auto;\n                 padding:10px;\n            }\n            .child-pages li {\n                display: flex;\n                padding: 8px 16px;\n                flex-direction: column;\n                align-items: center;\n                border-radius: 4px;\n                background: #FFF;\n                list-style: none;\n            }\n            .child-pages li.active {\n                background: #CBD5E1;\n            }\n            .child-pages li a {\n                color: #000;\n                text-align: center;\n                font-family: Parabolica, sans-serif;\n                font-size: 14px;\n                font-style: normal;\n                font-weight: 400;\n                line-height: normal;\n                text-decoration: none;\n            }\n            .child-pages li a:hover {\n                text-decoration: underline;\n            }\n        <\/style>\n    <ul class=\"child-pages\"><li class=\"\"><a href=\"https:\/\/staging.pecb.com\/en\/about\">About<\/a><\/li><li class=\"\"><a href=\"https:\/\/staging.pecb.com\/es\/about\/accreditations-and-affiliations\">Acreditaciones y Afiliaciones<\/a><\/li><li class=\"\"><a href=\"https:\/\/staging.pecb.com\/es\/about\/code-of-ethics\">C\u00f3digo de \u00c9tica<\/a><\/li><li class=\"\"><a href=\"https:\/\/staging.pecb.com\/es\/about\/complaint-and-appeal-policy\">Complaint and Appeal Policy<\/a><\/li><li class=\"\"><a href=\"https:\/\/staging.pecb.com\/es\/about\/digital-trust\">Confianza digital: Construir un futuro seguro<\/a><\/li><li class=\"\"><a href=\"https:\/\/staging.pecb.com\/es\/about\/statement-of-impartiality\">Declaraci\u00f3n de imparcialidad<\/a><\/li><li class=\"\"><a href=\"https:\/\/staging.pecb.com\/es\/about\/gdpr-privacy-statement\">Declaraci\u00f3n de Privacidad del RGPD<\/a><\/li><li class=\"\"><a href=\"https:\/\/staging.pecb.com\/es\/about\/team\">Nosotros somos PECB<\/a><\/li><li class=\"\"><a href=\"https:\/\/staging.pecb.com\/es\/about\/behavior-policy\">Pol\u00edtica de comportamiento<\/a><\/li><li class=\"\"><a href=\"https:\/\/staging.pecb.com\/es\/about\/sanctioned-countries-for-pecb-services\">Pol\u00edtica de PECB sobre las Sanciones Econ\u00f3micas Canadienses e Internacionales y los pa\u00edses afectados<\/a><\/li><li class=\"\"><a href=\"https:\/\/staging.pecb.com\/es\/about\/pecb-refund-policy\">Pol\u00edtica de Reembolso de PECB<\/a><\/li><li class=\"\"><a href=\"https:\/\/staging.pecb.com\/es\/about\/certification-mark-use-policy\">Pol\u00edtica de uso de la marca de certificaci\u00f3n<\/a><\/li><li class=\"\"><a href=\"https:\/\/staging.pecb.com\/es\/about\/pecb-code-of-ethics-violation-policy\">Pol\u00edtica de Violaci\u00f3n al C\u00f3digo de \u00c9tica de PECB<\/a><\/li><li class=\"\"><a href=\"https:\/\/staging.pecb.com\/es\/about\/pecb-quality-and-information-security-policies\">Pol\u00edticas de Calidad y de Seguridad de la Informaci\u00f3n de PECB<\/a><\/li><li class=\"\"><a href=\"https:\/\/staging.pecb.com\/es\/about\/pecb-certification-process\">Proceso de Certificaci\u00f3n<\/a><\/li><li class=\"\"><a href=\"https:\/\/staging.pecb.com\/es\/about\/values-of-pecb-certification\">Valor de la certificaci\u00f3n de PECB<\/a><\/li><li class=\"\"><a href=\"https:\/\/staging.pecb.com\/es\/about\/violation-of-pecb-brand-and-fraud-reporting-policy\">Violaci\u00f3n de la Marca PECB y de Denuncia de Fraude<\/a><\/li><\/ul><\/p>\t\t\t\t\t\t\t\t<\/div>\n\t\t\t\t\t<\/div>\n\t\t\t\t<\/div>\n\t\t<div class=\"elementor-element elementor-element-60794901 e-flex e-con-boxed e-con e-parent\" data-id=\"60794901\" data-element_type=\"container\" data-e-type=\"container\">\n\t\t\t\t\t<div class=\"e-con-inner\">\n\t\t\t\t<div class=\"elementor-element elementor-element-508d3c54 elementor-widget elementor-widget-heading\" data-id=\"508d3c54\" data-element_type=\"widget\" data-e-type=\"widget\" data-widget_type=\"heading.default\">\n\t\t\t\t\t<h2 class=\"elementor-heading-title elementor-size-default\">Exenci\u00f3n de Responsabilidad<\/h2>\t\t\t\t<\/div>\n\t\t\t\t<div class=\"elementor-element elementor-element-759a3816 elementor-widget elementor-widget-text-editor\" data-id=\"759a3816\" data-element_type=\"widget\" data-e-type=\"widget\" data-widget_type=\"text-editor.default\">\n\t\t\t\t\t\t\t\t\t<p><span style=\"font-size: 11px;\"><em><strong>Exenci\u00f3n de Responsabilidad:<\/strong> \u201cCertificado\u201d se refiere a los requisitos de certificaci\u00f3n de la norma ISO\/IEC 17024, y \u201cTitular del certificado\u201d se refiere a los requisitos de los programas de certificaci\u00f3n de ASTM E2659.<\/em><\/span><\/p><h2><strong>1. Decida cu\u00e1l es la certificaci\u00f3n m\u00e1s apropiada para usted<\/strong><\/h2><p>Cada certificaci\u00f3n de PECB tiene una serie de requisitos con respecto a la formaci\u00f3n acad\u00e9mica y a la experiencia profesional.\u00a0 Para determinar cu\u00e1l es la credencial que m\u00e1s se ajusta a usted, compruebe los requisitos de admisibilidad para las diferentes certificaciones as\u00ed como sus necesidades profesionales.\u00a0<\/p><h2><strong>2. Preparaci\u00f3n para el examen.<\/strong><\/h2><p>Todos los candidatos a la certificaci\u00f3n son responsables de estudiar y prepararse para los ex\u00e1menes. No es necesario haber estudiado un programa o un conjunto de cursos espec\u00edficos para el proceso de certificaci\u00f3n. Asimismo, la finalizaci\u00f3n de un curso o programa de estudios mejorar\u00e1 significativamente la posibilidad de aprobar un examen de certificaci\u00f3n de PECB. Para obtener m\u00e1s informaci\u00f3n sobre ex\u00e1menes, \u00e1mbitos de competencia y \u00e1reas de conocimientos, vaya a: <a href=\"https:\/\/help.staging.pecb.com\/index.php\/list-of-pecb-exams\/\">Lista de ex\u00e1menes de PECB<\/a>.\u00a0<\/p><h2><strong>3. Solicitar y programar un examen<\/strong><\/h2><p>Para programar un examen:<\/p><ul style=\"margin-left: 40px;\"><li>Los candidatos pueden ponerse en contacto con uno de nuestros socios que ofrecen cursos de capacitaci\u00f3n y sesiones de examen. Para encontrar un distribuidor de cursos de capacitaci\u00f3n en su regi\u00f3n, por favor siga este enlace: <a href=\"https:\/\/staging.pecb.com\/es\/partner\/active_partners\">https:\/\/staging.pecb.com\/partner\/active_partners<\/a>. El calendario de cursos de capacitaci\u00f3n de PECB tambi\u00e9n se encuentra disponible aqu\u00ed: <a href=\"https:\/\/staging.pecb.com\/es\/partnerEvent\/event_schedule_list\">https:\/\/staging.pecb.com\/events<\/a>.<\/li><li>Los candidatos tambi\u00e9n pueden realizar un examen de PECB a distancia en la comodidad de su propio hogar o a trav\u00e9s de la aplicaci\u00f3n de ex\u00e1menes de PECB, a la que se puede acceder aqu\u00ed: <a href=\"https:\/\/staging.pecb.com\/es\/eventExamList\/schedule\">https:\/\/staging.pecb.com\/es\/eventExamList\/schedule<\/a>.\u00a0<\/li><\/ul><h2><strong>4. Presentar el Examen<\/strong><\/h2><p>Los candidatos deber\u00e1n llegar al menos 30 minutos antes del inicio del examen de certificaci\u00f3n. A los candidatos que lleguen tarde, no se les dar\u00e1 tiempo compensatorio por su llegada tard\u00eda y se les podr\u00eda denegar la entrada al examen. Todos los candidatos deben presentar ante el supervisor de examen un documento de identidad v\u00e1lido, tales como el documento nacional de identidad, el permiso de conducir o el pasaporte. La duraci\u00f3n del examen var\u00eda seg\u00fan el tipo de examen (para m\u00e1s informaci\u00f3n, v\u00e9ase la descripci\u00f3n de los diferentes ex\u00e1menes). Es posible otorgar tiempo adicional a los candidatos cuya lengua materna sea distinta al idioma del examen (Cuando los candidatos as\u00ed lo requieran, durante el d\u00eda del examen).<\/p><p><strong>Tipos de examen:\u00a0<\/strong><\/p><p>Ex\u00e1menes tipo ensayo, mejor conocidos como ex\u00e1menes \u00aba libro abierto\u00bb, en donde a los candidatos se les autoriza \u00fanicamente el uso de los siguientes materiales de referencia:<\/p><ul style=\"margin-left: 40px;\"><li>Una copia de la norma en versi\u00f3n impresa;<\/li><li>Las notas de curso del Manual del Participante;<\/li><li>Cualquier nota personal que el estudiante haya tomado durante la capacitaci\u00f3n.<\/li><li>Un diccionario impreso.<\/li><\/ul><p>Para obtener m\u00e1s informaci\u00f3n acerca del examen, visite <a href=\"https:\/\/staging.pecb.com\/es\/examination-rules-and-policies\">Reglas y pol\u00edticas de examen<\/a><\/p><h2><strong>5. Recibir los resultados del examen<\/strong><\/h2><p>Los resultados se comunicar\u00e1n en un periodo de 6 a 8 semanas a partir de la fecha de presentaci\u00f3n del examen. Los estudiantes recibir\u00e1n dos posibles resultados de examen: aprobado o reprobado, en lugar de una nota exacta.\u00a0<\/p><p>En caso de reprobaci\u00f3n los resultados estar\u00e1n acompa\u00f1ados de la lista de campos en donde el candidato no respondi\u00f3 correctamente la pregunta. \u00c9sto puede ayudar a los candidatos a prepararse mejor para la repetici\u00f3n del examen. Los candidatos que no est\u00e9n satisfechos con los resultados del examen pueden presentar una queja por escrito en <a href=\"mailto:examination@staging.pecb.com\">examination@staging.pecb.com<\/a>.\u00a0<\/p><h2><strong>6. Solicitar una Certificaci\u00f3n<\/strong><\/h2><p>Todos los participantes que aprueben su examen de certificaci\u00f3n (o el equivalente aceptado por PECB) est\u00e1n facultados para solicitar las credenciales de PECB para las cuales fueron evaluados. Se necesita cumplir con ciertos requisitos profesionales y acad\u00e9micos para poder obtener la certificaci\u00f3n de PECB. Los candidatos deben llenar el <a href=\"https:\/\/staging.pecb.com\/user\/checkEmail\">Formulario de solicitud de certificaci\u00f3n<\/a>, as\u00ed como los otros formularios en l\u00ednea (accesibles desde su perfil en l\u00ednea de PECB), incluyendo la informaci\u00f3n de contacto de las referencias que ser\u00e1n contactadas con el fin de validar la experiencia profesional de los candidatos. Por \u00faltimo, antes de presentar la solicitud, el candidato puede optar por realizar su pago en l\u00ednea o por medio de una factura. En caso de que el candidato necesite informaci\u00f3n adicional, puede escribir la direcci\u00f3n <a href=\"mailto:accounting@staging.pecb.com\">accounting@staging.pecb.com<\/a> o a\u00a0<a href=\"mailto:certification@staging.pecb.com\">certification@staging.pecb.com<\/a>.\u00a0<\/p><p>Se aprobar\u00e1 la solicitud tan pronto como el Departamento de certificaci\u00f3n confirme que usted cumple con todos los requisitos relacionados con la credencial que usted solicit\u00f3. Se le enviar\u00e1 un mensaje al correo electr\u00f3nico que usted nos dio durante el proceso de solicitud indic\u00e1ndole el estado de su solicitud. En caso de ser aprobado, usted podr\u00e1 descargar el certificado desde su cuenta de miembro.<\/p><h2><strong>7. Mantener su certificaci\u00f3n<\/strong><\/h2><p>Las certificaciones de PECB tienen una validez de tres a\u00f1os. Con el fin de mantener un certificado, se les pide a los profesionales Certificados de PECB demostrar anualmente que est\u00e1n llevando a cabo actividades relacionadas con la certificaci\u00f3n. Adem\u00e1s de esto, se les pide a los profesionales de PECB que paguen un Cargo por Mantenimiento Anual de la Certificaci\u00f3n (CMA) y que presenten informaci\u00f3n sobre su Desarrollo Profesional Continuo (DPC).<\/p><p>Se le env\u00eda una notificaci\u00f3n a los miembros certificados, a quienes se les pide que presenten su Desarrollo Profesional Continuo (DPC) as\u00ed como su Cargo por Mantenimiento Anual de la Certificaci\u00f3n (CMA) tres meses antes de cumplirse el a\u00f1o de la certificaci\u00f3n. Los miembros certificados de PECB podr\u00e1n entonces presentar su DPC ingresando a su cuenta y suministrando la informaci\u00f3n requerida para la certificaci\u00f3n respectiva.<\/p>\t\t\t\t\t\t\t\t<\/div>\n\t\t\t\t\t<\/div>\n\t\t\t\t<\/div>\n\t\t\t\t<\/div>\n\t\t","protected":false},"excerpt":{"rendered":"<p>Proceso de Certificaci\u00f3n Exenci\u00f3n de Responsabilidad Exenci\u00f3n de Responsabilidad: \u201cCertificado\u201d se refiere a los requisitos de certificaci\u00f3n de la norma ISO\/IEC 17024, y \u201cTitular del certificado\u201d se refiere a los requisitos de los programas de certificaci\u00f3n de ASTM E2659. 1. Decida cu\u00e1l es la certificaci\u00f3n m\u00e1s apropiada para usted Cada certificaci\u00f3n de PECB tiene una [&hellip;]<\/p>\n","protected":false},"author":2,"featured_media":0,"parent":27838,"menu_order":0,"comment_status":"closed","ping_status":"closed","template":"","meta":{"_acf_changed":false,"content-type":"","footnotes":""},"class_list":["post-26677","page","type-page","status-publish","hentry"],"acf":[],"yoast_head":"<!-- This site is optimized with the Yoast SEO plugin v26.9 - https:\/\/yoast.com\/product\/yoast-seo-wordpress\/ -->\n<title>Proceso de Certificaci\u00f3n - PECB<\/title>\n<meta name=\"robots\" content=\"index, follow, max-snippet:-1, max-image-preview:large, max-video-preview:-1\" \/>\n<link rel=\"canonical\" href=\"https:\/\/staging.pecb.com\/es\/about\/pecb-certification-process\" \/>\n<meta property=\"og:locale\" content=\"es_ES\" \/>\n<meta property=\"og:type\" content=\"article\" \/>\n<meta property=\"og:title\" content=\"Proceso de Certificaci\u00f3n - PECB\" \/>\n<meta property=\"og:description\" content=\"Proceso de Certificaci\u00f3n Exenci\u00f3n de Responsabilidad Exenci\u00f3n de Responsabilidad: \u201cCertificado\u201d se refiere a los requisitos de certificaci\u00f3n de la norma ISO\/IEC 17024, y \u201cTitular del certificado\u201d se refiere a los requisitos de los programas de certificaci\u00f3n de ASTM E2659. 1. Decida cu\u00e1l es la certificaci\u00f3n m\u00e1s apropiada para usted Cada certificaci\u00f3n de PECB tiene una [&hellip;]\" \/>\n<meta property=\"og:url\" content=\"https:\/\/staging.pecb.com\/es\/about\/pecb-certification-process\" \/>\n<meta property=\"og:site_name\" content=\"PECB\" \/>\n<meta property=\"article:publisher\" content=\"https:\/\/www.facebook.com\/PECBInternational\/\" \/>\n<meta property=\"article:modified_time\" content=\"2025-11-20T08:10:11+00:00\" \/>\n<meta name=\"twitter:card\" content=\"summary_large_image\" \/>\n<meta name=\"twitter:site\" content=\"@PECB\" \/>\n<meta name=\"twitter:label1\" content=\"Tiempo de lectura\" \/>\n\t<meta name=\"twitter:data1\" content=\"5 minutos\" \/>\n<script type=\"application\/ld+json\" class=\"yoast-schema-graph\">{\"@context\":\"https:\/\/schema.org\",\"@graph\":[{\"@type\":\"WebPage\",\"@id\":\"https:\/\/staging.pecb.com\/es\/about\/pecb-certification-process\",\"url\":\"https:\/\/staging.pecb.com\/es\/about\/pecb-certification-process\",\"name\":\"Proceso de Certificaci\u00f3n - PECB\",\"isPartOf\":{\"@id\":\"https:\/\/staging.pecb.com\/es#website\"},\"datePublished\":\"2025-07-17T14:36:03+00:00\",\"dateModified\":\"2025-11-20T08:10:11+00:00\",\"breadcrumb\":{\"@id\":\"https:\/\/staging.pecb.com\/es\/about\/pecb-certification-process#breadcrumb\"},\"inLanguage\":\"es\",\"potentialAction\":[{\"@type\":\"ReadAction\",\"target\":[\"https:\/\/staging.pecb.com\/es\/about\/pecb-certification-process\"]}]},{\"@type\":\"BreadcrumbList\",\"@id\":\"https:\/\/staging.pecb.com\/es\/about\/pecb-certification-process#breadcrumb\",\"itemListElement\":[{\"@type\":\"ListItem\",\"position\":1,\"name\":\"Home\",\"item\":\"https:\/\/staging.pecb.com\/es\"},{\"@type\":\"ListItem\",\"position\":2,\"name\":\"Acerca De\",\"item\":\"https:\/\/staging.pecb.com\/es\/about\"},{\"@type\":\"ListItem\",\"position\":3,\"name\":\"Proceso de Certificaci\u00f3n\"}]},{\"@type\":\"WebSite\",\"@id\":\"https:\/\/staging.pecb.com\/es#website\",\"url\":\"https:\/\/staging.pecb.com\/es\",\"name\":\"PECB\",\"description\":\"\",\"publisher\":{\"@id\":\"https:\/\/staging.pecb.com\/es#organization\"},\"potentialAction\":[{\"@type\":\"SearchAction\",\"target\":{\"@type\":\"EntryPoint\",\"urlTemplate\":\"https:\/\/staging.pecb.com\/es?s={search_term_string}\"},\"query-input\":{\"@type\":\"PropertyValueSpecification\",\"valueRequired\":true,\"valueName\":\"search_term_string\"}}],\"inLanguage\":\"es\"},{\"@type\":\"Organization\",\"@id\":\"https:\/\/staging.pecb.com\/es#organization\",\"name\":\"PECB\",\"url\":\"https:\/\/staging.pecb.com\/es\",\"logo\":{\"@type\":\"ImageObject\",\"inLanguage\":\"es\",\"@id\":\"https:\/\/staging.pecb.com\/es#\/schema\/logo\/image\/\",\"url\":\"https:\/\/staging.pecb.com\/wp-content\/uploads\/2025\/05\/Clip-path-group.svg\",\"contentUrl\":\"https:\/\/staging.pecb.com\/wp-content\/uploads\/2025\/05\/Clip-path-group.svg\",\"width\":96,\"height\":26,\"caption\":\"PECB\"},\"image\":{\"@id\":\"https:\/\/staging.pecb.com\/es#\/schema\/logo\/image\/\"},\"sameAs\":[\"https:\/\/www.facebook.com\/PECBInternational\/\",\"https:\/\/x.com\/PECB\",\"https:\/\/www.linkedin.com\/company\/pecb\",\"https:\/\/www.youtube.com\/channel\/UCQPfrnIUa7Q0oBRyT8l5eTg\",\"https:\/\/www.instagram.com\/pecb.official\/\"]}]}<\/script>\n<!-- \/ Yoast SEO plugin. -->","yoast_head_json":{"title":"Proceso de Certificaci\u00f3n - PECB","robots":{"index":"index","follow":"follow","max-snippet":"max-snippet:-1","max-image-preview":"max-image-preview:large","max-video-preview":"max-video-preview:-1"},"canonical":"https:\/\/staging.pecb.com\/es\/about\/pecb-certification-process","og_locale":"es_ES","og_type":"article","og_title":"Proceso de Certificaci\u00f3n - PECB","og_description":"Proceso de Certificaci\u00f3n Exenci\u00f3n de Responsabilidad Exenci\u00f3n de Responsabilidad: \u201cCertificado\u201d se refiere a los requisitos de certificaci\u00f3n de la norma ISO\/IEC 17024, y \u201cTitular del certificado\u201d se refiere a los requisitos de los programas de certificaci\u00f3n de ASTM E2659. 1. Decida cu\u00e1l es la certificaci\u00f3n m\u00e1s apropiada para usted Cada certificaci\u00f3n de PECB tiene una [&hellip;]","og_url":"https:\/\/staging.pecb.com\/es\/about\/pecb-certification-process","og_site_name":"PECB","article_publisher":"https:\/\/www.facebook.com\/PECBInternational\/","article_modified_time":"2025-11-20T08:10:11+00:00","twitter_card":"summary_large_image","twitter_site":"@PECB","twitter_misc":{"Tiempo de lectura":"5 minutos"},"schema":{"@context":"https:\/\/schema.org","@graph":[{"@type":"WebPage","@id":"https:\/\/staging.pecb.com\/es\/about\/pecb-certification-process","url":"https:\/\/staging.pecb.com\/es\/about\/pecb-certification-process","name":"Proceso de Certificaci\u00f3n - PECB","isPartOf":{"@id":"https:\/\/staging.pecb.com\/es#website"},"datePublished":"2025-07-17T14:36:03+00:00","dateModified":"2025-11-20T08:10:11+00:00","breadcrumb":{"@id":"https:\/\/staging.pecb.com\/es\/about\/pecb-certification-process#breadcrumb"},"inLanguage":"es","potentialAction":[{"@type":"ReadAction","target":["https:\/\/staging.pecb.com\/es\/about\/pecb-certification-process"]}]},{"@type":"BreadcrumbList","@id":"https:\/\/staging.pecb.com\/es\/about\/pecb-certification-process#breadcrumb","itemListElement":[{"@type":"ListItem","position":1,"name":"Home","item":"https:\/\/staging.pecb.com\/es"},{"@type":"ListItem","position":2,"name":"Acerca De","item":"https:\/\/staging.pecb.com\/es\/about"},{"@type":"ListItem","position":3,"name":"Proceso de Certificaci\u00f3n"}]},{"@type":"WebSite","@id":"https:\/\/staging.pecb.com\/es#website","url":"https:\/\/staging.pecb.com\/es","name":"PECB","description":"","publisher":{"@id":"https:\/\/staging.pecb.com\/es#organization"},"potentialAction":[{"@type":"SearchAction","target":{"@type":"EntryPoint","urlTemplate":"https:\/\/staging.pecb.com\/es?s={search_term_string}"},"query-input":{"@type":"PropertyValueSpecification","valueRequired":true,"valueName":"search_term_string"}}],"inLanguage":"es"},{"@type":"Organization","@id":"https:\/\/staging.pecb.com\/es#organization","name":"PECB","url":"https:\/\/staging.pecb.com\/es","logo":{"@type":"ImageObject","inLanguage":"es","@id":"https:\/\/staging.pecb.com\/es#\/schema\/logo\/image\/","url":"https:\/\/staging.pecb.com\/wp-content\/uploads\/2025\/05\/Clip-path-group.svg","contentUrl":"https:\/\/staging.pecb.com\/wp-content\/uploads\/2025\/05\/Clip-path-group.svg","width":96,"height":26,"caption":"PECB"},"image":{"@id":"https:\/\/staging.pecb.com\/es#\/schema\/logo\/image\/"},"sameAs":["https:\/\/www.facebook.com\/PECBInternational\/","https:\/\/x.com\/PECB","https:\/\/www.linkedin.com\/company\/pecb","https:\/\/www.youtube.com\/channel\/UCQPfrnIUa7Q0oBRyT8l5eTg","https:\/\/www.instagram.com\/pecb.official\/"]}]}},"_links":{"self":[{"href":"https:\/\/staging.pecb.com\/es\/wp-json\/wp\/v2\/pages\/26677","targetHints":{"allow":["GET"]}}],"collection":[{"href":"https:\/\/staging.pecb.com\/es\/wp-json\/wp\/v2\/pages"}],"about":[{"href":"https:\/\/staging.pecb.com\/es\/wp-json\/wp\/v2\/types\/page"}],"author":[{"embeddable":true,"href":"https:\/\/staging.pecb.com\/es\/wp-json\/wp\/v2\/users\/2"}],"replies":[{"embeddable":true,"href":"https:\/\/staging.pecb.com\/es\/wp-json\/wp\/v2\/comments?post=26677"}],"version-history":[{"count":0,"href":"https:\/\/staging.pecb.com\/es\/wp-json\/wp\/v2\/pages\/26677\/revisions"}],"up":[{"embeddable":true,"href":"https:\/\/staging.pecb.com\/es\/wp-json\/wp\/v2\/pages\/27838"}],"wp:attachment":[{"href":"https:\/\/staging.pecb.com\/es\/wp-json\/wp\/v2\/media?parent=26677"}],"curies":[{"name":"wp","href":"https:\/\/api.w.org\/{rel}","templated":true}]}}