{"id":26674,"date":"2025-07-18T05:53:40","date_gmt":"2025-07-18T05:53:40","guid":{"rendered":"https:\/\/pecb.com\/certification-mark-use-policy"},"modified":"2025-11-17T17:13:05","modified_gmt":"2025-11-17T16:13:05","slug":"certification-mark-use-policy","status":"publish","type":"page","link":"https:\/\/staging.pecb.com\/es\/about\/certification-mark-use-policy","title":{"rendered":"Pol\u00edtica de uso de la marca de certificaci\u00f3n"},"content":{"rendered":"\t\t<div data-elementor-type=\"wp-page\" data-elementor-id=\"26674\" class=\"elementor elementor-26674 elementor-15885\" data-elementor-post-type=\"page\">\n\t\t\t\t<div class=\"elementor-element elementor-element-539e5e36 e-flex e-con-boxed e-con e-parent\" data-id=\"539e5e36\" data-element_type=\"container\" data-e-type=\"container\" data-settings=\"{&quot;background_background&quot;:&quot;classic&quot;}\">\n\t\t\t\t\t<div class=\"e-con-inner\">\n\t\t\t\t<div class=\"elementor-element elementor-element-6bcd41d6 elementor-widget elementor-widget-heading\" data-id=\"6bcd41d6\" data-element_type=\"widget\" data-e-type=\"widget\" data-widget_type=\"heading.default\">\n\t\t\t\t\t<h1 class=\"elementor-heading-title elementor-size-default\">Pol\u00edtica de uso de la marca de certificaci\u00f3n<\/h1>\t\t\t\t<\/div>\n\t\t\t\t\t<\/div>\n\t\t\t\t<\/div>\n\t\t<div class=\"elementor-element elementor-element-58273f6 e-flex e-con-boxed e-con e-parent\" data-id=\"58273f6\" data-element_type=\"container\" data-e-type=\"container\" data-settings=\"{&quot;background_background&quot;:&quot;classic&quot;}\">\n\t\t\t\t\t<div class=\"e-con-inner\">\n\t\t\t\t<div class=\"elementor-element elementor-element-f60f80a elementor-widget elementor-widget-text-editor\" data-id=\"f60f80a\" data-element_type=\"widget\" data-e-type=\"widget\" data-widget_type=\"text-editor.default\">\n\t\t\t\t\t\t\t\t\t<p dir=\"auto\">\n        <style>\n            .child-pages {\n                display: flex;\n                flex-wrap: wrap;\n                justify-content: center;\n                gap: 8px;\n                width: fit-content;\n                margin: 0 auto;\n                 padding:10px;\n            }\n            .child-pages li {\n                display: flex;\n                padding: 8px 16px;\n                flex-direction: column;\n                align-items: center;\n                border-radius: 4px;\n                background: #FFF;\n                list-style: none;\n            }\n            .child-pages li.active {\n                background: #CBD5E1;\n            }\n            .child-pages li a {\n                color: #000;\n                text-align: center;\n                font-family: Parabolica, sans-serif;\n                font-size: 14px;\n                font-style: normal;\n                font-weight: 400;\n                line-height: normal;\n                text-decoration: none;\n            }\n            .child-pages li a:hover {\n                text-decoration: underline;\n            }\n        <\/style>\n    <ul class=\"child-pages\"><li class=\"\"><a href=\"https:\/\/staging.pecb.com\/en\/about\">About<\/a><\/li><li class=\"\"><a href=\"https:\/\/staging.pecb.com\/es\/about\/accreditations-and-affiliations\">Acreditaciones y Afiliaciones<\/a><\/li><li class=\"\"><a href=\"https:\/\/staging.pecb.com\/es\/about\/code-of-ethics\">C\u00f3digo de \u00c9tica<\/a><\/li><li class=\"\"><a href=\"https:\/\/staging.pecb.com\/es\/about\/complaint-and-appeal-policy\">Complaint and Appeal Policy<\/a><\/li><li class=\"\"><a href=\"https:\/\/staging.pecb.com\/es\/about\/digital-trust\">Confianza digital: Construir un futuro seguro<\/a><\/li><li class=\"\"><a href=\"https:\/\/staging.pecb.com\/es\/about\/statement-of-impartiality\">Declaraci\u00f3n de imparcialidad<\/a><\/li><li class=\"\"><a href=\"https:\/\/staging.pecb.com\/es\/about\/gdpr-privacy-statement\">Declaraci\u00f3n de Privacidad del RGPD<\/a><\/li><li class=\"\"><a href=\"https:\/\/staging.pecb.com\/es\/about\/team\">Nosotros somos PECB<\/a><\/li><li class=\"\"><a href=\"https:\/\/staging.pecb.com\/es\/about\/behavior-policy\">Pol\u00edtica de comportamiento<\/a><\/li><li class=\"\"><a href=\"https:\/\/staging.pecb.com\/es\/about\/sanctioned-countries-for-pecb-services\">Pol\u00edtica de PECB sobre las Sanciones Econ\u00f3micas Canadienses e Internacionales y los pa\u00edses afectados<\/a><\/li><li class=\"\"><a href=\"https:\/\/staging.pecb.com\/es\/about\/pecb-refund-policy\">Pol\u00edtica de Reembolso de PECB<\/a><\/li><li class=\"\"><a href=\"https:\/\/staging.pecb.com\/es\/about\/certification-mark-use-policy\">Pol\u00edtica de uso de la marca de certificaci\u00f3n<\/a><\/li><li class=\"\"><a href=\"https:\/\/staging.pecb.com\/es\/about\/pecb-code-of-ethics-violation-policy\">Pol\u00edtica de Violaci\u00f3n al C\u00f3digo de \u00c9tica de PECB<\/a><\/li><li class=\"\"><a href=\"https:\/\/staging.pecb.com\/es\/about\/pecb-quality-and-information-security-policies\">Pol\u00edticas de Calidad y de Seguridad de la Informaci\u00f3n de PECB<\/a><\/li><li class=\"\"><a href=\"https:\/\/staging.pecb.com\/es\/about\/pecb-certification-process\">Proceso de Certificaci\u00f3n<\/a><\/li><li class=\"\"><a href=\"https:\/\/staging.pecb.com\/es\/about\/values-of-pecb-certification\">Valor de la certificaci\u00f3n de PECB<\/a><\/li><li class=\"\"><a href=\"https:\/\/staging.pecb.com\/es\/about\/violation-of-pecb-brand-and-fraud-reporting-policy\">Violaci\u00f3n de la Marca PECB y de Denuncia de Fraude<\/a><\/li><\/ul><\/p>\t\t\t\t\t\t\t\t<\/div>\n\t\t\t\t\t<\/div>\n\t\t\t\t<\/div>\n\t\t<div class=\"elementor-element elementor-element-1f220569 e-flex e-con-boxed e-con e-parent\" data-id=\"1f220569\" data-element_type=\"container\" data-e-type=\"container\">\n\t\t\t\t\t<div class=\"e-con-inner\">\n\t\t\t\t<div class=\"elementor-element elementor-element-3a32544f elementor-widget elementor-widget-heading\" data-id=\"3a32544f\" data-element_type=\"widget\" data-e-type=\"widget\" data-widget_type=\"heading.default\">\n\t\t\t\t\t<h2 class=\"elementor-heading-title elementor-size-default\">Exenci\u00f3n<\/h2>\t\t\t\t<\/div>\n\t\t\t\t<div class=\"elementor-element elementor-element-47a257b3 elementor-widget elementor-widget-text-editor\" data-id=\"47a257b3\" data-element_type=\"widget\" data-e-type=\"widget\" data-widget_type=\"text-editor.default\">\n\t\t\t\t\t\t\t\t\t<p><strong style=\"font-size: 11px;\">Exenci\u00f3n:\u00a0<\/strong><em><span style=\"font-size: 11px;\">\u201cCertificado\u201d se refiere a los requisitos de certificaciones ISO\/IEC 17024 y \u201cTitular de certificado\u201d se refiere a los requisitos de los programas de certificaci\u00f3n ASTM E2659.<\/span><\/em><\/p><p>\u00a0<\/p><h2><strong>1. Finalidad<\/strong><\/h2><p>Esta Pol\u00edtica establece los requisitos para el uso de todas las Marcas Registradas, Marcas de Certificaci\u00f3n y Uso de Marcas del Programa de Certificados de PECB, incluidos los certificados profesionales y las insignias digitales.<\/p><p>\u00a0<\/p><h2><strong>2. Alcance<\/strong><\/h2><p>Esta pol\u00edtica aplica para todos los profesionales certificados y titulares de certificado de PECB que hayan cumplido con todos los requisitos pertinentes de credencializaci\u00f3n, certificaci\u00f3n y del programa de certificado de PECB.<\/p><p>\u00a0<\/p><h2><strong>3. Propiedad de la Marca del Programa de Certificaci\u00f3n y Certificado de PECB<\/strong><\/h2><p>La siguiente marca registrada de la organizaci\u00f3n es propiedad y est\u00e1 controlada por PECB:<\/p><p><img decoding=\"async\" class=\"alignnone size-full wp-image-26952\" src=\"http:\/\/staging.pecb.com\/wp-content\/uploads\/2025\/08\/pecb-new-logo4.png\" alt=\"pecb logo\" width=\"300\" height=\"95\" \/><\/p><p>\u00a0<\/p><h2><strong>4. Informaci\u00f3n acerca del uso del certificado profesional de PECB y la insignia digital de PECB<\/strong><\/h2><p><u style=\"text-align: justify;\"><strong><span style=\"color: #a11e29;\">Certificado Profesional<\/span><\/strong><\/u><\/p><p>Este es un ejemplo de un certificado que se emite a todas las personas que aprueben un determinado examen de PECB y cumplen con los criterios para obtener la certificaci\u00f3n por PECB. El propietario no puede utilizar la marca registrada para ning\u00fan otro prop\u00f3sito que no sea la certificaci\u00f3n.\u00a0<\/p><p>CERTIFICADO para programas de certificaci\u00f3n basados en ISO\/IEC 17024:<\/p><p><img fetchpriority=\"high\" decoding=\"async\" class=\"alignnone wp-image-26957 size-full\" src=\"http:\/\/staging.pecb.com\/wp-content\/uploads\/2025\/08\/pecb-certificate-iso-iec-27001-lead-auditor.png\" alt=\"pecb certificate\" width=\"1022\" height=\"698\" srcset=\"https:\/\/staging.pecb.com\/wp-content\/uploads\/2025\/08\/pecb-certificate-iso-iec-27001-lead-auditor.png 1022w, https:\/\/staging.pecb.com\/wp-content\/uploads\/2025\/08\/pecb-certificate-iso-iec-27001-lead-auditor-600x410.png 600w, https:\/\/staging.pecb.com\/wp-content\/uploads\/2025\/08\/pecb-certificate-iso-iec-27001-lead-auditor-300x205.png 300w, https:\/\/staging.pecb.com\/wp-content\/uploads\/2025\/08\/pecb-certificate-iso-iec-27001-lead-auditor-768x525.png 768w\" sizes=\"(max-width: 1022px) 100vw, 1022px\" \/><\/p><p>CERTIFICADO para programas de certificado basados en ASTM E2659:<\/p><p><img decoding=\"async\" class=\"alignnone wp-image-26964 size-full\" src=\"http:\/\/staging.pecb.com\/wp-content\/uploads\/2025\/08\/pecb-certificate-iso-iec-27001-2022-foundation-v2.jpg\" alt=\"\" width=\"600\" height=\"424\" srcset=\"https:\/\/staging.pecb.com\/wp-content\/uploads\/2025\/08\/pecb-certificate-iso-iec-27001-2022-foundation-v2.jpg 600w, https:\/\/staging.pecb.com\/wp-content\/uploads\/2025\/08\/pecb-certificate-iso-iec-27001-2022-foundation-v2-300x212.jpg 300w\" sizes=\"(max-width: 600px) 100vw, 600px\" \/><\/p><p><img decoding=\"async\" src=\"https:\/\/staging.pecb.com\/admin\/apps\/backend\/uploads\/images\/pecb-certificate-iso-iec-27001-2022-foundation-v2.jpg\" alt=\"\" \/><\/p><p><strong>Nota:<\/strong> Este certificado solo se emite para personas que han completado el curso de capacitaci\u00f3n y el examen basados en la versi\u00f3n actualizada de la norma ISO\/IEC 27001:2022.<\/p><p><u style=\"text-align: justify;\"><strong><span style=\"color: #a11e29;\">Insignia Digital<\/span><\/strong><\/u><\/p><p>Este es un ejemplo de una insignia digital que se emite a todas las personas que han obtenido un certificado con PECB. El titular de certificado puede utilizar la insignia digital para comunicar el logro de un certificado.<\/p><p>Insignia Digital para programas de certificaci\u00f3n basados en ISO\/IEC 17024:<\/p><p><img loading=\"lazy\" decoding=\"async\" class=\"alignnone size-full wp-image-26970\" src=\"http:\/\/staging.pecb.com\/wp-content\/uploads\/2025\/08\/pecb-iso-iec-27001-lead-auditor-digital-badge.jpg\" alt=\"\" width=\"200\" height=\"200\" srcset=\"https:\/\/staging.pecb.com\/wp-content\/uploads\/2025\/08\/pecb-iso-iec-27001-lead-auditor-digital-badge.jpg 200w, https:\/\/staging.pecb.com\/wp-content\/uploads\/2025\/08\/pecb-iso-iec-27001-lead-auditor-digital-badge-100x100.jpg 100w, https:\/\/staging.pecb.com\/wp-content\/uploads\/2025\/08\/pecb-iso-iec-27001-lead-auditor-digital-badge-150x150.jpg 150w\" sizes=\"(max-width: 200px) 100vw, 200px\" \/><\/p><p>Insignia Digital para programas de certificado basados en ASTM E2659:<\/p><p><img loading=\"lazy\" decoding=\"async\" class=\"alignnone size-full wp-image-26975\" src=\"http:\/\/staging.pecb.com\/wp-content\/uploads\/2025\/08\/pecb-iso-iec-27001-2022-foundtion-digital-badge.jpg\" alt=\"\" width=\"200\" height=\"200\" srcset=\"https:\/\/staging.pecb.com\/wp-content\/uploads\/2025\/08\/pecb-iso-iec-27001-2022-foundtion-digital-badge.jpg 200w, https:\/\/staging.pecb.com\/wp-content\/uploads\/2025\/08\/pecb-iso-iec-27001-2022-foundtion-digital-badge-100x100.jpg 100w, https:\/\/staging.pecb.com\/wp-content\/uploads\/2025\/08\/pecb-iso-iec-27001-2022-foundtion-digital-badge-150x150.jpg 150w\" sizes=\"(max-width: 200px) 100vw, 200px\" \/><\/p><p><strong>Nota: <\/strong>Esta insignia digital solo se emite para personas que han completado el curso de capacitaci\u00f3n y el examen basados en la versi\u00f3n actualizada de la norma ISO\/IEC 27001:2022.<\/p><p>\u00a0<\/p><h2><strong>5. Uso Autorizado de la Marca del Programa de Certificaci\u00f3n y Certificado de PECB<\/strong><\/h2><p>PECB concede permiso para utilizar las Marcas del Programa de Certificaci\u00f3n y Certificado a profesionales certificados y titulares de certificados que hayan cumplido con todos los requisitos pertinentes de credencializaci\u00f3n, certificaci\u00f3n y del programa de certificado de PECB. Cada profesional certificado y titular de certificado por PECB est\u00e1n autorizados para utilizar \u00fanicamente la Marca del Programa de Certificaci\u00f3n y Certificado que representa la certificaci\u00f3n, credencial y programa de certificado adecuados.<\/p><p>Cada profesional certificado y titular de certificado por PECB puede utilizar la Marca del Programa de Certificaci\u00f3n y Certificado de PECB apropiada en materiales profesionales y comerciales como tarjetas de presentaci\u00f3n y firmas de correo electr\u00f3nico.<\/p><p><strong>No cedible, ni transferible<\/strong><\/p><p>El permiso para utilizar la Marca del Programa de Certificaci\u00f3n y Certificado est\u00e1 limitado a la persona certificada y al titular de certificado, y no ser\u00e1 transferido, asignado o utilizado de otra manera por ninguna otra persona, organizaci\u00f3n o entidad.<\/p><p>\u00a0<\/p><h2><strong>6. Reporte de Violaciones de la Pol\u00edtica de Uso de la Marca del Programa de Certificaci\u00f3n y Certificado de PECB<\/strong><\/h2><p>Despu\u00e9s de recibir informaci\u00f3n de que puede haber ocurrido un uso inapropiado o no autorizado de la Marca del Programa de Certificaci\u00f3n y Certificado, PECB determinar\u00e1 si se tomar\u00e1n medidas, incluyendo las siguientes:<\/p><ol><li>Se revisar\u00e1 el presunto uso inapropiado o no autorizado de la Marca.<\/li><li>Si puede haber ocurrido una violaci\u00f3n de la Pol\u00edtica, PECB se comunicar\u00e1 con la(s) persona(s) y\/u organizaci\u00f3n(es) involucrada(s), solicit\u00e1ndoles que cesen el uso no autorizado.<\/li><li>Si no se corrige la violaci\u00f3n de la Pol\u00edtica, se tomar\u00e1n las acciones legales o sanciones apropiadas, incluida la suspensi\u00f3n o revocaci\u00f3n de la certificaci\u00f3n o la invalidaci\u00f3n del certificado.<\/li><\/ol>\t\t\t\t\t\t\t\t<\/div>\n\t\t\t\t\t<\/div>\n\t\t\t\t<\/div>\n\t\t\t\t<\/div>\n\t\t","protected":false},"excerpt":{"rendered":"<p>Pol\u00edtica de uso de la marca de certificaci\u00f3n Exenci\u00f3n Exenci\u00f3n:\u00a0\u201cCertificado\u201d se refiere a los requisitos de certificaciones ISO\/IEC 17024 y \u201cTitular de certificado\u201d se refiere a los requisitos de los programas de certificaci\u00f3n ASTM E2659. \u00a0 1. Finalidad Esta Pol\u00edtica establece los requisitos para el uso de todas las Marcas Registradas, Marcas de Certificaci\u00f3n y [&hellip;]<\/p>\n","protected":false},"author":2,"featured_media":0,"parent":27838,"menu_order":0,"comment_status":"closed","ping_status":"closed","template":"","meta":{"_acf_changed":false,"content-type":"","footnotes":""},"class_list":["post-26674","page","type-page","status-publish","hentry"],"acf":[],"yoast_head":"<!-- This site is optimized with the Yoast SEO plugin v26.9 - https:\/\/yoast.com\/product\/yoast-seo-wordpress\/ -->\n<title>Pol\u00edtica de uso de la marca de certificaci\u00f3n - PECB<\/title>\n<meta name=\"robots\" content=\"index, follow, max-snippet:-1, max-image-preview:large, max-video-preview:-1\" \/>\n<link rel=\"canonical\" href=\"https:\/\/staging.pecb.com\/es\/about\/certification-mark-use-policy\" \/>\n<meta property=\"og:locale\" content=\"es_ES\" \/>\n<meta property=\"og:type\" content=\"article\" \/>\n<meta property=\"og:title\" content=\"Pol\u00edtica de uso de la marca de certificaci\u00f3n - PECB\" \/>\n<meta property=\"og:description\" content=\"Pol\u00edtica de uso de la marca de certificaci\u00f3n Exenci\u00f3n Exenci\u00f3n:\u00a0\u201cCertificado\u201d se refiere a los requisitos de certificaciones ISO\/IEC 17024 y \u201cTitular de certificado\u201d se refiere a los requisitos de los programas de certificaci\u00f3n ASTM E2659. \u00a0 1. Finalidad Esta Pol\u00edtica establece los requisitos para el uso de todas las Marcas Registradas, Marcas de Certificaci\u00f3n y [&hellip;]\" \/>\n<meta property=\"og:url\" content=\"https:\/\/staging.pecb.com\/es\/about\/certification-mark-use-policy\" \/>\n<meta property=\"og:site_name\" content=\"PECB\" \/>\n<meta property=\"article:publisher\" content=\"https:\/\/www.facebook.com\/PECBInternational\/\" \/>\n<meta property=\"article:modified_time\" content=\"2025-11-17T16:13:05+00:00\" \/>\n<meta property=\"og:image\" content=\"http:\/\/staging.pecb.com\/wp-content\/uploads\/2025\/08\/pecb-new-logo4.png\" \/>\n<meta name=\"twitter:card\" content=\"summary_large_image\" \/>\n<meta name=\"twitter:site\" content=\"@PECB\" \/>\n<meta name=\"twitter:label1\" content=\"Tiempo de lectura\" \/>\n\t<meta name=\"twitter:data1\" content=\"5 minutos\" \/>\n<script type=\"application\/ld+json\" class=\"yoast-schema-graph\">{\"@context\":\"https:\/\/schema.org\",\"@graph\":[{\"@type\":\"WebPage\",\"@id\":\"https:\/\/staging.pecb.com\/es\/about\/certification-mark-use-policy\",\"url\":\"https:\/\/staging.pecb.com\/es\/about\/certification-mark-use-policy\",\"name\":\"Pol\u00edtica de uso de la marca de certificaci\u00f3n - PECB\",\"isPartOf\":{\"@id\":\"https:\/\/staging.pecb.com\/es#website\"},\"primaryImageOfPage\":{\"@id\":\"https:\/\/staging.pecb.com\/es\/about\/certification-mark-use-policy#primaryimage\"},\"image\":{\"@id\":\"https:\/\/staging.pecb.com\/es\/about\/certification-mark-use-policy#primaryimage\"},\"thumbnailUrl\":\"http:\/\/staging.pecb.com\/wp-content\/uploads\/2025\/08\/pecb-new-logo4.png\",\"datePublished\":\"2025-07-18T05:53:40+00:00\",\"dateModified\":\"2025-11-17T16:13:05+00:00\",\"breadcrumb\":{\"@id\":\"https:\/\/staging.pecb.com\/es\/about\/certification-mark-use-policy#breadcrumb\"},\"inLanguage\":\"es\",\"potentialAction\":[{\"@type\":\"ReadAction\",\"target\":[\"https:\/\/staging.pecb.com\/es\/about\/certification-mark-use-policy\"]}]},{\"@type\":\"ImageObject\",\"inLanguage\":\"es\",\"@id\":\"https:\/\/staging.pecb.com\/es\/about\/certification-mark-use-policy#primaryimage\",\"url\":\"http:\/\/staging.pecb.com\/wp-content\/uploads\/2025\/08\/pecb-new-logo4.png\",\"contentUrl\":\"http:\/\/staging.pecb.com\/wp-content\/uploads\/2025\/08\/pecb-new-logo4.png\"},{\"@type\":\"BreadcrumbList\",\"@id\":\"https:\/\/staging.pecb.com\/es\/about\/certification-mark-use-policy#breadcrumb\",\"itemListElement\":[{\"@type\":\"ListItem\",\"position\":1,\"name\":\"Home\",\"item\":\"https:\/\/staging.pecb.com\/es\"},{\"@type\":\"ListItem\",\"position\":2,\"name\":\"Acerca De\",\"item\":\"https:\/\/staging.pecb.com\/es\/about\"},{\"@type\":\"ListItem\",\"position\":3,\"name\":\"Pol\u00edtica de uso de la marca de certificaci\u00f3n\"}]},{\"@type\":\"WebSite\",\"@id\":\"https:\/\/staging.pecb.com\/es#website\",\"url\":\"https:\/\/staging.pecb.com\/es\",\"name\":\"PECB\",\"description\":\"\",\"publisher\":{\"@id\":\"https:\/\/staging.pecb.com\/es#organization\"},\"potentialAction\":[{\"@type\":\"SearchAction\",\"target\":{\"@type\":\"EntryPoint\",\"urlTemplate\":\"https:\/\/staging.pecb.com\/es?s={search_term_string}\"},\"query-input\":{\"@type\":\"PropertyValueSpecification\",\"valueRequired\":true,\"valueName\":\"search_term_string\"}}],\"inLanguage\":\"es\"},{\"@type\":\"Organization\",\"@id\":\"https:\/\/staging.pecb.com\/es#organization\",\"name\":\"PECB\",\"url\":\"https:\/\/staging.pecb.com\/es\",\"logo\":{\"@type\":\"ImageObject\",\"inLanguage\":\"es\",\"@id\":\"https:\/\/staging.pecb.com\/es#\/schema\/logo\/image\/\",\"url\":\"https:\/\/staging.pecb.com\/wp-content\/uploads\/2025\/05\/Clip-path-group.svg\",\"contentUrl\":\"https:\/\/staging.pecb.com\/wp-content\/uploads\/2025\/05\/Clip-path-group.svg\",\"width\":96,\"height\":26,\"caption\":\"PECB\"},\"image\":{\"@id\":\"https:\/\/staging.pecb.com\/es#\/schema\/logo\/image\/\"},\"sameAs\":[\"https:\/\/www.facebook.com\/PECBInternational\/\",\"https:\/\/x.com\/PECB\",\"https:\/\/www.linkedin.com\/company\/pecb\",\"https:\/\/www.youtube.com\/channel\/UCQPfrnIUa7Q0oBRyT8l5eTg\",\"https:\/\/www.instagram.com\/pecb.official\/\"]}]}<\/script>\n<!-- \/ Yoast SEO plugin. -->","yoast_head_json":{"title":"Pol\u00edtica de uso de la marca de certificaci\u00f3n - PECB","robots":{"index":"index","follow":"follow","max-snippet":"max-snippet:-1","max-image-preview":"max-image-preview:large","max-video-preview":"max-video-preview:-1"},"canonical":"https:\/\/staging.pecb.com\/es\/about\/certification-mark-use-policy","og_locale":"es_ES","og_type":"article","og_title":"Pol\u00edtica de uso de la marca de certificaci\u00f3n - PECB","og_description":"Pol\u00edtica de uso de la marca de certificaci\u00f3n Exenci\u00f3n Exenci\u00f3n:\u00a0\u201cCertificado\u201d se refiere a los requisitos de certificaciones ISO\/IEC 17024 y \u201cTitular de certificado\u201d se refiere a los requisitos de los programas de certificaci\u00f3n ASTM E2659. \u00a0 1. Finalidad Esta Pol\u00edtica establece los requisitos para el uso de todas las Marcas Registradas, Marcas de Certificaci\u00f3n y [&hellip;]","og_url":"https:\/\/staging.pecb.com\/es\/about\/certification-mark-use-policy","og_site_name":"PECB","article_publisher":"https:\/\/www.facebook.com\/PECBInternational\/","article_modified_time":"2025-11-17T16:13:05+00:00","og_image":[{"url":"http:\/\/staging.pecb.com\/wp-content\/uploads\/2025\/08\/pecb-new-logo4.png","type":"","width":"","height":""}],"twitter_card":"summary_large_image","twitter_site":"@PECB","twitter_misc":{"Tiempo de lectura":"5 minutos"},"schema":{"@context":"https:\/\/schema.org","@graph":[{"@type":"WebPage","@id":"https:\/\/staging.pecb.com\/es\/about\/certification-mark-use-policy","url":"https:\/\/staging.pecb.com\/es\/about\/certification-mark-use-policy","name":"Pol\u00edtica de uso de la marca de certificaci\u00f3n - PECB","isPartOf":{"@id":"https:\/\/staging.pecb.com\/es#website"},"primaryImageOfPage":{"@id":"https:\/\/staging.pecb.com\/es\/about\/certification-mark-use-policy#primaryimage"},"image":{"@id":"https:\/\/staging.pecb.com\/es\/about\/certification-mark-use-policy#primaryimage"},"thumbnailUrl":"http:\/\/staging.pecb.com\/wp-content\/uploads\/2025\/08\/pecb-new-logo4.png","datePublished":"2025-07-18T05:53:40+00:00","dateModified":"2025-11-17T16:13:05+00:00","breadcrumb":{"@id":"https:\/\/staging.pecb.com\/es\/about\/certification-mark-use-policy#breadcrumb"},"inLanguage":"es","potentialAction":[{"@type":"ReadAction","target":["https:\/\/staging.pecb.com\/es\/about\/certification-mark-use-policy"]}]},{"@type":"ImageObject","inLanguage":"es","@id":"https:\/\/staging.pecb.com\/es\/about\/certification-mark-use-policy#primaryimage","url":"http:\/\/staging.pecb.com\/wp-content\/uploads\/2025\/08\/pecb-new-logo4.png","contentUrl":"http:\/\/staging.pecb.com\/wp-content\/uploads\/2025\/08\/pecb-new-logo4.png"},{"@type":"BreadcrumbList","@id":"https:\/\/staging.pecb.com\/es\/about\/certification-mark-use-policy#breadcrumb","itemListElement":[{"@type":"ListItem","position":1,"name":"Home","item":"https:\/\/staging.pecb.com\/es"},{"@type":"ListItem","position":2,"name":"Acerca De","item":"https:\/\/staging.pecb.com\/es\/about"},{"@type":"ListItem","position":3,"name":"Pol\u00edtica de uso de la marca de certificaci\u00f3n"}]},{"@type":"WebSite","@id":"https:\/\/staging.pecb.com\/es#website","url":"https:\/\/staging.pecb.com\/es","name":"PECB","description":"","publisher":{"@id":"https:\/\/staging.pecb.com\/es#organization"},"potentialAction":[{"@type":"SearchAction","target":{"@type":"EntryPoint","urlTemplate":"https:\/\/staging.pecb.com\/es?s={search_term_string}"},"query-input":{"@type":"PropertyValueSpecification","valueRequired":true,"valueName":"search_term_string"}}],"inLanguage":"es"},{"@type":"Organization","@id":"https:\/\/staging.pecb.com\/es#organization","name":"PECB","url":"https:\/\/staging.pecb.com\/es","logo":{"@type":"ImageObject","inLanguage":"es","@id":"https:\/\/staging.pecb.com\/es#\/schema\/logo\/image\/","url":"https:\/\/staging.pecb.com\/wp-content\/uploads\/2025\/05\/Clip-path-group.svg","contentUrl":"https:\/\/staging.pecb.com\/wp-content\/uploads\/2025\/05\/Clip-path-group.svg","width":96,"height":26,"caption":"PECB"},"image":{"@id":"https:\/\/staging.pecb.com\/es#\/schema\/logo\/image\/"},"sameAs":["https:\/\/www.facebook.com\/PECBInternational\/","https:\/\/x.com\/PECB","https:\/\/www.linkedin.com\/company\/pecb","https:\/\/www.youtube.com\/channel\/UCQPfrnIUa7Q0oBRyT8l5eTg","https:\/\/www.instagram.com\/pecb.official\/"]}]}},"_links":{"self":[{"href":"https:\/\/staging.pecb.com\/es\/wp-json\/wp\/v2\/pages\/26674","targetHints":{"allow":["GET"]}}],"collection":[{"href":"https:\/\/staging.pecb.com\/es\/wp-json\/wp\/v2\/pages"}],"about":[{"href":"https:\/\/staging.pecb.com\/es\/wp-json\/wp\/v2\/types\/page"}],"author":[{"embeddable":true,"href":"https:\/\/staging.pecb.com\/es\/wp-json\/wp\/v2\/users\/2"}],"replies":[{"embeddable":true,"href":"https:\/\/staging.pecb.com\/es\/wp-json\/wp\/v2\/comments?post=26674"}],"version-history":[{"count":0,"href":"https:\/\/staging.pecb.com\/es\/wp-json\/wp\/v2\/pages\/26674\/revisions"}],"up":[{"embeddable":true,"href":"https:\/\/staging.pecb.com\/es\/wp-json\/wp\/v2\/pages\/27838"}],"wp:attachment":[{"href":"https:\/\/staging.pecb.com\/es\/wp-json\/wp\/v2\/media?parent=26674"}],"curies":[{"name":"wp","href":"https:\/\/api.w.org\/{rel}","templated":true}]}}