{"id":26741,"date":"2025-07-18T06:01:57","date_gmt":"2025-07-18T06:01:57","guid":{"rendered":"https:\/\/pecb.com\/violation-of-pecb-brand-and-fraud-reporting-policy"},"modified":"2025-11-20T16:40:47","modified_gmt":"2025-11-20T15:40:47","slug":"violation-of-pecb-brand-and-fraud-reporting-policy","status":"publish","type":"page","link":"https:\/\/staging.pecb.com\/de\/about\/violation-of-pecb-brand-and-fraud-reporting-policy","title":{"rendered":"Versto\u00df gegen die PECB-Marke und Betrugsmeldung"},"content":{"rendered":"\t\t<div data-elementor-type=\"wp-page\" data-elementor-id=\"26741\" class=\"elementor elementor-26741 elementor-15900\" data-elementor-post-type=\"page\">\n\t\t\t\t<div class=\"elementor-element elementor-element-e58aec2 e-flex e-con-boxed e-con e-parent\" data-id=\"e58aec2\" data-element_type=\"container\" data-e-type=\"container\" data-settings=\"{&quot;background_background&quot;:&quot;classic&quot;}\">\n\t\t\t\t\t<div class=\"e-con-inner\">\n\t\t\t\t<div class=\"elementor-element elementor-element-391e5179 elementor-widget elementor-widget-heading\" data-id=\"391e5179\" data-element_type=\"widget\" data-e-type=\"widget\" data-widget_type=\"heading.default\">\n\t\t\t\t\t<h1 class=\"elementor-heading-title elementor-size-default\">Versto\u00df gegen die PECB-Marke und Betrugsmeldung<\/h1>\t\t\t\t<\/div>\n\t\t\t\t\t<\/div>\n\t\t\t\t<\/div>\n\t\t<div class=\"elementor-element elementor-element-1280b42 e-flex e-con-boxed e-con e-parent\" data-id=\"1280b42\" data-element_type=\"container\" data-e-type=\"container\" data-settings=\"{&quot;background_background&quot;:&quot;classic&quot;}\">\n\t\t\t\t\t<div class=\"e-con-inner\">\n\t\t\t\t<div class=\"elementor-element elementor-element-b31fbde elementor-widget elementor-widget-text-editor\" data-id=\"b31fbde\" data-element_type=\"widget\" data-e-type=\"widget\" data-widget_type=\"text-editor.default\">\n\t\t\t\t\t\t\t\t\t<p dir=\"auto\">\n        <style>\n            .child-pages {\n                display: flex;\n                flex-wrap: wrap;\n                justify-content: center;\n                gap: 8px;\n                width: fit-content;\n                margin: 0 auto;\n                 padding:10px;\n            }\n            .child-pages li {\n                display: flex;\n                padding: 8px 16px;\n                flex-direction: column;\n                align-items: center;\n                border-radius: 4px;\n                background: #FFF;\n                list-style: none;\n            }\n            .child-pages li.active {\n                background: #CBD5E1;\n            }\n            .child-pages li a {\n                color: #000;\n                text-align: center;\n                font-family: Parabolica, sans-serif;\n                font-size: 14px;\n                font-style: normal;\n                font-weight: 400;\n                line-height: normal;\n                text-decoration: none;\n            }\n            .child-pages li a:hover {\n                text-decoration: underline;\n            }\n        <\/style>\n    <ul class=\"child-pages\"><li class=\"\"><a href=\"https:\/\/staging.pecb.com\/en\/about\">About<\/a><\/li><li class=\"\"><a href=\"https:\/\/staging.pecb.com\/de\/about\/accreditations-and-affiliations\">Akkreditierungen und Zugeh\u00f6rigkeiten<\/a><\/li><li class=\"\"><a href=\"https:\/\/staging.pecb.com\/de\/about\/complaint-and-appeal-policy\">Beschwerden- Und Berufungsrichtlinie<\/a><\/li><li class=\"\"><a href=\"https:\/\/staging.pecb.com\/de\/about\/digital-trust\">Digitales Vertrauen: Aufbau einer sicheren Zukunft<\/a><\/li><li class=\"\"><a href=\"https:\/\/staging.pecb.com\/de\/about\/gdpr-privacy-statement\">DSGVO-Datenschutzerkl\u00e4rung<\/a><\/li><li class=\"\"><a href=\"https:\/\/staging.pecb.com\/de\/about\/statement-of-impartiality\">Erkl\u00e4rung der Unparteilichkeit<\/a><\/li><li class=\"\"><a href=\"https:\/\/staging.pecb.com\/de\/about\/code-of-ethics\">Ethik-kodex<\/a><\/li><li class=\"\"><a href=\"https:\/\/staging.pecb.com\/de\/about\/team\">PECB-management<\/a><\/li><li class=\"\"><a href=\"https:\/\/staging.pecb.com\/de\/about\/pecb-code-of-ethics-violation-policy\">PECB-Richtlinie bei Verst\u00f6ssen Gegen den Ethikkodex<\/a><\/li><li class=\"\"><a href=\"https:\/\/staging.pecb.com\/de\/about\/pecb-policy-regarding-canadian-and-international-economic-sanctions-and-the-countries-impacted\">PECB-Richtlinie zu kanadischen und internationalen Wirtschaftssanktionen sowie den betroffenen L\u00e4ndern<\/a><\/li><li class=\"\"><a href=\"https:\/\/staging.pecb.com\/de\/about\/pecb-quality-and-information-security-policies\">Qualit\u00e4ts- und Informationssicherheitsrichtlinien<\/a><\/li><li class=\"\"><a href=\"https:\/\/staging.pecb.com\/de\/about\/certification-mark-use-policy\">Richtlinien zur Verwendung von Zertifizierungszeichen<\/a><\/li><li class=\"\"><a href=\"https:\/\/staging.pecb.com\/de\/about\/pecb-refund-policy\">R\u00fcckerstattungs-Richtlinie<\/a><\/li><li class=\"\"><a href=\"https:\/\/staging.pecb.com\/de\/about\/behavior-policy\">Verhaltensrichtlinie<\/a><\/li><li class=\"\"><a href=\"https:\/\/staging.pecb.com\/de\/about\/violation-of-pecb-brand-and-fraud-reporting-policy\">Versto\u00df gegen die PECB-Marke und Betrugsmeldung<\/a><\/li><li class=\"\"><a href=\"https:\/\/staging.pecb.com\/de\/about\/values-of-pecb-certification\">Wert der PECB-Zertifizierung<\/a><\/li><li class=\"\"><a href=\"https:\/\/staging.pecb.com\/de\/about\/pecb-certification-process\">Zertifizierungsprozess<\/a><\/li><\/ul><\/p>\t\t\t\t\t\t\t\t<\/div>\n\t\t\t\t\t<\/div>\n\t\t\t\t<\/div>\n\t\t<div class=\"elementor-element elementor-element-33bea60d e-flex e-con-boxed e-con e-parent\" data-id=\"33bea60d\" data-element_type=\"container\" data-e-type=\"container\">\n\t\t\t\t\t<div class=\"e-con-inner\">\n\t\t\t\t<div class=\"elementor-element elementor-element-c4ff198 elementor-widget elementor-widget-heading\" data-id=\"c4ff198\" data-element_type=\"widget\" data-e-type=\"widget\" data-widget_type=\"heading.default\">\n\t\t\t\t\t<h2 class=\"elementor-heading-title elementor-size-default\">Haftungsausschluss<\/h2>\t\t\t\t<\/div>\n\t\t\t\t<div class=\"elementor-element elementor-element-4fe03a21 elementor-widget elementor-widget-text-editor\" data-id=\"4fe03a21\" data-element_type=\"widget\" data-e-type=\"widget\" data-widget_type=\"text-editor.default\">\n\t\t\t\t\t\t\t\t\t<p><span style=\"font-size: 11px;\"><em><strong>Haftungsausschluss: <\/strong>\u201eZertifiziert\u201c bezieht sich auf die Anforderungen der ISO\/IEC 17024-Zertifizierung, und \u201eZertifikatsinhaber\u201c bezieht sich auf die Anforderungen der ASTM E2659-Zertifizierungsprogramme.<\/em><\/span><\/p><p>Die Richtlinie zur Meldung von Verst\u00f6\u00dfen gegen die PECB-Marke und von Betrug wurde eingef\u00fchrt, um die Entwicklung von Kontrollen zu erleichtern, die bei der Aufdeckung und Verhinderung von Betrug gegen PECB Inc. helfen.<\/p><p>Die Integrit\u00e4t und der Wert der PECB-Zertifizierungen beinhalten das Bestehen von Pr\u00fcfungen, indem man dabei Unabh\u00e4ngigkeit und ethisches Streben demonstriert. Hier bei der PECB teilen wir die Grundwerte und \u00dcberzeugungen, dass nicht nur die PECB-Zertifizierungen, sondern jede Zertifizierung ein Privileg an sich ist, das legitim verdient und aufrechterhalten werden muss.<\/p><p>Wir arbeiten st\u00e4ndig daran, sicherzustellen, dass wir Pr\u00fcfungen und Trainingskurse von h\u00f6chster Qualit\u00e4t liefern, und wir halten es f\u00fcr unerl\u00e4sslich, ihre G\u00fcltigkeit, ihren Wert, ihre Integrit\u00e4t und ihre eingeschr\u00e4nkte Nutzung zu sch\u00fctzen. Zu diesem Zweck haben wir zahlreiche Richtlinien und Verfahren eingef\u00fchrt, in denen die Verantwortlichkeiten jedes Kandidaten und die Folgen eines Versto\u00dfes gegen diese Richtlinien dargelegt sind.<\/p><p>PECB-Zertifikate sind weltweit als Leistungen anerkannt, die Wissen best\u00e4tigen, Kompetenz und Erfahrung validieren und einen Mehrwert f\u00fcr den Einzelnen und die Gesellschaft als Ganzes darstellen. Unsere Pr\u00fcfungen, Trainingskurse und Zertifizierungen werden als geistiges Eigentum der PECB betrachtet und sind als solches durch Urheberrechtsgesetze gesch\u00fctzt. Wir dulden keine Aktivit\u00e4ten, die darauf abzielen, den Wert unserer Pr\u00fcfungen, Trainingskurse und Zertifizierungen zu mindern, einschlie\u00dflich solcher, die betr\u00fcgerische oder kriminelle Praktiken darstellen, und wir ergreifen Ma\u00dfnahmen, um alle Aktivit\u00e4ten zu unterbinden, die die ethische Verfolgung der PECB-Zertifizierungen behindern. Wenn also Unregelm\u00e4\u00dfigkeiten entdeckt werden, ergreift die PECB Ma\u00dfnahmen zur Behebung, einschlie\u00dflich der Aussetzung von Pr\u00fcfungsaktivit\u00e4ten oder der Dezertifizierung, wenn dies gerechtfertigt ist. Um die Professionalit\u00e4t und die Integrit\u00e4t unserer Zeugnisse weiter zu verteidigen, sind alle unsere Kandidaten verpflichtet, den <a href=\"https:\/\/staging.pecb.com\/de\/pecb-code-of-ethics\">PECB-Verhaltenskodex <\/a>einzuhalten.<\/p><p><u><strong>Trainingskurse<\/strong><\/u><\/p><p>PECB-Traningskurse werden weltweit nur \u00fcber unsere autorisierten Partner angeboten. Die Liste unserer\u00a0 Trainingskurse k\u00f6nnen Sie <a href=\"https:\/\/staging.pecb.com\/de\/education-and-certification-for-individuals\">hier<\/a>\u00a0aufrufen.<\/p><p><strong><u>Pr\u00fcfungen<\/u><\/strong><\/p><p>Die folgenden Seiten sind die einzigen offiziellen Webseiten f\u00fcr die Planung und Ablegung einer Pr\u00fcfung bei der PECB:<\/p><ul style=\"margin-left: 40px;\"><li><a href=\"https:\/\/staging.pecb.com\/de\/partnerEvent\/event_schedule_list\">https:\/\/staging.pecb.com\/de\/partnerEvent\/event_schedule_list<\/a> (durch vorherige Teilnahme an einem Trainingskurs bei\u00a0 einem unserer Partner)<\/li><li><a href=\"https:\/\/staging.pecb.com\/de\/eventExamList\/schedule\">https:\/\/staging.pecb.com\/de\/eventExamList\/schedule<\/a><\/li><\/ul><p><u><strong>Zertifizierung von Einzelpersonen<\/strong><\/u><\/p><p>Alle Kandidaten, die an einer PECB-Pr\u00fcfung teilnehmen, erhalten die Ergebnisse direkt von der Pr\u00fcfungsabteilung der PECB. Jede andere Form der Benachrichtigung, Ank\u00fcndigung oder Best\u00e4tigung ist nicht g\u00fcltig. Alle Kandidaten k\u00f6nnen <a href=\"https:\/\/staging.pecb.com\/de\/partnerEvent\/event_schedule_list\">hier<\/a> \u00fcberpr\u00fcfen, ob ihre Zertifikate g\u00fcltig sind.<\/p><p><u><strong>Partner<\/strong><\/u><\/p><p>PECB-Trainingskurse werden weltweit \u00fcber unsere autorisierten Partner angeboten. Die Liste unserer Partner k\u00f6nnen Sie <a href=\"https:\/\/staging.pecb.com\/partner\/active_partners\">hier<\/a>\u00a0einsehen.<\/p><p><strong><u>Ausbilder<\/u><\/strong><\/p><p>PECB-Trainingskurse werden weltweit nur von PECB-zertifizierten Trainern durchgef\u00fchrt. Die Liste der PECB- zertifizierten Trainer k\u00f6nnen Sie <a href=\"https:\/\/staging.pecb.com\/trainer\/trainerList\">hier<\/a>\u00a0einsehen.<\/p><p><strong>Websites, die nicht berechtigt sind, Produkte und Dienstleistungen der PECB zu verwenden, zu verkaufen oder zu bewerben<\/strong><\/p><p>Da unser Gesch\u00e4ft weiter w\u00e4chst, steigt das Risiko, dass unsere Community durch die Verbreitung nicht autorisierter Inhalte in die Irre gef\u00fchrt wird, die das PECB-Zertifizierungsprogramm falsch darstellen. Dazu z\u00e4hlen Schulungsmaterialien und Pr\u00fcfungsinhalte, die auf externen Plattformen ver\u00f6ffentlicht und ohne Genehmigung die gesch\u00fctzten Marken von PECB verwenden. Solche Praktiken stiften Verwirrung und erwecken f\u00e4lschlicherweise den Eindruck, dass diese Inhalte offiziell oder von der PECB unterst\u00fctzt sind, obwohl dies nicht der Fall ist. Um potenzielle Sicherheitsrisiken bei Pr\u00fcfungen zu minimieren, werden die Kandidaten daran erinnert, sich ausschlie\u00dflich auf die \u00dcbungsquizze zu beziehen, die w\u00e4hrend der Schulung behandelt werden, und auf unserer offiziellen Website die Kandidatenhandb\u00fccher sowie Informationen zu den Pr\u00fcfungen zu konsultieren.<\/p><p>Wir haben festgestellt, dass bestimmte Unternehmen und Einzelpersonen weltweit nicht genehmigte Pr\u00fcfungsmaterialien bewerben und vertreiben sowie ihren Kunden nicht autorisierte Zertifizierungen ausstellen. Die von diesen Unternehmen bzw. Einzelpersonen beworbenen Zertifizierungen sind nicht autorisiert und stellen eine falsche Darstellung von PECB dar. PECB steht in keiner Verbindung zu ihnen; sie sind weder berechtigt, PECB-Zertifikate auszustellen, noch unsere Schulungen oder Pr\u00fcfungen zu nutzen. Wir \u00fcberwachen aktiv Plattformen wie Udemy, Scribd, Course Hero und andere, um den Missbrauch unseres geistigen Eigentums zu identifizieren und zu melden. Diese fortlaufenden Bem\u00fchungen tragen dazu bei, unsere Community vor einer Irref\u00fchrung durch nicht autorisierte oder ungenaue Inhalte zu sch\u00fctzen.<\/p><p>PECB r\u00e4t Kandidaten dringend davon ab, nicht genehmigte Drittquellen oder Exam-Dump-Websites zu nutzen, da diese Materialien keine ausreichende Vorbereitung auf das Bestehen der PECB-Pr\u00fcfungen bieten und schwerwiegende Konsequenzen nach sich ziehen k\u00f6nnen \u2013 einschlie\u00dflich, aber nicht beschr\u00e4nkt auf die Nichtanerkennung der Pr\u00fcfung als g\u00fcltig oder den Entzug von Zertifizierungen.<\/p><p>Sollten Sie von nicht autorisierten Quellen Kenntnis erlangen, melden Sie diese bitte an <a href=\"mailto:compliance@staging.pecb.com\">compliance@staging.pecb.com<\/a><\/p><p><em>Die Liste der beteiligten Einrichtungen finden Sie <a href=\"https:\/\/growth.staging.pecb.com\/list-of-exam\/\" target=\"_blank\" rel=\"noopener\">hier<\/a><\/em><\/p><p><em><strong>Hinweis:<\/strong> Die Verwendung personenbezogener Daten durch PECB unterliegt dem kanadischen Personal Information Protection and Electronic Documents Act (PIPEDA), der Europ\u00e4ischen Datenschutz-Grundverordnung (EU-DSGVO) sowie weiteren nationalen Datenschutzgesetzen, die ein gleichwertiges Datenschutzniveau wie die DSGVO gew\u00e4hrleisten. Die Daten werden f\u00fcr bestimmte Zwecke erhoben, sind in ihrem Umfang begrenzt und werden korrekt sowie aktuell gehalten. PECB speichert Daten nur f\u00fcr den erforderlichen Zeitraum (abh\u00e4ngig von internen oder gesetzlichen Vorgaben); danach werden sie vernichtet oder gel\u00f6scht und mit angemessener Sicherheit und Vertraulichkeit behandelt. PECB erhebt und verwendet die Informationen gem\u00e4\u00df der folgenden <a href=\"https:\/\/staging.pecb.com\/de\/pecb-privacy-statement\">PECB-Datenschutzerkl\u00e4rung dargelegt | PECB<\/a><\/em><\/p><div style=\"background: #f5f5f5; padding: 10px;\"><p><strong>Einreichen einer Betrugsmeldung<\/strong><\/p><p>Bitte f\u00fcllen Sie dieses Betrugsmeldeformular aus, um Betrugsvorw\u00fcrfe im Zusammenhang mit PECB-Produkten und -Dienstleistungen zu melden. Laden Sie dazu das unten stehende Formular herunter und senden Sie es an <a href=\"mailto:compliance@staging.pecb.com\">compliance@staging.pecb.com<\/a>\u00a0zur\u00fcck.<\/p><p style=\"text-align: center;\"><a class=\"btn btn-primary\" href=\"https:\/\/staging.pecb.com\/pdf\/pecb_fraud_report_eform-de.pdf\" target=\"_blank\" rel=\"noopener\" download=\"\"> Fraud Report Form<\/a><\/p><div>\u00a0<\/div><\/div>\t\t\t\t\t\t\t\t<\/div>\n\t\t\t\t<div class=\"elementor-element elementor-element-2b658568 elementor-widget elementor-widget-heading\" data-id=\"2b658568\" data-element_type=\"widget\" data-e-type=\"widget\" data-widget_type=\"heading.default\">\n\t\t\t\t\t<h2 class=\"elementor-heading-title elementor-size-default\"><b>Version<\/b>\u00a01.4\u00a0<b>Letzte Aktualisierung:<\/b> 2024-03-26<\/h2>\t\t\t\t<\/div>\n\t\t\t\t\t<\/div>\n\t\t\t\t<\/div>\n\t\t\t\t<\/div>\n\t\t","protected":false},"excerpt":{"rendered":"<p>Versto\u00df gegen die PECB-Marke und Betrugsmeldung Haftungsausschluss Haftungsausschluss: \u201eZertifiziert\u201c bezieht sich auf die Anforderungen der ISO\/IEC 17024-Zertifizierung, und \u201eZertifikatsinhaber\u201c bezieht sich auf die Anforderungen der ASTM E2659-Zertifizierungsprogramme. Die Richtlinie zur Meldung von Verst\u00f6\u00dfen gegen die PECB-Marke und von Betrug wurde eingef\u00fchrt, um die Entwicklung von Kontrollen zu erleichtern, die bei der Aufdeckung und Verhinderung von [&hellip;]<\/p>\n","protected":false},"author":2,"featured_media":0,"parent":27837,"menu_order":0,"comment_status":"closed","ping_status":"closed","template":"","meta":{"_acf_changed":false,"content-type":"","footnotes":""},"class_list":["post-26741","page","type-page","status-publish","hentry"],"acf":[],"yoast_head":"<!-- This site is optimized with the Yoast SEO plugin v26.9 - https:\/\/yoast.com\/product\/yoast-seo-wordpress\/ -->\n<title>Versto\u00df gegen die PECB-Marke und Betrugsmeldung - PECB<\/title>\n<meta name=\"robots\" content=\"index, follow, max-snippet:-1, max-image-preview:large, max-video-preview:-1\" \/>\n<link rel=\"canonical\" href=\"https:\/\/staging.pecb.com\/de\/about\/violation-of-pecb-brand-and-fraud-reporting-policy\" \/>\n<meta property=\"og:locale\" content=\"de_DE\" \/>\n<meta property=\"og:type\" content=\"article\" \/>\n<meta property=\"og:title\" content=\"Versto\u00df gegen die PECB-Marke und Betrugsmeldung - PECB\" \/>\n<meta property=\"og:description\" content=\"Versto\u00df gegen die PECB-Marke und Betrugsmeldung Haftungsausschluss Haftungsausschluss: \u201eZertifiziert\u201c bezieht sich auf die Anforderungen der ISO\/IEC 17024-Zertifizierung, und \u201eZertifikatsinhaber\u201c bezieht sich auf die Anforderungen der ASTM E2659-Zertifizierungsprogramme. Die Richtlinie zur Meldung von Verst\u00f6\u00dfen gegen die PECB-Marke und von Betrug wurde eingef\u00fchrt, um die Entwicklung von Kontrollen zu erleichtern, die bei der Aufdeckung und Verhinderung von [&hellip;]\" \/>\n<meta property=\"og:url\" content=\"https:\/\/staging.pecb.com\/de\/about\/violation-of-pecb-brand-and-fraud-reporting-policy\" \/>\n<meta property=\"og:site_name\" content=\"PECB\" \/>\n<meta property=\"article:publisher\" content=\"https:\/\/www.facebook.com\/PECBInternational\/\" \/>\n<meta property=\"article:modified_time\" content=\"2025-11-20T15:40:47+00:00\" \/>\n<meta name=\"twitter:card\" content=\"summary_large_image\" \/>\n<meta name=\"twitter:site\" content=\"@PECB\" \/>\n<meta name=\"twitter:label1\" content=\"Gesch\u00e4tzte Lesezeit\" \/>\n\t<meta name=\"twitter:data1\" content=\"5\u00a0Minuten\" \/>\n<script type=\"application\/ld+json\" class=\"yoast-schema-graph\">{\"@context\":\"https:\/\/schema.org\",\"@graph\":[{\"@type\":\"WebPage\",\"@id\":\"https:\/\/staging.pecb.com\/de\/about\/violation-of-pecb-brand-and-fraud-reporting-policy\",\"url\":\"https:\/\/staging.pecb.com\/de\/about\/violation-of-pecb-brand-and-fraud-reporting-policy\",\"name\":\"Versto\u00df gegen die PECB-Marke und Betrugsmeldung - PECB\",\"isPartOf\":{\"@id\":\"https:\/\/staging.pecb.com\/de#website\"},\"datePublished\":\"2025-07-18T06:01:57+00:00\",\"dateModified\":\"2025-11-20T15:40:47+00:00\",\"breadcrumb\":{\"@id\":\"https:\/\/staging.pecb.com\/de\/about\/violation-of-pecb-brand-and-fraud-reporting-policy#breadcrumb\"},\"inLanguage\":\"de\",\"potentialAction\":[{\"@type\":\"ReadAction\",\"target\":[\"https:\/\/staging.pecb.com\/de\/about\/violation-of-pecb-brand-and-fraud-reporting-policy\"]}]},{\"@type\":\"BreadcrumbList\",\"@id\":\"https:\/\/staging.pecb.com\/de\/about\/violation-of-pecb-brand-and-fraud-reporting-policy#breadcrumb\",\"itemListElement\":[{\"@type\":\"ListItem\",\"position\":1,\"name\":\"Home\",\"item\":\"https:\/\/staging.pecb.com\/de\"},{\"@type\":\"ListItem\",\"position\":2,\"name\":\"\u00dcber\",\"item\":\"https:\/\/staging.pecb.com\/de\/about\"},{\"@type\":\"ListItem\",\"position\":3,\"name\":\"Versto\u00df gegen die PECB-Marke und Betrugsmeldung\"}]},{\"@type\":\"WebSite\",\"@id\":\"https:\/\/staging.pecb.com\/de#website\",\"url\":\"https:\/\/staging.pecb.com\/de\",\"name\":\"PECB\",\"description\":\"\",\"publisher\":{\"@id\":\"https:\/\/staging.pecb.com\/de#organization\"},\"potentialAction\":[{\"@type\":\"SearchAction\",\"target\":{\"@type\":\"EntryPoint\",\"urlTemplate\":\"https:\/\/staging.pecb.com\/de?s={search_term_string}\"},\"query-input\":{\"@type\":\"PropertyValueSpecification\",\"valueRequired\":true,\"valueName\":\"search_term_string\"}}],\"inLanguage\":\"de\"},{\"@type\":\"Organization\",\"@id\":\"https:\/\/staging.pecb.com\/de#organization\",\"name\":\"PECB\",\"url\":\"https:\/\/staging.pecb.com\/de\",\"logo\":{\"@type\":\"ImageObject\",\"inLanguage\":\"de\",\"@id\":\"https:\/\/staging.pecb.com\/de#\/schema\/logo\/image\/\",\"url\":\"https:\/\/staging.pecb.com\/wp-content\/uploads\/2025\/05\/Clip-path-group.svg\",\"contentUrl\":\"https:\/\/staging.pecb.com\/wp-content\/uploads\/2025\/05\/Clip-path-group.svg\",\"width\":96,\"height\":26,\"caption\":\"PECB\"},\"image\":{\"@id\":\"https:\/\/staging.pecb.com\/de#\/schema\/logo\/image\/\"},\"sameAs\":[\"https:\/\/www.facebook.com\/PECBInternational\/\",\"https:\/\/x.com\/PECB\",\"https:\/\/www.linkedin.com\/company\/pecb\",\"https:\/\/www.youtube.com\/channel\/UCQPfrnIUa7Q0oBRyT8l5eTg\",\"https:\/\/www.instagram.com\/pecb.official\/\"]}]}<\/script>\n<!-- \/ Yoast SEO plugin. -->","yoast_head_json":{"title":"Versto\u00df gegen die PECB-Marke und Betrugsmeldung - PECB","robots":{"index":"index","follow":"follow","max-snippet":"max-snippet:-1","max-image-preview":"max-image-preview:large","max-video-preview":"max-video-preview:-1"},"canonical":"https:\/\/staging.pecb.com\/de\/about\/violation-of-pecb-brand-and-fraud-reporting-policy","og_locale":"de_DE","og_type":"article","og_title":"Versto\u00df gegen die PECB-Marke und Betrugsmeldung - PECB","og_description":"Versto\u00df gegen die PECB-Marke und Betrugsmeldung Haftungsausschluss Haftungsausschluss: \u201eZertifiziert\u201c bezieht sich auf die Anforderungen der ISO\/IEC 17024-Zertifizierung, und \u201eZertifikatsinhaber\u201c bezieht sich auf die Anforderungen der ASTM E2659-Zertifizierungsprogramme. Die Richtlinie zur Meldung von Verst\u00f6\u00dfen gegen die PECB-Marke und von Betrug wurde eingef\u00fchrt, um die Entwicklung von Kontrollen zu erleichtern, die bei der Aufdeckung und Verhinderung von [&hellip;]","og_url":"https:\/\/staging.pecb.com\/de\/about\/violation-of-pecb-brand-and-fraud-reporting-policy","og_site_name":"PECB","article_publisher":"https:\/\/www.facebook.com\/PECBInternational\/","article_modified_time":"2025-11-20T15:40:47+00:00","twitter_card":"summary_large_image","twitter_site":"@PECB","twitter_misc":{"Gesch\u00e4tzte Lesezeit":"5\u00a0Minuten"},"schema":{"@context":"https:\/\/schema.org","@graph":[{"@type":"WebPage","@id":"https:\/\/staging.pecb.com\/de\/about\/violation-of-pecb-brand-and-fraud-reporting-policy","url":"https:\/\/staging.pecb.com\/de\/about\/violation-of-pecb-brand-and-fraud-reporting-policy","name":"Versto\u00df gegen die PECB-Marke und Betrugsmeldung - PECB","isPartOf":{"@id":"https:\/\/staging.pecb.com\/de#website"},"datePublished":"2025-07-18T06:01:57+00:00","dateModified":"2025-11-20T15:40:47+00:00","breadcrumb":{"@id":"https:\/\/staging.pecb.com\/de\/about\/violation-of-pecb-brand-and-fraud-reporting-policy#breadcrumb"},"inLanguage":"de","potentialAction":[{"@type":"ReadAction","target":["https:\/\/staging.pecb.com\/de\/about\/violation-of-pecb-brand-and-fraud-reporting-policy"]}]},{"@type":"BreadcrumbList","@id":"https:\/\/staging.pecb.com\/de\/about\/violation-of-pecb-brand-and-fraud-reporting-policy#breadcrumb","itemListElement":[{"@type":"ListItem","position":1,"name":"Home","item":"https:\/\/staging.pecb.com\/de"},{"@type":"ListItem","position":2,"name":"\u00dcber","item":"https:\/\/staging.pecb.com\/de\/about"},{"@type":"ListItem","position":3,"name":"Versto\u00df gegen die PECB-Marke und Betrugsmeldung"}]},{"@type":"WebSite","@id":"https:\/\/staging.pecb.com\/de#website","url":"https:\/\/staging.pecb.com\/de","name":"PECB","description":"","publisher":{"@id":"https:\/\/staging.pecb.com\/de#organization"},"potentialAction":[{"@type":"SearchAction","target":{"@type":"EntryPoint","urlTemplate":"https:\/\/staging.pecb.com\/de?s={search_term_string}"},"query-input":{"@type":"PropertyValueSpecification","valueRequired":true,"valueName":"search_term_string"}}],"inLanguage":"de"},{"@type":"Organization","@id":"https:\/\/staging.pecb.com\/de#organization","name":"PECB","url":"https:\/\/staging.pecb.com\/de","logo":{"@type":"ImageObject","inLanguage":"de","@id":"https:\/\/staging.pecb.com\/de#\/schema\/logo\/image\/","url":"https:\/\/staging.pecb.com\/wp-content\/uploads\/2025\/05\/Clip-path-group.svg","contentUrl":"https:\/\/staging.pecb.com\/wp-content\/uploads\/2025\/05\/Clip-path-group.svg","width":96,"height":26,"caption":"PECB"},"image":{"@id":"https:\/\/staging.pecb.com\/de#\/schema\/logo\/image\/"},"sameAs":["https:\/\/www.facebook.com\/PECBInternational\/","https:\/\/x.com\/PECB","https:\/\/www.linkedin.com\/company\/pecb","https:\/\/www.youtube.com\/channel\/UCQPfrnIUa7Q0oBRyT8l5eTg","https:\/\/www.instagram.com\/pecb.official\/"]}]}},"_links":{"self":[{"href":"https:\/\/staging.pecb.com\/de\/wp-json\/wp\/v2\/pages\/26741","targetHints":{"allow":["GET"]}}],"collection":[{"href":"https:\/\/staging.pecb.com\/de\/wp-json\/wp\/v2\/pages"}],"about":[{"href":"https:\/\/staging.pecb.com\/de\/wp-json\/wp\/v2\/types\/page"}],"author":[{"embeddable":true,"href":"https:\/\/staging.pecb.com\/de\/wp-json\/wp\/v2\/users\/2"}],"replies":[{"embeddable":true,"href":"https:\/\/staging.pecb.com\/de\/wp-json\/wp\/v2\/comments?post=26741"}],"version-history":[{"count":0,"href":"https:\/\/staging.pecb.com\/de\/wp-json\/wp\/v2\/pages\/26741\/revisions"}],"up":[{"embeddable":true,"href":"https:\/\/staging.pecb.com\/de\/wp-json\/wp\/v2\/pages\/27837"}],"wp:attachment":[{"href":"https:\/\/staging.pecb.com\/de\/wp-json\/wp\/v2\/media?parent=26741"}],"curies":[{"name":"wp","href":"https:\/\/api.w.org\/{rel}","templated":true}]}}