{"id":26716,"date":"2025-07-18T05:39:22","date_gmt":"2025-07-18T05:39:22","guid":{"rendered":"https:\/\/pecb.com\/statement-of-impartiality"},"modified":"2025-11-20T10:44:02","modified_gmt":"2025-11-20T09:44:02","slug":"statement-of-impartiality","status":"publish","type":"page","link":"https:\/\/staging.pecb.com\/de\/about\/statement-of-impartiality","title":{"rendered":"Erkl\u00e4rung der Unparteilichkeit"},"content":{"rendered":"\t\t<div data-elementor-type=\"wp-page\" data-elementor-id=\"26716\" class=\"elementor elementor-26716 elementor-15863\" data-elementor-post-type=\"page\">\n\t\t\t\t<div class=\"elementor-element elementor-element-73a473 e-flex e-con-boxed e-con e-parent\" data-id=\"73a473\" data-element_type=\"container\" data-e-type=\"container\" data-settings=\"{&quot;background_background&quot;:&quot;classic&quot;}\">\n\t\t\t\t\t<div class=\"e-con-inner\">\n\t\t\t\t<div class=\"elementor-element elementor-element-1b9e16a1 elementor-widget elementor-widget-heading\" data-id=\"1b9e16a1\" data-element_type=\"widget\" data-e-type=\"widget\" data-widget_type=\"heading.default\">\n\t\t\t\t\t<h1 class=\"elementor-heading-title elementor-size-default\">Erkl\u00e4rung der Unparteilichkeit<\/h1>\t\t\t\t<\/div>\n\t\t\t\t\t<\/div>\n\t\t\t\t<\/div>\n\t\t<div class=\"elementor-element elementor-element-ad559b5 e-flex e-con-boxed e-con e-parent\" data-id=\"ad559b5\" data-element_type=\"container\" data-e-type=\"container\" data-settings=\"{&quot;background_background&quot;:&quot;classic&quot;}\">\n\t\t\t\t\t<div class=\"e-con-inner\">\n\t\t\t\t<div class=\"elementor-element elementor-element-2b1cc2f elementor-widget elementor-widget-text-editor\" data-id=\"2b1cc2f\" data-element_type=\"widget\" data-e-type=\"widget\" data-widget_type=\"text-editor.default\">\n\t\t\t\t\t\t\t\t\t<p dir=\"auto\">\n        <style>\n            .child-pages {\n                display: flex;\n                flex-wrap: wrap;\n                justify-content: center;\n                gap: 8px;\n                width: fit-content;\n                margin: 0 auto;\n                 padding:10px;\n            }\n            .child-pages li {\n                display: flex;\n                padding: 8px 16px;\n                flex-direction: column;\n                align-items: center;\n                border-radius: 4px;\n                background: #FFF;\n                list-style: none;\n            }\n            .child-pages li.active {\n                background: #CBD5E1;\n            }\n            .child-pages li a {\n                color: #000;\n                text-align: center;\n                font-family: Parabolica, sans-serif;\n                font-size: 14px;\n                font-style: normal;\n                font-weight: 400;\n                line-height: normal;\n                text-decoration: none;\n            }\n            .child-pages li a:hover {\n                text-decoration: underline;\n            }\n        <\/style>\n    <ul class=\"child-pages\"><li class=\"\"><a href=\"https:\/\/staging.pecb.com\/en\/about\">About<\/a><\/li><li class=\"\"><a href=\"https:\/\/staging.pecb.com\/de\/about\/accreditations-and-affiliations\">Akkreditierungen und Zugeh\u00f6rigkeiten<\/a><\/li><li class=\"\"><a href=\"https:\/\/staging.pecb.com\/de\/about\/complaint-and-appeal-policy\">Beschwerden- Und Berufungsrichtlinie<\/a><\/li><li class=\"\"><a href=\"https:\/\/staging.pecb.com\/de\/about\/digital-trust\">Digitales Vertrauen: Aufbau einer sicheren Zukunft<\/a><\/li><li class=\"\"><a href=\"https:\/\/staging.pecb.com\/de\/about\/gdpr-privacy-statement\">DSGVO-Datenschutzerkl\u00e4rung<\/a><\/li><li class=\"\"><a href=\"https:\/\/staging.pecb.com\/de\/about\/statement-of-impartiality\">Erkl\u00e4rung der Unparteilichkeit<\/a><\/li><li class=\"\"><a href=\"https:\/\/staging.pecb.com\/de\/about\/code-of-ethics\">Ethik-kodex<\/a><\/li><li class=\"\"><a href=\"https:\/\/staging.pecb.com\/de\/about\/team\">PECB-management<\/a><\/li><li class=\"\"><a href=\"https:\/\/staging.pecb.com\/de\/about\/pecb-code-of-ethics-violation-policy\">PECB-Richtlinie bei Verst\u00f6ssen Gegen den Ethikkodex<\/a><\/li><li class=\"\"><a href=\"https:\/\/staging.pecb.com\/de\/about\/pecb-policy-regarding-canadian-and-international-economic-sanctions-and-the-countries-impacted\">PECB-Richtlinie zu kanadischen und internationalen Wirtschaftssanktionen sowie den betroffenen L\u00e4ndern<\/a><\/li><li class=\"\"><a href=\"https:\/\/staging.pecb.com\/de\/about\/pecb-quality-and-information-security-policies\">Qualit\u00e4ts- und Informationssicherheitsrichtlinien<\/a><\/li><li class=\"\"><a href=\"https:\/\/staging.pecb.com\/de\/about\/certification-mark-use-policy\">Richtlinien zur Verwendung von Zertifizierungszeichen<\/a><\/li><li class=\"\"><a href=\"https:\/\/staging.pecb.com\/de\/about\/pecb-refund-policy\">R\u00fcckerstattungs-Richtlinie<\/a><\/li><li class=\"\"><a href=\"https:\/\/staging.pecb.com\/de\/about\/behavior-policy\">Verhaltensrichtlinie<\/a><\/li><li class=\"\"><a href=\"https:\/\/staging.pecb.com\/de\/about\/violation-of-pecb-brand-and-fraud-reporting-policy\">Versto\u00df gegen die PECB-Marke und Betrugsmeldung<\/a><\/li><li class=\"\"><a href=\"https:\/\/staging.pecb.com\/de\/about\/values-of-pecb-certification\">Wert der PECB-Zertifizierung<\/a><\/li><li class=\"\"><a href=\"https:\/\/staging.pecb.com\/de\/about\/pecb-certification-process\">Zertifizierungsprozess<\/a><\/li><\/ul><\/p>\t\t\t\t\t\t\t\t<\/div>\n\t\t\t\t\t<\/div>\n\t\t\t\t<\/div>\n\t\t<div class=\"elementor-element elementor-element-1b40fa5e e-flex e-con-boxed e-con e-parent\" data-id=\"1b40fa5e\" data-element_type=\"container\" data-e-type=\"container\">\n\t\t\t\t\t<div class=\"e-con-inner\">\n\t\t\t\t<div class=\"elementor-element elementor-element-570feaac elementor-widget elementor-widget-text-editor\" data-id=\"570feaac\" data-element_type=\"widget\" data-e-type=\"widget\" data-widget_type=\"text-editor.default\">\n\t\t\t\t\t\t\t\t\t<h3>PECB-Zertifizierungsdienste Erkl\u00e4rung der Unparteilichkeit<\/h3><p>PECB versteht und ist sich der Bedeutung des Managements der Unparteilichkeit bei der Durchf\u00fchrung unserer Zertifizierungsaktivit\u00e4ten voll bewusst.<\/p><p>Die PECB hat Strukturen, Richtlinien und Verfahren dokumentiert, um die Unparteilichkeit zu verwalten und sicherzustellen, dass die Zertifizierungsaktivit\u00e4ten unparteiisch durchgef\u00fchrt werden, und das Top-Management verpflichtet sich zur Unparteilichkeit bei den Zertifizierungsaktivit\u00e4ten.<\/p><p>Wir analysieren, dokumentieren und beseitigen potenzielle Interessenkonflikte, die sich aus unseren Zertifizierungsaktivit\u00e4ten ergeben, die unter Wahrung der Unparteilichkeit strukturiert und gesteuert werden.<\/p><p>Unser Ziel ist es, das Vertrauen in unsere Zertifizierungsdienste zu wecken und zu beweisen.<\/p>\t\t\t\t\t\t\t\t<\/div>\n\t\t\t\t\t<\/div>\n\t\t\t\t<\/div>\n\t\t\t\t<\/div>\n\t\t","protected":false},"excerpt":{"rendered":"<p>Erkl\u00e4rung der Unparteilichkeit PECB-Zertifizierungsdienste Erkl\u00e4rung der Unparteilichkeit PECB versteht und ist sich der Bedeutung des Managements der Unparteilichkeit bei der Durchf\u00fchrung unserer Zertifizierungsaktivit\u00e4ten voll bewusst. Die PECB hat Strukturen, Richtlinien und Verfahren dokumentiert, um die Unparteilichkeit zu verwalten und sicherzustellen, dass die Zertifizierungsaktivit\u00e4ten unparteiisch durchgef\u00fchrt werden, und das Top-Management verpflichtet sich zur Unparteilichkeit bei den [&hellip;]<\/p>\n","protected":false},"author":2,"featured_media":0,"parent":27837,"menu_order":0,"comment_status":"closed","ping_status":"closed","template":"","meta":{"_acf_changed":false,"content-type":"","footnotes":""},"class_list":["post-26716","page","type-page","status-publish","hentry"],"acf":[],"yoast_head":"<!-- This site is optimized with the Yoast SEO plugin v26.9 - https:\/\/yoast.com\/product\/yoast-seo-wordpress\/ -->\n<title>Erkl\u00e4rung der Unparteilichkeit - PECB<\/title>\n<meta name=\"robots\" content=\"index, follow, max-snippet:-1, max-image-preview:large, max-video-preview:-1\" \/>\n<link rel=\"canonical\" href=\"https:\/\/staging.pecb.com\/de\/about\/statement-of-impartiality\" \/>\n<meta property=\"og:locale\" content=\"de_DE\" \/>\n<meta property=\"og:type\" content=\"article\" \/>\n<meta property=\"og:title\" content=\"Erkl\u00e4rung der Unparteilichkeit - PECB\" \/>\n<meta property=\"og:description\" content=\"Erkl\u00e4rung der Unparteilichkeit PECB-Zertifizierungsdienste Erkl\u00e4rung der Unparteilichkeit PECB versteht und ist sich der Bedeutung des Managements der Unparteilichkeit bei der Durchf\u00fchrung unserer Zertifizierungsaktivit\u00e4ten voll bewusst. Die PECB hat Strukturen, Richtlinien und Verfahren dokumentiert, um die Unparteilichkeit zu verwalten und sicherzustellen, dass die Zertifizierungsaktivit\u00e4ten unparteiisch durchgef\u00fchrt werden, und das Top-Management verpflichtet sich zur Unparteilichkeit bei den [&hellip;]\" \/>\n<meta property=\"og:url\" content=\"https:\/\/staging.pecb.com\/de\/about\/statement-of-impartiality\" \/>\n<meta property=\"og:site_name\" content=\"PECB\" \/>\n<meta property=\"article:publisher\" content=\"https:\/\/www.facebook.com\/PECBInternational\/\" \/>\n<meta property=\"article:modified_time\" content=\"2025-11-20T09:44:02+00:00\" \/>\n<meta name=\"twitter:card\" content=\"summary_large_image\" \/>\n<meta name=\"twitter:site\" content=\"@PECB\" \/>\n<meta name=\"twitter:label1\" content=\"Gesch\u00e4tzte Lesezeit\" \/>\n\t<meta name=\"twitter:data1\" content=\"1\u00a0Minute\" \/>\n<script type=\"application\/ld+json\" class=\"yoast-schema-graph\">{\"@context\":\"https:\/\/schema.org\",\"@graph\":[{\"@type\":\"WebPage\",\"@id\":\"https:\/\/staging.pecb.com\/de\/about\/statement-of-impartiality\",\"url\":\"https:\/\/staging.pecb.com\/de\/about\/statement-of-impartiality\",\"name\":\"Erkl\u00e4rung der Unparteilichkeit - PECB\",\"isPartOf\":{\"@id\":\"https:\/\/staging.pecb.com\/de#website\"},\"datePublished\":\"2025-07-18T05:39:22+00:00\",\"dateModified\":\"2025-11-20T09:44:02+00:00\",\"breadcrumb\":{\"@id\":\"https:\/\/staging.pecb.com\/de\/about\/statement-of-impartiality#breadcrumb\"},\"inLanguage\":\"de\",\"potentialAction\":[{\"@type\":\"ReadAction\",\"target\":[\"https:\/\/staging.pecb.com\/de\/about\/statement-of-impartiality\"]}]},{\"@type\":\"BreadcrumbList\",\"@id\":\"https:\/\/staging.pecb.com\/de\/about\/statement-of-impartiality#breadcrumb\",\"itemListElement\":[{\"@type\":\"ListItem\",\"position\":1,\"name\":\"Home\",\"item\":\"https:\/\/staging.pecb.com\/de\"},{\"@type\":\"ListItem\",\"position\":2,\"name\":\"\u00dcber\",\"item\":\"https:\/\/staging.pecb.com\/de\/about\"},{\"@type\":\"ListItem\",\"position\":3,\"name\":\"Erkl\u00e4rung der Unparteilichkeit\"}]},{\"@type\":\"WebSite\",\"@id\":\"https:\/\/staging.pecb.com\/de#website\",\"url\":\"https:\/\/staging.pecb.com\/de\",\"name\":\"PECB\",\"description\":\"\",\"publisher\":{\"@id\":\"https:\/\/staging.pecb.com\/de#organization\"},\"potentialAction\":[{\"@type\":\"SearchAction\",\"target\":{\"@type\":\"EntryPoint\",\"urlTemplate\":\"https:\/\/staging.pecb.com\/de?s={search_term_string}\"},\"query-input\":{\"@type\":\"PropertyValueSpecification\",\"valueRequired\":true,\"valueName\":\"search_term_string\"}}],\"inLanguage\":\"de\"},{\"@type\":\"Organization\",\"@id\":\"https:\/\/staging.pecb.com\/de#organization\",\"name\":\"PECB\",\"url\":\"https:\/\/staging.pecb.com\/de\",\"logo\":{\"@type\":\"ImageObject\",\"inLanguage\":\"de\",\"@id\":\"https:\/\/staging.pecb.com\/de#\/schema\/logo\/image\/\",\"url\":\"https:\/\/staging.pecb.com\/wp-content\/uploads\/2025\/05\/Clip-path-group.svg\",\"contentUrl\":\"https:\/\/staging.pecb.com\/wp-content\/uploads\/2025\/05\/Clip-path-group.svg\",\"width\":96,\"height\":26,\"caption\":\"PECB\"},\"image\":{\"@id\":\"https:\/\/staging.pecb.com\/de#\/schema\/logo\/image\/\"},\"sameAs\":[\"https:\/\/www.facebook.com\/PECBInternational\/\",\"https:\/\/x.com\/PECB\",\"https:\/\/www.linkedin.com\/company\/pecb\",\"https:\/\/www.youtube.com\/channel\/UCQPfrnIUa7Q0oBRyT8l5eTg\",\"https:\/\/www.instagram.com\/pecb.official\/\"]}]}<\/script>\n<!-- \/ Yoast SEO plugin. -->","yoast_head_json":{"title":"Erkl\u00e4rung der Unparteilichkeit - PECB","robots":{"index":"index","follow":"follow","max-snippet":"max-snippet:-1","max-image-preview":"max-image-preview:large","max-video-preview":"max-video-preview:-1"},"canonical":"https:\/\/staging.pecb.com\/de\/about\/statement-of-impartiality","og_locale":"de_DE","og_type":"article","og_title":"Erkl\u00e4rung der Unparteilichkeit - PECB","og_description":"Erkl\u00e4rung der Unparteilichkeit PECB-Zertifizierungsdienste Erkl\u00e4rung der Unparteilichkeit PECB versteht und ist sich der Bedeutung des Managements der Unparteilichkeit bei der Durchf\u00fchrung unserer Zertifizierungsaktivit\u00e4ten voll bewusst. Die PECB hat Strukturen, Richtlinien und Verfahren dokumentiert, um die Unparteilichkeit zu verwalten und sicherzustellen, dass die Zertifizierungsaktivit\u00e4ten unparteiisch durchgef\u00fchrt werden, und das Top-Management verpflichtet sich zur Unparteilichkeit bei den [&hellip;]","og_url":"https:\/\/staging.pecb.com\/de\/about\/statement-of-impartiality","og_site_name":"PECB","article_publisher":"https:\/\/www.facebook.com\/PECBInternational\/","article_modified_time":"2025-11-20T09:44:02+00:00","twitter_card":"summary_large_image","twitter_site":"@PECB","twitter_misc":{"Gesch\u00e4tzte Lesezeit":"1\u00a0Minute"},"schema":{"@context":"https:\/\/schema.org","@graph":[{"@type":"WebPage","@id":"https:\/\/staging.pecb.com\/de\/about\/statement-of-impartiality","url":"https:\/\/staging.pecb.com\/de\/about\/statement-of-impartiality","name":"Erkl\u00e4rung der Unparteilichkeit - PECB","isPartOf":{"@id":"https:\/\/staging.pecb.com\/de#website"},"datePublished":"2025-07-18T05:39:22+00:00","dateModified":"2025-11-20T09:44:02+00:00","breadcrumb":{"@id":"https:\/\/staging.pecb.com\/de\/about\/statement-of-impartiality#breadcrumb"},"inLanguage":"de","potentialAction":[{"@type":"ReadAction","target":["https:\/\/staging.pecb.com\/de\/about\/statement-of-impartiality"]}]},{"@type":"BreadcrumbList","@id":"https:\/\/staging.pecb.com\/de\/about\/statement-of-impartiality#breadcrumb","itemListElement":[{"@type":"ListItem","position":1,"name":"Home","item":"https:\/\/staging.pecb.com\/de"},{"@type":"ListItem","position":2,"name":"\u00dcber","item":"https:\/\/staging.pecb.com\/de\/about"},{"@type":"ListItem","position":3,"name":"Erkl\u00e4rung der Unparteilichkeit"}]},{"@type":"WebSite","@id":"https:\/\/staging.pecb.com\/de#website","url":"https:\/\/staging.pecb.com\/de","name":"PECB","description":"","publisher":{"@id":"https:\/\/staging.pecb.com\/de#organization"},"potentialAction":[{"@type":"SearchAction","target":{"@type":"EntryPoint","urlTemplate":"https:\/\/staging.pecb.com\/de?s={search_term_string}"},"query-input":{"@type":"PropertyValueSpecification","valueRequired":true,"valueName":"search_term_string"}}],"inLanguage":"de"},{"@type":"Organization","@id":"https:\/\/staging.pecb.com\/de#organization","name":"PECB","url":"https:\/\/staging.pecb.com\/de","logo":{"@type":"ImageObject","inLanguage":"de","@id":"https:\/\/staging.pecb.com\/de#\/schema\/logo\/image\/","url":"https:\/\/staging.pecb.com\/wp-content\/uploads\/2025\/05\/Clip-path-group.svg","contentUrl":"https:\/\/staging.pecb.com\/wp-content\/uploads\/2025\/05\/Clip-path-group.svg","width":96,"height":26,"caption":"PECB"},"image":{"@id":"https:\/\/staging.pecb.com\/de#\/schema\/logo\/image\/"},"sameAs":["https:\/\/www.facebook.com\/PECBInternational\/","https:\/\/x.com\/PECB","https:\/\/www.linkedin.com\/company\/pecb","https:\/\/www.youtube.com\/channel\/UCQPfrnIUa7Q0oBRyT8l5eTg","https:\/\/www.instagram.com\/pecb.official\/"]}]}},"_links":{"self":[{"href":"https:\/\/staging.pecb.com\/de\/wp-json\/wp\/v2\/pages\/26716","targetHints":{"allow":["GET"]}}],"collection":[{"href":"https:\/\/staging.pecb.com\/de\/wp-json\/wp\/v2\/pages"}],"about":[{"href":"https:\/\/staging.pecb.com\/de\/wp-json\/wp\/v2\/types\/page"}],"author":[{"embeddable":true,"href":"https:\/\/staging.pecb.com\/de\/wp-json\/wp\/v2\/users\/2"}],"replies":[{"embeddable":true,"href":"https:\/\/staging.pecb.com\/de\/wp-json\/wp\/v2\/comments?post=26716"}],"version-history":[{"count":0,"href":"https:\/\/staging.pecb.com\/de\/wp-json\/wp\/v2\/pages\/26716\/revisions"}],"up":[{"embeddable":true,"href":"https:\/\/staging.pecb.com\/de\/wp-json\/wp\/v2\/pages\/27837"}],"wp:attachment":[{"href":"https:\/\/staging.pecb.com\/de\/wp-json\/wp\/v2\/media?parent=26716"}],"curies":[{"name":"wp","href":"https:\/\/api.w.org\/{rel}","templated":true}]}}