{"id":26700,"date":"2025-07-18T05:37:11","date_gmt":"2025-07-18T05:37:11","guid":{"rendered":"https:\/\/pecb.com\/gdpr-privacy-statement"},"modified":"2025-11-20T09:06:08","modified_gmt":"2025-11-20T08:06:08","slug":"gdpr-privacy-statement","status":"publish","type":"page","link":"https:\/\/staging.pecb.com\/de\/about\/gdpr-privacy-statement","title":{"rendered":"DSGVO-Datenschutzerkl\u00e4rung"},"content":{"rendered":"\t\t<div data-elementor-type=\"wp-page\" data-elementor-id=\"26700\" class=\"elementor elementor-26700 elementor-15857\" data-elementor-post-type=\"page\">\n\t\t\t\t<div class=\"elementor-element elementor-element-7903728 e-flex e-con-boxed e-con e-parent\" data-id=\"7903728\" data-element_type=\"container\" data-e-type=\"container\" data-settings=\"{&quot;background_background&quot;:&quot;classic&quot;}\">\n\t\t\t\t\t<div class=\"e-con-inner\">\n\t\t\t\t<div class=\"elementor-element elementor-element-5dbf6118 elementor-widget elementor-widget-heading\" data-id=\"5dbf6118\" data-element_type=\"widget\" data-e-type=\"widget\" data-widget_type=\"heading.default\">\n\t\t\t\t\t<h1 class=\"elementor-heading-title elementor-size-default\">DSGVO-Datenschutzerkl\u00e4rung<\/h1>\t\t\t\t<\/div>\n\t\t\t\t\t<\/div>\n\t\t\t\t<\/div>\n\t\t<div class=\"elementor-element elementor-element-8f073db e-flex e-con-boxed e-con e-parent\" data-id=\"8f073db\" data-element_type=\"container\" data-e-type=\"container\" data-settings=\"{&quot;background_background&quot;:&quot;classic&quot;}\">\n\t\t\t\t\t<div class=\"e-con-inner\">\n\t\t\t\t<div class=\"elementor-element elementor-element-5d28d74 elementor-widget elementor-widget-text-editor\" data-id=\"5d28d74\" data-element_type=\"widget\" data-e-type=\"widget\" data-widget_type=\"text-editor.default\">\n\t\t\t\t\t\t\t\t\t<p dir=\"auto\">\n        <style>\n            .child-pages {\n                display: flex;\n                flex-wrap: wrap;\n                justify-content: center;\n                gap: 8px;\n                width: fit-content;\n                margin: 0 auto;\n                 padding:10px;\n            }\n            .child-pages li {\n                display: flex;\n                padding: 8px 16px;\n                flex-direction: column;\n                align-items: center;\n                border-radius: 4px;\n                background: #FFF;\n                list-style: none;\n            }\n            .child-pages li.active {\n                background: #CBD5E1;\n            }\n            .child-pages li a {\n                color: #000;\n                text-align: center;\n                font-family: Parabolica, sans-serif;\n                font-size: 14px;\n                font-style: normal;\n                font-weight: 400;\n                line-height: normal;\n                text-decoration: none;\n            }\n            .child-pages li a:hover {\n                text-decoration: underline;\n            }\n        <\/style>\n    <ul class=\"child-pages\"><li class=\"\"><a href=\"https:\/\/staging.pecb.com\/en\/about\">About<\/a><\/li><li class=\"\"><a href=\"https:\/\/staging.pecb.com\/de\/about\/accreditations-and-affiliations\">Akkreditierungen und Zugeh\u00f6rigkeiten<\/a><\/li><li class=\"\"><a href=\"https:\/\/staging.pecb.com\/de\/about\/complaint-and-appeal-policy\">Beschwerden- Und Berufungsrichtlinie<\/a><\/li><li class=\"\"><a href=\"https:\/\/staging.pecb.com\/de\/about\/digital-trust\">Digitales Vertrauen: Aufbau einer sicheren Zukunft<\/a><\/li><li class=\"\"><a href=\"https:\/\/staging.pecb.com\/de\/about\/gdpr-privacy-statement\">DSGVO-Datenschutzerkl\u00e4rung<\/a><\/li><li class=\"\"><a href=\"https:\/\/staging.pecb.com\/de\/about\/statement-of-impartiality\">Erkl\u00e4rung der Unparteilichkeit<\/a><\/li><li class=\"\"><a href=\"https:\/\/staging.pecb.com\/de\/about\/code-of-ethics\">Ethik-kodex<\/a><\/li><li class=\"\"><a href=\"https:\/\/staging.pecb.com\/de\/about\/team\">PECB-management<\/a><\/li><li class=\"\"><a href=\"https:\/\/staging.pecb.com\/de\/about\/pecb-code-of-ethics-violation-policy\">PECB-Richtlinie bei Verst\u00f6ssen Gegen den Ethikkodex<\/a><\/li><li class=\"\"><a href=\"https:\/\/staging.pecb.com\/de\/about\/pecb-policy-regarding-canadian-and-international-economic-sanctions-and-the-countries-impacted\">PECB-Richtlinie zu kanadischen und internationalen Wirtschaftssanktionen sowie den betroffenen L\u00e4ndern<\/a><\/li><li class=\"\"><a href=\"https:\/\/staging.pecb.com\/de\/about\/pecb-quality-and-information-security-policies\">Qualit\u00e4ts- und Informationssicherheitsrichtlinien<\/a><\/li><li class=\"\"><a href=\"https:\/\/staging.pecb.com\/de\/about\/certification-mark-use-policy\">Richtlinien zur Verwendung von Zertifizierungszeichen<\/a><\/li><li class=\"\"><a href=\"https:\/\/staging.pecb.com\/de\/about\/pecb-refund-policy\">R\u00fcckerstattungs-Richtlinie<\/a><\/li><li class=\"\"><a href=\"https:\/\/staging.pecb.com\/de\/about\/behavior-policy\">Verhaltensrichtlinie<\/a><\/li><li class=\"\"><a href=\"https:\/\/staging.pecb.com\/de\/about\/violation-of-pecb-brand-and-fraud-reporting-policy\">Versto\u00df gegen die PECB-Marke und Betrugsmeldung<\/a><\/li><li class=\"\"><a href=\"https:\/\/staging.pecb.com\/de\/about\/values-of-pecb-certification\">Wert der PECB-Zertifizierung<\/a><\/li><li class=\"\"><a href=\"https:\/\/staging.pecb.com\/de\/about\/pecb-certification-process\">Zertifizierungsprozess<\/a><\/li><\/ul><\/p>\t\t\t\t\t\t\t\t<\/div>\n\t\t\t\t\t<\/div>\n\t\t\t\t<\/div>\n\t\t<div class=\"elementor-element elementor-element-158e6f58 e-flex e-con-boxed e-con e-parent\" data-id=\"158e6f58\" data-element_type=\"container\" data-e-type=\"container\">\n\t\t\t\t\t<div class=\"e-con-inner\">\n\t\t\t\t<div class=\"elementor-element elementor-element-2e75601f elementor-widget elementor-widget-text-editor\" data-id=\"2e75601f\" data-element_type=\"widget\" data-e-type=\"widget\" data-widget_type=\"text-editor.default\">\n\t\t\t\t\t\t\t\t\t<p>Die <a href=\"https:\/\/staging.pecb.com\/de\/education-and-certification-for-individuals\/gdpr\">Allgemeine Datenschutz-Grundverordnung (DSGVO)<\/a>\u00a0wurde im April 2016 vom Europ\u00e4ischen Parlament verabschiedet und ist am 25. Mai 2018 in Kraft getreten. Sie ist eine Gesetzgebung, die Organisationen dazu verpflichtet, die pers\u00f6nlichen Daten und die Privatsph\u00e4re von EU-B\u00fcrgern sowie alle Transaktionen, die mit EU-Mitgliedsstaaten stattfinden, zu sch\u00fctzen.<\/p><p>PECB ist verpflichtet und verantwortlich, die Daten seiner Kunden, Anteilseigner, Mitarbeiter und anderer interessierter Parteien mit absoluter Vorsicht und Vertraulichkeit zu verarbeiten. Wir befolgen die besten Praktiken, um die von unseren Kunden, Anteilseignern und Mitarbeitern gesammelten Daten zu sch\u00fctzen.<\/p><p>Die Richtlinien und Verfahren der PECB in Bezug auf den Umgang mit personenbezogenen Daten wurden in \u00dcbereinstimmung mit den Anforderungen der Datenschutzrichtlinie der Europ\u00e4ischen Union von 1995 (Richtlinie 95\/46\/EG) und der Allgemeinen Datenschutz- Grundverordnung (DSGVO) entwickelt.<\/p><p>Wir respektieren die Privatsph\u00e4re unserer Kunden und verf\u00fcgen \u00fcber eine Richtlinie, die ihre Rechte darlegen und Fragen beantworten soll, die sie dar\u00fcber haben, wie PECB ihre pers\u00f6nlichen Daten sammelt, sch\u00fctzt und verwendet.\u00a0<\/p><p style=\"text-align: justify;\">Diese Datenschutzerkl\u00e4rung, die angibt, wie Daten von Kunden, Anteilseignern, Mitarbeitern und anderen Beteiligten in unserem Unternehmen verwendet werden, ist auf unserer Website verf\u00fcgbar und kann hier gefunden werden: <a href=\"https:\/\/staging.pecb.com\/de\/pecb-privacy-policy\">PECB-Datenschutzerkl\u00e4rung<\/a>.<\/p><p>Dar\u00fcber hinaus verf\u00fcgt PECB \u00fcber eine Datenschutzrichtlinie, die den Mitarbeitern, Kunden, Partnern und Anteilseignern garantiert, dass ihre Daten gesch\u00fctzt und entsprechend mit absoluter Vorsicht und Vertraulichkeit behandelt werden. Die Datenschutzrichtlinie ist auf unserer Website verf\u00fcgbar und kann hier eingesehen werden:\u00a0<a href=\"https:\/\/staging.pecb.com\/data-protection-policy\" target=\"_blank\" rel=\"noopener\">PECB-Datenschutzrichtlinie<\/a>. Diese Richtlinie beschreibt, wie wir Daten auf faire, transparente und vertrauliche Weise sammeln, speichern, behandeln und sichern. Die in dieser Richtlinie dargelegten Regeln gelten unabh\u00e4ngig davon, ob die Daten elektronisch, auf Papier oder auf einem anderen Speichermedium gespeichert sind.<\/p><p>Im Einklang mit Artikel 27 der DSGVO ist der Vertreter von PECB im EWR in Lissabon, Portugal, ans\u00e4ssig und kann per E-Mail unter <a href=\"mailto:gdpr.representative@staging.pecb.com\">gdpr.representative@staging.pecb.com<\/a> kontaktiert werden.<\/p><p>Wenn Sie weitere Informationen ben\u00f6tigen, wenden Sie sich bitte an:\u00a0\u00a0<a href=\"mailto:dpo@staging.pecb.com\">dpo@staging.pecb.com<\/a><\/p>\t\t\t\t\t\t\t\t<\/div>\n\t\t\t\t\t<\/div>\n\t\t\t\t<\/div>\n\t\t\t\t<\/div>\n\t\t","protected":false},"excerpt":{"rendered":"<p>DSGVO-Datenschutzerkl\u00e4rung Die Allgemeine Datenschutz-Grundverordnung (DSGVO)\u00a0wurde im April 2016 vom Europ\u00e4ischen Parlament verabschiedet und ist am 25. Mai 2018 in Kraft getreten. Sie ist eine Gesetzgebung, die Organisationen dazu verpflichtet, die pers\u00f6nlichen Daten und die Privatsph\u00e4re von EU-B\u00fcrgern sowie alle Transaktionen, die mit EU-Mitgliedsstaaten stattfinden, zu sch\u00fctzen. PECB ist verpflichtet und verantwortlich, die Daten seiner Kunden, [&hellip;]<\/p>\n","protected":false},"author":2,"featured_media":0,"parent":27837,"menu_order":0,"comment_status":"closed","ping_status":"closed","template":"","meta":{"_acf_changed":false,"content-type":"","footnotes":""},"class_list":["post-26700","page","type-page","status-publish","hentry"],"acf":[],"yoast_head":"<!-- This site is optimized with the Yoast SEO plugin v26.9 - https:\/\/yoast.com\/product\/yoast-seo-wordpress\/ -->\n<title>DSGVO-Datenschutzerkl\u00e4rung - PECB<\/title>\n<meta name=\"robots\" content=\"index, follow, max-snippet:-1, max-image-preview:large, max-video-preview:-1\" \/>\n<link rel=\"canonical\" href=\"https:\/\/staging.pecb.com\/de\/about\/gdpr-privacy-statement\" \/>\n<meta property=\"og:locale\" content=\"de_DE\" \/>\n<meta property=\"og:type\" content=\"article\" \/>\n<meta property=\"og:title\" content=\"DSGVO-Datenschutzerkl\u00e4rung - PECB\" \/>\n<meta property=\"og:description\" content=\"DSGVO-Datenschutzerkl\u00e4rung Die Allgemeine Datenschutz-Grundverordnung (DSGVO)\u00a0wurde im April 2016 vom Europ\u00e4ischen Parlament verabschiedet und ist am 25. Mai 2018 in Kraft getreten. Sie ist eine Gesetzgebung, die Organisationen dazu verpflichtet, die pers\u00f6nlichen Daten und die Privatsph\u00e4re von EU-B\u00fcrgern sowie alle Transaktionen, die mit EU-Mitgliedsstaaten stattfinden, zu sch\u00fctzen. PECB ist verpflichtet und verantwortlich, die Daten seiner Kunden, [&hellip;]\" \/>\n<meta property=\"og:url\" content=\"https:\/\/staging.pecb.com\/de\/about\/gdpr-privacy-statement\" \/>\n<meta property=\"og:site_name\" content=\"PECB\" \/>\n<meta property=\"article:publisher\" content=\"https:\/\/www.facebook.com\/PECBInternational\/\" \/>\n<meta property=\"article:modified_time\" content=\"2025-11-20T08:06:08+00:00\" \/>\n<meta name=\"twitter:card\" content=\"summary_large_image\" \/>\n<meta name=\"twitter:site\" content=\"@PECB\" \/>\n<meta name=\"twitter:label1\" content=\"Gesch\u00e4tzte Lesezeit\" \/>\n\t<meta name=\"twitter:data1\" content=\"2\u00a0Minuten\" \/>\n<script type=\"application\/ld+json\" class=\"yoast-schema-graph\">{\"@context\":\"https:\/\/schema.org\",\"@graph\":[{\"@type\":\"WebPage\",\"@id\":\"https:\/\/staging.pecb.com\/de\/about\/gdpr-privacy-statement\",\"url\":\"https:\/\/staging.pecb.com\/de\/about\/gdpr-privacy-statement\",\"name\":\"DSGVO-Datenschutzerkl\u00e4rung - PECB\",\"isPartOf\":{\"@id\":\"https:\/\/staging.pecb.com\/de#website\"},\"datePublished\":\"2025-07-18T05:37:11+00:00\",\"dateModified\":\"2025-11-20T08:06:08+00:00\",\"breadcrumb\":{\"@id\":\"https:\/\/staging.pecb.com\/de\/about\/gdpr-privacy-statement#breadcrumb\"},\"inLanguage\":\"de\",\"potentialAction\":[{\"@type\":\"ReadAction\",\"target\":[\"https:\/\/staging.pecb.com\/de\/about\/gdpr-privacy-statement\"]}]},{\"@type\":\"BreadcrumbList\",\"@id\":\"https:\/\/staging.pecb.com\/de\/about\/gdpr-privacy-statement#breadcrumb\",\"itemListElement\":[{\"@type\":\"ListItem\",\"position\":1,\"name\":\"Home\",\"item\":\"https:\/\/staging.pecb.com\/de\"},{\"@type\":\"ListItem\",\"position\":2,\"name\":\"\u00dcber\",\"item\":\"https:\/\/staging.pecb.com\/de\/about\"},{\"@type\":\"ListItem\",\"position\":3,\"name\":\"DSGVO-Datenschutzerkl\u00e4rung\"}]},{\"@type\":\"WebSite\",\"@id\":\"https:\/\/staging.pecb.com\/de#website\",\"url\":\"https:\/\/staging.pecb.com\/de\",\"name\":\"PECB\",\"description\":\"\",\"publisher\":{\"@id\":\"https:\/\/staging.pecb.com\/de#organization\"},\"potentialAction\":[{\"@type\":\"SearchAction\",\"target\":{\"@type\":\"EntryPoint\",\"urlTemplate\":\"https:\/\/staging.pecb.com\/de?s={search_term_string}\"},\"query-input\":{\"@type\":\"PropertyValueSpecification\",\"valueRequired\":true,\"valueName\":\"search_term_string\"}}],\"inLanguage\":\"de\"},{\"@type\":\"Organization\",\"@id\":\"https:\/\/staging.pecb.com\/de#organization\",\"name\":\"PECB\",\"url\":\"https:\/\/staging.pecb.com\/de\",\"logo\":{\"@type\":\"ImageObject\",\"inLanguage\":\"de\",\"@id\":\"https:\/\/staging.pecb.com\/de#\/schema\/logo\/image\/\",\"url\":\"https:\/\/staging.pecb.com\/wp-content\/uploads\/2025\/05\/Clip-path-group.svg\",\"contentUrl\":\"https:\/\/staging.pecb.com\/wp-content\/uploads\/2025\/05\/Clip-path-group.svg\",\"width\":96,\"height\":26,\"caption\":\"PECB\"},\"image\":{\"@id\":\"https:\/\/staging.pecb.com\/de#\/schema\/logo\/image\/\"},\"sameAs\":[\"https:\/\/www.facebook.com\/PECBInternational\/\",\"https:\/\/x.com\/PECB\",\"https:\/\/www.linkedin.com\/company\/pecb\",\"https:\/\/www.youtube.com\/channel\/UCQPfrnIUa7Q0oBRyT8l5eTg\",\"https:\/\/www.instagram.com\/pecb.official\/\"]}]}<\/script>\n<!-- \/ Yoast SEO plugin. -->","yoast_head_json":{"title":"DSGVO-Datenschutzerkl\u00e4rung - PECB","robots":{"index":"index","follow":"follow","max-snippet":"max-snippet:-1","max-image-preview":"max-image-preview:large","max-video-preview":"max-video-preview:-1"},"canonical":"https:\/\/staging.pecb.com\/de\/about\/gdpr-privacy-statement","og_locale":"de_DE","og_type":"article","og_title":"DSGVO-Datenschutzerkl\u00e4rung - PECB","og_description":"DSGVO-Datenschutzerkl\u00e4rung Die Allgemeine Datenschutz-Grundverordnung (DSGVO)\u00a0wurde im April 2016 vom Europ\u00e4ischen Parlament verabschiedet und ist am 25. Mai 2018 in Kraft getreten. Sie ist eine Gesetzgebung, die Organisationen dazu verpflichtet, die pers\u00f6nlichen Daten und die Privatsph\u00e4re von EU-B\u00fcrgern sowie alle Transaktionen, die mit EU-Mitgliedsstaaten stattfinden, zu sch\u00fctzen. PECB ist verpflichtet und verantwortlich, die Daten seiner Kunden, [&hellip;]","og_url":"https:\/\/staging.pecb.com\/de\/about\/gdpr-privacy-statement","og_site_name":"PECB","article_publisher":"https:\/\/www.facebook.com\/PECBInternational\/","article_modified_time":"2025-11-20T08:06:08+00:00","twitter_card":"summary_large_image","twitter_site":"@PECB","twitter_misc":{"Gesch\u00e4tzte Lesezeit":"2\u00a0Minuten"},"schema":{"@context":"https:\/\/schema.org","@graph":[{"@type":"WebPage","@id":"https:\/\/staging.pecb.com\/de\/about\/gdpr-privacy-statement","url":"https:\/\/staging.pecb.com\/de\/about\/gdpr-privacy-statement","name":"DSGVO-Datenschutzerkl\u00e4rung - PECB","isPartOf":{"@id":"https:\/\/staging.pecb.com\/de#website"},"datePublished":"2025-07-18T05:37:11+00:00","dateModified":"2025-11-20T08:06:08+00:00","breadcrumb":{"@id":"https:\/\/staging.pecb.com\/de\/about\/gdpr-privacy-statement#breadcrumb"},"inLanguage":"de","potentialAction":[{"@type":"ReadAction","target":["https:\/\/staging.pecb.com\/de\/about\/gdpr-privacy-statement"]}]},{"@type":"BreadcrumbList","@id":"https:\/\/staging.pecb.com\/de\/about\/gdpr-privacy-statement#breadcrumb","itemListElement":[{"@type":"ListItem","position":1,"name":"Home","item":"https:\/\/staging.pecb.com\/de"},{"@type":"ListItem","position":2,"name":"\u00dcber","item":"https:\/\/staging.pecb.com\/de\/about"},{"@type":"ListItem","position":3,"name":"DSGVO-Datenschutzerkl\u00e4rung"}]},{"@type":"WebSite","@id":"https:\/\/staging.pecb.com\/de#website","url":"https:\/\/staging.pecb.com\/de","name":"PECB","description":"","publisher":{"@id":"https:\/\/staging.pecb.com\/de#organization"},"potentialAction":[{"@type":"SearchAction","target":{"@type":"EntryPoint","urlTemplate":"https:\/\/staging.pecb.com\/de?s={search_term_string}"},"query-input":{"@type":"PropertyValueSpecification","valueRequired":true,"valueName":"search_term_string"}}],"inLanguage":"de"},{"@type":"Organization","@id":"https:\/\/staging.pecb.com\/de#organization","name":"PECB","url":"https:\/\/staging.pecb.com\/de","logo":{"@type":"ImageObject","inLanguage":"de","@id":"https:\/\/staging.pecb.com\/de#\/schema\/logo\/image\/","url":"https:\/\/staging.pecb.com\/wp-content\/uploads\/2025\/05\/Clip-path-group.svg","contentUrl":"https:\/\/staging.pecb.com\/wp-content\/uploads\/2025\/05\/Clip-path-group.svg","width":96,"height":26,"caption":"PECB"},"image":{"@id":"https:\/\/staging.pecb.com\/de#\/schema\/logo\/image\/"},"sameAs":["https:\/\/www.facebook.com\/PECBInternational\/","https:\/\/x.com\/PECB","https:\/\/www.linkedin.com\/company\/pecb","https:\/\/www.youtube.com\/channel\/UCQPfrnIUa7Q0oBRyT8l5eTg","https:\/\/www.instagram.com\/pecb.official\/"]}]}},"_links":{"self":[{"href":"https:\/\/staging.pecb.com\/de\/wp-json\/wp\/v2\/pages\/26700","targetHints":{"allow":["GET"]}}],"collection":[{"href":"https:\/\/staging.pecb.com\/de\/wp-json\/wp\/v2\/pages"}],"about":[{"href":"https:\/\/staging.pecb.com\/de\/wp-json\/wp\/v2\/types\/page"}],"author":[{"embeddable":true,"href":"https:\/\/staging.pecb.com\/de\/wp-json\/wp\/v2\/users\/2"}],"replies":[{"embeddable":true,"href":"https:\/\/staging.pecb.com\/de\/wp-json\/wp\/v2\/comments?post=26700"}],"version-history":[{"count":0,"href":"https:\/\/staging.pecb.com\/de\/wp-json\/wp\/v2\/pages\/26700\/revisions"}],"up":[{"embeddable":true,"href":"https:\/\/staging.pecb.com\/de\/wp-json\/wp\/v2\/pages\/27837"}],"wp:attachment":[{"href":"https:\/\/staging.pecb.com\/de\/wp-json\/wp\/v2\/media?parent=26700"}],"curies":[{"name":"wp","href":"https:\/\/api.w.org\/{rel}","templated":true}]}}