{"id":26697,"date":"2025-07-18T06:10:17","date_gmt":"2025-07-18T04:10:17","guid":{"rendered":"https:\/\/pecb.com\/digital-trust"},"modified":"2025-11-19T15:44:15","modified_gmt":"2025-11-19T14:44:15","slug":"digital-trust","status":"publish","type":"page","link":"https:\/\/staging.pecb.com\/de\/about\/digital-trust","title":{"rendered":"Digitales Vertrauen: Aufbau einer sicheren Zukunft"},"content":{"rendered":"\t\t<div data-elementor-type=\"wp-page\" data-elementor-id=\"26697\" class=\"elementor elementor-26697 elementor-15916\" data-elementor-post-type=\"page\">\n\t\t\t\t<div class=\"elementor-element elementor-element-46c7ce48 e-flex e-con-boxed e-con e-parent\" data-id=\"46c7ce48\" data-element_type=\"container\" data-e-type=\"container\" data-settings=\"{&quot;background_background&quot;:&quot;classic&quot;}\">\n\t\t\t\t\t<div class=\"e-con-inner\">\n\t\t\t\t<div class=\"elementor-element elementor-element-158b00fc elementor-widget elementor-widget-heading\" data-id=\"158b00fc\" data-element_type=\"widget\" data-e-type=\"widget\" data-widget_type=\"heading.default\">\n\t\t\t\t\t<h1 class=\"elementor-heading-title elementor-size-default\">Digitales Vertrauen: Aufbau einer sicheren Zukunft<\/h1>\t\t\t\t<\/div>\n\t\t\t\t\t<\/div>\n\t\t\t\t<\/div>\n\t\t<div class=\"elementor-element elementor-element-39a1e65 e-flex e-con-boxed e-con e-parent\" data-id=\"39a1e65\" data-element_type=\"container\" data-e-type=\"container\" data-settings=\"{&quot;background_background&quot;:&quot;classic&quot;}\">\n\t\t\t\t\t<div class=\"e-con-inner\">\n\t\t\t\t<div class=\"elementor-element elementor-element-d53cbcb elementor-widget elementor-widget-text-editor\" data-id=\"d53cbcb\" data-element_type=\"widget\" data-e-type=\"widget\" data-widget_type=\"text-editor.default\">\n\t\t\t\t\t\t\t\t\t<p dir=\"auto\">\n        <style>\n            .child-pages {\n                display: flex;\n                flex-wrap: wrap;\n                justify-content: center;\n                gap: 8px;\n                width: fit-content;\n                margin: 0 auto;\n                 padding:10px;\n            }\n            .child-pages li {\n                display: flex;\n                padding: 8px 16px;\n                flex-direction: column;\n                align-items: center;\n                border-radius: 4px;\n                background: #FFF;\n                list-style: none;\n            }\n            .child-pages li.active {\n                background: #CBD5E1;\n            }\n            .child-pages li a {\n                color: #000;\n                text-align: center;\n                font-family: Parabolica, sans-serif;\n                font-size: 14px;\n                font-style: normal;\n                font-weight: 400;\n                line-height: normal;\n                text-decoration: none;\n            }\n            .child-pages li a:hover {\n                text-decoration: underline;\n            }\n        <\/style>\n    <ul class=\"child-pages\"><li class=\"\"><a href=\"https:\/\/staging.pecb.com\/en\/about\">About<\/a><\/li><li class=\"\"><a href=\"https:\/\/staging.pecb.com\/de\/about\/accreditations-and-affiliations\">Akkreditierungen und Zugeh\u00f6rigkeiten<\/a><\/li><li class=\"\"><a href=\"https:\/\/staging.pecb.com\/de\/about\/complaint-and-appeal-policy\">Beschwerden- Und Berufungsrichtlinie<\/a><\/li><li class=\"\"><a href=\"https:\/\/staging.pecb.com\/de\/about\/digital-trust\">Digitales Vertrauen: Aufbau einer sicheren Zukunft<\/a><\/li><li class=\"\"><a href=\"https:\/\/staging.pecb.com\/de\/about\/gdpr-privacy-statement\">DSGVO-Datenschutzerkl\u00e4rung<\/a><\/li><li class=\"\"><a href=\"https:\/\/staging.pecb.com\/de\/about\/statement-of-impartiality\">Erkl\u00e4rung der Unparteilichkeit<\/a><\/li><li class=\"\"><a href=\"https:\/\/staging.pecb.com\/de\/about\/code-of-ethics\">Ethik-kodex<\/a><\/li><li class=\"\"><a href=\"https:\/\/staging.pecb.com\/de\/about\/team\">PECB-management<\/a><\/li><li class=\"\"><a href=\"https:\/\/staging.pecb.com\/de\/about\/pecb-code-of-ethics-violation-policy\">PECB-Richtlinie bei Verst\u00f6ssen Gegen den Ethikkodex<\/a><\/li><li class=\"\"><a href=\"https:\/\/staging.pecb.com\/de\/about\/pecb-policy-regarding-canadian-and-international-economic-sanctions-and-the-countries-impacted\">PECB-Richtlinie zu kanadischen und internationalen Wirtschaftssanktionen sowie den betroffenen L\u00e4ndern<\/a><\/li><li class=\"\"><a href=\"https:\/\/staging.pecb.com\/de\/about\/pecb-quality-and-information-security-policies\">Qualit\u00e4ts- und Informationssicherheitsrichtlinien<\/a><\/li><li class=\"\"><a href=\"https:\/\/staging.pecb.com\/de\/about\/certification-mark-use-policy\">Richtlinien zur Verwendung von Zertifizierungszeichen<\/a><\/li><li class=\"\"><a href=\"https:\/\/staging.pecb.com\/de\/about\/pecb-refund-policy\">R\u00fcckerstattungs-Richtlinie<\/a><\/li><li class=\"\"><a href=\"https:\/\/staging.pecb.com\/de\/about\/behavior-policy\">Verhaltensrichtlinie<\/a><\/li><li class=\"\"><a href=\"https:\/\/staging.pecb.com\/de\/about\/violation-of-pecb-brand-and-fraud-reporting-policy\">Versto\u00df gegen die PECB-Marke und Betrugsmeldung<\/a><\/li><li class=\"\"><a href=\"https:\/\/staging.pecb.com\/de\/about\/values-of-pecb-certification\">Wert der PECB-Zertifizierung<\/a><\/li><li class=\"\"><a href=\"https:\/\/staging.pecb.com\/de\/about\/pecb-certification-process\">Zertifizierungsprozess<\/a><\/li><\/ul><\/p>\t\t\t\t\t\t\t\t<\/div>\n\t\t\t\t\t<\/div>\n\t\t\t\t<\/div>\n\t\t<div class=\"elementor-element elementor-element-5ea1708f e-flex e-con-boxed e-con e-parent\" data-id=\"5ea1708f\" data-element_type=\"container\" data-e-type=\"container\">\n\t\t\t\t\t<div class=\"e-con-inner\">\n\t\t\t\t<div class=\"elementor-element elementor-element-449180a3 elementor-widget elementor-widget-text-editor\" data-id=\"449180a3\" data-element_type=\"widget\" data-e-type=\"widget\" data-widget_type=\"text-editor.default\">\n\t\t\t\t\t\t\t\t\t<p>Digitales Vertrauen wird immer mehr zu einem entscheidenden Faktor in den Beziehungen zwischen Unternehmen und ihren Kunden. Da immer mehr Transaktionen und Interaktionen online stattfinden, kann die Bedeutung der Aufrechterhaltung des digitalen Vertrauens nicht hoch genug eingesch\u00e4tzt werden.<\/p><h2>Was ist digitales Vertrauen?<\/h2><p>Digitales Vertrauen bezieht sich auf das Vertrauen, das Einzelpersonen und Unternehmen in digitale Technologien, Systeme und Interaktionen setzen. Es umfasst die \u00dcberzeugung, dass Daten, Transaktionen und Kommunikation sicher, zuverl\u00e4ssig und vor unbefugtem Zugriff oder Manipulation gesch\u00fctzt sind. In der heutigen zunehmend digitalen Welt ist der Aufbau und die Aufrechterhaltung von digitalem Vertrauen entscheidend f\u00fcr die F\u00f6rderung erfolgreicher Online-Beziehungen und die Erm\u00f6glichung nahtloser digitaler Erfahrungen.<\/p><h2>Warum ist digitales Vertrauen wichtig?<\/h2><p>Digitales Vertrauen ist wichtig, weil es sich direkt auf das Vertrauen und die Loyalit\u00e4t der Kunden auswirkt. Wenn Kunden das Gef\u00fchl haben, dass ihre Daten sicher sind und ihre Privatsph\u00e4re respektiert wird, sind sie eher bereit, mit einem Unternehmen zu interagieren. Digitales Vertrauen spielt auch eine entscheidende Rolle f\u00fcr das Unternehmenswachstum, da es einen Wettbewerbsvorteil bietet und Unternehmen hilft, gesetzliche Vorschriften einzuhalten und Risiken effektiv zu verwalten.<\/p><p>Indem sie sich f\u00fcr Sicherheit, Datenschutz und Transparenz einsetzen, k\u00f6nnen Unternehmen starke Beziehungen zu Kunden, Partnern und Stakeholdern aufbauen, was zu gr\u00f6\u00dferer Loyalit\u00e4t, einem besseren Markenimage und langfristigem Erfolg f\u00fchrt.<\/p><h2>Schl\u00fcsselelemente des digitalen Vertrauens<\/h2><ul style=\"margin-left: 40px;\"><li><strong>Sicherheit: <\/strong>Sch\u00fctzt Daten und Systeme vor Cyber-Bedrohungen wie Sicherheitsverletzungen, Malware und Phishing-Angriffen.<\/li><li><strong>Datenschutz:<\/strong> Stellt sicher, dass pers\u00f6nliche und sensible Daten in \u00dcbereinstimmung mit den Datenschutzgesetzen erfasst, gespeichert und verwendet werden.<\/li><li><strong>Transparenz:<\/strong> Umfasst eine klare Kommunikation mit den Kunden dar\u00fcber, wie ihre Daten verwendet und gesch\u00fctzt werden.<\/li><li><strong>Integrit\u00e4t<\/strong>: Bewahrt die Genauigkeit und Zuverl\u00e4ssigkeit von Daten und digitalen Transaktionen.<\/li><li><strong>Konformit\u00e4t:<\/strong> Befolgt die einschl\u00e4gigen Gesetze, Vorschriften und Branchenstandards.<\/li><li><strong>Widerstandsf\u00e4higkeit<\/strong>: Demonstriert die F\u00e4higkeit, sich schnell von St\u00f6rungen oder Cybervorf\u00e4llen zu erholen.<\/li><li><strong>Ethische Praktiken: <\/strong>H\u00e4lt hohe ethische Standards ein, wie z. B. die Vermeidung irref\u00fchrender Praktiken und die Achtung der Nutzerrechte.<\/li><\/ul><p><img decoding=\"async\" style=\"width: 100%; height: 100%;\" src=\"https:\/\/staging.pecb.com\/admin\/apps\/backend\/uploads\/images\/Digital-Trust-DE.png\" alt=\"\" \/><\/p><h2>Wie k\u00f6nnen Sie digitales Vertrauen in Ihrem Unternehmen aufbauen?<\/h2><ol><li><strong>Implementierung robuster Cybersicherheitsma\u00dfnahmen: <\/strong>Verwenden Sie sichere Passw\u00f6rter, Verschl\u00fcsselung und mehrstufige Authentifizierung, um Systeme und Daten zu sch\u00fctzen.<\/li><li><strong>Sicherstellung der Einhaltung der Datenschutzgesetze: <\/strong>\u00dcberpr\u00fcfen Sie regelm\u00e4\u00dfig die Richtlinien, um sicherzustellen, dass sie den aktuellen Vorschriften wie der DSGVO oder dem CCPA entsprechen.<\/li><li><strong>Transparenz gegen\u00fcber den Kunden:<\/strong> Kommunizieren Sie klar und deutlich, wie Daten gesammelt, verwendet und gesch\u00fctzt werden.<\/li><li><strong>In digitale Vertrauenstechnologien investieren:<\/strong> Nutzen Sie Technologien wie Blockchain und fortschrittliche Verschl\u00fcsselung, um Transaktionen und Daten zu sichern.<\/li><li><strong>Mitarbeiter schulen: <\/strong>Schulen Sie Ihre Mitarbeiter im Umgang mit Daten, bew\u00e4hrten Verfahren der Cybersicherheit und den Grunds\u00e4tzen des digitalen Vertrauens.<\/li><li><strong>Erstellung eines soliden Plans zur Reaktion auf Vorf\u00e4lle: <\/strong>Bereiten Sie sich darauf vor, im Falle einer Datenverletzung oder eines Cyberangriffs schnell und effektiv zu handeln.<\/li><\/ol><h2>PECB mit Fokus auf digitales Vertrauen<\/h2><p>Als f\u00fchrende Zertifizierungsstelle setzt sich die PECB f\u00fcr den Aufbau von digitalem Vertrauen durch umfassende Ausbildungs-, Zertifizierungs- und Zertifikatsprogramme in verschiedenen Bereichen ein. Wir erm\u00f6glichen es Fachleuten, ihre F\u00e4higkeiten im Bereich der digitalen Sicherheit und anderen Fachgebieten zu verbessern und zu pr\u00e4sentieren, indem wir erstklassige Zertifizierungsprogramme anbieten, die sich an international anerkannten Standards orientieren.<\/p><p>Die Entscheidung, den Fokus auf Digitales Vertrauen zu legen, beruht auf der zunehmenden Wichtigkeit von sicheren und vertrauensw\u00fcrdigen digitalen Praktiken in der heutigen vernetzten Welt. Digitales Vertrauen umfasst Schl\u00fcsselbereiche wie Informationssicherheit, Gesch\u00e4ftskontinuit\u00e4t, Governance, Risikomanagement, Compliance, Datenschutz, digitale Transformation und k\u00fcnstliche Intelligenz. Unser bew\u00e4hrtes Fachwissen und unser Erfolg in diesen Bereichen machen uns in einzigartiger Weise zum Vorreiter und Innovator in diesem wichtigen Bereich.<\/p><p>PECB bietet eine umfangreiche Liste von Schulungen und Zertifizierungen an, die Einzelpersonen und Unternehmen dabei helfen, digitales Vertrauen aufzubauen, wie z.B:<\/p><ul style=\"margin-left: 40px;\"><li><a href=\"https:\/\/staging.pecb.com\/de\/education-and-certification-for-individuals\/iso-iec-27001\/iso-iec-27001-lead-implementer\">ISO\/IEC 27001 Lead Implementer<\/a> &amp; <a href=\"https:\/\/staging.pecb.com\/de\/education-and-certification-for-individuals\/iso-iec-27001\/iso-iec-27001-lead-auditor\">ISO\/IEC 27001 Lead Auditor<\/a><\/li><li><a href=\"https:\/\/staging.pecb.com\/de\/education-and-certification-for-individuals\/pecb-ciso\">PECB Chief Information Security Officer (CISO)<\/a><\/li><li><a href=\"https:\/\/staging.pecb.com\/de\/education-and-certification-for-individuals\/cybersecurity-management\/lead-cybersecurity-manager\">Lead Cybersecurity Manager<\/a><\/li><li><a href=\"https:\/\/staging.pecb.com\/de\/education-and-certification-for-individuals\/cloud-security\/lead-cloud-security-manager\">Lead Cloud Security Manager<\/a><\/li><li><a href=\"https:\/\/staging.pecb.com\/de\/education-and-certification-for-individuals\/penetration-testing\/lead-pen-test-professional\">Lead Pen Test Professional<\/a><\/li><li><a href=\"https:\/\/staging.pecb.com\/de\/education-and-certification-for-individuals\/computer-forensics\/lead-forensics-examiner\">Lead Computer Forensics Examiner<\/a><\/li><li><a href=\"https:\/\/staging.pecb.com\/de\/education-and-certification-for-individuals\/soc2\/lead-soc2-analyst\">Lead SOC 2 Analyst<\/a><\/li><li><a href=\"https:\/\/staging.pecb.com\/de\/education-and-certification-for-individuals\/certified-nis-2-directive-lead-implementer\/nis-2-directive-lead-implementer\">NIS 2 Directive Lead Implementer<\/a><\/li><li><a href=\"https:\/\/staging.pecb.com\/de\/education-and-certification-for-individuals\/ethical-hacking\/lead-ethical-hacker\">Lead Ethical Hacker<\/a><\/li><li><a href=\"https:\/\/staging.pecb.com\/de\/education-and-certification-for-individuals\/ccta\/cyber-threat-analyst\">Cyber Threat Analyst (CCTA)<\/a><\/li><li><a href=\"https:\/\/staging.pecb.com\/de\/education-and-certification-for-individuals\/iso-iec-27701\/iso-iec-27701-lead-implementer\">ISO\/IEC 27701 Lead Implementer<\/a> &amp; <a href=\"https:\/\/staging.pecb.com\/de\/education-and-certification-for-individuals\/iso-iec-27701\/iso-iec-27701-lead-auditor\">ISO\/IEC 27701 Lead Auditor<\/a><\/li><li><a href=\"https:\/\/staging.pecb.com\/de\/education-and-certification-for-individuals\/gdpr\/certified-data-protection-officer\">Certified Data Protection Officer &#8211; GDPR<\/a><\/li><li><a href=\"https:\/\/staging.pecb.com\/de\/education-and-certification-for-individuals\/iso-iec-42001\/iso-iec-42001-lead-implementer\">ISO\/IEC 42001 Lead Implementer<\/a> &amp; <a href=\"https:\/\/staging.pecb.com\/de\/education-and-certification-for-individuals\/iso-iec-42001\/iso-iec-42001-lead-auditor\">ISO\/IEC 42001 Lead Auditor<\/a><\/li><li><a href=\"https:\/\/staging.pecb.com\/de\/education-and-certification-for-individuals\/digital-transformation\/digital-transformation-officer\">Digital Transformation Officer<\/a><\/li><\/ul>\t\t\t\t\t\t\t\t<\/div>\n\t\t\t\t\t<\/div>\n\t\t\t\t<\/div>\n\t\t\t\t<\/div>\n\t\t","protected":false},"excerpt":{"rendered":"<p>Digitales Vertrauen: Aufbau einer sicheren Zukunft Digitales Vertrauen wird immer mehr zu einem entscheidenden Faktor in den Beziehungen zwischen Unternehmen und ihren Kunden. Da immer mehr Transaktionen und Interaktionen online stattfinden, kann die Bedeutung der Aufrechterhaltung des digitalen Vertrauens nicht hoch genug eingesch\u00e4tzt werden. Was ist digitales Vertrauen? Digitales Vertrauen bezieht sich auf das Vertrauen, [&hellip;]<\/p>\n","protected":false},"author":2,"featured_media":0,"parent":27837,"menu_order":0,"comment_status":"closed","ping_status":"closed","template":"","meta":{"_acf_changed":false,"content-type":"","footnotes":""},"class_list":["post-26697","page","type-page","status-publish","hentry"],"acf":[],"yoast_head":"<!-- This site is optimized with the Yoast SEO plugin v26.9 - https:\/\/yoast.com\/product\/yoast-seo-wordpress\/ -->\n<title>Digitales Vertrauen: Aufbau einer sicheren Zukunft - PECB<\/title>\n<meta name=\"robots\" content=\"index, follow, max-snippet:-1, max-image-preview:large, max-video-preview:-1\" \/>\n<link rel=\"canonical\" href=\"https:\/\/staging.pecb.com\/de\/about\/digital-trust\" \/>\n<meta property=\"og:locale\" content=\"de_DE\" \/>\n<meta property=\"og:type\" content=\"article\" \/>\n<meta property=\"og:title\" content=\"Digitales Vertrauen: Aufbau einer sicheren Zukunft - PECB\" \/>\n<meta property=\"og:description\" content=\"Digitales Vertrauen: Aufbau einer sicheren Zukunft Digitales Vertrauen wird immer mehr zu einem entscheidenden Faktor in den Beziehungen zwischen Unternehmen und ihren Kunden. Da immer mehr Transaktionen und Interaktionen online stattfinden, kann die Bedeutung der Aufrechterhaltung des digitalen Vertrauens nicht hoch genug eingesch\u00e4tzt werden. Was ist digitales Vertrauen? Digitales Vertrauen bezieht sich auf das Vertrauen, [&hellip;]\" \/>\n<meta property=\"og:url\" content=\"https:\/\/staging.pecb.com\/de\/about\/digital-trust\" \/>\n<meta property=\"og:site_name\" content=\"PECB\" \/>\n<meta property=\"article:publisher\" content=\"https:\/\/www.facebook.com\/PECBInternational\/\" \/>\n<meta property=\"article:modified_time\" content=\"2025-11-19T14:44:15+00:00\" \/>\n<meta property=\"og:image\" content=\"https:\/\/staging.pecb.com\/admin\/apps\/backend\/uploads\/images\/Digital-Trust-DE.png\" \/>\n<meta name=\"twitter:card\" content=\"summary_large_image\" \/>\n<meta name=\"twitter:site\" content=\"@PECB\" \/>\n<meta name=\"twitter:label1\" content=\"Gesch\u00e4tzte Lesezeit\" \/>\n\t<meta name=\"twitter:data1\" content=\"4\u00a0Minuten\" \/>\n<script type=\"application\/ld+json\" class=\"yoast-schema-graph\">{\"@context\":\"https:\/\/schema.org\",\"@graph\":[{\"@type\":\"WebPage\",\"@id\":\"https:\/\/staging.pecb.com\/de\/about\/digital-trust\",\"url\":\"https:\/\/staging.pecb.com\/de\/about\/digital-trust\",\"name\":\"Digitales Vertrauen: Aufbau einer sicheren Zukunft - PECB\",\"isPartOf\":{\"@id\":\"https:\/\/staging.pecb.com\/de#website\"},\"primaryImageOfPage\":{\"@id\":\"https:\/\/staging.pecb.com\/de\/about\/digital-trust#primaryimage\"},\"image\":{\"@id\":\"https:\/\/staging.pecb.com\/de\/about\/digital-trust#primaryimage\"},\"thumbnailUrl\":\"https:\/\/staging.pecb.com\/admin\/apps\/backend\/uploads\/images\/Digital-Trust-DE.png\",\"datePublished\":\"2025-07-18T04:10:17+00:00\",\"dateModified\":\"2025-11-19T14:44:15+00:00\",\"breadcrumb\":{\"@id\":\"https:\/\/staging.pecb.com\/de\/about\/digital-trust#breadcrumb\"},\"inLanguage\":\"de\",\"potentialAction\":[{\"@type\":\"ReadAction\",\"target\":[\"https:\/\/staging.pecb.com\/de\/about\/digital-trust\"]}]},{\"@type\":\"ImageObject\",\"inLanguage\":\"de\",\"@id\":\"https:\/\/staging.pecb.com\/de\/about\/digital-trust#primaryimage\",\"url\":\"https:\/\/staging.pecb.com\/admin\/apps\/backend\/uploads\/images\/Digital-Trust-DE.png\",\"contentUrl\":\"https:\/\/staging.pecb.com\/admin\/apps\/backend\/uploads\/images\/Digital-Trust-DE.png\"},{\"@type\":\"BreadcrumbList\",\"@id\":\"https:\/\/staging.pecb.com\/de\/about\/digital-trust#breadcrumb\",\"itemListElement\":[{\"@type\":\"ListItem\",\"position\":1,\"name\":\"Home\",\"item\":\"https:\/\/staging.pecb.com\/de\"},{\"@type\":\"ListItem\",\"position\":2,\"name\":\"\u00dcber\",\"item\":\"https:\/\/staging.pecb.com\/de\/about\"},{\"@type\":\"ListItem\",\"position\":3,\"name\":\"Digitales Vertrauen: Aufbau einer sicheren Zukunft\"}]},{\"@type\":\"WebSite\",\"@id\":\"https:\/\/staging.pecb.com\/de#website\",\"url\":\"https:\/\/staging.pecb.com\/de\",\"name\":\"PECB\",\"description\":\"\",\"publisher\":{\"@id\":\"https:\/\/staging.pecb.com\/de#organization\"},\"potentialAction\":[{\"@type\":\"SearchAction\",\"target\":{\"@type\":\"EntryPoint\",\"urlTemplate\":\"https:\/\/staging.pecb.com\/de?s={search_term_string}\"},\"query-input\":{\"@type\":\"PropertyValueSpecification\",\"valueRequired\":true,\"valueName\":\"search_term_string\"}}],\"inLanguage\":\"de\"},{\"@type\":\"Organization\",\"@id\":\"https:\/\/staging.pecb.com\/de#organization\",\"name\":\"PECB\",\"url\":\"https:\/\/staging.pecb.com\/de\",\"logo\":{\"@type\":\"ImageObject\",\"inLanguage\":\"de\",\"@id\":\"https:\/\/staging.pecb.com\/de#\/schema\/logo\/image\/\",\"url\":\"https:\/\/staging.pecb.com\/wp-content\/uploads\/2025\/05\/Clip-path-group.svg\",\"contentUrl\":\"https:\/\/staging.pecb.com\/wp-content\/uploads\/2025\/05\/Clip-path-group.svg\",\"width\":96,\"height\":26,\"caption\":\"PECB\"},\"image\":{\"@id\":\"https:\/\/staging.pecb.com\/de#\/schema\/logo\/image\/\"},\"sameAs\":[\"https:\/\/www.facebook.com\/PECBInternational\/\",\"https:\/\/x.com\/PECB\",\"https:\/\/www.linkedin.com\/company\/pecb\",\"https:\/\/www.youtube.com\/channel\/UCQPfrnIUa7Q0oBRyT8l5eTg\",\"https:\/\/www.instagram.com\/pecb.official\/\"]}]}<\/script>\n<!-- \/ Yoast SEO plugin. -->","yoast_head_json":{"title":"Digitales Vertrauen: Aufbau einer sicheren Zukunft - PECB","robots":{"index":"index","follow":"follow","max-snippet":"max-snippet:-1","max-image-preview":"max-image-preview:large","max-video-preview":"max-video-preview:-1"},"canonical":"https:\/\/staging.pecb.com\/de\/about\/digital-trust","og_locale":"de_DE","og_type":"article","og_title":"Digitales Vertrauen: Aufbau einer sicheren Zukunft - PECB","og_description":"Digitales Vertrauen: Aufbau einer sicheren Zukunft Digitales Vertrauen wird immer mehr zu einem entscheidenden Faktor in den Beziehungen zwischen Unternehmen und ihren Kunden. Da immer mehr Transaktionen und Interaktionen online stattfinden, kann die Bedeutung der Aufrechterhaltung des digitalen Vertrauens nicht hoch genug eingesch\u00e4tzt werden. Was ist digitales Vertrauen? Digitales Vertrauen bezieht sich auf das Vertrauen, [&hellip;]","og_url":"https:\/\/staging.pecb.com\/de\/about\/digital-trust","og_site_name":"PECB","article_publisher":"https:\/\/www.facebook.com\/PECBInternational\/","article_modified_time":"2025-11-19T14:44:15+00:00","og_image":[{"url":"https:\/\/staging.pecb.com\/admin\/apps\/backend\/uploads\/images\/Digital-Trust-DE.png","type":"","width":"","height":""}],"twitter_card":"summary_large_image","twitter_site":"@PECB","twitter_misc":{"Gesch\u00e4tzte Lesezeit":"4\u00a0Minuten"},"schema":{"@context":"https:\/\/schema.org","@graph":[{"@type":"WebPage","@id":"https:\/\/staging.pecb.com\/de\/about\/digital-trust","url":"https:\/\/staging.pecb.com\/de\/about\/digital-trust","name":"Digitales Vertrauen: Aufbau einer sicheren Zukunft - PECB","isPartOf":{"@id":"https:\/\/staging.pecb.com\/de#website"},"primaryImageOfPage":{"@id":"https:\/\/staging.pecb.com\/de\/about\/digital-trust#primaryimage"},"image":{"@id":"https:\/\/staging.pecb.com\/de\/about\/digital-trust#primaryimage"},"thumbnailUrl":"https:\/\/staging.pecb.com\/admin\/apps\/backend\/uploads\/images\/Digital-Trust-DE.png","datePublished":"2025-07-18T04:10:17+00:00","dateModified":"2025-11-19T14:44:15+00:00","breadcrumb":{"@id":"https:\/\/staging.pecb.com\/de\/about\/digital-trust#breadcrumb"},"inLanguage":"de","potentialAction":[{"@type":"ReadAction","target":["https:\/\/staging.pecb.com\/de\/about\/digital-trust"]}]},{"@type":"ImageObject","inLanguage":"de","@id":"https:\/\/staging.pecb.com\/de\/about\/digital-trust#primaryimage","url":"https:\/\/staging.pecb.com\/admin\/apps\/backend\/uploads\/images\/Digital-Trust-DE.png","contentUrl":"https:\/\/staging.pecb.com\/admin\/apps\/backend\/uploads\/images\/Digital-Trust-DE.png"},{"@type":"BreadcrumbList","@id":"https:\/\/staging.pecb.com\/de\/about\/digital-trust#breadcrumb","itemListElement":[{"@type":"ListItem","position":1,"name":"Home","item":"https:\/\/staging.pecb.com\/de"},{"@type":"ListItem","position":2,"name":"\u00dcber","item":"https:\/\/staging.pecb.com\/de\/about"},{"@type":"ListItem","position":3,"name":"Digitales Vertrauen: Aufbau einer sicheren Zukunft"}]},{"@type":"WebSite","@id":"https:\/\/staging.pecb.com\/de#website","url":"https:\/\/staging.pecb.com\/de","name":"PECB","description":"","publisher":{"@id":"https:\/\/staging.pecb.com\/de#organization"},"potentialAction":[{"@type":"SearchAction","target":{"@type":"EntryPoint","urlTemplate":"https:\/\/staging.pecb.com\/de?s={search_term_string}"},"query-input":{"@type":"PropertyValueSpecification","valueRequired":true,"valueName":"search_term_string"}}],"inLanguage":"de"},{"@type":"Organization","@id":"https:\/\/staging.pecb.com\/de#organization","name":"PECB","url":"https:\/\/staging.pecb.com\/de","logo":{"@type":"ImageObject","inLanguage":"de","@id":"https:\/\/staging.pecb.com\/de#\/schema\/logo\/image\/","url":"https:\/\/staging.pecb.com\/wp-content\/uploads\/2025\/05\/Clip-path-group.svg","contentUrl":"https:\/\/staging.pecb.com\/wp-content\/uploads\/2025\/05\/Clip-path-group.svg","width":96,"height":26,"caption":"PECB"},"image":{"@id":"https:\/\/staging.pecb.com\/de#\/schema\/logo\/image\/"},"sameAs":["https:\/\/www.facebook.com\/PECBInternational\/","https:\/\/x.com\/PECB","https:\/\/www.linkedin.com\/company\/pecb","https:\/\/www.youtube.com\/channel\/UCQPfrnIUa7Q0oBRyT8l5eTg","https:\/\/www.instagram.com\/pecb.official\/"]}]}},"_links":{"self":[{"href":"https:\/\/staging.pecb.com\/de\/wp-json\/wp\/v2\/pages\/26697","targetHints":{"allow":["GET"]}}],"collection":[{"href":"https:\/\/staging.pecb.com\/de\/wp-json\/wp\/v2\/pages"}],"about":[{"href":"https:\/\/staging.pecb.com\/de\/wp-json\/wp\/v2\/types\/page"}],"author":[{"embeddable":true,"href":"https:\/\/staging.pecb.com\/de\/wp-json\/wp\/v2\/users\/2"}],"replies":[{"embeddable":true,"href":"https:\/\/staging.pecb.com\/de\/wp-json\/wp\/v2\/comments?post=26697"}],"version-history":[{"count":0,"href":"https:\/\/staging.pecb.com\/de\/wp-json\/wp\/v2\/pages\/26697\/revisions"}],"up":[{"embeddable":true,"href":"https:\/\/staging.pecb.com\/de\/wp-json\/wp\/v2\/pages\/27837"}],"wp:attachment":[{"href":"https:\/\/staging.pecb.com\/de\/wp-json\/wp\/v2\/media?parent=26697"}],"curies":[{"name":"wp","href":"https:\/\/api.w.org\/{rel}","templated":true}]}}