{"id":26676,"date":"2025-07-17T14:36:03","date_gmt":"2025-07-17T14:36:03","guid":{"rendered":"https:\/\/pecb.com\/pecb-certification-process"},"modified":"2025-11-20T09:09:32","modified_gmt":"2025-11-20T08:09:32","slug":"pecb-certification-process","status":"publish","type":"page","link":"https:\/\/staging.pecb.com\/de\/about\/pecb-certification-process","title":{"rendered":"Zertifizierungsprozess"},"content":{"rendered":"\t\t<div data-elementor-type=\"wp-page\" data-elementor-id=\"26676\" class=\"elementor elementor-26676 elementor-15812\" data-elementor-post-type=\"page\">\n\t\t\t\t<div class=\"elementor-element elementor-element-3a3b4019 e-flex e-con-boxed e-con e-parent\" data-id=\"3a3b4019\" data-element_type=\"container\" data-e-type=\"container\" data-settings=\"{&quot;background_background&quot;:&quot;classic&quot;}\">\n\t\t\t\t\t<div class=\"e-con-inner\">\n\t\t\t\t<div class=\"elementor-element elementor-element-587de11e elementor-widget elementor-widget-heading\" data-id=\"587de11e\" data-element_type=\"widget\" data-e-type=\"widget\" data-widget_type=\"heading.default\">\n\t\t\t\t\t<h1 class=\"elementor-heading-title elementor-size-default\">Zertifizierungsprozess<\/h1>\t\t\t\t<\/div>\n\t\t\t\t\t<\/div>\n\t\t\t\t<\/div>\n\t\t<div class=\"elementor-element elementor-element-61f629b e-flex e-con-boxed e-con e-parent\" data-id=\"61f629b\" data-element_type=\"container\" data-e-type=\"container\" data-settings=\"{&quot;background_background&quot;:&quot;classic&quot;}\">\n\t\t\t\t\t<div class=\"e-con-inner\">\n\t\t\t\t<div class=\"elementor-element elementor-element-1b4cb46 elementor-widget elementor-widget-text-editor\" data-id=\"1b4cb46\" data-element_type=\"widget\" data-e-type=\"widget\" data-widget_type=\"text-editor.default\">\n\t\t\t\t\t\t\t\t\t<p dir=\"auto\">\n        <style>\n            .child-pages {\n                display: flex;\n                flex-wrap: wrap;\n                justify-content: center;\n                gap: 8px;\n                width: fit-content;\n                margin: 0 auto;\n                 padding:10px;\n            }\n            .child-pages li {\n                display: flex;\n                padding: 8px 16px;\n                flex-direction: column;\n                align-items: center;\n                border-radius: 4px;\n                background: #FFF;\n                list-style: none;\n            }\n            .child-pages li.active {\n                background: #CBD5E1;\n            }\n            .child-pages li a {\n                color: #000;\n                text-align: center;\n                font-family: Parabolica, sans-serif;\n                font-size: 14px;\n                font-style: normal;\n                font-weight: 400;\n                line-height: normal;\n                text-decoration: none;\n            }\n            .child-pages li a:hover {\n                text-decoration: underline;\n            }\n        <\/style>\n    <ul class=\"child-pages\"><li class=\"\"><a href=\"https:\/\/staging.pecb.com\/en\/about\">About<\/a><\/li><li class=\"\"><a href=\"https:\/\/staging.pecb.com\/de\/about\/accreditations-and-affiliations\">Akkreditierungen und Zugeh\u00f6rigkeiten<\/a><\/li><li class=\"\"><a href=\"https:\/\/staging.pecb.com\/de\/about\/complaint-and-appeal-policy\">Beschwerden- Und Berufungsrichtlinie<\/a><\/li><li class=\"\"><a href=\"https:\/\/staging.pecb.com\/de\/about\/digital-trust\">Digitales Vertrauen: Aufbau einer sicheren Zukunft<\/a><\/li><li class=\"\"><a href=\"https:\/\/staging.pecb.com\/de\/about\/gdpr-privacy-statement\">DSGVO-Datenschutzerkl\u00e4rung<\/a><\/li><li class=\"\"><a href=\"https:\/\/staging.pecb.com\/de\/about\/statement-of-impartiality\">Erkl\u00e4rung der Unparteilichkeit<\/a><\/li><li class=\"\"><a href=\"https:\/\/staging.pecb.com\/de\/about\/code-of-ethics\">Ethik-kodex<\/a><\/li><li class=\"\"><a href=\"https:\/\/staging.pecb.com\/de\/about\/team\">PECB-management<\/a><\/li><li class=\"\"><a href=\"https:\/\/staging.pecb.com\/de\/about\/pecb-code-of-ethics-violation-policy\">PECB-Richtlinie bei Verst\u00f6ssen Gegen den Ethikkodex<\/a><\/li><li class=\"\"><a href=\"https:\/\/staging.pecb.com\/de\/about\/pecb-policy-regarding-canadian-and-international-economic-sanctions-and-the-countries-impacted\">PECB-Richtlinie zu kanadischen und internationalen Wirtschaftssanktionen sowie den betroffenen L\u00e4ndern<\/a><\/li><li class=\"\"><a href=\"https:\/\/staging.pecb.com\/de\/about\/pecb-quality-and-information-security-policies\">Qualit\u00e4ts- und Informationssicherheitsrichtlinien<\/a><\/li><li class=\"\"><a href=\"https:\/\/staging.pecb.com\/de\/about\/certification-mark-use-policy\">Richtlinien zur Verwendung von Zertifizierungszeichen<\/a><\/li><li class=\"\"><a href=\"https:\/\/staging.pecb.com\/de\/about\/pecb-refund-policy\">R\u00fcckerstattungs-Richtlinie<\/a><\/li><li class=\"\"><a href=\"https:\/\/staging.pecb.com\/de\/about\/behavior-policy\">Verhaltensrichtlinie<\/a><\/li><li class=\"\"><a href=\"https:\/\/staging.pecb.com\/de\/about\/violation-of-pecb-brand-and-fraud-reporting-policy\">Versto\u00df gegen die PECB-Marke und Betrugsmeldung<\/a><\/li><li class=\"\"><a href=\"https:\/\/staging.pecb.com\/de\/about\/values-of-pecb-certification\">Wert der PECB-Zertifizierung<\/a><\/li><li class=\"\"><a href=\"https:\/\/staging.pecb.com\/de\/about\/pecb-certification-process\">Zertifizierungsprozess<\/a><\/li><\/ul><\/p>\t\t\t\t\t\t\t\t<\/div>\n\t\t\t\t\t<\/div>\n\t\t\t\t<\/div>\n\t\t<div class=\"elementor-element elementor-element-60794901 e-flex e-con-boxed e-con e-parent\" data-id=\"60794901\" data-element_type=\"container\" data-e-type=\"container\">\n\t\t\t\t\t<div class=\"e-con-inner\">\n\t\t\t\t<div class=\"elementor-element elementor-element-508d3c54 elementor-widget elementor-widget-heading\" data-id=\"508d3c54\" data-element_type=\"widget\" data-e-type=\"widget\" data-widget_type=\"heading.default\">\n\t\t\t\t\t<h2 class=\"elementor-heading-title elementor-size-default\">Haftungsausschluss<\/h2>\t\t\t\t<\/div>\n\t\t\t\t<div class=\"elementor-element elementor-element-759a3816 elementor-widget elementor-widget-text-editor\" data-id=\"759a3816\" data-element_type=\"widget\" data-e-type=\"widget\" data-widget_type=\"text-editor.default\">\n\t\t\t\t\t\t\t\t\t<p style=\"text-align: justify;\"><span style=\"font-size: 11px;\"><strong>Haftungsausschluss: <\/strong><em>\u201eZertifiziert\u201c bezieht sich auf die Anforderungen der ISO\/IEC 17024-Zertifizierung, und \u201eZertifikatsinhaber\u201c bezieht sich auf die Anforderungen der ASTM E2659-Zertifizierungsprogramme.<\/em><\/span><\/p><h2 style=\"text-align: justify;\"><strong>1. Entscheiden Sie, welche Zertifizierung f\u00fcr Sie die richtige ist.<\/strong><\/h2><p style=\"text-align: justify;\">Jede PECB-Zertifizierung hat eine spezifische Ausbildung und eine Reihe von Erfahrungsanforderungen. Um festzustellen, welche Qualifikation f\u00fcr Sie die richtige ist, \u00fcberpr\u00fcfen Sie alle Berechtigungsanforderungen f\u00fcr die verschiedenen Zertifizierungen und Ihre beruflichen Anforderungen.<\/p><h2 style=\"text-align: justify;\"><strong>2. Vorbereitung auf die Pr\u00fcfung<\/strong><\/h2><p style=\"text-align: justify;\">Alle Zertifizierungskandidaten sind f\u00fcr ihr eigenes Studium und die Vorbereitung auf die Pr\u00fcfung verantwortlich. Im Rahmen des Zertifizierungsprozesses sind keine spezifischen Kurse oder Studienpl\u00e4ne erforderlich. Ebenso erh\u00f6ht der Abschluss eines Kurses oder Studiengangs Ihre Chancen, eine PECB-Zertifizierungspr\u00fcfung zu bestehen, erheblich. Um mehr \u00fcber Pr\u00fcfungen, Kompetenzbereiche und Wissensstatements zu erfahren, gehen Sie bitte zu:\u00a0<a href=\"https:\/\/staging.pecb.com\/de\/exam-preparation-guides\" target=\"_blank\" rel=\"noopener\">PECB Pr\u00fcfungsvorbereitungshandb\u00fccher<\/a>.\u00a0<\/p><h2 style=\"text-align: justify;\"><strong>3. Anmeldung und Terminierung der Pr\u00fcfung<\/strong><\/h2><p style=\"text-align: justify;\">Um eine Untersuchung zu planen:<\/p><p>a). Kandidaten k\u00f6nnen sich an einen unserer Partner wenden, der Trainings- und Pr\u00fcfungskurse anbietet. Um einen Trainingsanbieter in Ihrer Region zu finden, folgen Sie bitte diesem Link:\u00a0<a href=\"https:\/\/staging.pecb.com\/partner\/active_partners\">https:\/\/staging.pecb.com\/partner\/active_partners<\/a>. Der Trainingsplan der PECB ist auch hier verf\u00fcgbar: <a href=\"https:\/\/staging.pecb.com\/de\/partnerEvent\/event_schedule_list\" target=\"_blank\" rel=\"noopener\">https:\/\/staging.pecb.com\/de\/partnerEvent\/event_schedule_list<\/a>.<\/p><p>b). Die Kandidaten k\u00f6nnen eine PECB-Pr\u00fcfung auch aus der Ferne und bequem von zu Hause aus \u00fcber die PECB-Pr\u00fcfungsanmeldung ablegen, die unter\u00a0<a href=\"https:\/\/staging.pecb.com\/de\/eventExamList\/schedule\">https:\/\/staging.pecb.com\/de\/eventExamList\/schedule<\/a>\u00a0abgerufen werden kann.<\/p><h2 style=\"text-align: justify;\"><strong>4. Die Pr\u00fcfung ablegen<\/strong><\/h2><p style=\"text-align: justify;\">Die Kandidaten m\u00fcssen mindestens 30 Minuten vor Beginn der Zertifizierungspr\u00fcfung eintreffen. Kandidaten, die zu sp\u00e4t kommen, erhalten keine Ausgleichszeit f\u00fcr die versp\u00e4tete Ankunft und k\u00f6nnen von der Teilnahme an der Pr\u00fcfung ausgeschlossen werden. Alle Kandidaten sind verpflichtet, dem Aufsichtsf\u00fchrenden einen g\u00fcltigen Personalausweis wie Personalausweis, F\u00fchrerschein oder Reisepass vorzulegen. Die Dauer der Pr\u00fcfung h\u00e4ngt von der Art der abgelegten Pr\u00fcfung ab (siehe Beschreibung der verschiedenen Pr\u00fcfungen f\u00fcr weitere Details). F\u00fcr Kandidaten, die die Pr\u00fcfung in einer anderen Sprache als ihrer Muttersprache ablegen (auf Wunsch der Kandidaten am Pr\u00fcfungstag), kann zus\u00e4tzliche Zeit vorgesehen werden.<\/p><p style=\"text-align: justify;\"><strong>Pr\u00fcfungsart:<\/strong><\/p><p style=\"text-align: justify;\">Aufsatztypen, so genannte &#8220; Offenes Buch &#8220; Pr\u00fcfungen, sind Pr\u00fcfungen, bei denen die Kandidaten berechtigt sind, nur die folgenden Referenzmaterialien zu verwenden:<\/p><ul style=\"margin-left: 40px;\"><li style=\"text-align: justify;\">Eine Kopie der Norm in Papierform;<\/li><li>Kurshinweise aus dem Handbuch des Teilnehmers;<\/li><li>Alle pers\u00f6nlichen Notizen, die der Student w\u00e4hrend des Kurses gemacht hat;<\/li><li>Ein Papierw\u00f6rterbuch.<\/li><\/ul><p style=\"text-align: justify;\">Weitere Informationen zu den Pr\u00fcfungsdetails finden Sie unter\u00a0<a href=\"https:\/\/staging.pecb.com\/de\/examination-rules-and-policies\">Pr\u00fcfungsregeln und -richtlinien<\/a>.<\/p><h2 style=\"text-align: justify;\"><strong>5. Erhalten Sie Ihre Pr\u00fcfungsergebnisse<\/strong><\/h2><p>Die Ergebnisse werden innerhalb von 6 bis 8 Wochen nach dem Pr\u00fcfungstermin per E-Mail mitgeteilt. Dem Kandidaten werden nur zwei m\u00f6gliche Pr\u00fcfungsergebnisse zur Verf\u00fcgung gestellt: bestanden oder nicht bestanden, und nicht eine genaue Note.<\/p><p>Im Falle eines Misserfolgs werden die Ergebnisse mit der Liste der Bereiche versehen, in denen der Kandidat die Frage nicht vollst\u00e4ndig beantwortet hat. Dies kann dem Kandidaten helfen, sich besser auf eine Wiederholung der Pr\u00fcfung vorzubereiten. Kandidaten, die mit den Pr\u00fcfungsergebnissen nicht einverstanden sind, k\u00f6nnen eine Beschwerde einreichen, indem sie sich schriftlich an\u00a0<a href=\"mailto:examination@staging.pecb.com\">examination@staging.pecb.com<\/a>\u00a0wenden.<\/p><h2 style=\"text-align: justify;\"><strong>6. Antrag auf Zertifizierung<\/strong><\/h2><p>Alle Teilnehmer, die ihre Zertifizierungspr\u00fcfung erfolgreich bestanden haben (oder ein von der PECB anerkanntes \u00c4quivalent), sind berechtigt, die PECB-Anmeldeinformationen zu beantragen, f\u00fcr die sie gepr\u00fcft wurden. Um eine PECB-Zertifizierung zu erhalten, m\u00fcssen spezifische Bildungs- und Berufsanforderungen erf\u00fcllt sein. Die Kandidaten m\u00fcssen das Online-<a href=\"https:\/\/staging.pecb.com\/de\/user\/checkEmail\">Zertifizierungsantragsformular<\/a>\u00a0ausf\u00fcllen und alle anderen Online-Formulare (auf die \u00fcber ihr PECB-Online-Profil zugegriffen werden kann) ausf\u00fcllen, einschlie\u00dflich der Kontaktdaten von Referenzen, die zur Best\u00e4tigung der Berufserfahrung der Kandidaten kontaktiert werden. Schlie\u00dflich kann ein Kandidat vor der Einreichung der Bewerbung w\u00e4hlen, ob er online bezahlen oder in Rechnung gestellt werden m\u00f6chte. Falls der Kandidat zus\u00e4tzliche Informationen ben\u00f6tigt, sollte er sich an\u00a0<a href=\"mailto:accounting@staging.pecb.com\">accounting@staging.pecb.com<\/a>\u00a0und\/oder\u00a0<a href=\"mailto:certification@staging.pecb.com\">certification@staging.pecb.com<\/a>\u00a0wenden.<\/p><p>Die Genehmigung des Antrags erfolgt, sobald die Zertifizierungsstelle best\u00e4tigt, dass Sie alle Zertifizierungsanforderungen bez\u00fcglich der von Ihnen beantragten Berechtigung erf\u00fcllen. An die E-Mail-Adresse, die Sie w\u00e4hrend Ihres Bewerbungsprozesses angegeben haben, wird eine E-Mail gesendet, um Ihnen den Status Ihrer Bewerbung mitzuteilen. Nach der Genehmigung k\u00f6nnen Sie dann Ihr Zertifikat von Ihrem Mitgliedskonto herunterladen.<\/p><h2 style=\"text-align: justify;\"><strong>7. Pflegen Sie Ihre Zertifizierung<\/strong><\/h2><p>PECB-Zertifizierungen sind drei Jahre lang g\u00fcltig. Um die Zertifizierung aufrechtzuerhalten, muss der Antragsteller jedes Jahr nachweisen, dass er noch Aufgaben wahrnimmt, die mit der Zertifizierung zusammenh\u00e4ngen. PECB-zertifizierte Fachleute stellen der PECB j\u00e4hrlich die Anzahl der Stunden der von ihnen durchgef\u00fchrten Audits und\/oder umsetzungsbezogenen Aufgaben sowie die Kontaktdaten von Personen zur Verf\u00fcgung, die diese Aufgaben best\u00e4tigen k\u00f6nnen. Dar\u00fcber hinaus sollten zertifizierte Fachleute regelm\u00e4\u00dfig die j\u00e4hrlichen Wartungskosten der PECB-Zertifizierung bezahlen.<\/p><p>Eine Benachrichtigungs-E-Mail geht an unsere zertifizierten Mitglieder, die ihre Kontinuierliche Weiterbildungsentwiclung Die PECB-zertifizierten Mitglieder k\u00f6nnen dann ihre CPDs einreichen, indem sie ihr Konto besuchen und die erforderlichen Informationen f\u00fcr die jeweilige Zertifizierung bereitstellen.<\/p>\t\t\t\t\t\t\t\t<\/div>\n\t\t\t\t\t<\/div>\n\t\t\t\t<\/div>\n\t\t\t\t<\/div>\n\t\t","protected":false},"excerpt":{"rendered":"<p>Zertifizierungsprozess Haftungsausschluss Haftungsausschluss: \u201eZertifiziert\u201c bezieht sich auf die Anforderungen der ISO\/IEC 17024-Zertifizierung, und \u201eZertifikatsinhaber\u201c bezieht sich auf die Anforderungen der ASTM E2659-Zertifizierungsprogramme. 1. Entscheiden Sie, welche Zertifizierung f\u00fcr Sie die richtige ist. Jede PECB-Zertifizierung hat eine spezifische Ausbildung und eine Reihe von Erfahrungsanforderungen. Um festzustellen, welche Qualifikation f\u00fcr Sie die richtige ist, \u00fcberpr\u00fcfen Sie alle [&hellip;]<\/p>\n","protected":false},"author":2,"featured_media":0,"parent":27837,"menu_order":0,"comment_status":"closed","ping_status":"closed","template":"","meta":{"_acf_changed":false,"content-type":"","footnotes":""},"class_list":["post-26676","page","type-page","status-publish","hentry"],"acf":[],"yoast_head":"<!-- This site is optimized with the Yoast SEO plugin v26.9 - https:\/\/yoast.com\/product\/yoast-seo-wordpress\/ -->\n<title>Zertifizierungsprozess - PECB<\/title>\n<meta name=\"robots\" content=\"index, follow, max-snippet:-1, max-image-preview:large, max-video-preview:-1\" \/>\n<link rel=\"canonical\" href=\"https:\/\/staging.pecb.com\/de\/about\/pecb-certification-process\" \/>\n<meta property=\"og:locale\" content=\"de_DE\" \/>\n<meta property=\"og:type\" content=\"article\" \/>\n<meta property=\"og:title\" content=\"Zertifizierungsprozess - PECB\" \/>\n<meta property=\"og:description\" content=\"Zertifizierungsprozess Haftungsausschluss Haftungsausschluss: \u201eZertifiziert\u201c bezieht sich auf die Anforderungen der ISO\/IEC 17024-Zertifizierung, und \u201eZertifikatsinhaber\u201c bezieht sich auf die Anforderungen der ASTM E2659-Zertifizierungsprogramme. 1. Entscheiden Sie, welche Zertifizierung f\u00fcr Sie die richtige ist. Jede PECB-Zertifizierung hat eine spezifische Ausbildung und eine Reihe von Erfahrungsanforderungen. Um festzustellen, welche Qualifikation f\u00fcr Sie die richtige ist, \u00fcberpr\u00fcfen Sie alle [&hellip;]\" \/>\n<meta property=\"og:url\" content=\"https:\/\/staging.pecb.com\/de\/about\/pecb-certification-process\" \/>\n<meta property=\"og:site_name\" content=\"PECB\" \/>\n<meta property=\"article:publisher\" content=\"https:\/\/www.facebook.com\/PECBInternational\/\" \/>\n<meta property=\"article:modified_time\" content=\"2025-11-20T08:09:32+00:00\" \/>\n<meta name=\"twitter:card\" content=\"summary_large_image\" \/>\n<meta name=\"twitter:site\" content=\"@PECB\" \/>\n<meta name=\"twitter:label1\" content=\"Gesch\u00e4tzte Lesezeit\" \/>\n\t<meta name=\"twitter:data1\" content=\"4\u00a0Minuten\" \/>\n<script type=\"application\/ld+json\" class=\"yoast-schema-graph\">{\"@context\":\"https:\/\/schema.org\",\"@graph\":[{\"@type\":\"WebPage\",\"@id\":\"https:\/\/staging.pecb.com\/de\/about\/pecb-certification-process\",\"url\":\"https:\/\/staging.pecb.com\/de\/about\/pecb-certification-process\",\"name\":\"Zertifizierungsprozess - PECB\",\"isPartOf\":{\"@id\":\"https:\/\/staging.pecb.com\/de#website\"},\"datePublished\":\"2025-07-17T14:36:03+00:00\",\"dateModified\":\"2025-11-20T08:09:32+00:00\",\"breadcrumb\":{\"@id\":\"https:\/\/staging.pecb.com\/de\/about\/pecb-certification-process#breadcrumb\"},\"inLanguage\":\"de\",\"potentialAction\":[{\"@type\":\"ReadAction\",\"target\":[\"https:\/\/staging.pecb.com\/de\/about\/pecb-certification-process\"]}]},{\"@type\":\"BreadcrumbList\",\"@id\":\"https:\/\/staging.pecb.com\/de\/about\/pecb-certification-process#breadcrumb\",\"itemListElement\":[{\"@type\":\"ListItem\",\"position\":1,\"name\":\"Home\",\"item\":\"https:\/\/staging.pecb.com\/de\"},{\"@type\":\"ListItem\",\"position\":2,\"name\":\"\u00dcber\",\"item\":\"https:\/\/staging.pecb.com\/de\/about\"},{\"@type\":\"ListItem\",\"position\":3,\"name\":\"Zertifizierungsprozess\"}]},{\"@type\":\"WebSite\",\"@id\":\"https:\/\/staging.pecb.com\/de#website\",\"url\":\"https:\/\/staging.pecb.com\/de\",\"name\":\"PECB\",\"description\":\"\",\"publisher\":{\"@id\":\"https:\/\/staging.pecb.com\/de#organization\"},\"potentialAction\":[{\"@type\":\"SearchAction\",\"target\":{\"@type\":\"EntryPoint\",\"urlTemplate\":\"https:\/\/staging.pecb.com\/de?s={search_term_string}\"},\"query-input\":{\"@type\":\"PropertyValueSpecification\",\"valueRequired\":true,\"valueName\":\"search_term_string\"}}],\"inLanguage\":\"de\"},{\"@type\":\"Organization\",\"@id\":\"https:\/\/staging.pecb.com\/de#organization\",\"name\":\"PECB\",\"url\":\"https:\/\/staging.pecb.com\/de\",\"logo\":{\"@type\":\"ImageObject\",\"inLanguage\":\"de\",\"@id\":\"https:\/\/staging.pecb.com\/de#\/schema\/logo\/image\/\",\"url\":\"https:\/\/staging.pecb.com\/wp-content\/uploads\/2025\/05\/Clip-path-group.svg\",\"contentUrl\":\"https:\/\/staging.pecb.com\/wp-content\/uploads\/2025\/05\/Clip-path-group.svg\",\"width\":96,\"height\":26,\"caption\":\"PECB\"},\"image\":{\"@id\":\"https:\/\/staging.pecb.com\/de#\/schema\/logo\/image\/\"},\"sameAs\":[\"https:\/\/www.facebook.com\/PECBInternational\/\",\"https:\/\/x.com\/PECB\",\"https:\/\/www.linkedin.com\/company\/pecb\",\"https:\/\/www.youtube.com\/channel\/UCQPfrnIUa7Q0oBRyT8l5eTg\",\"https:\/\/www.instagram.com\/pecb.official\/\"]}]}<\/script>\n<!-- \/ Yoast SEO plugin. -->","yoast_head_json":{"title":"Zertifizierungsprozess - PECB","robots":{"index":"index","follow":"follow","max-snippet":"max-snippet:-1","max-image-preview":"max-image-preview:large","max-video-preview":"max-video-preview:-1"},"canonical":"https:\/\/staging.pecb.com\/de\/about\/pecb-certification-process","og_locale":"de_DE","og_type":"article","og_title":"Zertifizierungsprozess - PECB","og_description":"Zertifizierungsprozess Haftungsausschluss Haftungsausschluss: \u201eZertifiziert\u201c bezieht sich auf die Anforderungen der ISO\/IEC 17024-Zertifizierung, und \u201eZertifikatsinhaber\u201c bezieht sich auf die Anforderungen der ASTM E2659-Zertifizierungsprogramme. 1. Entscheiden Sie, welche Zertifizierung f\u00fcr Sie die richtige ist. Jede PECB-Zertifizierung hat eine spezifische Ausbildung und eine Reihe von Erfahrungsanforderungen. Um festzustellen, welche Qualifikation f\u00fcr Sie die richtige ist, \u00fcberpr\u00fcfen Sie alle [&hellip;]","og_url":"https:\/\/staging.pecb.com\/de\/about\/pecb-certification-process","og_site_name":"PECB","article_publisher":"https:\/\/www.facebook.com\/PECBInternational\/","article_modified_time":"2025-11-20T08:09:32+00:00","twitter_card":"summary_large_image","twitter_site":"@PECB","twitter_misc":{"Gesch\u00e4tzte Lesezeit":"4\u00a0Minuten"},"schema":{"@context":"https:\/\/schema.org","@graph":[{"@type":"WebPage","@id":"https:\/\/staging.pecb.com\/de\/about\/pecb-certification-process","url":"https:\/\/staging.pecb.com\/de\/about\/pecb-certification-process","name":"Zertifizierungsprozess - PECB","isPartOf":{"@id":"https:\/\/staging.pecb.com\/de#website"},"datePublished":"2025-07-17T14:36:03+00:00","dateModified":"2025-11-20T08:09:32+00:00","breadcrumb":{"@id":"https:\/\/staging.pecb.com\/de\/about\/pecb-certification-process#breadcrumb"},"inLanguage":"de","potentialAction":[{"@type":"ReadAction","target":["https:\/\/staging.pecb.com\/de\/about\/pecb-certification-process"]}]},{"@type":"BreadcrumbList","@id":"https:\/\/staging.pecb.com\/de\/about\/pecb-certification-process#breadcrumb","itemListElement":[{"@type":"ListItem","position":1,"name":"Home","item":"https:\/\/staging.pecb.com\/de"},{"@type":"ListItem","position":2,"name":"\u00dcber","item":"https:\/\/staging.pecb.com\/de\/about"},{"@type":"ListItem","position":3,"name":"Zertifizierungsprozess"}]},{"@type":"WebSite","@id":"https:\/\/staging.pecb.com\/de#website","url":"https:\/\/staging.pecb.com\/de","name":"PECB","description":"","publisher":{"@id":"https:\/\/staging.pecb.com\/de#organization"},"potentialAction":[{"@type":"SearchAction","target":{"@type":"EntryPoint","urlTemplate":"https:\/\/staging.pecb.com\/de?s={search_term_string}"},"query-input":{"@type":"PropertyValueSpecification","valueRequired":true,"valueName":"search_term_string"}}],"inLanguage":"de"},{"@type":"Organization","@id":"https:\/\/staging.pecb.com\/de#organization","name":"PECB","url":"https:\/\/staging.pecb.com\/de","logo":{"@type":"ImageObject","inLanguage":"de","@id":"https:\/\/staging.pecb.com\/de#\/schema\/logo\/image\/","url":"https:\/\/staging.pecb.com\/wp-content\/uploads\/2025\/05\/Clip-path-group.svg","contentUrl":"https:\/\/staging.pecb.com\/wp-content\/uploads\/2025\/05\/Clip-path-group.svg","width":96,"height":26,"caption":"PECB"},"image":{"@id":"https:\/\/staging.pecb.com\/de#\/schema\/logo\/image\/"},"sameAs":["https:\/\/www.facebook.com\/PECBInternational\/","https:\/\/x.com\/PECB","https:\/\/www.linkedin.com\/company\/pecb","https:\/\/www.youtube.com\/channel\/UCQPfrnIUa7Q0oBRyT8l5eTg","https:\/\/www.instagram.com\/pecb.official\/"]}]}},"_links":{"self":[{"href":"https:\/\/staging.pecb.com\/de\/wp-json\/wp\/v2\/pages\/26676","targetHints":{"allow":["GET"]}}],"collection":[{"href":"https:\/\/staging.pecb.com\/de\/wp-json\/wp\/v2\/pages"}],"about":[{"href":"https:\/\/staging.pecb.com\/de\/wp-json\/wp\/v2\/types\/page"}],"author":[{"embeddable":true,"href":"https:\/\/staging.pecb.com\/de\/wp-json\/wp\/v2\/users\/2"}],"replies":[{"embeddable":true,"href":"https:\/\/staging.pecb.com\/de\/wp-json\/wp\/v2\/comments?post=26676"}],"version-history":[{"count":0,"href":"https:\/\/staging.pecb.com\/de\/wp-json\/wp\/v2\/pages\/26676\/revisions"}],"up":[{"embeddable":true,"href":"https:\/\/staging.pecb.com\/de\/wp-json\/wp\/v2\/pages\/27837"}],"wp:attachment":[{"href":"https:\/\/staging.pecb.com\/de\/wp-json\/wp\/v2\/media?parent=26676"}],"curies":[{"name":"wp","href":"https:\/\/api.w.org\/{rel}","templated":true}]}}