{"id":26673,"date":"2025-07-18T05:53:40","date_gmt":"2025-07-18T05:53:40","guid":{"rendered":"https:\/\/pecb.com\/certification-mark-use-policy"},"modified":"2025-11-17T17:12:45","modified_gmt":"2025-11-17T16:12:45","slug":"certification-mark-use-policy","status":"publish","type":"page","link":"https:\/\/staging.pecb.com\/de\/about\/certification-mark-use-policy","title":{"rendered":"Richtlinien zur Verwendung von Zertifizierungszeichen"},"content":{"rendered":"\t\t<div data-elementor-type=\"wp-page\" data-elementor-id=\"26673\" class=\"elementor elementor-26673 elementor-15885\" data-elementor-post-type=\"page\">\n\t\t\t\t<div class=\"elementor-element elementor-element-539e5e36 e-flex e-con-boxed e-con e-parent\" data-id=\"539e5e36\" data-element_type=\"container\" data-e-type=\"container\" data-settings=\"{&quot;background_background&quot;:&quot;classic&quot;}\">\n\t\t\t\t\t<div class=\"e-con-inner\">\n\t\t\t\t<div class=\"elementor-element elementor-element-6bcd41d6 elementor-widget elementor-widget-heading\" data-id=\"6bcd41d6\" data-element_type=\"widget\" data-e-type=\"widget\" data-widget_type=\"heading.default\">\n\t\t\t\t\t<h1 class=\"elementor-heading-title elementor-size-default\">Richtlinien zur Verwendung von Zertifizierungszeichen<\/h1>\t\t\t\t<\/div>\n\t\t\t\t\t<\/div>\n\t\t\t\t<\/div>\n\t\t<div class=\"elementor-element elementor-element-58273f6 e-flex e-con-boxed e-con e-parent\" data-id=\"58273f6\" data-element_type=\"container\" data-e-type=\"container\" data-settings=\"{&quot;background_background&quot;:&quot;classic&quot;}\">\n\t\t\t\t\t<div class=\"e-con-inner\">\n\t\t\t\t<div class=\"elementor-element elementor-element-f60f80a elementor-widget elementor-widget-text-editor\" data-id=\"f60f80a\" data-element_type=\"widget\" data-e-type=\"widget\" data-widget_type=\"text-editor.default\">\n\t\t\t\t\t\t\t\t\t<p dir=\"auto\">\n        <style>\n            .child-pages {\n                display: flex;\n                flex-wrap: wrap;\n                justify-content: center;\n                gap: 8px;\n                width: fit-content;\n                margin: 0 auto;\n                 padding:10px;\n            }\n            .child-pages li {\n                display: flex;\n                padding: 8px 16px;\n                flex-direction: column;\n                align-items: center;\n                border-radius: 4px;\n                background: #FFF;\n                list-style: none;\n            }\n            .child-pages li.active {\n                background: #CBD5E1;\n            }\n            .child-pages li a {\n                color: #000;\n                text-align: center;\n                font-family: Parabolica, sans-serif;\n                font-size: 14px;\n                font-style: normal;\n                font-weight: 400;\n                line-height: normal;\n                text-decoration: none;\n            }\n            .child-pages li a:hover {\n                text-decoration: underline;\n            }\n        <\/style>\n    <ul class=\"child-pages\"><li class=\"\"><a href=\"https:\/\/staging.pecb.com\/en\/about\">About<\/a><\/li><li class=\"\"><a href=\"https:\/\/staging.pecb.com\/de\/about\/accreditations-and-affiliations\">Akkreditierungen und Zugeh\u00f6rigkeiten<\/a><\/li><li class=\"\"><a href=\"https:\/\/staging.pecb.com\/de\/about\/complaint-and-appeal-policy\">Beschwerden- Und Berufungsrichtlinie<\/a><\/li><li class=\"\"><a href=\"https:\/\/staging.pecb.com\/de\/about\/digital-trust\">Digitales Vertrauen: Aufbau einer sicheren Zukunft<\/a><\/li><li class=\"\"><a href=\"https:\/\/staging.pecb.com\/de\/about\/gdpr-privacy-statement\">DSGVO-Datenschutzerkl\u00e4rung<\/a><\/li><li class=\"\"><a href=\"https:\/\/staging.pecb.com\/de\/about\/statement-of-impartiality\">Erkl\u00e4rung der Unparteilichkeit<\/a><\/li><li class=\"\"><a href=\"https:\/\/staging.pecb.com\/de\/about\/code-of-ethics\">Ethik-kodex<\/a><\/li><li class=\"\"><a href=\"https:\/\/staging.pecb.com\/de\/about\/team\">PECB-management<\/a><\/li><li class=\"\"><a href=\"https:\/\/staging.pecb.com\/de\/about\/pecb-code-of-ethics-violation-policy\">PECB-Richtlinie bei Verst\u00f6ssen Gegen den Ethikkodex<\/a><\/li><li class=\"\"><a href=\"https:\/\/staging.pecb.com\/de\/about\/pecb-policy-regarding-canadian-and-international-economic-sanctions-and-the-countries-impacted\">PECB-Richtlinie zu kanadischen und internationalen Wirtschaftssanktionen sowie den betroffenen L\u00e4ndern<\/a><\/li><li class=\"\"><a href=\"https:\/\/staging.pecb.com\/de\/about\/pecb-quality-and-information-security-policies\">Qualit\u00e4ts- und Informationssicherheitsrichtlinien<\/a><\/li><li class=\"\"><a href=\"https:\/\/staging.pecb.com\/de\/about\/certification-mark-use-policy\">Richtlinien zur Verwendung von Zertifizierungszeichen<\/a><\/li><li class=\"\"><a href=\"https:\/\/staging.pecb.com\/de\/about\/pecb-refund-policy\">R\u00fcckerstattungs-Richtlinie<\/a><\/li><li class=\"\"><a href=\"https:\/\/staging.pecb.com\/de\/about\/behavior-policy\">Verhaltensrichtlinie<\/a><\/li><li class=\"\"><a href=\"https:\/\/staging.pecb.com\/de\/about\/violation-of-pecb-brand-and-fraud-reporting-policy\">Versto\u00df gegen die PECB-Marke und Betrugsmeldung<\/a><\/li><li class=\"\"><a href=\"https:\/\/staging.pecb.com\/de\/about\/values-of-pecb-certification\">Wert der PECB-Zertifizierung<\/a><\/li><li class=\"\"><a href=\"https:\/\/staging.pecb.com\/de\/about\/pecb-certification-process\">Zertifizierungsprozess<\/a><\/li><\/ul><\/p>\t\t\t\t\t\t\t\t<\/div>\n\t\t\t\t\t<\/div>\n\t\t\t\t<\/div>\n\t\t<div class=\"elementor-element elementor-element-1f220569 e-flex e-con-boxed e-con e-parent\" data-id=\"1f220569\" data-element_type=\"container\" data-e-type=\"container\">\n\t\t\t\t\t<div class=\"e-con-inner\">\n\t\t\t\t<div class=\"elementor-element elementor-element-3a32544f elementor-widget elementor-widget-heading\" data-id=\"3a32544f\" data-element_type=\"widget\" data-e-type=\"widget\" data-widget_type=\"heading.default\">\n\t\t\t\t\t<h2 class=\"elementor-heading-title elementor-size-default\">Haftungsausschluss<\/h2>\t\t\t\t<\/div>\n\t\t\t\t<div class=\"elementor-element elementor-element-47a257b3 elementor-widget elementor-widget-text-editor\" data-id=\"47a257b3\" data-element_type=\"widget\" data-e-type=\"widget\" data-widget_type=\"text-editor.default\">\n\t\t\t\t\t\t\t\t\t<p><strong style=\"font-size: 11px;\">Haftungsausschluss:\u00a0<\/strong><em><span style=\"font-size: 11px;\">\u201c\u201eZertifiziert\u201c bezieht sich auf die Anforderungen der ISO\/IEC 17024 Zertifizierungen und \u201eZertifikatsinhaber\u201c bezieht sich auf die Anforderungen der ASTM E2659 Zertifizierungsprogramme.<\/span><\/em><\/p><p>\u00a0<\/p><h2><strong>1. Zweck<\/strong><\/h2><p>Diese Richtlinie legt die Anforderungen f\u00fcr die Verwendung aller PECB-Marken sowie der Zertifizierungs- und Zertifikatsprogrammzeichen fest \u2013 einschlie\u00dflich Berufszertifikaten und digitalen Abzeichen.<\/p><p>\u00a0<\/p><h2><strong>2. Anwendungsbereich<\/strong><\/h2><p>Diese Richtlinie gilt f\u00fcr alle PECB-zertifizierten Fachleute und Zertifikatsinhaber, die alle anwendbaren PECB-Berechtigungsnachweise, Zertifizierungs- und Zertifikatsprogrammanforderungen erf\u00fcllt haben.<\/p><p>\u00a0<\/p><h2><strong>3. Eigentum am PECB-Zertifizierungs-\/Zertifikatsprogrammzeichen<\/strong><\/h2><p>Die folgende Organisationsmarke ist Eigentum der PECB und wird von ihr kontrolliert:<\/p><p><img decoding=\"async\" class=\"alignnone size-full wp-image-26952\" src=\"http:\/\/staging.pecb.com\/wp-content\/uploads\/2025\/08\/pecb-new-logo4.png\" alt=\"pecb logo\" width=\"300\" height=\"95\" \/><\/p><p>\u00a0<\/p><h2><strong>4. Informationen \u00fcber die Verwendung des PECB-Berufszertifikats und des PECB-Digitalabzeichens<\/strong><\/h2><p><u style=\"text-align: justify;\"><strong><span style=\"color: #a11e29;\">Berufszertifikat<\/span><\/strong><\/u><\/p><p>Dies ist ein Muster eines Zertifikats, das f\u00fcr alle Personen ausgestellt wird, die eine bestimmte PECB-Pr\u00fcfung bestanden haben und die Kriterien f\u00fcr eine PECB-Zertifizierung erf\u00fcllen. Der Eigent\u00fcmer darf das Zeichen nicht f\u00fcr andere Zwecke als die Zertifizierung verwenden.<\/p><p>ZERTIFIKAT f\u00fcr Zertifizierungsprogramme gem\u00e4\u00df ISO\/IEC 17024:<\/p><p><img fetchpriority=\"high\" decoding=\"async\" class=\"alignnone wp-image-26957 size-full\" src=\"http:\/\/staging.pecb.com\/wp-content\/uploads\/2025\/08\/pecb-certificate-iso-iec-27001-lead-auditor.png\" alt=\"pecb certificate\" width=\"1022\" height=\"698\" srcset=\"https:\/\/staging.pecb.com\/wp-content\/uploads\/2025\/08\/pecb-certificate-iso-iec-27001-lead-auditor.png 1022w, https:\/\/staging.pecb.com\/wp-content\/uploads\/2025\/08\/pecb-certificate-iso-iec-27001-lead-auditor-600x410.png 600w, https:\/\/staging.pecb.com\/wp-content\/uploads\/2025\/08\/pecb-certificate-iso-iec-27001-lead-auditor-300x205.png 300w, https:\/\/staging.pecb.com\/wp-content\/uploads\/2025\/08\/pecb-certificate-iso-iec-27001-lead-auditor-768x525.png 768w\" sizes=\"(max-width: 1022px) 100vw, 1022px\" \/><\/p><p>ZERTIFIKAT f\u00fcr Zertifikatsprogramme gem\u00e4\u00df ASTM E2659:<\/p><p><img decoding=\"async\" class=\"alignnone wp-image-26964 size-full\" src=\"http:\/\/staging.pecb.com\/wp-content\/uploads\/2025\/08\/pecb-certificate-iso-iec-27001-2022-foundation-v2.jpg\" alt=\"\" width=\"600\" height=\"424\" srcset=\"https:\/\/staging.pecb.com\/wp-content\/uploads\/2025\/08\/pecb-certificate-iso-iec-27001-2022-foundation-v2.jpg 600w, https:\/\/staging.pecb.com\/wp-content\/uploads\/2025\/08\/pecb-certificate-iso-iec-27001-2022-foundation-v2-300x212.jpg 300w\" sizes=\"(max-width: 600px) 100vw, 600px\" \/><\/p><p><img decoding=\"async\" src=\"https:\/\/staging.pecb.com\/admin\/apps\/backend\/uploads\/images\/pecb-certificate-iso-iec-27001-2022-foundation-v2.jpg\" alt=\"\" \/><\/p><p><strong>Anmerkung:<\/strong> Dieses Zertifikat wird nur an Personen ausgestellt, die die Schulung und Pr\u00fcfung auf der Grundlage der aktualisierten Version der ISO\/IEC 27001:2022-Norm absolviert haben.<\/p><p><u style=\"text-align: justify;\"><strong><span style=\"color: #a11e29;\">Digitales Abzeichen<\/span><\/strong><\/u><\/p><p>Dies ist ein Muster f\u00fcr ein digitales Abzeichen, das an alle Personen ausgestellt wird, die ein Zertifikat der PECB erworben haben. Der Zertifikatsinhaber kann das digitale Abzeichen verwenden, um die Erlangung eines Zertifikats zu kommunizieren.<\/p><p>Digitales Abzeichen f\u00fcr Zertifizierungsprogramme gem\u00e4\u00df ISO\/IEC 17024:<\/p><p><img loading=\"lazy\" decoding=\"async\" class=\"alignnone size-full wp-image-26970\" src=\"http:\/\/staging.pecb.com\/wp-content\/uploads\/2025\/08\/pecb-iso-iec-27001-lead-auditor-digital-badge.jpg\" alt=\"\" width=\"200\" height=\"200\" srcset=\"https:\/\/staging.pecb.com\/wp-content\/uploads\/2025\/08\/pecb-iso-iec-27001-lead-auditor-digital-badge.jpg 200w, https:\/\/staging.pecb.com\/wp-content\/uploads\/2025\/08\/pecb-iso-iec-27001-lead-auditor-digital-badge-100x100.jpg 100w, https:\/\/staging.pecb.com\/wp-content\/uploads\/2025\/08\/pecb-iso-iec-27001-lead-auditor-digital-badge-150x150.jpg 150w\" sizes=\"(max-width: 200px) 100vw, 200px\" \/><\/p><p>Digitales Abzeichen f\u00fcr Zertifikatsprogramme gem\u00e4\u00df ASTM E2659:<\/p><p><img loading=\"lazy\" decoding=\"async\" class=\"alignnone size-full wp-image-26975\" src=\"http:\/\/staging.pecb.com\/wp-content\/uploads\/2025\/08\/pecb-iso-iec-27001-2022-foundtion-digital-badge.jpg\" alt=\"\" width=\"200\" height=\"200\" srcset=\"https:\/\/staging.pecb.com\/wp-content\/uploads\/2025\/08\/pecb-iso-iec-27001-2022-foundtion-digital-badge.jpg 200w, https:\/\/staging.pecb.com\/wp-content\/uploads\/2025\/08\/pecb-iso-iec-27001-2022-foundtion-digital-badge-100x100.jpg 100w, https:\/\/staging.pecb.com\/wp-content\/uploads\/2025\/08\/pecb-iso-iec-27001-2022-foundtion-digital-badge-150x150.jpg 150w\" sizes=\"(max-width: 200px) 100vw, 200px\" \/><\/p><p><strong>Anmerkung: <\/strong>Dieses digitale Abzeichen wird nur an Personen ausgestellt, die die Schulung und Pr\u00fcfung auf der Grundlage der aktualisierten Version der ISO\/IEC 27001:2022-Norm absolviert haben.<\/p><p>\u00a0<\/p><h2><strong>5. Autorisierte Verwendung des PECB-Zertifizierungs-\/Zertifikatsprogrammzeichens<\/strong><\/h2><p>PECB erteilt die Erlaubnis zur Verwendung des PECB-Zertifizierungs- bzw. Zertifikatsprogrammzeichens an PECB-zertifizierte Fachleute und Zertifikatsinhaber, die alle anwendbaren Anforderungen der PECB in Bezug auf Berechtigungsnachweise, Zertifizierungen und Zertifikatsprogramme erf\u00fcllt haben. Jede PECB-zertifizierte Fachkraft und jeder Zertifikatsinhaber ist ausschlie\u00dflich zur Verwendung des Zertifizierungs- bzw. Zertifikatsprogrammzeichens berechtigt, das die entsprechende Zertifizierung, den Berechtigungsnachweis und das jeweilige Zertifikatsprogramm repr\u00e4sentiert.<\/p><p>Jede PECB-zertifizierte Fachkraft und jeder Zertifikatsinhaber darf das entsprechende PECB-Zertifizierungs- bzw. Zertifikatsprogrammzeichen in beruflichen und gesch\u00e4ftlichen Materialien wie Visitenkarten und E-Mail-Signaturen verwenden.<\/p><p><strong>Nicht\u00fcbertragbarkeit und Nichtabtretbarkeit<\/strong><\/p><p>Die Erlaubnis zur Verwendung des Zertifizierungs- bzw. Zertifikatsprogrammzeichens ist ausschlie\u00dflich auf die zertifizierte Person bzw. den Zertifikatsinhaber beschr\u00e4nkt und darf nicht auf eine andere Person, Organisation oder Einrichtung \u00fcbertragen, abgetreten oder anderweitig verwendet werden.<\/p><p>\u00a0<\/p><h2><strong>6. Meldung von Verst\u00f6\u00dfen gegen die Richtlinie zur Verwendung der PECB-Zertifizierungs-\/Zertifikatsprogrammzeichen<\/strong><\/h2><p>Nach dem Erhalt von Informationen \u00fcber eine m\u00f6gliche unangemessene oder unbefugte Verwendung des Zertifizierungs- bzw. Zertifikatsprogrammzeichens wird PECB bestimmen, ob entsprechende Ma\u00dfnahmen ergriffen werden, einschlie\u00dflich der folgenden:<\/p><ol><li>Die angeblich unangemessene oder unbefugte Verwendung des Zeichens wird \u00fcberpr\u00fcft.<\/li><li>Falls ein Versto\u00df gegen die Richtlinie festgestellt wird, benachrichtigt PECB die betroffene(n) Person(en) und\/oder Organisation(en) und fordert sie auf, die unbefugte Verwendung einzustellen.<\/li><li>Wird der Versto\u00df nicht behoben, ergreift PECB geeignete rechtliche Schritte oder Sanktionen, einschlie\u00dflich der Aussetzung oder des Widerrufs der Zertifizierung bzw. der Ung\u00fcltigerkl\u00e4rung des Zertifikats.<\/li><\/ol>\t\t\t\t\t\t\t\t<\/div>\n\t\t\t\t\t<\/div>\n\t\t\t\t<\/div>\n\t\t\t\t<\/div>\n\t\t","protected":false},"excerpt":{"rendered":"<p>Richtlinien zur Verwendung von Zertifizierungszeichen Haftungsausschluss Haftungsausschluss:\u00a0\u201c\u201eZertifiziert\u201c bezieht sich auf die Anforderungen der ISO\/IEC 17024 Zertifizierungen und \u201eZertifikatsinhaber\u201c bezieht sich auf die Anforderungen der ASTM E2659 Zertifizierungsprogramme. \u00a0 1. Zweck Diese Richtlinie legt die Anforderungen f\u00fcr die Verwendung aller PECB-Marken sowie der Zertifizierungs- und Zertifikatsprogrammzeichen fest \u2013 einschlie\u00dflich Berufszertifikaten und digitalen Abzeichen. \u00a0 2. Anwendungsbereich [&hellip;]<\/p>\n","protected":false},"author":2,"featured_media":0,"parent":27837,"menu_order":0,"comment_status":"closed","ping_status":"closed","template":"","meta":{"_acf_changed":false,"content-type":"","footnotes":""},"class_list":["post-26673","page","type-page","status-publish","hentry"],"acf":[],"yoast_head":"<!-- This site is optimized with the Yoast SEO plugin v26.9 - https:\/\/yoast.com\/product\/yoast-seo-wordpress\/ -->\n<title>Richtlinien zur Verwendung von Zertifizierungszeichen - PECB<\/title>\n<meta name=\"robots\" content=\"index, follow, max-snippet:-1, max-image-preview:large, max-video-preview:-1\" \/>\n<link rel=\"canonical\" href=\"https:\/\/staging.pecb.com\/de\/about\/certification-mark-use-policy\" \/>\n<meta property=\"og:locale\" content=\"de_DE\" \/>\n<meta property=\"og:type\" content=\"article\" \/>\n<meta property=\"og:title\" content=\"Richtlinien zur Verwendung von Zertifizierungszeichen - PECB\" \/>\n<meta property=\"og:description\" content=\"Richtlinien zur Verwendung von Zertifizierungszeichen Haftungsausschluss Haftungsausschluss:\u00a0\u201c\u201eZertifiziert\u201c bezieht sich auf die Anforderungen der ISO\/IEC 17024 Zertifizierungen und \u201eZertifikatsinhaber\u201c bezieht sich auf die Anforderungen der ASTM E2659 Zertifizierungsprogramme. \u00a0 1. Zweck Diese Richtlinie legt die Anforderungen f\u00fcr die Verwendung aller PECB-Marken sowie der Zertifizierungs- und Zertifikatsprogrammzeichen fest \u2013 einschlie\u00dflich Berufszertifikaten und digitalen Abzeichen. \u00a0 2. Anwendungsbereich [&hellip;]\" \/>\n<meta property=\"og:url\" content=\"https:\/\/staging.pecb.com\/de\/about\/certification-mark-use-policy\" \/>\n<meta property=\"og:site_name\" content=\"PECB\" \/>\n<meta property=\"article:publisher\" content=\"https:\/\/www.facebook.com\/PECBInternational\/\" \/>\n<meta property=\"article:modified_time\" content=\"2025-11-17T16:12:45+00:00\" \/>\n<meta property=\"og:image\" content=\"http:\/\/staging.pecb.com\/wp-content\/uploads\/2025\/08\/pecb-new-logo4.png\" \/>\n<meta name=\"twitter:card\" content=\"summary_large_image\" \/>\n<meta name=\"twitter:site\" content=\"@PECB\" \/>\n<meta name=\"twitter:label1\" content=\"Gesch\u00e4tzte Lesezeit\" \/>\n\t<meta name=\"twitter:data1\" content=\"4\u00a0Minuten\" \/>\n<script type=\"application\/ld+json\" class=\"yoast-schema-graph\">{\"@context\":\"https:\/\/schema.org\",\"@graph\":[{\"@type\":\"WebPage\",\"@id\":\"https:\/\/staging.pecb.com\/de\/about\/certification-mark-use-policy\",\"url\":\"https:\/\/staging.pecb.com\/de\/about\/certification-mark-use-policy\",\"name\":\"Richtlinien zur Verwendung von Zertifizierungszeichen - PECB\",\"isPartOf\":{\"@id\":\"https:\/\/staging.pecb.com\/de#website\"},\"primaryImageOfPage\":{\"@id\":\"https:\/\/staging.pecb.com\/de\/about\/certification-mark-use-policy#primaryimage\"},\"image\":{\"@id\":\"https:\/\/staging.pecb.com\/de\/about\/certification-mark-use-policy#primaryimage\"},\"thumbnailUrl\":\"http:\/\/staging.pecb.com\/wp-content\/uploads\/2025\/08\/pecb-new-logo4.png\",\"datePublished\":\"2025-07-18T05:53:40+00:00\",\"dateModified\":\"2025-11-17T16:12:45+00:00\",\"breadcrumb\":{\"@id\":\"https:\/\/staging.pecb.com\/de\/about\/certification-mark-use-policy#breadcrumb\"},\"inLanguage\":\"de\",\"potentialAction\":[{\"@type\":\"ReadAction\",\"target\":[\"https:\/\/staging.pecb.com\/de\/about\/certification-mark-use-policy\"]}]},{\"@type\":\"ImageObject\",\"inLanguage\":\"de\",\"@id\":\"https:\/\/staging.pecb.com\/de\/about\/certification-mark-use-policy#primaryimage\",\"url\":\"http:\/\/staging.pecb.com\/wp-content\/uploads\/2025\/08\/pecb-new-logo4.png\",\"contentUrl\":\"http:\/\/staging.pecb.com\/wp-content\/uploads\/2025\/08\/pecb-new-logo4.png\"},{\"@type\":\"BreadcrumbList\",\"@id\":\"https:\/\/staging.pecb.com\/de\/about\/certification-mark-use-policy#breadcrumb\",\"itemListElement\":[{\"@type\":\"ListItem\",\"position\":1,\"name\":\"Home\",\"item\":\"https:\/\/staging.pecb.com\/de\"},{\"@type\":\"ListItem\",\"position\":2,\"name\":\"\u00dcber\",\"item\":\"https:\/\/staging.pecb.com\/de\/about\"},{\"@type\":\"ListItem\",\"position\":3,\"name\":\"Richtlinien zur Verwendung von Zertifizierungszeichen\"}]},{\"@type\":\"WebSite\",\"@id\":\"https:\/\/staging.pecb.com\/de#website\",\"url\":\"https:\/\/staging.pecb.com\/de\",\"name\":\"PECB\",\"description\":\"\",\"publisher\":{\"@id\":\"https:\/\/staging.pecb.com\/de#organization\"},\"potentialAction\":[{\"@type\":\"SearchAction\",\"target\":{\"@type\":\"EntryPoint\",\"urlTemplate\":\"https:\/\/staging.pecb.com\/de?s={search_term_string}\"},\"query-input\":{\"@type\":\"PropertyValueSpecification\",\"valueRequired\":true,\"valueName\":\"search_term_string\"}}],\"inLanguage\":\"de\"},{\"@type\":\"Organization\",\"@id\":\"https:\/\/staging.pecb.com\/de#organization\",\"name\":\"PECB\",\"url\":\"https:\/\/staging.pecb.com\/de\",\"logo\":{\"@type\":\"ImageObject\",\"inLanguage\":\"de\",\"@id\":\"https:\/\/staging.pecb.com\/de#\/schema\/logo\/image\/\",\"url\":\"https:\/\/staging.pecb.com\/wp-content\/uploads\/2025\/05\/Clip-path-group.svg\",\"contentUrl\":\"https:\/\/staging.pecb.com\/wp-content\/uploads\/2025\/05\/Clip-path-group.svg\",\"width\":96,\"height\":26,\"caption\":\"PECB\"},\"image\":{\"@id\":\"https:\/\/staging.pecb.com\/de#\/schema\/logo\/image\/\"},\"sameAs\":[\"https:\/\/www.facebook.com\/PECBInternational\/\",\"https:\/\/x.com\/PECB\",\"https:\/\/www.linkedin.com\/company\/pecb\",\"https:\/\/www.youtube.com\/channel\/UCQPfrnIUa7Q0oBRyT8l5eTg\",\"https:\/\/www.instagram.com\/pecb.official\/\"]}]}<\/script>\n<!-- \/ Yoast SEO plugin. -->","yoast_head_json":{"title":"Richtlinien zur Verwendung von Zertifizierungszeichen - PECB","robots":{"index":"index","follow":"follow","max-snippet":"max-snippet:-1","max-image-preview":"max-image-preview:large","max-video-preview":"max-video-preview:-1"},"canonical":"https:\/\/staging.pecb.com\/de\/about\/certification-mark-use-policy","og_locale":"de_DE","og_type":"article","og_title":"Richtlinien zur Verwendung von Zertifizierungszeichen - PECB","og_description":"Richtlinien zur Verwendung von Zertifizierungszeichen Haftungsausschluss Haftungsausschluss:\u00a0\u201c\u201eZertifiziert\u201c bezieht sich auf die Anforderungen der ISO\/IEC 17024 Zertifizierungen und \u201eZertifikatsinhaber\u201c bezieht sich auf die Anforderungen der ASTM E2659 Zertifizierungsprogramme. \u00a0 1. Zweck Diese Richtlinie legt die Anforderungen f\u00fcr die Verwendung aller PECB-Marken sowie der Zertifizierungs- und Zertifikatsprogrammzeichen fest \u2013 einschlie\u00dflich Berufszertifikaten und digitalen Abzeichen. \u00a0 2. Anwendungsbereich [&hellip;]","og_url":"https:\/\/staging.pecb.com\/de\/about\/certification-mark-use-policy","og_site_name":"PECB","article_publisher":"https:\/\/www.facebook.com\/PECBInternational\/","article_modified_time":"2025-11-17T16:12:45+00:00","og_image":[{"url":"http:\/\/staging.pecb.com\/wp-content\/uploads\/2025\/08\/pecb-new-logo4.png","type":"","width":"","height":""}],"twitter_card":"summary_large_image","twitter_site":"@PECB","twitter_misc":{"Gesch\u00e4tzte Lesezeit":"4\u00a0Minuten"},"schema":{"@context":"https:\/\/schema.org","@graph":[{"@type":"WebPage","@id":"https:\/\/staging.pecb.com\/de\/about\/certification-mark-use-policy","url":"https:\/\/staging.pecb.com\/de\/about\/certification-mark-use-policy","name":"Richtlinien zur Verwendung von Zertifizierungszeichen - PECB","isPartOf":{"@id":"https:\/\/staging.pecb.com\/de#website"},"primaryImageOfPage":{"@id":"https:\/\/staging.pecb.com\/de\/about\/certification-mark-use-policy#primaryimage"},"image":{"@id":"https:\/\/staging.pecb.com\/de\/about\/certification-mark-use-policy#primaryimage"},"thumbnailUrl":"http:\/\/staging.pecb.com\/wp-content\/uploads\/2025\/08\/pecb-new-logo4.png","datePublished":"2025-07-18T05:53:40+00:00","dateModified":"2025-11-17T16:12:45+00:00","breadcrumb":{"@id":"https:\/\/staging.pecb.com\/de\/about\/certification-mark-use-policy#breadcrumb"},"inLanguage":"de","potentialAction":[{"@type":"ReadAction","target":["https:\/\/staging.pecb.com\/de\/about\/certification-mark-use-policy"]}]},{"@type":"ImageObject","inLanguage":"de","@id":"https:\/\/staging.pecb.com\/de\/about\/certification-mark-use-policy#primaryimage","url":"http:\/\/staging.pecb.com\/wp-content\/uploads\/2025\/08\/pecb-new-logo4.png","contentUrl":"http:\/\/staging.pecb.com\/wp-content\/uploads\/2025\/08\/pecb-new-logo4.png"},{"@type":"BreadcrumbList","@id":"https:\/\/staging.pecb.com\/de\/about\/certification-mark-use-policy#breadcrumb","itemListElement":[{"@type":"ListItem","position":1,"name":"Home","item":"https:\/\/staging.pecb.com\/de"},{"@type":"ListItem","position":2,"name":"\u00dcber","item":"https:\/\/staging.pecb.com\/de\/about"},{"@type":"ListItem","position":3,"name":"Richtlinien zur Verwendung von Zertifizierungszeichen"}]},{"@type":"WebSite","@id":"https:\/\/staging.pecb.com\/de#website","url":"https:\/\/staging.pecb.com\/de","name":"PECB","description":"","publisher":{"@id":"https:\/\/staging.pecb.com\/de#organization"},"potentialAction":[{"@type":"SearchAction","target":{"@type":"EntryPoint","urlTemplate":"https:\/\/staging.pecb.com\/de?s={search_term_string}"},"query-input":{"@type":"PropertyValueSpecification","valueRequired":true,"valueName":"search_term_string"}}],"inLanguage":"de"},{"@type":"Organization","@id":"https:\/\/staging.pecb.com\/de#organization","name":"PECB","url":"https:\/\/staging.pecb.com\/de","logo":{"@type":"ImageObject","inLanguage":"de","@id":"https:\/\/staging.pecb.com\/de#\/schema\/logo\/image\/","url":"https:\/\/staging.pecb.com\/wp-content\/uploads\/2025\/05\/Clip-path-group.svg","contentUrl":"https:\/\/staging.pecb.com\/wp-content\/uploads\/2025\/05\/Clip-path-group.svg","width":96,"height":26,"caption":"PECB"},"image":{"@id":"https:\/\/staging.pecb.com\/de#\/schema\/logo\/image\/"},"sameAs":["https:\/\/www.facebook.com\/PECBInternational\/","https:\/\/x.com\/PECB","https:\/\/www.linkedin.com\/company\/pecb","https:\/\/www.youtube.com\/channel\/UCQPfrnIUa7Q0oBRyT8l5eTg","https:\/\/www.instagram.com\/pecb.official\/"]}]}},"_links":{"self":[{"href":"https:\/\/staging.pecb.com\/de\/wp-json\/wp\/v2\/pages\/26673","targetHints":{"allow":["GET"]}}],"collection":[{"href":"https:\/\/staging.pecb.com\/de\/wp-json\/wp\/v2\/pages"}],"about":[{"href":"https:\/\/staging.pecb.com\/de\/wp-json\/wp\/v2\/types\/page"}],"author":[{"embeddable":true,"href":"https:\/\/staging.pecb.com\/de\/wp-json\/wp\/v2\/users\/2"}],"replies":[{"embeddable":true,"href":"https:\/\/staging.pecb.com\/de\/wp-json\/wp\/v2\/comments?post=26673"}],"version-history":[{"count":0,"href":"https:\/\/staging.pecb.com\/de\/wp-json\/wp\/v2\/pages\/26673\/revisions"}],"up":[{"embeddable":true,"href":"https:\/\/staging.pecb.com\/de\/wp-json\/wp\/v2\/pages\/27837"}],"wp:attachment":[{"href":"https:\/\/staging.pecb.com\/de\/wp-json\/wp\/v2\/media?parent=26673"}],"curies":[{"name":"wp","href":"https:\/\/api.w.org\/{rel}","templated":true}]}}